{"id":237731,"date":"2026-03-31T18:10:11","date_gmt":"2026-03-31T16:10:11","guid":{"rendered":"https:\/\/felgenforum.shop\/?post_type=product&#038;p=237731"},"modified":"2026-03-31T19:57:07","modified_gmt":"2026-03-31T17:57:07","slug":"20-zoll-ff01-schwarz-fuer-bmw-5er-f10-5l-x1-x3-x4-e84-e83-f25-f26-m-6er-3","status":"publish","type":"product","link":"https:\/\/felgenforum.shop\/en\/product\/20-zoll-ff01-schwarz-fuer-bmw-5er-f10-5l-x1-x3-x4-e84-e83-f25-f26-m-6er-3\/","title":{"rendered":"20-inch FF01 black wheels for BMW 5 Series F10 5L, X1 X3 X4 E84 E83 F25 F26 M, 6 Series"},"content":{"rendered":"<h3>Welcome to an offer from Felgenforum.shop<\/h3>\n<ul>\n<li>In diesem Angebote bieten wir Ihnen hier\u00a0einen NEUEN Satz FF-Wheels FF01\u00a0Alufelgen in schwarz gl\u00e4nzend inkl ABE an.<\/li>\n<li>NEW &amp; in original packaging.<\/li>\n<\/ul>\n<h3>Scope of delivery:<\/h3>\n<ul>\n<li>4 x FF01\u00a0 8,5&#215;20 ET35 5&#215;120 schwarz gl\u00e4nzend<\/li>\n<li>Complete mounting hardware (if required according to the ABE)<\/li>\n<li>4x Hubcaps FF-Wheels<\/li>\n<li>(Vehicle manufacturer&#039;s hubcap not included)<\/li>\n<li>1x Expert report (ABE)<\/li>\n<li>In most cases, the rims are therefore registration-free. If you have any questions about fitment or any registration requirements, our experienced team will be happy to help :).<\/li>\n<li>Please be sure to specify your vehicle after purchase.<\/li>\n<li>We offer this model in many other sizes and colors; please contact us if you have any other requests.<\/li>\n<\/ul>\n<h3>&gt;&gt;&gt;Complete wheels<\/h3>\n<ul>\n<\/ul>\n<h3>We are happy to offer you the desired rims as ready-to-install complete wheels with a tire of your choice.<\/h3>\n<ul>\n<li>Feel free to send us a non-binding inquiry :).<\/li>\n<li>The rims are the correct size for the following vehicles:<\/li>\n<\/ul>\n<h3>BMW<\/h3>\n<ul>\n<li>3 Series F30 F31 F34<\/li>\n<li>4 Series F32 F33 F36<\/li>\n<li>5 Series F10 (NOT F11)<\/li>\n<li>6 Series F07 F12 F13<\/li>\n<li>X1 E84<\/li>\n<li>X3 E83 F25<\/li>\n<li>X4 F26<\/li>\n<li>X5 E53<\/li>\n<li>X4 F26<\/li>\n<li>Z4 E85<\/li>\n<li>X5 E53<\/li>\n<\/ul>","protected":false},"excerpt":{"rendered":"<p>A set (4 pieces) of high-quality brand-name alloy wheels, model FF01, size 8.5Jx20 inches, 120 bolt pattern with 5 holes. Professionally inspected and packaged ready for shipping.<\/p>","protected":false},"featured_media":237916,"comment_status":"open","ping_status":"closed","template":"","meta":[],"product_brand":[],"product_cat":[1502,1366,1501,1086,1092,1236],"product_tag":[],"class_list":{"0":"post-237731","1":"product","2":"type-product","3":"status-publish","4":"has-post-thumbnail","6":"product_cat-20-zoll-bmw-felgen","7":"product_cat-20-zoll-ff01-felgen","8":"product_cat-bmw-felgen","9":"product_cat-felgen","10":"product_cat-ff-wheels","11":"product_cat-ff01","12":"pa_anzahl-der-einheiten-1484","13":"pa_einpresstiefe-et-1460","14":"pa_farbe-schwarz","15":"pa_felgenbreite-85j","16":"pa_felgenmaterial-aluminium","17":"pa_hersteller-ff-wheels","18":"pa_herstellergarantie-ja-zwei-jahre","19":"pa_herstellernummer-1490","20":"pa_lochkreis-1494","21":"pa_lochzahl-1447","22":"pa_maximale-traglast-1498","23":"pa_mit-deckel-ja-nein-ja-von-ff-wheels-2","24":"pa_mittenlochbohrung-1658","25":"pa_modell-ff01","26":"pa_produktart-kreuzspeiche","27":"pa_ursprungsland-deutschland","28":"pa_zollgroesse-1499","30":"first","31":"instock","32":"taxable","33":"shipping-taxable","34":"purchasable","35":"product-type-simple"},"yoast_head":"<!-- This site is optimized with the Yoast SEO plugin v27.2 - https:\/\/yoast.com\/product\/yoast-seo-wordpress\/ -->\n<title>20 Zoll FF01 schwarz f\u00fcr BMW 5er F10 5L X1 X3 X4 E84 E83 F25 F26 M 6er g\u00fcnstig kaufen - Felgenforum<\/title>\n<meta name=\"description\" content=\"20 Zoll FF01 schwarz f\u00fcr BMW 5er F10 5L X1 X3 X4 E84 E83 F25 F26 M 6er online bestellen \u2794 Gepr\u00fcfte Qualit\u00e4t, Top Marken &amp; schneller Versand \u2714 Jetzt sicher bei Felgenforum kaufen!\" \/>\n<meta name=\"robots\" content=\"index, follow, max-snippet:-1, max-image-preview:large, max-video-preview:-1\" \/>\n<link rel=\"canonical\" href=\"https:\/\/felgenforum.shop\/en\/product\/20-zoll-ff01-schwarz-fuer-bmw-5er-f10-5l-x1-x3-x4-e84-e83-f25-f26-m-6er-3\/\" \/>\n<meta property=\"og:locale\" content=\"en_GB\" \/>\n<meta property=\"og:type\" content=\"article\" \/>\n<meta property=\"og:title\" content=\"20 Zoll FF01 schwarz f\u00fcr BMW 5er F10 5L X1 X3 X4 E84 E83 F25 F26 M 6er g\u00fcnstig kaufen - Felgenforum\" \/>\n<meta property=\"og:description\" content=\"20 Zoll FF01 schwarz f\u00fcr BMW 5er F10 5L X1 X3 X4 E84 E83 F25 F26 M 6er online bestellen \u2794 Gepr\u00fcfte Qualit\u00e4t, Top Marken &amp; schneller Versand \u2714 Jetzt sicher bei Felgenforum kaufen!\" \/>\n<meta property=\"og:url\" content=\"https:\/\/felgenforum.shop\/en\/product\/20-zoll-ff01-schwarz-fuer-bmw-5er-f10-5l-x1-x3-x4-e84-e83-f25-f26-m-6er-3\/\" \/>\n<meta property=\"og:site_name\" content=\"Felgenforum\" \/>\n<meta property=\"article:modified_time\" content=\"2026-03-31T17:57:07+00:00\" \/>\n<meta property=\"og:image\" content=\"https:\/\/felgenforum.shop\/wp-content\/uploads\/2026\/03\/ebay-product-237731-69cc0af1a292a.webp\" \/>\n\t<meta property=\"og:image:width\" content=\"1000\" \/>\n\t<meta property=\"og:image:height\" content=\"1000\" \/>\n\t<meta property=\"og:image:type\" content=\"image\/webp\" \/>\n<meta name=\"twitter:card\" content=\"summary_large_image\" \/>\n<meta name=\"twitter:label1\" content=\"Est. reading time\" \/>\n\t<meta name=\"twitter:data1\" content=\"1 minute\" \/>\n<script type=\"application\/ld+json\" class=\"yoast-schema-graph\">{\"@context\":\"https:\/\/schema.org\",\"@graph\":[{\"@type\":\"WebPage\",\"@id\":\"https:\/\/felgenforum.shop\/produkt\/20-zoll-ff01-schwarz-fuer-bmw-5er-f10-5l-x1-x3-x4-e84-e83-f25-f26-m-6er-3\/\",\"url\":\"https:\/\/felgenforum.shop\/produkt\/20-zoll-ff01-schwarz-fuer-bmw-5er-f10-5l-x1-x3-x4-e84-e83-f25-f26-m-6er-3\/\",\"name\":\"20 Zoll FF01 schwarz f\u00fcr BMW 5er F10 5L X1 X3 X4 E84 E83 F25 F26 M 6er g\u00fcnstig kaufen - Felgenforum\",\"isPartOf\":{\"@id\":\"https:\/\/felgenforum.shop\/#website\"},\"primaryImageOfPage\":{\"@id\":\"https:\/\/felgenforum.shop\/produkt\/20-zoll-ff01-schwarz-fuer-bmw-5er-f10-5l-x1-x3-x4-e84-e83-f25-f26-m-6er-3\/#primaryimage\"},\"image\":{\"@id\":\"https:\/\/felgenforum.shop\/produkt\/20-zoll-ff01-schwarz-fuer-bmw-5er-f10-5l-x1-x3-x4-e84-e83-f25-f26-m-6er-3\/#primaryimage\"},\"thumbnailUrl\":\"https:\/\/felgenforum.shop\/wp-content\/uploads\/2026\/03\/ebay-product-237731-69cc0af1a292a.webp\",\"datePublished\":\"2026-03-31T16:10:11+00:00\",\"dateModified\":\"2026-03-31T17:57:07+00:00\",\"description\":\"20 Zoll FF01 schwarz f\u00fcr BMW 5er F10 5L X1 X3 X4 E84 E83 F25 F26 M 6er online bestellen \u2794 Gepr\u00fcfte Qualit\u00e4t, Top Marken & schneller Versand \u2714 Jetzt sicher bei Felgenforum kaufen!\",\"breadcrumb\":{\"@id\":\"https:\/\/felgenforum.shop\/produkt\/20-zoll-ff01-schwarz-fuer-bmw-5er-f10-5l-x1-x3-x4-e84-e83-f25-f26-m-6er-3\/#breadcrumb\"},\"inLanguage\":\"en-GB\",\"potentialAction\":[{\"@type\":\"ReadAction\",\"target\":[\"https:\/\/felgenforum.shop\/produkt\/20-zoll-ff01-schwarz-fuer-bmw-5er-f10-5l-x1-x3-x4-e84-e83-f25-f26-m-6er-3\/\"]}]},{\"@type\":\"ImageObject\",\"inLanguage\":\"en-GB\",\"@id\":\"https:\/\/felgenforum.shop\/produkt\/20-zoll-ff01-schwarz-fuer-bmw-5er-f10-5l-x1-x3-x4-e84-e83-f25-f26-m-6er-3\/#primaryimage\",\"url\":\"https:\/\/felgenforum.shop\/wp-content\/uploads\/2026\/03\/ebay-product-237731-69cc0af1a292a.webp\",\"contentUrl\":\"https:\/\/felgenforum.shop\/wp-content\/uploads\/2026\/03\/ebay-product-237731-69cc0af1a292a.webp\",\"width\":1000,\"height\":1000},{\"@type\":\"BreadcrumbList\",\"@id\":\"https:\/\/felgenforum.shop\/produkt\/20-zoll-ff01-schwarz-fuer-bmw-5er-f10-5l-x1-x3-x4-e84-e83-f25-f26-m-6er-3\/#breadcrumb\",\"itemListElement\":[{\"@type\":\"ListItem\",\"position\":1,\"name\":\"Startseite\",\"item\":\"https:\/\/felgenforum.shop\/\"},{\"@type\":\"ListItem\",\"position\":2,\"name\":\"Shop\",\"item\":\"https:\/\/felgenforum.shop\/shop\/\"},{\"@type\":\"ListItem\",\"position\":3,\"name\":\"20 Zoll FF01 schwarz f\u00fcr BMW 5er F10 5L X1 X3 X4 E84 E83 F25 F26 M 6er\"}]},{\"@type\":\"WebSite\",\"@id\":\"https:\/\/felgenforum.shop\/#website\",\"url\":\"https:\/\/felgenforum.shop\/\",\"name\":\"Felgenforum\",\"description\":\"\",\"potentialAction\":[{\"@type\":\"SearchAction\",\"target\":{\"@type\":\"EntryPoint\",\"urlTemplate\":\"https:\/\/felgenforum.shop\/?s={search_term_string}\"},\"query-input\":{\"@type\":\"PropertyValueSpecification\",\"valueRequired\":true,\"valueName\":\"search_term_string\"}}],\"inLanguage\":\"en-GB\"}]}<\/script>\n<!-- \/ Yoast SEO plugin. -->","yoast_head_json":{"title":"20 Zoll FF01 schwarz f\u00fcr BMW 5er F10 5L X1 X3 X4 E84 E83 F25 F26 M 6er g\u00fcnstig kaufen - Felgenforum","description":"20 Zoll FF01 schwarz f\u00fcr BMW 5er F10 5L X1 X3 X4 E84 E83 F25 F26 M 6er online bestellen \u2794 Gepr\u00fcfte Qualit\u00e4t, Top Marken & schneller Versand \u2714 Jetzt sicher bei Felgenforum kaufen!","robots":{"index":"index","follow":"follow","max-snippet":"max-snippet:-1","max-image-preview":"max-image-preview:large","max-video-preview":"max-video-preview:-1"},"canonical":"https:\/\/felgenforum.shop\/en\/product\/20-zoll-ff01-schwarz-fuer-bmw-5er-f10-5l-x1-x3-x4-e84-e83-f25-f26-m-6er-3\/","og_locale":"en_GB","og_type":"article","og_title":"20 Zoll FF01 schwarz f\u00fcr BMW 5er F10 5L X1 X3 X4 E84 E83 F25 F26 M 6er g\u00fcnstig kaufen - Felgenforum","og_description":"20 Zoll FF01 schwarz f\u00fcr BMW 5er F10 5L X1 X3 X4 E84 E83 F25 F26 M 6er online bestellen \u2794 Gepr\u00fcfte Qualit\u00e4t, Top Marken & schneller Versand \u2714 Jetzt sicher bei Felgenforum kaufen!","og_url":"https:\/\/felgenforum.shop\/en\/product\/20-zoll-ff01-schwarz-fuer-bmw-5er-f10-5l-x1-x3-x4-e84-e83-f25-f26-m-6er-3\/","og_site_name":"Felgenforum","article_modified_time":"2026-03-31T17:57:07+00:00","og_image":[{"width":1000,"height":1000,"url":"https:\/\/felgenforum.shop\/wp-content\/uploads\/2026\/03\/ebay-product-237731-69cc0af1a292a.webp","type":"image\/webp"}],"twitter_card":"summary_large_image","twitter_misc":{"Est. reading time":"1 minute"},"schema":{"@context":"https:\/\/schema.org","@graph":[{"@type":"WebPage","@id":"https:\/\/felgenforum.shop\/produkt\/20-zoll-ff01-schwarz-fuer-bmw-5er-f10-5l-x1-x3-x4-e84-e83-f25-f26-m-6er-3\/","url":"https:\/\/felgenforum.shop\/produkt\/20-zoll-ff01-schwarz-fuer-bmw-5er-f10-5l-x1-x3-x4-e84-e83-f25-f26-m-6er-3\/","name":"20 Zoll FF01 schwarz f\u00fcr BMW 5er F10 5L X1 X3 X4 E84 E83 F25 F26 M 6er g\u00fcnstig kaufen - Felgenforum","isPartOf":{"@id":"https:\/\/felgenforum.shop\/#website"},"primaryImageOfPage":{"@id":"https:\/\/felgenforum.shop\/produkt\/20-zoll-ff01-schwarz-fuer-bmw-5er-f10-5l-x1-x3-x4-e84-e83-f25-f26-m-6er-3\/#primaryimage"},"image":{"@id":"https:\/\/felgenforum.shop\/produkt\/20-zoll-ff01-schwarz-fuer-bmw-5er-f10-5l-x1-x3-x4-e84-e83-f25-f26-m-6er-3\/#primaryimage"},"thumbnailUrl":"https:\/\/felgenforum.shop\/wp-content\/uploads\/2026\/03\/ebay-product-237731-69cc0af1a292a.webp","datePublished":"2026-03-31T16:10:11+00:00","dateModified":"2026-03-31T17:57:07+00:00","description":"20 Zoll FF01 schwarz f\u00fcr BMW 5er F10 5L X1 X3 X4 E84 E83 F25 F26 M 6er online bestellen \u2794 Gepr\u00fcfte Qualit\u00e4t, Top Marken & schneller Versand \u2714 Jetzt sicher bei Felgenforum kaufen!","breadcrumb":{"@id":"https:\/\/felgenforum.shop\/produkt\/20-zoll-ff01-schwarz-fuer-bmw-5er-f10-5l-x1-x3-x4-e84-e83-f25-f26-m-6er-3\/#breadcrumb"},"inLanguage":"en-GB","potentialAction":[{"@type":"ReadAction","target":["https:\/\/felgenforum.shop\/produkt\/20-zoll-ff01-schwarz-fuer-bmw-5er-f10-5l-x1-x3-x4-e84-e83-f25-f26-m-6er-3\/"]}]},{"@type":"ImageObject","inLanguage":"en-GB","@id":"https:\/\/felgenforum.shop\/produkt\/20-zoll-ff01-schwarz-fuer-bmw-5er-f10-5l-x1-x3-x4-e84-e83-f25-f26-m-6er-3\/#primaryimage","url":"https:\/\/felgenforum.shop\/wp-content\/uploads\/2026\/03\/ebay-product-237731-69cc0af1a292a.webp","contentUrl":"https:\/\/felgenforum.shop\/wp-content\/uploads\/2026\/03\/ebay-product-237731-69cc0af1a292a.webp","width":1000,"height":1000},{"@type":"BreadcrumbList","@id":"https:\/\/felgenforum.shop\/produkt\/20-zoll-ff01-schwarz-fuer-bmw-5er-f10-5l-x1-x3-x4-e84-e83-f25-f26-m-6er-3\/#breadcrumb","itemListElement":[{"@type":"ListItem","position":1,"name":"Startseite","item":"https:\/\/felgenforum.shop\/"},{"@type":"ListItem","position":2,"name":"Shop","item":"https:\/\/felgenforum.shop\/shop\/"},{"@type":"ListItem","position":3,"name":"20 Zoll FF01 schwarz f\u00fcr BMW 5er F10 5L X1 X3 X4 E84 E83 F25 F26 M 6er"}]},{"@type":"WebSite","@id":"https:\/\/felgenforum.shop\/#website","url":"https:\/\/felgenforum.shop\/","name":"Rim forum","description":"","potentialAction":[{"@type":"SearchAction","target":{"@type":"EntryPoint","urlTemplate":"https:\/\/felgenforum.shop\/?s={search_term_string}"},"query-input":{"@type":"PropertyValueSpecification","valueRequired":true,"valueName":"search_term_string"}}],"inLanguage":"en-GB"}]}},"_links":{"self":[{"href":"https:\/\/felgenforum.shop\/en\/wp-json\/wp\/v2\/product\/237731","targetHints":{"allow":["GET"]}}],"collection":[{"href":"https:\/\/felgenforum.shop\/en\/wp-json\/wp\/v2\/product"}],"about":[{"href":"https:\/\/felgenforum.shop\/en\/wp-json\/wp\/v2\/types\/product"}],"replies":[{"embeddable":true,"href":"https:\/\/felgenforum.shop\/en\/wp-json\/wp\/v2\/comments?post=237731"}],"wp:featuredmedia":[{"embeddable":true,"href":"https:\/\/felgenforum.shop\/en\/wp-json\/wp\/v2\/media\/237916"}],"wp:attachment":[{"href":"https:\/\/felgenforum.shop\/en\/wp-json\/wp\/v2\/media?parent=237731"}],"wp:term":[{"taxonomy":"product_brand","embeddable":true,"href":"https:\/\/felgenforum.shop\/en\/wp-json\/wp\/v2\/product_brand?post=237731"},{"taxonomy":"product_cat","embeddable":true,"href":"https:\/\/felgenforum.shop\/en\/wp-json\/wp\/v2\/product_cat?post=237731"},{"taxonomy":"product_tag","embeddable":true,"href":"https:\/\/felgenforum.shop\/en\/wp-json\/wp\/v2\/product_tag?post=237731"}],"curies":[{"name":"wp","href":"https:\/\/api.w.org\/{rel}","templated":true}]}}