{"id":237688,"date":"2026-03-31T17:41:23","date_gmt":"2026-03-31T15:41:23","guid":{"rendered":"https:\/\/felgenforum.shop\/?post_type=product&#038;p=237688"},"modified":"2026-03-31T19:15:32","modified_gmt":"2026-03-31T17:15:32","slug":"18-zoll-sommerraeder-sommerreifen-sommerkomplettraeder-vw-passat-b8-troc-t-roc-a1-4","status":"publish","type":"product","link":"https:\/\/felgenforum.shop\/en\/product\/18-zoll-sommerraeder-sommerreifen-sommerkomplettraeder-vw-passat-b8-troc-t-roc-a1-4\/","title":{"rendered":"18-inch summer wheels, summer tires, complete summer wheel sets for VW Passat B8 TROC T ROC A1"},"content":{"rendered":"<h3>Welcome to an offer from Felgenforum.shop<\/h3>\n<ul>\n<li>In this offer we offer you a NEW set of summer complete wheels in matte bronze including ABE.<\/li>\n<li>4x fully pre-assembled and balanced complete wheels<\/li>\n<li>consisting of:<\/li>\n<li>4x Alufelge Damina DM08 bronze 8&#215;18 ET45 LK5\/112<\/li>\n<li>+<\/li>\n<li>4x summer tires 225\/45 R18 95Y from current daily purchase<\/li>\n<li>fully assembled and balanced<\/li>\n<li>(including black weights and black metal valves)<\/li>\n<li>NEW &amp; in original packaging.<\/li>\n<\/ul>\n<h3>Scope of delivery:<\/h3>\n<ul>\n<li>4x Damina DM08 8&#215;18 ET45 5&#215;112 bronze matt<\/li>\n<li>Complete mounting hardware (if required according to the ABE)<\/li>\n<li>4x summer tires from current daily purchase 225\/45 R18 95Y<\/li>\n<li>4x hub caps Damina Performance<\/li>\n<li>(Vehicle manufacturer&#039;s hubcap not included)<\/li>\n<li>1x Expert report (ABE)<\/li>\n<li>In most cases, the complete wheel sets are therefore registration-free. If you have any questions about fitment or any registration requirements, our experienced team will be happy to assist you :).<\/li>\n<li>Please be sure to specify your vehicle after purchase.<\/li>\n<li>We offer this model in many other sizes and colors; please contact us if you have any other requests.<\/li>\n<li>&gt;&gt;&gt;Wishful tires<\/li>\n<li>Do you have a specific request regarding tire brand or tire quality? No problem!<\/li>\n<li>We would be happy to create individual complete wheel offers for you :).<\/li>\n<li>The complete wheels are suitable for, among others:<\/li>\n<\/ul>\n<h3>Audi<\/h3>\n<ul>\n<li>A4 B8<\/li>\n<li>TT TTS 8J 8S FV<\/li>\n<li>Q2 GA<\/li>\n<li>Q3 8U<\/li>\n<li>A6 4F<\/li>\n<\/ul>\n<h3>Volkswagen<\/h3>\n<ul>\n<li>Passat B8<\/li>\n<li>T-ROC A1<\/li>\n<li>Sharan 7N<\/li>\n<\/ul>\n<h3>Mercedes Benz<\/h3>\n<ul>\n<li>A-Class W177<\/li>\n<li>B Class W257<\/li>\n<li>C-Class W205<\/li>\n<li>E-Class W212<\/li>\n<li>CLA Class C118<\/li>\n<li>Seat<\/li>\n<li>Ateca 5FP<\/li>\n<li>Alhambra 7N<\/li>\n<\/ul>\n<h3>Skoda<\/h3>\n<ul>\n<li>Octavia NX<\/li>\n<li>Superb 3<\/li>\n<li>Karoq<\/li>\n<li>yeti<\/li>\n<\/ul>\n<h3>BMW<\/h3>\n<ul>\n<li>2 Series AT and GT<\/li>\n<\/ul>","protected":false},"excerpt":{"rendered":"<p>A set (4 pieces) of ready-to-drive Damina Performance complete wheels, professionally mounted and balanced.<\/p>\n<p><strong>Rim details:<\/strong> 8&#215;18 Zoll, Lochkreis 112.<br \/><strong>Tire details:<\/strong> Triangle, Austone, Imperial, Goodride, Superia, Fortuna, Westlake .<\/p>","protected":false},"featured_media":237850,"comment_status":"open","ping_status":"closed","template":"","meta":[],"product_brand":[],"product_cat":[1797,1196,1611],"product_tag":[],"class_list":{"0":"post-237688","1":"product","2":"type-product","3":"status-publish","4":"has-post-thumbnail","6":"product_cat-18-zoll-sommerraeder-vw","7":"product_cat-komplettraeder-sommer","8":"product_cat-vw-komplettraeder-sommer","9":"pa_anzahl-der-komplettraeder-1433","10":"pa_einpresstiefe-et-1508","11":"pa_felgenbreite-1474","12":"pa_felgenfarbe-bronze","13":"pa_felgenhersteller-damina-performance","14":"pa_felgenmaterial-aluminium","15":"pa_geschwindigkeitsindex-y-bis-300-km-h","16":"pa_herstellernummer-felge-1733","17":"pa_herstellernummer-reifen-tageseinkauf","18":"pa_lastbereich-xl","19":"pa_lochkreis-1439","20":"pa_lochzahl-1447","21":"pa_reifenbreite-1432","22":"pa_reifendurchmesser-1674","23":"pa_reifenhersteller-triangle-austone-imperial-goodride-superia-fortuna-westlake","24":"pa_reifenquerschnitt-1504","25":"pa_reifenspezifikation-sommerreifen","26":"pa_run-flat-nein","27":"pa_zollgroesse-1482","29":"first","30":"instock","31":"sale","32":"taxable","33":"shipping-taxable","34":"purchasable","35":"product-type-simple"},"yoast_head":"<!-- This site is optimized with the Yoast SEO plugin v27.2 - https:\/\/yoast.com\/product\/yoast-seo-wordpress\/ -->\n<title>18 Zoll Sommerr\u00e4der Sommerreifen Sommerkomplettr\u00e4der VW Passat B8 TROC T ROC A1 g\u00fcnstig kaufen - Felgenforum<\/title>\n<meta name=\"description\" content=\"18 Zoll Sommerr\u00e4der Sommerreifen Sommerkomplettr\u00e4der VW Passat B8 TROC T ROC A1 online bestellen \u2794 Gepr\u00fcfte Qualit\u00e4t, Top Marken &amp; schneller Versand \u2714 Jetzt sicher bei Felgenforum kaufen!\" \/>\n<meta name=\"robots\" content=\"index, follow, max-snippet:-1, max-image-preview:large, max-video-preview:-1\" \/>\n<link rel=\"canonical\" href=\"https:\/\/felgenforum.shop\/en\/product\/18-zoll-sommerraeder-sommerreifen-sommerkomplettraeder-vw-passat-b8-troc-t-roc-a1-4\/\" \/>\n<meta property=\"og:locale\" content=\"en_GB\" \/>\n<meta property=\"og:type\" content=\"article\" \/>\n<meta property=\"og:title\" content=\"18 Zoll Sommerr\u00e4der Sommerreifen Sommerkomplettr\u00e4der VW Passat B8 TROC T ROC A1 g\u00fcnstig kaufen - Felgenforum\" \/>\n<meta property=\"og:description\" content=\"18 Zoll Sommerr\u00e4der Sommerreifen Sommerkomplettr\u00e4der VW Passat B8 TROC T ROC A1 online bestellen \u2794 Gepr\u00fcfte Qualit\u00e4t, Top Marken &amp; schneller Versand \u2714 Jetzt sicher bei Felgenforum kaufen!\" \/>\n<meta property=\"og:url\" content=\"https:\/\/felgenforum.shop\/en\/product\/18-zoll-sommerraeder-sommerreifen-sommerkomplettraeder-vw-passat-b8-troc-t-roc-a1-4\/\" \/>\n<meta property=\"og:site_name\" content=\"Felgenforum\" \/>\n<meta property=\"article:modified_time\" content=\"2026-03-31T17:15:32+00:00\" \/>\n<meta property=\"og:image\" content=\"https:\/\/felgenforum.shop\/wp-content\/uploads\/2026\/03\/ebay-product-237688-69cc0132e2586.webp\" \/>\n\t<meta property=\"og:image:width\" content=\"1000\" \/>\n\t<meta property=\"og:image:height\" content=\"1000\" \/>\n\t<meta property=\"og:image:type\" content=\"image\/webp\" \/>\n<meta name=\"twitter:card\" content=\"summary_large_image\" \/>\n<meta name=\"twitter:label1\" content=\"Est. reading time\" \/>\n\t<meta name=\"twitter:data1\" content=\"1 minute\" \/>\n<script type=\"application\/ld+json\" class=\"yoast-schema-graph\">{\"@context\":\"https:\/\/schema.org\",\"@graph\":[{\"@type\":\"WebPage\",\"@id\":\"https:\/\/felgenforum.shop\/produkt\/18-zoll-sommerraeder-sommerreifen-sommerkomplettraeder-vw-passat-b8-troc-t-roc-a1-4\/\",\"url\":\"https:\/\/felgenforum.shop\/produkt\/18-zoll-sommerraeder-sommerreifen-sommerkomplettraeder-vw-passat-b8-troc-t-roc-a1-4\/\",\"name\":\"18 Zoll Sommerr\u00e4der Sommerreifen Sommerkomplettr\u00e4der VW Passat B8 TROC T ROC A1 g\u00fcnstig kaufen - Felgenforum\",\"isPartOf\":{\"@id\":\"https:\/\/felgenforum.shop\/#website\"},\"primaryImageOfPage\":{\"@id\":\"https:\/\/felgenforum.shop\/produkt\/18-zoll-sommerraeder-sommerreifen-sommerkomplettraeder-vw-passat-b8-troc-t-roc-a1-4\/#primaryimage\"},\"image\":{\"@id\":\"https:\/\/felgenforum.shop\/produkt\/18-zoll-sommerraeder-sommerreifen-sommerkomplettraeder-vw-passat-b8-troc-t-roc-a1-4\/#primaryimage\"},\"thumbnailUrl\":\"https:\/\/felgenforum.shop\/wp-content\/uploads\/2026\/03\/ebay-product-237688-69cc0132e2586.webp\",\"datePublished\":\"2026-03-31T15:41:23+00:00\",\"dateModified\":\"2026-03-31T17:15:32+00:00\",\"description\":\"18 Zoll Sommerr\u00e4der Sommerreifen Sommerkomplettr\u00e4der VW Passat B8 TROC T ROC A1 online bestellen \u2794 Gepr\u00fcfte Qualit\u00e4t, Top Marken & schneller Versand \u2714 Jetzt sicher bei Felgenforum kaufen!\",\"breadcrumb\":{\"@id\":\"https:\/\/felgenforum.shop\/produkt\/18-zoll-sommerraeder-sommerreifen-sommerkomplettraeder-vw-passat-b8-troc-t-roc-a1-4\/#breadcrumb\"},\"inLanguage\":\"en-GB\",\"potentialAction\":[{\"@type\":\"ReadAction\",\"target\":[\"https:\/\/felgenforum.shop\/produkt\/18-zoll-sommerraeder-sommerreifen-sommerkomplettraeder-vw-passat-b8-troc-t-roc-a1-4\/\"]}]},{\"@type\":\"ImageObject\",\"inLanguage\":\"en-GB\",\"@id\":\"https:\/\/felgenforum.shop\/produkt\/18-zoll-sommerraeder-sommerreifen-sommerkomplettraeder-vw-passat-b8-troc-t-roc-a1-4\/#primaryimage\",\"url\":\"https:\/\/felgenforum.shop\/wp-content\/uploads\/2026\/03\/ebay-product-237688-69cc0132e2586.webp\",\"contentUrl\":\"https:\/\/felgenforum.shop\/wp-content\/uploads\/2026\/03\/ebay-product-237688-69cc0132e2586.webp\",\"width\":1000,\"height\":1000},{\"@type\":\"BreadcrumbList\",\"@id\":\"https:\/\/felgenforum.shop\/produkt\/18-zoll-sommerraeder-sommerreifen-sommerkomplettraeder-vw-passat-b8-troc-t-roc-a1-4\/#breadcrumb\",\"itemListElement\":[{\"@type\":\"ListItem\",\"position\":1,\"name\":\"Startseite\",\"item\":\"https:\/\/felgenforum.shop\/\"},{\"@type\":\"ListItem\",\"position\":2,\"name\":\"Shop\",\"item\":\"https:\/\/felgenforum.shop\/shop\/\"},{\"@type\":\"ListItem\",\"position\":3,\"name\":\"18 Zoll Sommerr\u00e4der Sommerreifen Sommerkomplettr\u00e4der VW Passat B8 TROC T ROC A1\"}]},{\"@type\":\"WebSite\",\"@id\":\"https:\/\/felgenforum.shop\/#website\",\"url\":\"https:\/\/felgenforum.shop\/\",\"name\":\"Felgenforum\",\"description\":\"\",\"potentialAction\":[{\"@type\":\"SearchAction\",\"target\":{\"@type\":\"EntryPoint\",\"urlTemplate\":\"https:\/\/felgenforum.shop\/?s={search_term_string}\"},\"query-input\":{\"@type\":\"PropertyValueSpecification\",\"valueRequired\":true,\"valueName\":\"search_term_string\"}}],\"inLanguage\":\"en-GB\"}]}<\/script>\n<!-- \/ Yoast SEO plugin. -->","yoast_head_json":{"title":"18 Zoll Sommerr\u00e4der Sommerreifen Sommerkomplettr\u00e4der VW Passat B8 TROC T ROC A1 g\u00fcnstig kaufen - Felgenforum","description":"18 Zoll Sommerr\u00e4der Sommerreifen Sommerkomplettr\u00e4der VW Passat B8 TROC T ROC A1 online bestellen \u2794 Gepr\u00fcfte Qualit\u00e4t, Top Marken & schneller Versand \u2714 Jetzt sicher bei Felgenforum kaufen!","robots":{"index":"index","follow":"follow","max-snippet":"max-snippet:-1","max-image-preview":"max-image-preview:large","max-video-preview":"max-video-preview:-1"},"canonical":"https:\/\/felgenforum.shop\/en\/product\/18-zoll-sommerraeder-sommerreifen-sommerkomplettraeder-vw-passat-b8-troc-t-roc-a1-4\/","og_locale":"en_GB","og_type":"article","og_title":"18 Zoll Sommerr\u00e4der Sommerreifen Sommerkomplettr\u00e4der VW Passat B8 TROC T ROC A1 g\u00fcnstig kaufen - Felgenforum","og_description":"18 Zoll Sommerr\u00e4der Sommerreifen Sommerkomplettr\u00e4der VW Passat B8 TROC T ROC A1 online bestellen \u2794 Gepr\u00fcfte Qualit\u00e4t, Top Marken & schneller Versand \u2714 Jetzt sicher bei Felgenforum kaufen!","og_url":"https:\/\/felgenforum.shop\/en\/product\/18-zoll-sommerraeder-sommerreifen-sommerkomplettraeder-vw-passat-b8-troc-t-roc-a1-4\/","og_site_name":"Felgenforum","article_modified_time":"2026-03-31T17:15:32+00:00","og_image":[{"width":1000,"height":1000,"url":"https:\/\/felgenforum.shop\/wp-content\/uploads\/2026\/03\/ebay-product-237688-69cc0132e2586.webp","type":"image\/webp"}],"twitter_card":"summary_large_image","twitter_misc":{"Est. reading time":"1 minute"},"schema":{"@context":"https:\/\/schema.org","@graph":[{"@type":"WebPage","@id":"https:\/\/felgenforum.shop\/produkt\/18-zoll-sommerraeder-sommerreifen-sommerkomplettraeder-vw-passat-b8-troc-t-roc-a1-4\/","url":"https:\/\/felgenforum.shop\/produkt\/18-zoll-sommerraeder-sommerreifen-sommerkomplettraeder-vw-passat-b8-troc-t-roc-a1-4\/","name":"18 Zoll Sommerr\u00e4der Sommerreifen Sommerkomplettr\u00e4der VW Passat B8 TROC T ROC A1 g\u00fcnstig kaufen - Felgenforum","isPartOf":{"@id":"https:\/\/felgenforum.shop\/#website"},"primaryImageOfPage":{"@id":"https:\/\/felgenforum.shop\/produkt\/18-zoll-sommerraeder-sommerreifen-sommerkomplettraeder-vw-passat-b8-troc-t-roc-a1-4\/#primaryimage"},"image":{"@id":"https:\/\/felgenforum.shop\/produkt\/18-zoll-sommerraeder-sommerreifen-sommerkomplettraeder-vw-passat-b8-troc-t-roc-a1-4\/#primaryimage"},"thumbnailUrl":"https:\/\/felgenforum.shop\/wp-content\/uploads\/2026\/03\/ebay-product-237688-69cc0132e2586.webp","datePublished":"2026-03-31T15:41:23+00:00","dateModified":"2026-03-31T17:15:32+00:00","description":"18 Zoll Sommerr\u00e4der Sommerreifen Sommerkomplettr\u00e4der VW Passat B8 TROC T ROC A1 online bestellen \u2794 Gepr\u00fcfte Qualit\u00e4t, Top Marken & schneller Versand \u2714 Jetzt sicher bei Felgenforum kaufen!","breadcrumb":{"@id":"https:\/\/felgenforum.shop\/produkt\/18-zoll-sommerraeder-sommerreifen-sommerkomplettraeder-vw-passat-b8-troc-t-roc-a1-4\/#breadcrumb"},"inLanguage":"en-GB","potentialAction":[{"@type":"ReadAction","target":["https:\/\/felgenforum.shop\/produkt\/18-zoll-sommerraeder-sommerreifen-sommerkomplettraeder-vw-passat-b8-troc-t-roc-a1-4\/"]}]},{"@type":"ImageObject","inLanguage":"en-GB","@id":"https:\/\/felgenforum.shop\/produkt\/18-zoll-sommerraeder-sommerreifen-sommerkomplettraeder-vw-passat-b8-troc-t-roc-a1-4\/#primaryimage","url":"https:\/\/felgenforum.shop\/wp-content\/uploads\/2026\/03\/ebay-product-237688-69cc0132e2586.webp","contentUrl":"https:\/\/felgenforum.shop\/wp-content\/uploads\/2026\/03\/ebay-product-237688-69cc0132e2586.webp","width":1000,"height":1000},{"@type":"BreadcrumbList","@id":"https:\/\/felgenforum.shop\/produkt\/18-zoll-sommerraeder-sommerreifen-sommerkomplettraeder-vw-passat-b8-troc-t-roc-a1-4\/#breadcrumb","itemListElement":[{"@type":"ListItem","position":1,"name":"Startseite","item":"https:\/\/felgenforum.shop\/"},{"@type":"ListItem","position":2,"name":"Shop","item":"https:\/\/felgenforum.shop\/shop\/"},{"@type":"ListItem","position":3,"name":"18 Zoll Sommerr\u00e4der Sommerreifen Sommerkomplettr\u00e4der VW Passat B8 TROC T ROC A1"}]},{"@type":"WebSite","@id":"https:\/\/felgenforum.shop\/#website","url":"https:\/\/felgenforum.shop\/","name":"Rim forum","description":"","potentialAction":[{"@type":"SearchAction","target":{"@type":"EntryPoint","urlTemplate":"https:\/\/felgenforum.shop\/?s={search_term_string}"},"query-input":{"@type":"PropertyValueSpecification","valueRequired":true,"valueName":"search_term_string"}}],"inLanguage":"en-GB"}]}},"_links":{"self":[{"href":"https:\/\/felgenforum.shop\/en\/wp-json\/wp\/v2\/product\/237688","targetHints":{"allow":["GET"]}}],"collection":[{"href":"https:\/\/felgenforum.shop\/en\/wp-json\/wp\/v2\/product"}],"about":[{"href":"https:\/\/felgenforum.shop\/en\/wp-json\/wp\/v2\/types\/product"}],"replies":[{"embeddable":true,"href":"https:\/\/felgenforum.shop\/en\/wp-json\/wp\/v2\/comments?post=237688"}],"wp:featuredmedia":[{"embeddable":true,"href":"https:\/\/felgenforum.shop\/en\/wp-json\/wp\/v2\/media\/237850"}],"wp:attachment":[{"href":"https:\/\/felgenforum.shop\/en\/wp-json\/wp\/v2\/media?parent=237688"}],"wp:term":[{"taxonomy":"product_brand","embeddable":true,"href":"https:\/\/felgenforum.shop\/en\/wp-json\/wp\/v2\/product_brand?post=237688"},{"taxonomy":"product_cat","embeddable":true,"href":"https:\/\/felgenforum.shop\/en\/wp-json\/wp\/v2\/product_cat?post=237688"},{"taxonomy":"product_tag","embeddable":true,"href":"https:\/\/felgenforum.shop\/en\/wp-json\/wp\/v2\/product_tag?post=237688"}],"curies":[{"name":"wp","href":"https:\/\/api.w.org\/{rel}","templated":true}]}}