{"id":237537,"date":"2026-03-30T16:25:10","date_gmt":"2026-03-30T14:25:10","guid":{"rendered":"https:\/\/felgenforum.shop\/?post_type=product&#038;p=237537"},"modified":"2026-03-31T16:37:43","modified_gmt":"2026-03-31T14:37:43","slug":"19-zoll-sommerraeder-sommerreifen-hankook-wh37-schwarz-fuer-bmw-3er-330e-g20-g21","status":"publish","type":"product","link":"https:\/\/felgenforum.shop\/en\/product\/19-zoll-sommerraeder-sommerreifen-hankook-wh37-schwarz-fuer-bmw-3er-330e-g20-g21\/","title":{"rendered":"19-inch summer wheels with Hankook WH37 black summer tires for BMW 3 Series 330e G20 G21"},"content":{"rendered":"<h3>Welcome to an offer from Felgenforum.shop<\/h3>\n<ul>\n<li>In this offer we offer you a NEW set of summer complete wheels in glossy black including ABE (German type approval).<\/li>\n<li>4x fully pre-assembled and balanced complete wheels<\/li>\n<li>consisting of:<\/li>\n<li>4x Alufelge Wheelworld WH37 schwarz 8,5&#215;19 ET26 LK5\/112<\/li>\n<li>+<\/li>\n<li>2x Summer tires 225\/40 R19 93Y Hankook Ventus EVO XL<\/li>\n<li>+<\/li>\n<li>2x Summer tires 255\/35 R19 96Y Hankook Ventus EVO XL<\/li>\n<li>+<\/li>\n<li>4x TPMS (pre-programmed)<\/li>\n<li>fully assembled and balanced<\/li>\n<li>(including black weights and black metal valves)<\/li>\n<li>NEW &amp; in original packaging.<\/li>\n<\/ul>\n<h3>Scope of delivery:<\/h3>\n<ul>\n<li>4 x Wheelworld WH37 8,5&#215;19 ET26 5&#215;112 schwarz<\/li>\n<li>Complete mounting hardware (if required according to the ABE)<\/li>\n<li>2x Hankook Ventus EVO XL summer tires 225\/40 R19 93Y<\/li>\n<li>2x Hankook Ventus EVO XL summer tires 255\/35 R19 96Y<\/li>\n<li>4x TPMS (pre-programmed)<\/li>\n<li>4x Wheelworld hubcaps<\/li>\n<li>(Vehicle manufacturer&#039;s hubcap not included)<\/li>\n<li>1x Expert report (ABE)<\/li>\n<li>In most cases, the complete wheel sets are therefore registration-free. If you have any questions about fitment or any registration requirements, our experienced team will be happy to assist you :).<\/li>\n<li>Please be sure to specify your vehicle after purchase.<\/li>\n<li>We offer this model in many other sizes and colors; please contact us if you have any other requests.<\/li>\n<li>&gt;&gt;&gt;Wishful tires<\/li>\n<li>Do you have a specific request regarding tire brand or tire quality? No problem!<\/li>\n<li>We would be happy to create individual complete wheel offers for you :).<\/li>\n<li>The tire brand and type shown in the pictures may differ. The scope of delivery is as listed in the item description.<\/li>\n<li>The complete wheels are suitable for, among others:<\/li>\n<\/ul>\n<h3>BMW<\/h3>\n<ul>\n<li>2nd generation G42<\/li>\n<li>3 Series G20 G21<\/li>\n<li>4er G22 G23<\/li>\n<li>Z4 G29<\/li>\n<\/ul>","protected":false},"excerpt":{"rendered":"<p>A set (4 pieces) of ready-to-drive Wheelworld complete wheels, professionally mounted and balanced.<\/p>\n<p><strong>Rim details:<\/strong> 8,5&#215;19 Zoll, Lochkreis 112 mm.<br \/><strong>Tire details:<\/strong> Hankook, tread depth: approx. NEW mm.<\/p>","protected":false},"featured_media":237539,"comment_status":"open","ping_status":"closed","template":"","meta":[],"product_brand":[],"product_cat":[1583,1582,1196],"product_tag":[],"class_list":{"0":"post-237537","1":"product","2":"type-product","3":"status-publish","4":"has-post-thumbnail","6":"product_cat-19-zoll-sommerraeder-bmw","7":"product_cat-bmw-komplettraeder-sommer","8":"product_cat-komplettraeder-sommer","9":"pa_anzahl-der-komplettraeder-1433","10":"pa_einpresstiefe-et-26-mm","11":"pa_eisgriffigkeit-nein","12":"pa_externes-rollger-db-klass-b","13":"pa_fahrzeugtyp-allradfahrzeug","14":"pa_felgenaufbau-einteilig-gegossen","15":"pa_felgenbreite-1440","16":"pa_felgendesign-10-speichen","17":"pa_felgenfarbe-schwarz","18":"pa_felgenhersteller-wheelworld","19":"pa_felgenmaterial-aluminium","20":"pa_felgenmodell-wh37","21":"pa_geschwindigkeitsindex-y-bis-300-km-h","22":"pa_herstellernummer-felge-2527","23":"pa_herstellernummer-reifen-tageseinkauf","24":"pa_kraftstoff-a-g-d","25":"pa_lastbereich-xl","26":"pa_lochkreis-112-mm","27":"pa_lochzahl-1447","28":"pa_mittenlochbohrung-666-mm","29":"pa_nasshaft-a-g-c","30":"pa_profiltiefe-neu","31":"pa_reifenbauart-r-radialreifen","32":"pa_reifenbreite-1432","33":"pa_reifendurchmesser-1619","34":"pa_reifenhersteller-hankook","35":"pa_reifenquerschnitt-1571","36":"pa_reifenspezifikation-sommerreifen","37":"pa_run-flat-nein","38":"pa_schneeflocken-symbol-nein","39":"pa_zollgroesse-1448","41":"first","42":"instock","43":"sale","44":"taxable","45":"shipping-taxable","46":"purchasable","47":"product-type-simple"},"yoast_head":"<!-- This site is optimized with the Yoast SEO plugin v27.2 - https:\/\/yoast.com\/product\/yoast-seo-wordpress\/ -->\n<title>19 Zoll Sommerr\u00e4der Sommerreifen Hankook WH37 schwarz f\u00fcr BMW 3er 330e G20 G21 g\u00fcnstig kaufen - Felgenforum<\/title>\n<meta name=\"description\" content=\"19 Zoll Sommerr\u00e4der Sommerreifen Hankook WH37 schwarz f\u00fcr BMW 3er 330e G20 G21 online bestellen \u2794 Gepr\u00fcfte Qualit\u00e4t, Top Marken &amp; schneller Versand \u2714 Jetzt sicher bei Felgenforum kaufen!\" \/>\n<meta name=\"robots\" content=\"index, follow, max-snippet:-1, max-image-preview:large, max-video-preview:-1\" \/>\n<link rel=\"canonical\" href=\"https:\/\/felgenforum.shop\/en\/product\/19-zoll-sommerraeder-sommerreifen-hankook-wh37-schwarz-fuer-bmw-3er-330e-g20-g21\/\" \/>\n<meta property=\"og:locale\" content=\"en_GB\" \/>\n<meta property=\"og:type\" content=\"article\" \/>\n<meta property=\"og:title\" content=\"19 Zoll Sommerr\u00e4der Sommerreifen Hankook WH37 schwarz f\u00fcr BMW 3er 330e G20 G21 g\u00fcnstig kaufen - Felgenforum\" \/>\n<meta property=\"og:description\" content=\"19 Zoll Sommerr\u00e4der Sommerreifen Hankook WH37 schwarz f\u00fcr BMW 3er 330e G20 G21 online bestellen \u2794 Gepr\u00fcfte Qualit\u00e4t, Top Marken &amp; schneller Versand \u2714 Jetzt sicher bei Felgenforum kaufen!\" \/>\n<meta property=\"og:url\" content=\"https:\/\/felgenforum.shop\/en\/product\/19-zoll-sommerraeder-sommerreifen-hankook-wh37-schwarz-fuer-bmw-3er-330e-g20-g21\/\" \/>\n<meta property=\"og:site_name\" content=\"Felgenforum\" \/>\n<meta property=\"article:modified_time\" content=\"2026-03-31T14:37:43+00:00\" \/>\n<meta property=\"og:image\" content=\"https:\/\/felgenforum.shop\/wp-content\/uploads\/2026\/03\/ebay-product-237537-69ca87fd1ed6f.webp\" \/>\n\t<meta property=\"og:image:width\" content=\"1000\" \/>\n\t<meta property=\"og:image:height\" content=\"1000\" \/>\n\t<meta property=\"og:image:type\" content=\"image\/webp\" \/>\n<meta name=\"twitter:card\" content=\"summary_large_image\" \/>\n<meta name=\"twitter:label1\" content=\"Est. reading time\" \/>\n\t<meta name=\"twitter:data1\" content=\"1 minute\" \/>\n<script type=\"application\/ld+json\" class=\"yoast-schema-graph\">{\"@context\":\"https:\/\/schema.org\",\"@graph\":[{\"@type\":\"WebPage\",\"@id\":\"https:\/\/felgenforum.shop\/produkt\/19-zoll-sommerraeder-sommerreifen-hankook-wh37-schwarz-fuer-bmw-3er-330e-g20-g21\/\",\"url\":\"https:\/\/felgenforum.shop\/produkt\/19-zoll-sommerraeder-sommerreifen-hankook-wh37-schwarz-fuer-bmw-3er-330e-g20-g21\/\",\"name\":\"19 Zoll Sommerr\u00e4der Sommerreifen Hankook WH37 schwarz f\u00fcr BMW 3er 330e G20 G21 g\u00fcnstig kaufen - Felgenforum\",\"isPartOf\":{\"@id\":\"https:\/\/felgenforum.shop\/#website\"},\"primaryImageOfPage\":{\"@id\":\"https:\/\/felgenforum.shop\/produkt\/19-zoll-sommerraeder-sommerreifen-hankook-wh37-schwarz-fuer-bmw-3er-330e-g20-g21\/#primaryimage\"},\"image\":{\"@id\":\"https:\/\/felgenforum.shop\/produkt\/19-zoll-sommerraeder-sommerreifen-hankook-wh37-schwarz-fuer-bmw-3er-330e-g20-g21\/#primaryimage\"},\"thumbnailUrl\":\"https:\/\/felgenforum.shop\/wp-content\/uploads\/2026\/03\/ebay-product-237537-69ca87fd1ed6f.webp\",\"datePublished\":\"2026-03-30T14:25:10+00:00\",\"dateModified\":\"2026-03-31T14:37:43+00:00\",\"description\":\"19 Zoll Sommerr\u00e4der Sommerreifen Hankook WH37 schwarz f\u00fcr BMW 3er 330e G20 G21 online bestellen \u2794 Gepr\u00fcfte Qualit\u00e4t, Top Marken & schneller Versand \u2714 Jetzt sicher bei Felgenforum kaufen!\",\"breadcrumb\":{\"@id\":\"https:\/\/felgenforum.shop\/produkt\/19-zoll-sommerraeder-sommerreifen-hankook-wh37-schwarz-fuer-bmw-3er-330e-g20-g21\/#breadcrumb\"},\"inLanguage\":\"en-GB\",\"potentialAction\":[{\"@type\":\"ReadAction\",\"target\":[\"https:\/\/felgenforum.shop\/produkt\/19-zoll-sommerraeder-sommerreifen-hankook-wh37-schwarz-fuer-bmw-3er-330e-g20-g21\/\"]}]},{\"@type\":\"ImageObject\",\"inLanguage\":\"en-GB\",\"@id\":\"https:\/\/felgenforum.shop\/produkt\/19-zoll-sommerraeder-sommerreifen-hankook-wh37-schwarz-fuer-bmw-3er-330e-g20-g21\/#primaryimage\",\"url\":\"https:\/\/felgenforum.shop\/wp-content\/uploads\/2026\/03\/ebay-product-237537-69ca87fd1ed6f.webp\",\"contentUrl\":\"https:\/\/felgenforum.shop\/wp-content\/uploads\/2026\/03\/ebay-product-237537-69ca87fd1ed6f.webp\",\"width\":1000,\"height\":1000},{\"@type\":\"BreadcrumbList\",\"@id\":\"https:\/\/felgenforum.shop\/produkt\/19-zoll-sommerraeder-sommerreifen-hankook-wh37-schwarz-fuer-bmw-3er-330e-g20-g21\/#breadcrumb\",\"itemListElement\":[{\"@type\":\"ListItem\",\"position\":1,\"name\":\"Startseite\",\"item\":\"https:\/\/felgenforum.shop\/\"},{\"@type\":\"ListItem\",\"position\":2,\"name\":\"Shop\",\"item\":\"https:\/\/felgenforum.shop\/shop\/\"},{\"@type\":\"ListItem\",\"position\":3,\"name\":\"19 Zoll Sommerr\u00e4der Sommerreifen Hankook WH37 schwarz f\u00fcr BMW 3er 330e G20 G21\"}]},{\"@type\":\"WebSite\",\"@id\":\"https:\/\/felgenforum.shop\/#website\",\"url\":\"https:\/\/felgenforum.shop\/\",\"name\":\"Felgenforum\",\"description\":\"\",\"potentialAction\":[{\"@type\":\"SearchAction\",\"target\":{\"@type\":\"EntryPoint\",\"urlTemplate\":\"https:\/\/felgenforum.shop\/?s={search_term_string}\"},\"query-input\":{\"@type\":\"PropertyValueSpecification\",\"valueRequired\":true,\"valueName\":\"search_term_string\"}}],\"inLanguage\":\"en-GB\"}]}<\/script>\n<!-- \/ Yoast SEO plugin. -->","yoast_head_json":{"title":"19 Zoll Sommerr\u00e4der Sommerreifen Hankook WH37 schwarz f\u00fcr BMW 3er 330e G20 G21 g\u00fcnstig kaufen - Felgenforum","description":"19 Zoll Sommerr\u00e4der Sommerreifen Hankook WH37 schwarz f\u00fcr BMW 3er 330e G20 G21 online bestellen \u2794 Gepr\u00fcfte Qualit\u00e4t, Top Marken & schneller Versand \u2714 Jetzt sicher bei Felgenforum kaufen!","robots":{"index":"index","follow":"follow","max-snippet":"max-snippet:-1","max-image-preview":"max-image-preview:large","max-video-preview":"max-video-preview:-1"},"canonical":"https:\/\/felgenforum.shop\/en\/product\/19-zoll-sommerraeder-sommerreifen-hankook-wh37-schwarz-fuer-bmw-3er-330e-g20-g21\/","og_locale":"en_GB","og_type":"article","og_title":"19 Zoll Sommerr\u00e4der Sommerreifen Hankook WH37 schwarz f\u00fcr BMW 3er 330e G20 G21 g\u00fcnstig kaufen - Felgenforum","og_description":"19 Zoll Sommerr\u00e4der Sommerreifen Hankook WH37 schwarz f\u00fcr BMW 3er 330e G20 G21 online bestellen \u2794 Gepr\u00fcfte Qualit\u00e4t, Top Marken & schneller Versand \u2714 Jetzt sicher bei Felgenforum kaufen!","og_url":"https:\/\/felgenforum.shop\/en\/product\/19-zoll-sommerraeder-sommerreifen-hankook-wh37-schwarz-fuer-bmw-3er-330e-g20-g21\/","og_site_name":"Felgenforum","article_modified_time":"2026-03-31T14:37:43+00:00","og_image":[{"width":1000,"height":1000,"url":"https:\/\/felgenforum.shop\/wp-content\/uploads\/2026\/03\/ebay-product-237537-69ca87fd1ed6f.webp","type":"image\/webp"}],"twitter_card":"summary_large_image","twitter_misc":{"Est. reading time":"1 minute"},"schema":{"@context":"https:\/\/schema.org","@graph":[{"@type":"WebPage","@id":"https:\/\/felgenforum.shop\/produkt\/19-zoll-sommerraeder-sommerreifen-hankook-wh37-schwarz-fuer-bmw-3er-330e-g20-g21\/","url":"https:\/\/felgenforum.shop\/produkt\/19-zoll-sommerraeder-sommerreifen-hankook-wh37-schwarz-fuer-bmw-3er-330e-g20-g21\/","name":"19 Zoll Sommerr\u00e4der Sommerreifen Hankook WH37 schwarz f\u00fcr BMW 3er 330e G20 G21 g\u00fcnstig kaufen - Felgenforum","isPartOf":{"@id":"https:\/\/felgenforum.shop\/#website"},"primaryImageOfPage":{"@id":"https:\/\/felgenforum.shop\/produkt\/19-zoll-sommerraeder-sommerreifen-hankook-wh37-schwarz-fuer-bmw-3er-330e-g20-g21\/#primaryimage"},"image":{"@id":"https:\/\/felgenforum.shop\/produkt\/19-zoll-sommerraeder-sommerreifen-hankook-wh37-schwarz-fuer-bmw-3er-330e-g20-g21\/#primaryimage"},"thumbnailUrl":"https:\/\/felgenforum.shop\/wp-content\/uploads\/2026\/03\/ebay-product-237537-69ca87fd1ed6f.webp","datePublished":"2026-03-30T14:25:10+00:00","dateModified":"2026-03-31T14:37:43+00:00","description":"19 Zoll Sommerr\u00e4der Sommerreifen Hankook WH37 schwarz f\u00fcr BMW 3er 330e G20 G21 online bestellen \u2794 Gepr\u00fcfte Qualit\u00e4t, Top Marken & schneller Versand \u2714 Jetzt sicher bei Felgenforum kaufen!","breadcrumb":{"@id":"https:\/\/felgenforum.shop\/produkt\/19-zoll-sommerraeder-sommerreifen-hankook-wh37-schwarz-fuer-bmw-3er-330e-g20-g21\/#breadcrumb"},"inLanguage":"en-GB","potentialAction":[{"@type":"ReadAction","target":["https:\/\/felgenforum.shop\/produkt\/19-zoll-sommerraeder-sommerreifen-hankook-wh37-schwarz-fuer-bmw-3er-330e-g20-g21\/"]}]},{"@type":"ImageObject","inLanguage":"en-GB","@id":"https:\/\/felgenforum.shop\/produkt\/19-zoll-sommerraeder-sommerreifen-hankook-wh37-schwarz-fuer-bmw-3er-330e-g20-g21\/#primaryimage","url":"https:\/\/felgenforum.shop\/wp-content\/uploads\/2026\/03\/ebay-product-237537-69ca87fd1ed6f.webp","contentUrl":"https:\/\/felgenforum.shop\/wp-content\/uploads\/2026\/03\/ebay-product-237537-69ca87fd1ed6f.webp","width":1000,"height":1000},{"@type":"BreadcrumbList","@id":"https:\/\/felgenforum.shop\/produkt\/19-zoll-sommerraeder-sommerreifen-hankook-wh37-schwarz-fuer-bmw-3er-330e-g20-g21\/#breadcrumb","itemListElement":[{"@type":"ListItem","position":1,"name":"Startseite","item":"https:\/\/felgenforum.shop\/"},{"@type":"ListItem","position":2,"name":"Shop","item":"https:\/\/felgenforum.shop\/shop\/"},{"@type":"ListItem","position":3,"name":"19 Zoll Sommerr\u00e4der Sommerreifen Hankook WH37 schwarz f\u00fcr BMW 3er 330e G20 G21"}]},{"@type":"WebSite","@id":"https:\/\/felgenforum.shop\/#website","url":"https:\/\/felgenforum.shop\/","name":"Rim forum","description":"","potentialAction":[{"@type":"SearchAction","target":{"@type":"EntryPoint","urlTemplate":"https:\/\/felgenforum.shop\/?s={search_term_string}"},"query-input":{"@type":"PropertyValueSpecification","valueRequired":true,"valueName":"search_term_string"}}],"inLanguage":"en-GB"}]}},"_links":{"self":[{"href":"https:\/\/felgenforum.shop\/en\/wp-json\/wp\/v2\/product\/237537","targetHints":{"allow":["GET"]}}],"collection":[{"href":"https:\/\/felgenforum.shop\/en\/wp-json\/wp\/v2\/product"}],"about":[{"href":"https:\/\/felgenforum.shop\/en\/wp-json\/wp\/v2\/types\/product"}],"replies":[{"embeddable":true,"href":"https:\/\/felgenforum.shop\/en\/wp-json\/wp\/v2\/comments?post=237537"}],"wp:featuredmedia":[{"embeddable":true,"href":"https:\/\/felgenforum.shop\/en\/wp-json\/wp\/v2\/media\/237539"}],"wp:attachment":[{"href":"https:\/\/felgenforum.shop\/en\/wp-json\/wp\/v2\/media?parent=237537"}],"wp:term":[{"taxonomy":"product_brand","embeddable":true,"href":"https:\/\/felgenforum.shop\/en\/wp-json\/wp\/v2\/product_brand?post=237537"},{"taxonomy":"product_cat","embeddable":true,"href":"https:\/\/felgenforum.shop\/en\/wp-json\/wp\/v2\/product_cat?post=237537"},{"taxonomy":"product_tag","embeddable":true,"href":"https:\/\/felgenforum.shop\/en\/wp-json\/wp\/v2\/product_tag?post=237537"}],"curies":[{"name":"wp","href":"https:\/\/api.w.org\/{rel}","templated":true}]}}