{"id":237500,"date":"2026-03-26T14:25:04","date_gmt":"2026-03-26T13:25:04","guid":{"rendered":"https:\/\/felgenforum.shop\/?post_type=product&#038;p=237500"},"modified":"2026-05-01T02:07:36","modified_gmt":"2026-05-01T00:07:36","slug":"ff03-19-zoll-firemax-225-255-sommerreifen-komplettraeder-bmw-3er-e90-e91-e92-e93","status":"publish","type":"product","link":"https:\/\/felgenforum.shop\/en\/product\/ff03-19-zoll-firemax-225-255-sommerreifen-komplettraeder-bmw-3er-e90-e91-e92-e93\/","title":{"rendered":"FF03 19-inch Firemax 225\/255 summer tires complete wheels for BMW 3 Series E90 E91 E92 E93"},"content":{"rendered":"<h3>Welcome to an offer from Felgenforum.shop<\/h3>\n<ul>\n<li>In this offer we offer you a NEW set of summer complete wheels in matte grey including ABE.<\/li>\n<li>4x fully pre-assembled and balanced complete wheels<\/li>\n<li>consisting of:<\/li>\n<li>4x Alufelge FF-Wheels FF03 grau matt 8,5&#215;19 ET35 LK5\/120<\/li>\n<li>+<\/li>\n<li>2x Firemax FM601 XL summer tires 225\/35R19 88W<\/li>\n<li>2x Summer tires Firemax FM601 XL 255\/30R19 91Y<\/li>\n<li>fully assembled and balanced\u00a0<\/li>\n<li>(including black weights and black metal valves)<\/li>\n<li>NEW<\/li>\n<li>TPMS available on request for \u20ac139\/set<\/li>\n<\/ul>\n<h3>Scope of delivery:<\/h3>\n<ul>\n<li>4 x FF-Wheels FF03 8,5&#215;19 ET35 5&#215;120 grau matt<\/li>\n<li>Complete mounting hardware (if required according to the ABE)<\/li>\n<li>2x Firemax FM601 XL summer tires 225\/35R19 88W<\/li>\n<li>2x Summer tires Firemax FM601 XL 255\/30R19 91Y<\/li>\n<li>4x Hubcaps FF-Wheels<\/li>\n<li>(Vehicle manufacturer&#039;s hubcap not included)<\/li>\n<li>1x Expert report (ABE)<\/li>\n<li>In most cases, the complete wheel sets do not require registration. If you have any questions about fitment or registration requirements, our experienced team will be happy to assist you :).<\/li>\n<li>Please be sure to specify your vehicle after purchase.<\/li>\n<li>We offer this model in many other sizes and colors; please contact us if you have any other requests.<\/li>\n<li>&gt;&gt;&gt;Wishful tires<\/li>\n<li>Do you have a specific request regarding tire brand or tire quality? No problem!<\/li>\n<li>We would be happy to create individual complete wheel offers for you :).<\/li>\n<li>The complete wheels are suitable for, among others:<\/li>\n<\/ul>\n<h3>BMW<\/h3>\n<ul>\n<li>3 Series E90 E91 E92 E93<\/li>\n<\/ul>","protected":false},"excerpt":{"rendered":"<p>A set (4 pieces) of ready-to-drive FF Wheels complete wheels, professionally mounted and balanced.<\/p>\n<p><strong>Rim details:<\/strong> 8,5&#215;19 Zoll, Lochkreis 120 mm.<br \/><strong>Tire details:<\/strong> Firemax .<\/p>","protected":false},"featured_media":237501,"comment_status":"open","ping_status":"closed","template":"","meta":[],"product_brand":[],"product_cat":[1583,1582,1196],"product_tag":[],"class_list":{"0":"post-237500","1":"product","2":"type-product","3":"status-publish","4":"has-post-thumbnail","6":"product_cat-19-zoll-sommerraeder-bmw","7":"product_cat-bmw-komplettraeder-sommer","8":"product_cat-komplettraeder-sommer","9":"product_shipping_class-komplettrad","10":"pa_anzahl-der-komplettraeder-1433","11":"pa_einpresstiefe-et-1460","12":"pa_eisgriffigkeit-nein","13":"pa_fahrzeugmarke-bmw","14":"pa_fahrzeugtyp-pkw","15":"pa_felgenaufbau-einteilig-gegossen","16":"pa_felgenbreite-8-5","17":"pa_felgendesign-10-speichen","18":"pa_felgenfarbe-grau","19":"pa_felgenhersteller-ff-wheels","20":"pa_felgenmaterial-aluminium","21":"pa_felgenmodell-ff03","22":"pa_geschwindigkeitsindex-y-bis-300-km-h","23":"pa_herstellernummer-felge-2462","24":"pa_lastbereich-xl","25":"pa_lochkreis-1494","26":"pa_lochzahl-1447","27":"pa_mittenlochbohrung-726-mm","28":"pa_reifenbauart-r-radialreifen","29":"pa_reifenbreite-1432","30":"pa_reifendurchmesser-1436","31":"pa_reifenhersteller-firemax","32":"pa_reifenquerschnitt-1434","33":"pa_reifenspezifikation-sommerreifen","34":"pa_run-flat-nein","35":"pa_schneeflocken-symbol-nein","36":"pa_tragfaehigkeitsindex-88-max-560-kg-je-reifen","37":"pa_zollgroesse-1448","39":"first","40":"outofstock","41":"sale","42":"taxable","43":"shipping-taxable","44":"purchasable","45":"product-type-simple"},"yoast_head":"<title>FF03 19 Zoll Firemax 225 255 Sommerreifen Komplettr\u00e4der BMW 3er E90 E91 E92 E93 g\u00fcnstig kaufen - Felgenforum<\/title>\n<meta name=\"description\" content=\"FF03 19 Zoll Firemax 225 255 Sommerreifen Komplettr\u00e4der BMW 3er E90 E91 E92 E93 online bestellen \u2794 Gepr\u00fcfte Qualit\u00e4t, Top Marken &amp; schneller Versand \u2714 Jetzt sicher bei Felgenforum kaufen!\" \/>\n<meta name=\"robots\" content=\"index, follow, max-snippet:-1, max-image-preview:large, max-video-preview:-1\" \/>\n<link rel=\"canonical\" href=\"https:\/\/felgenforum.shop\/en\/product\/ff03-19-zoll-firemax-225-255-sommerreifen-komplettraeder-bmw-3er-e90-e91-e92-e93\/\" \/>\n<meta property=\"og:locale\" content=\"en_GB\" \/>\n<meta property=\"og:type\" content=\"article\" \/>\n<meta property=\"og:title\" content=\"FF03 19 Zoll Firemax 225 255 Sommerreifen Komplettr\u00e4der BMW 3er E90 E91 E92 E93 g\u00fcnstig kaufen - Felgenforum\" \/>\n<meta property=\"og:description\" content=\"FF03 19 Zoll Firemax 225 255 Sommerreifen Komplettr\u00e4der BMW 3er E90 E91 E92 E93 online bestellen \u2794 Gepr\u00fcfte Qualit\u00e4t, Top Marken &amp; schneller Versand \u2714 Jetzt sicher bei Felgenforum kaufen!\" \/>\n<meta property=\"og:url\" content=\"https:\/\/felgenforum.shop\/en\/product\/ff03-19-zoll-firemax-225-255-sommerreifen-komplettraeder-bmw-3er-e90-e91-e92-e93\/\" \/>\n<meta property=\"og:site_name\" content=\"Felgenforum\" \/>\n<meta property=\"article:modified_time\" content=\"2026-05-01T00:07:36+00:00\" \/>\n<meta property=\"og:image\" content=\"https:\/\/felgenforum.shop\/wp-content\/uploads\/2026\/03\/ebay-product-237500-69c533d67cc93.webp\" \/>\n\t<meta property=\"og:image:width\" content=\"1000\" \/>\n\t<meta property=\"og:image:height\" content=\"1000\" \/>\n\t<meta property=\"og:image:type\" content=\"image\/webp\" \/>\n<meta name=\"twitter:card\" content=\"summary_large_image\" \/>\n<meta name=\"twitter:label1\" content=\"Est. reading time\" \/>\n\t<meta name=\"twitter:data1\" content=\"1 minute\" \/>\n<script type=\"application\/ld+json\" class=\"yoast-schema-graph\">{\"@context\":\"https:\\\/\\\/schema.org\",\"@graph\":[{\"@type\":\"WebPage\",\"@id\":\"https:\\\/\\\/felgenforum.shop\\\/produkt\\\/ff03-19-zoll-firemax-225-255-sommerreifen-komplettraeder-bmw-3er-e90-e91-e92-e93\\\/\",\"url\":\"https:\\\/\\\/felgenforum.shop\\\/produkt\\\/ff03-19-zoll-firemax-225-255-sommerreifen-komplettraeder-bmw-3er-e90-e91-e92-e93\\\/\",\"name\":\"FF03 19 Zoll Firemax 225 255 Sommerreifen Komplettr\u00e4der BMW 3er E90 E91 E92 E93 g\u00fcnstig kaufen - Felgenforum\",\"isPartOf\":{\"@id\":\"https:\\\/\\\/felgenforum.shop\\\/#website\"},\"primaryImageOfPage\":{\"@id\":\"https:\\\/\\\/felgenforum.shop\\\/produkt\\\/ff03-19-zoll-firemax-225-255-sommerreifen-komplettraeder-bmw-3er-e90-e91-e92-e93\\\/#primaryimage\"},\"image\":{\"@id\":\"https:\\\/\\\/felgenforum.shop\\\/produkt\\\/ff03-19-zoll-firemax-225-255-sommerreifen-komplettraeder-bmw-3er-e90-e91-e92-e93\\\/#primaryimage\"},\"thumbnailUrl\":\"https:\\\/\\\/felgenforum.shop\\\/wp-content\\\/uploads\\\/2026\\\/03\\\/ebay-product-237500-69c533d67cc93.webp\",\"datePublished\":\"2026-03-26T13:25:04+00:00\",\"dateModified\":\"2026-05-01T00:07:36+00:00\",\"description\":\"FF03 19 Zoll Firemax 225 255 Sommerreifen Komplettr\u00e4der BMW 3er E90 E91 E92 E93 online bestellen \u2794 Gepr\u00fcfte Qualit\u00e4t, Top Marken & schneller Versand \u2714 Jetzt sicher bei Felgenforum kaufen!\",\"breadcrumb\":{\"@id\":\"https:\\\/\\\/felgenforum.shop\\\/produkt\\\/ff03-19-zoll-firemax-225-255-sommerreifen-komplettraeder-bmw-3er-e90-e91-e92-e93\\\/#breadcrumb\"},\"inLanguage\":\"en-GB\",\"potentialAction\":[{\"@type\":\"ReadAction\",\"target\":[\"https:\\\/\\\/felgenforum.shop\\\/produkt\\\/ff03-19-zoll-firemax-225-255-sommerreifen-komplettraeder-bmw-3er-e90-e91-e92-e93\\\/\"]}]},{\"@type\":\"ImageObject\",\"inLanguage\":\"en-GB\",\"@id\":\"https:\\\/\\\/felgenforum.shop\\\/produkt\\\/ff03-19-zoll-firemax-225-255-sommerreifen-komplettraeder-bmw-3er-e90-e91-e92-e93\\\/#primaryimage\",\"url\":\"https:\\\/\\\/felgenforum.shop\\\/wp-content\\\/uploads\\\/2026\\\/03\\\/ebay-product-237500-69c533d67cc93.webp\",\"contentUrl\":\"https:\\\/\\\/felgenforum.shop\\\/wp-content\\\/uploads\\\/2026\\\/03\\\/ebay-product-237500-69c533d67cc93.webp\",\"width\":1000,\"height\":1000},{\"@type\":\"BreadcrumbList\",\"@id\":\"https:\\\/\\\/felgenforum.shop\\\/produkt\\\/ff03-19-zoll-firemax-225-255-sommerreifen-komplettraeder-bmw-3er-e90-e91-e92-e93\\\/#breadcrumb\",\"itemListElement\":[{\"@type\":\"ListItem\",\"position\":1,\"name\":\"Startseite\",\"item\":\"https:\\\/\\\/felgenforum.shop\\\/\"},{\"@type\":\"ListItem\",\"position\":2,\"name\":\"Shop\",\"item\":\"https:\\\/\\\/felgenforum.shop\\\/shop\\\/\"},{\"@type\":\"ListItem\",\"position\":3,\"name\":\"FF03 19 Zoll Firemax 225 255 Sommerreifen Komplettr\u00e4der BMW 3er E90 E91 E92 E93\"}]},{\"@type\":\"WebSite\",\"@id\":\"https:\\\/\\\/felgenforum.shop\\\/#website\",\"url\":\"https:\\\/\\\/felgenforum.shop\\\/\",\"name\":\"Felgenforum\",\"description\":\"\",\"potentialAction\":[{\"@type\":\"SearchAction\",\"target\":{\"@type\":\"EntryPoint\",\"urlTemplate\":\"https:\\\/\\\/felgenforum.shop\\\/?s={search_term_string}\"},\"query-input\":{\"@type\":\"PropertyValueSpecification\",\"valueRequired\":true,\"valueName\":\"search_term_string\"}}],\"inLanguage\":\"en-GB\"}]}<\/script>","yoast_head_json":{"title":"FF03 19 Zoll Firemax 225 255 Sommerreifen Komplettr\u00e4der BMW 3er E90 E91 E92 E93 g\u00fcnstig kaufen - Felgenforum","description":"FF03 19 Zoll Firemax 225 255 Sommerreifen Komplettr\u00e4der BMW 3er E90 E91 E92 E93 online bestellen \u2794 Gepr\u00fcfte Qualit\u00e4t, Top Marken & schneller Versand \u2714 Jetzt sicher bei Felgenforum kaufen!","robots":{"index":"index","follow":"follow","max-snippet":"max-snippet:-1","max-image-preview":"max-image-preview:large","max-video-preview":"max-video-preview:-1"},"canonical":"https:\/\/felgenforum.shop\/en\/product\/ff03-19-zoll-firemax-225-255-sommerreifen-komplettraeder-bmw-3er-e90-e91-e92-e93\/","og_locale":"en_GB","og_type":"article","og_title":"FF03 19 Zoll Firemax 225 255 Sommerreifen Komplettr\u00e4der BMW 3er E90 E91 E92 E93 g\u00fcnstig kaufen - Felgenforum","og_description":"FF03 19 Zoll Firemax 225 255 Sommerreifen Komplettr\u00e4der BMW 3er E90 E91 E92 E93 online bestellen \u2794 Gepr\u00fcfte Qualit\u00e4t, Top Marken & schneller Versand \u2714 Jetzt sicher bei Felgenforum kaufen!","og_url":"https:\/\/felgenforum.shop\/en\/product\/ff03-19-zoll-firemax-225-255-sommerreifen-komplettraeder-bmw-3er-e90-e91-e92-e93\/","og_site_name":"Felgenforum","article_modified_time":"2026-05-01T00:07:36+00:00","og_image":[{"width":1000,"height":1000,"url":"https:\/\/felgenforum.shop\/wp-content\/uploads\/2026\/03\/ebay-product-237500-69c533d67cc93.webp","type":"image\/webp"}],"twitter_card":"summary_large_image","twitter_misc":{"Est. reading time":"1 minute"},"schema":{"@context":"https:\/\/schema.org","@graph":[{"@type":"WebPage","@id":"https:\/\/felgenforum.shop\/produkt\/ff03-19-zoll-firemax-225-255-sommerreifen-komplettraeder-bmw-3er-e90-e91-e92-e93\/","url":"https:\/\/felgenforum.shop\/produkt\/ff03-19-zoll-firemax-225-255-sommerreifen-komplettraeder-bmw-3er-e90-e91-e92-e93\/","name":"FF03 19 Zoll Firemax 225 255 Sommerreifen Komplettr\u00e4der BMW 3er E90 E91 E92 E93 g\u00fcnstig kaufen - Felgenforum","isPartOf":{"@id":"https:\/\/felgenforum.shop\/#website"},"primaryImageOfPage":{"@id":"https:\/\/felgenforum.shop\/produkt\/ff03-19-zoll-firemax-225-255-sommerreifen-komplettraeder-bmw-3er-e90-e91-e92-e93\/#primaryimage"},"image":{"@id":"https:\/\/felgenforum.shop\/produkt\/ff03-19-zoll-firemax-225-255-sommerreifen-komplettraeder-bmw-3er-e90-e91-e92-e93\/#primaryimage"},"thumbnailUrl":"https:\/\/felgenforum.shop\/wp-content\/uploads\/2026\/03\/ebay-product-237500-69c533d67cc93.webp","datePublished":"2026-03-26T13:25:04+00:00","dateModified":"2026-05-01T00:07:36+00:00","description":"FF03 19 Zoll Firemax 225 255 Sommerreifen Komplettr\u00e4der BMW 3er E90 E91 E92 E93 online bestellen \u2794 Gepr\u00fcfte Qualit\u00e4t, Top Marken & schneller Versand \u2714 Jetzt sicher bei Felgenforum kaufen!","breadcrumb":{"@id":"https:\/\/felgenforum.shop\/produkt\/ff03-19-zoll-firemax-225-255-sommerreifen-komplettraeder-bmw-3er-e90-e91-e92-e93\/#breadcrumb"},"inLanguage":"en-GB","potentialAction":[{"@type":"ReadAction","target":["https:\/\/felgenforum.shop\/produkt\/ff03-19-zoll-firemax-225-255-sommerreifen-komplettraeder-bmw-3er-e90-e91-e92-e93\/"]}]},{"@type":"ImageObject","inLanguage":"en-GB","@id":"https:\/\/felgenforum.shop\/produkt\/ff03-19-zoll-firemax-225-255-sommerreifen-komplettraeder-bmw-3er-e90-e91-e92-e93\/#primaryimage","url":"https:\/\/felgenforum.shop\/wp-content\/uploads\/2026\/03\/ebay-product-237500-69c533d67cc93.webp","contentUrl":"https:\/\/felgenforum.shop\/wp-content\/uploads\/2026\/03\/ebay-product-237500-69c533d67cc93.webp","width":1000,"height":1000},{"@type":"BreadcrumbList","@id":"https:\/\/felgenforum.shop\/produkt\/ff03-19-zoll-firemax-225-255-sommerreifen-komplettraeder-bmw-3er-e90-e91-e92-e93\/#breadcrumb","itemListElement":[{"@type":"ListItem","position":1,"name":"Startseite","item":"https:\/\/felgenforum.shop\/"},{"@type":"ListItem","position":2,"name":"Shop","item":"https:\/\/felgenforum.shop\/shop\/"},{"@type":"ListItem","position":3,"name":"FF03 19 Zoll Firemax 225 255 Sommerreifen Komplettr\u00e4der BMW 3er E90 E91 E92 E93"}]},{"@type":"WebSite","@id":"https:\/\/felgenforum.shop\/#website","url":"https:\/\/felgenforum.shop\/","name":"Rim forum","description":"","potentialAction":[{"@type":"SearchAction","target":{"@type":"EntryPoint","urlTemplate":"https:\/\/felgenforum.shop\/?s={search_term_string}"},"query-input":{"@type":"PropertyValueSpecification","valueRequired":true,"valueName":"search_term_string"}}],"inLanguage":"en-GB"}]}},"_links":{"self":[{"href":"https:\/\/felgenforum.shop\/en\/wp-json\/wp\/v2\/product\/237500","targetHints":{"allow":["GET"]}}],"collection":[{"href":"https:\/\/felgenforum.shop\/en\/wp-json\/wp\/v2\/product"}],"about":[{"href":"https:\/\/felgenforum.shop\/en\/wp-json\/wp\/v2\/types\/product"}],"replies":[{"embeddable":true,"href":"https:\/\/felgenforum.shop\/en\/wp-json\/wp\/v2\/comments?post=237500"}],"wp:featuredmedia":[{"embeddable":true,"href":"https:\/\/felgenforum.shop\/en\/wp-json\/wp\/v2\/media\/237501"}],"wp:attachment":[{"href":"https:\/\/felgenforum.shop\/en\/wp-json\/wp\/v2\/media?parent=237500"}],"wp:term":[{"taxonomy":"product_brand","embeddable":true,"href":"https:\/\/felgenforum.shop\/en\/wp-json\/wp\/v2\/product_brand?post=237500"},{"taxonomy":"product_cat","embeddable":true,"href":"https:\/\/felgenforum.shop\/en\/wp-json\/wp\/v2\/product_cat?post=237500"},{"taxonomy":"product_tag","embeddable":true,"href":"https:\/\/felgenforum.shop\/en\/wp-json\/wp\/v2\/product_tag?post=237500"}],"curies":[{"name":"wp","href":"https:\/\/api.w.org\/{rel}","templated":true}]}}