{"id":234539,"date":"2026-03-19T17:34:00","date_gmt":"2026-03-19T16:34:00","guid":{"rendered":"https:\/\/felgenforum.shop\/?post_type=product&#038;p=234539"},"modified":"2026-04-25T15:28:34","modified_gmt":"2026-04-25T13:28:34","slug":"18-zoll-allwetterkomplettraeder-michelin-bmw-3er-f30-f31-4er-f32-f33-f36-x1-e84-m","status":"publish","type":"product","link":"https:\/\/felgenforum.shop\/en\/product\/18-zoll-allwetterkomplettraeder-michelin-bmw-3er-f30-f31-4er-f32-f33-f36-x1-e84-m\/","title":{"rendered":"18 inch all-weather complete wheels Michelin BMW 3 series F30 F31 4 series F32 F33 F36 X1 e84 M"},"content":{"rendered":"<h3>Welcome to an offer from Felgenforum.shop<\/h3>\n<p>In this offer we offer you a NEW set of all-weather complete wheels in glossy black including ABE (German type approval).<\/p>\n<p>4x fully pre-assembled and balanced complete wheels<\/p>\n<p>consisting of:<\/p>\n<p>4x Alufelge Damina DM08 schwarz 8&#215;18 ET35 LK5\/120<\/p>\n<p>+<\/p>\n<p>4x all-weather tires Michelin CrossClimate 2 XL 225\/45 R18 95Y<\/p>\n<p>+<\/p>\n<p>4x TPMS (pre-programmed)<\/p>\n<p>fully assembled and balanced\u00a0<\/p>\n<p>(including black weights and black metal valves)<\/p>\n<p>NEW &amp; in original packaging.<\/p>\n<h3>Scope of delivery:<\/h3>\n<ul>\n<li>4 x Damina DM08 8&#215;18 ET35 5&#215;120 schwarz gl\u00e4nzend<\/li>\n<li>Complete mounting hardware (if required according to the ABE)<\/li>\n<li>4x all-weather tires Michelin CrossClimate 2 XL 225\/45 R18 95Y<\/li>\n<li>4x TPMS (pre-programmed)<\/li>\n<li>4x hub caps Damina Performance<\/li>\n<li>(Vehicle manufacturer&#039;s hubcap not included)<\/li>\n<li>1x Expert report (ABE)<\/li>\n<li>In most cases, the complete wheel sets do not require registration. If you have any questions about fitment or registration requirements, our experienced team will be happy to assist you :).<\/li>\n<li>Please be sure to specify your vehicle after purchase.<\/li>\n<li>We offer this model in many other sizes and colors; please contact us if you have any other requests.<\/li>\n<li>&gt;&gt;&gt;Wishful tires<\/li>\n<li>Do you have a specific request regarding tire brand or tire quality? No problem!<\/li>\n<li>We would be happy to create individual complete wheel offers for you :).<\/li>\n<li>The complete wheels are suitable for, among others:<\/li>\n<\/ul>\n<h3>BMW<\/h3>\n<ul>\n<li>3 Series F30 F31<\/li>\n<li>4 Series F32 F33 F36<\/li>\n<li>X1 e84<\/li>\n<li>Z3<\/li>\n<\/ul>","protected":false},"excerpt":{"rendered":"<p>A set (4 pieces) of ready-to-drive Damina Performance complete wheels, professionally mounted and balanced.<\/p>\n<p><strong>Rim details:<\/strong> 8&#215;18 Zoll, Lochkreis 120.<br \/><strong>Tire details:<\/strong> Michelin .<\/p>","protected":false},"featured_media":234968,"comment_status":"open","ping_status":"closed","template":"","meta":[],"product_brand":[],"product_cat":[1206,1205,1204],"product_tag":[],"class_list":{"0":"post-234539","1":"product","2":"type-product","3":"status-publish","4":"has-post-thumbnail","6":"product_cat-18-zoll-winterraeder-bmw","7":"product_cat-bmw","8":"product_cat-komplettraeder-winter","9":"product_shipping_class-komplettrad","10":"pa_anzahl-der-komplettraeder-1433","11":"pa_einpresstiefe-et-1460","12":"pa_fahrzeugmarke-bmw","13":"pa_felgenbreite-1474","14":"pa_felgendesign-kreuzspeiche","15":"pa_felgenfarbe-schwarz","16":"pa_felgenhersteller-damina-performance","17":"pa_felgenmaterial-aluminium","18":"pa_felgenmodell-dm08","19":"pa_geschwindigkeitsindex-y-bis-300-km-h","20":"pa_herstellernummer-felge-2416","21":"pa_lastbereich-xl","22":"pa_lochkreis-1494","23":"pa_lochzahl-1447","24":"pa_reifenbreite-1432","25":"pa_reifendurchmesser-1674","26":"pa_reifenhersteller-michelin","27":"pa_reifenquerschnitt-1504","28":"pa_reifenspezifikation-ganzjahresreifen","29":"pa_run-flat-nein","30":"pa_zollgroesse-1482","32":"first","33":"instock","34":"sale","35":"taxable","36":"shipping-taxable","37":"purchasable","38":"product-type-simple"},"yoast_head":"<title>18 Zoll Allwetterkomplettr\u00e4der Michelin BMW 3er F30 F31 4er F32 F33 F36 X1 e84 M g\u00fcnstig kaufen - Felgenforum<\/title>\n<meta name=\"description\" content=\"18 Zoll Allwetterkomplettr\u00e4der Michelin BMW 3er F30 F31 4er F32 F33 F36 X1 e84 M online bestellen \u2794 Gepr\u00fcfte Qualit\u00e4t, Top Marken &amp; schneller Versand \u2714 Jetzt sicher bei Felgenforum kaufen!\" \/>\n<meta name=\"robots\" content=\"index, follow, max-snippet:-1, max-image-preview:large, max-video-preview:-1\" \/>\n<link rel=\"canonical\" href=\"https:\/\/felgenforum.shop\/en\/product\/18-zoll-allwetterkomplettraeder-michelin-bmw-3er-f30-f31-4er-f32-f33-f36-x1-e84-m\/\" \/>\n<meta property=\"og:locale\" content=\"en_GB\" \/>\n<meta property=\"og:type\" content=\"article\" \/>\n<meta property=\"og:title\" content=\"18 Zoll Allwetterkomplettr\u00e4der Michelin BMW 3er F30 F31 4er F32 F33 F36 X1 e84 M g\u00fcnstig kaufen - Felgenforum\" \/>\n<meta property=\"og:description\" content=\"18 Zoll Allwetterkomplettr\u00e4der Michelin BMW 3er F30 F31 4er F32 F33 F36 X1 e84 M online bestellen \u2794 Gepr\u00fcfte Qualit\u00e4t, Top Marken &amp; schneller Versand \u2714 Jetzt sicher bei Felgenforum kaufen!\" \/>\n<meta property=\"og:url\" content=\"https:\/\/felgenforum.shop\/en\/product\/18-zoll-allwetterkomplettraeder-michelin-bmw-3er-f30-f31-4er-f32-f33-f36-x1-e84-m\/\" \/>\n<meta property=\"og:site_name\" content=\"Felgenforum\" \/>\n<meta property=\"article:modified_time\" content=\"2026-04-25T13:28:34+00:00\" \/>\n<meta property=\"og:image\" content=\"https:\/\/felgenforum.shop\/wp-content\/uploads\/2026\/03\/18-zoll-allwetterkomplettraeder-michelin-bmw-3er-f30-f31-4er-f32-f33-f36-x1-e84-m-featured-1000px.jpg\" \/>\n\t<meta property=\"og:image:width\" content=\"1000\" \/>\n\t<meta property=\"og:image:height\" content=\"1000\" \/>\n\t<meta property=\"og:image:type\" content=\"image\/jpeg\" \/>\n<meta name=\"twitter:card\" content=\"summary_large_image\" \/>\n<meta name=\"twitter:label1\" content=\"Est. reading time\" \/>\n\t<meta name=\"twitter:data1\" content=\"1 minute\" \/>\n<script type=\"application\/ld+json\" class=\"yoast-schema-graph\">{\"@context\":\"https:\\\/\\\/schema.org\",\"@graph\":[{\"@type\":\"WebPage\",\"@id\":\"https:\\\/\\\/felgenforum.shop\\\/produkt\\\/18-zoll-allwetterkomplettraeder-michelin-bmw-3er-f30-f31-4er-f32-f33-f36-x1-e84-m\\\/\",\"url\":\"https:\\\/\\\/felgenforum.shop\\\/produkt\\\/18-zoll-allwetterkomplettraeder-michelin-bmw-3er-f30-f31-4er-f32-f33-f36-x1-e84-m\\\/\",\"name\":\"18 Zoll Allwetterkomplettr\u00e4der Michelin BMW 3er F30 F31 4er F32 F33 F36 X1 e84 M g\u00fcnstig kaufen - Felgenforum\",\"isPartOf\":{\"@id\":\"https:\\\/\\\/felgenforum.shop\\\/#website\"},\"primaryImageOfPage\":{\"@id\":\"https:\\\/\\\/felgenforum.shop\\\/produkt\\\/18-zoll-allwetterkomplettraeder-michelin-bmw-3er-f30-f31-4er-f32-f33-f36-x1-e84-m\\\/#primaryimage\"},\"image\":{\"@id\":\"https:\\\/\\\/felgenforum.shop\\\/produkt\\\/18-zoll-allwetterkomplettraeder-michelin-bmw-3er-f30-f31-4er-f32-f33-f36-x1-e84-m\\\/#primaryimage\"},\"thumbnailUrl\":\"https:\\\/\\\/felgenforum.shop\\\/wp-content\\\/uploads\\\/2026\\\/03\\\/18-zoll-allwetterkomplettraeder-michelin-bmw-3er-f30-f31-4er-f32-f33-f36-x1-e84-m-featured-1000px.webp\",\"datePublished\":\"2026-03-19T16:34:00+00:00\",\"dateModified\":\"2026-04-25T13:28:34+00:00\",\"description\":\"18 Zoll Allwetterkomplettr\u00e4der Michelin BMW 3er F30 F31 4er F32 F33 F36 X1 e84 M online bestellen \u2794 Gepr\u00fcfte Qualit\u00e4t, Top Marken & schneller Versand \u2714 Jetzt sicher bei Felgenforum kaufen!\",\"breadcrumb\":{\"@id\":\"https:\\\/\\\/felgenforum.shop\\\/produkt\\\/18-zoll-allwetterkomplettraeder-michelin-bmw-3er-f30-f31-4er-f32-f33-f36-x1-e84-m\\\/#breadcrumb\"},\"inLanguage\":\"en-GB\",\"potentialAction\":[{\"@type\":\"ReadAction\",\"target\":[\"https:\\\/\\\/felgenforum.shop\\\/produkt\\\/18-zoll-allwetterkomplettraeder-michelin-bmw-3er-f30-f31-4er-f32-f33-f36-x1-e84-m\\\/\"]}]},{\"@type\":\"ImageObject\",\"inLanguage\":\"en-GB\",\"@id\":\"https:\\\/\\\/felgenforum.shop\\\/produkt\\\/18-zoll-allwetterkomplettraeder-michelin-bmw-3er-f30-f31-4er-f32-f33-f36-x1-e84-m\\\/#primaryimage\",\"url\":\"https:\\\/\\\/felgenforum.shop\\\/wp-content\\\/uploads\\\/2026\\\/03\\\/18-zoll-allwetterkomplettraeder-michelin-bmw-3er-f30-f31-4er-f32-f33-f36-x1-e84-m-featured-1000px.webp\",\"contentUrl\":\"https:\\\/\\\/felgenforum.shop\\\/wp-content\\\/uploads\\\/2026\\\/03\\\/18-zoll-allwetterkomplettraeder-michelin-bmw-3er-f30-f31-4er-f32-f33-f36-x1-e84-m-featured-1000px.webp\",\"width\":1000,\"height\":1000},{\"@type\":\"BreadcrumbList\",\"@id\":\"https:\\\/\\\/felgenforum.shop\\\/produkt\\\/18-zoll-allwetterkomplettraeder-michelin-bmw-3er-f30-f31-4er-f32-f33-f36-x1-e84-m\\\/#breadcrumb\",\"itemListElement\":[{\"@type\":\"ListItem\",\"position\":1,\"name\":\"Startseite\",\"item\":\"https:\\\/\\\/felgenforum.shop\\\/\"},{\"@type\":\"ListItem\",\"position\":2,\"name\":\"Shop\",\"item\":\"https:\\\/\\\/felgenforum.shop\\\/shop\\\/\"},{\"@type\":\"ListItem\",\"position\":3,\"name\":\"18 Zoll Allwetterkomplettr\u00e4der Michelin BMW 3er F30 F31 4er F32 F33 F36 X1 e84 M\"}]},{\"@type\":\"WebSite\",\"@id\":\"https:\\\/\\\/felgenforum.shop\\\/#website\",\"url\":\"https:\\\/\\\/felgenforum.shop\\\/\",\"name\":\"Felgenforum\",\"description\":\"\",\"potentialAction\":[{\"@type\":\"SearchAction\",\"target\":{\"@type\":\"EntryPoint\",\"urlTemplate\":\"https:\\\/\\\/felgenforum.shop\\\/?s={search_term_string}\"},\"query-input\":{\"@type\":\"PropertyValueSpecification\",\"valueRequired\":true,\"valueName\":\"search_term_string\"}}],\"inLanguage\":\"en-GB\"}]}<\/script>","yoast_head_json":{"title":"18 Zoll Allwetterkomplettr\u00e4der Michelin BMW 3er F30 F31 4er F32 F33 F36 X1 e84 M g\u00fcnstig kaufen - Felgenforum","description":"18 Zoll Allwetterkomplettr\u00e4der Michelin BMW 3er F30 F31 4er F32 F33 F36 X1 e84 M online bestellen \u2794 Gepr\u00fcfte Qualit\u00e4t, Top Marken & schneller Versand \u2714 Jetzt sicher bei Felgenforum kaufen!","robots":{"index":"index","follow":"follow","max-snippet":"max-snippet:-1","max-image-preview":"max-image-preview:large","max-video-preview":"max-video-preview:-1"},"canonical":"https:\/\/felgenforum.shop\/en\/product\/18-zoll-allwetterkomplettraeder-michelin-bmw-3er-f30-f31-4er-f32-f33-f36-x1-e84-m\/","og_locale":"en_GB","og_type":"article","og_title":"18 Zoll Allwetterkomplettr\u00e4der Michelin BMW 3er F30 F31 4er F32 F33 F36 X1 e84 M g\u00fcnstig kaufen - Felgenforum","og_description":"18 Zoll Allwetterkomplettr\u00e4der Michelin BMW 3er F30 F31 4er F32 F33 F36 X1 e84 M online bestellen \u2794 Gepr\u00fcfte Qualit\u00e4t, Top Marken & schneller Versand \u2714 Jetzt sicher bei Felgenforum kaufen!","og_url":"https:\/\/felgenforum.shop\/en\/product\/18-zoll-allwetterkomplettraeder-michelin-bmw-3er-f30-f31-4er-f32-f33-f36-x1-e84-m\/","og_site_name":"Felgenforum","article_modified_time":"2026-04-25T13:28:34+00:00","og_image":[{"width":1000,"height":1000,"url":"https:\/\/felgenforum.shop\/wp-content\/uploads\/2026\/03\/18-zoll-allwetterkomplettraeder-michelin-bmw-3er-f30-f31-4er-f32-f33-f36-x1-e84-m-featured-1000px.jpg","type":"image\/jpeg"}],"twitter_card":"summary_large_image","twitter_misc":{"Est. reading time":"1 minute"},"schema":{"@context":"https:\/\/schema.org","@graph":[{"@type":"WebPage","@id":"https:\/\/felgenforum.shop\/produkt\/18-zoll-allwetterkomplettraeder-michelin-bmw-3er-f30-f31-4er-f32-f33-f36-x1-e84-m\/","url":"https:\/\/felgenforum.shop\/produkt\/18-zoll-allwetterkomplettraeder-michelin-bmw-3er-f30-f31-4er-f32-f33-f36-x1-e84-m\/","name":"18 Zoll Allwetterkomplettr\u00e4der Michelin BMW 3er F30 F31 4er F32 F33 F36 X1 e84 M g\u00fcnstig kaufen - Felgenforum","isPartOf":{"@id":"https:\/\/felgenforum.shop\/#website"},"primaryImageOfPage":{"@id":"https:\/\/felgenforum.shop\/produkt\/18-zoll-allwetterkomplettraeder-michelin-bmw-3er-f30-f31-4er-f32-f33-f36-x1-e84-m\/#primaryimage"},"image":{"@id":"https:\/\/felgenforum.shop\/produkt\/18-zoll-allwetterkomplettraeder-michelin-bmw-3er-f30-f31-4er-f32-f33-f36-x1-e84-m\/#primaryimage"},"thumbnailUrl":"https:\/\/felgenforum.shop\/wp-content\/uploads\/2026\/03\/18-zoll-allwetterkomplettraeder-michelin-bmw-3er-f30-f31-4er-f32-f33-f36-x1-e84-m-featured-1000px.webp","datePublished":"2026-03-19T16:34:00+00:00","dateModified":"2026-04-25T13:28:34+00:00","description":"18 Zoll Allwetterkomplettr\u00e4der Michelin BMW 3er F30 F31 4er F32 F33 F36 X1 e84 M online bestellen \u2794 Gepr\u00fcfte Qualit\u00e4t, Top Marken & schneller Versand \u2714 Jetzt sicher bei Felgenforum kaufen!","breadcrumb":{"@id":"https:\/\/felgenforum.shop\/produkt\/18-zoll-allwetterkomplettraeder-michelin-bmw-3er-f30-f31-4er-f32-f33-f36-x1-e84-m\/#breadcrumb"},"inLanguage":"en-GB","potentialAction":[{"@type":"ReadAction","target":["https:\/\/felgenforum.shop\/produkt\/18-zoll-allwetterkomplettraeder-michelin-bmw-3er-f30-f31-4er-f32-f33-f36-x1-e84-m\/"]}]},{"@type":"ImageObject","inLanguage":"en-GB","@id":"https:\/\/felgenforum.shop\/produkt\/18-zoll-allwetterkomplettraeder-michelin-bmw-3er-f30-f31-4er-f32-f33-f36-x1-e84-m\/#primaryimage","url":"https:\/\/felgenforum.shop\/wp-content\/uploads\/2026\/03\/18-zoll-allwetterkomplettraeder-michelin-bmw-3er-f30-f31-4er-f32-f33-f36-x1-e84-m-featured-1000px.webp","contentUrl":"https:\/\/felgenforum.shop\/wp-content\/uploads\/2026\/03\/18-zoll-allwetterkomplettraeder-michelin-bmw-3er-f30-f31-4er-f32-f33-f36-x1-e84-m-featured-1000px.webp","width":1000,"height":1000},{"@type":"BreadcrumbList","@id":"https:\/\/felgenforum.shop\/produkt\/18-zoll-allwetterkomplettraeder-michelin-bmw-3er-f30-f31-4er-f32-f33-f36-x1-e84-m\/#breadcrumb","itemListElement":[{"@type":"ListItem","position":1,"name":"Startseite","item":"https:\/\/felgenforum.shop\/"},{"@type":"ListItem","position":2,"name":"Shop","item":"https:\/\/felgenforum.shop\/shop\/"},{"@type":"ListItem","position":3,"name":"18 Zoll Allwetterkomplettr\u00e4der Michelin BMW 3er F30 F31 4er F32 F33 F36 X1 e84 M"}]},{"@type":"WebSite","@id":"https:\/\/felgenforum.shop\/#website","url":"https:\/\/felgenforum.shop\/","name":"Rim forum","description":"","potentialAction":[{"@type":"SearchAction","target":{"@type":"EntryPoint","urlTemplate":"https:\/\/felgenforum.shop\/?s={search_term_string}"},"query-input":{"@type":"PropertyValueSpecification","valueRequired":true,"valueName":"search_term_string"}}],"inLanguage":"en-GB"}]}},"_links":{"self":[{"href":"https:\/\/felgenforum.shop\/en\/wp-json\/wp\/v2\/product\/234539","targetHints":{"allow":["GET"]}}],"collection":[{"href":"https:\/\/felgenforum.shop\/en\/wp-json\/wp\/v2\/product"}],"about":[{"href":"https:\/\/felgenforum.shop\/en\/wp-json\/wp\/v2\/types\/product"}],"replies":[{"embeddable":true,"href":"https:\/\/felgenforum.shop\/en\/wp-json\/wp\/v2\/comments?post=234539"}],"wp:featuredmedia":[{"embeddable":true,"href":"https:\/\/felgenforum.shop\/en\/wp-json\/wp\/v2\/media\/234968"}],"wp:attachment":[{"href":"https:\/\/felgenforum.shop\/en\/wp-json\/wp\/v2\/media?parent=234539"}],"wp:term":[{"taxonomy":"product_brand","embeddable":true,"href":"https:\/\/felgenforum.shop\/en\/wp-json\/wp\/v2\/product_brand?post=234539"},{"taxonomy":"product_cat","embeddable":true,"href":"https:\/\/felgenforum.shop\/en\/wp-json\/wp\/v2\/product_cat?post=234539"},{"taxonomy":"product_tag","embeddable":true,"href":"https:\/\/felgenforum.shop\/en\/wp-json\/wp\/v2\/product_tag?post=234539"}],"curies":[{"name":"wp","href":"https:\/\/api.w.org\/{rel}","templated":true}]}}