{"id":233412,"date":"2026-03-16T15:54:41","date_gmt":"2026-03-16T14:54:41","guid":{"rendered":"https:\/\/felgenforum.shop\/?post_type=product&#038;p=233412"},"modified":"2026-04-25T15:27:56","modified_gmt":"2026-04-25T13:27:56","slug":"kt15-19-zoll-sommerraeder-sommerreifen-sommerkomplettraeder-audi-a3-s3-8v-8y-gy-s","status":"publish","type":"product","link":"https:\/\/felgenforum.shop\/en\/product\/kt15-19-zoll-sommerraeder-sommerreifen-sommerkomplettraeder-audi-a3-s3-8v-8y-gy-s\/","title":{"rendered":"KT15 19 inch summer wheels, summer tires, complete summer wheels for Audi A3 S3 8V 8Y GY S"},"content":{"rendered":"<h3>Welcome to an offer from Felgenforum.shop<\/h3>\n<p>In this offer we offer you a NEW set of summer complete wheels in polished black including ABE.<\/p>\n<p>4x fully pre-assembled and balanced complete wheels<\/p>\n<p>consisting of:<\/p>\n<p>4x Keskin KT15 black polished 8.5\u00d719 ET45 LK5\/112<\/p>\n<p>+<\/p>\n<p>4x summer tires 225\/35 R19 88Y from current daily purchase<\/p>\n<p>fully assembled and balanced<\/p>\n<p>(including black weights and black metal valves)<\/p>\n<p>NEW &amp; in original packaging.<\/p>\n<h3>Scope of delivery:<\/h3>\n<ul>\n<li>4 x Keskin KT15 8.5\u00d719 ET45 5\u00d7112 black polished<\/li>\n<li>Complete mounting hardware (if required according to the ABE)<\/li>\n<li>4x summer tires from current daily purchase 225\/35 R19 88Y<\/li>\n<li>4x Keskin hubcaps<\/li>\n<li>(Vehicle manufacturer&#039;s hubcap not included)<\/li>\n<li>1x Expert report (ABE)<\/li>\n<li>In most cases, the complete wheel sets are therefore registration-free. If you have any questions about fitment or any registration requirements, our experienced team will be happy to assist you :).<\/li>\n<li>Please be sure to specify your vehicle after purchase.<\/li>\n<li>We offer this model in many other sizes and colors; please contact us if you have any other requests.<\/li>\n<li>&gt;&gt;&gt;Wishful tires<\/li>\n<li>Do you have a specific request regarding tire brand or tire quality? No problem!<\/li>\n<li>We would be happy to create individual complete wheel offers for you :).<\/li>\n<li>The complete wheels are suitable for, among others:<\/li>\n<\/ul>\n<h3>Audi<\/h3>\n<ul>\n<li>A3 S3 8P 8P1 8V GY\u00a0<\/li>\n<\/ul>\n<h3>Volkswagen<\/h3>\n<ul>\n<li>EOS<\/li>\n<li>Golf 6 7 8 in all versions<\/li>\n<li>Jetta 1KM 16 16H<\/li>\n<li>Passat B6 B7<\/li>\n<\/ul>\n<h3>Mercedes Benz<\/h3>\n<ul>\n<li>A-Class W176<\/li>\n<li>B Class W246<\/li>\n<li>C-Class W204 S204<\/li>\n<li>CLA Class C117<\/li>\n<li>Seat<\/li>\n<li>Leon 1P 5F KL also Cupra<\/li>\n<\/ul>\n<h3>Skoda<\/h3>\n<ul>\n<li>Octavia 1Z 5E<\/li>\n<li>Superb 2 3<\/li>\n<\/ul>","protected":false},"excerpt":{"rendered":"<p>A set (4 pieces) of ready-to-drive FF Wheels complete wheels, professionally mounted and balanced.<\/p>\n<p><strong>Rim details:<\/strong> 8.5&#215;19 Zoll, Lochkreis 112 KT15, Farbe: schwarz poliert.<br \/><strong>Tire details:<\/strong> Daily shopping, tread depth: approx. NEW mm.<\/p>","protected":false},"featured_media":233422,"comment_status":"open","ping_status":"closed","template":"","meta":[],"product_brand":[],"product_cat":[1585,1584,1196],"product_tag":[],"class_list":{"0":"post-233412","1":"product","2":"type-product","3":"status-publish","4":"has-post-thumbnail","6":"product_cat-19-zoll-sommerraeder-audi","7":"product_cat-audi-komplettraeder-sommer","8":"product_cat-komplettraeder-sommer","9":"product_shipping_class-komplettrad","10":"pa_anzahl-der-komplettraeder-1433","11":"pa_einpresstiefe-et-1508","12":"pa_eisgriffigkeit-nein","13":"pa_fahrzeugmarke-audi","14":"pa_fahrzeugtyp-allradfahrzeug","15":"pa_farbe-schwarz-poliert","16":"pa_felgenaufbau-einteilig-gegossen","17":"pa_felgenbreite-8-5","18":"pa_felgendesign-10-speichen","19":"pa_felgenfarbe-schwarz","20":"pa_felgenhersteller-ff-wheels","21":"pa_felgenmaterial-alu","22":"pa_felgenmodell-ff01","23":"pa_geschwindigkeitsindex-y-bis-300-km-h","24":"pa_hersteller-keskin","25":"pa_herstellernummer-kt158519511245bfp","26":"pa_herstellernummer-felge-1692","27":"pa_herstellernummer-reifen-tageseinkauf","28":"pa_lastbereich-xl","29":"pa_lochkreis-1439","30":"pa_lochzahl-1447","31":"pa_maximale-traglast-2037","32":"pa_mittenlochbohrung-66-6","33":"pa_modell-kt15","34":"pa_profiltiefe-neu","35":"pa_reifenbauart-r-radialreifen","36":"pa_reifenbreite-1432","37":"pa_reifendurchmesser-1436","38":"pa_reifenhersteller-tageseinkauf","39":"pa_reifenmodell-tageseinkauf","40":"pa_reifenquerschnitt-1434","41":"pa_reifenspezifikation-sommerreifen","42":"pa_run-flat-nein","43":"pa_schneeflocken-symbol-nein","44":"pa_zollgroesse-1448","46":"first","47":"instock","48":"sale","49":"taxable","50":"shipping-taxable","51":"purchasable","52":"product-type-simple"},"yoast_head":"<title>KT15 19 Zoll Sommerr\u00e4der Sommerreifen Sommerkomplettr\u00e4der Audi A3 S3 8V 8Y GY S g\u00fcnstig kaufen - Felgenforum<\/title>\n<meta name=\"description\" content=\"KT15 19 Zoll Sommerr\u00e4der Sommerreifen Sommerkomplettr\u00e4der Audi A3 S3 8V 8Y GY S online bestellen \u2794 Gepr\u00fcfte Qualit\u00e4t, Top Marken &amp; schneller Versand \u2714 Jetzt sicher bei Felgenforum kaufen!\" \/>\n<meta name=\"robots\" content=\"index, follow, max-snippet:-1, max-image-preview:large, max-video-preview:-1\" \/>\n<link rel=\"canonical\" href=\"https:\/\/felgenforum.shop\/en\/product\/kt15-19-zoll-sommerraeder-sommerreifen-sommerkomplettraeder-audi-a3-s3-8v-8y-gy-s\/\" \/>\n<meta property=\"og:locale\" content=\"en_GB\" \/>\n<meta property=\"og:type\" content=\"article\" \/>\n<meta property=\"og:title\" content=\"KT15 19 Zoll Sommerr\u00e4der Sommerreifen Sommerkomplettr\u00e4der Audi A3 S3 8V 8Y GY S g\u00fcnstig kaufen - Felgenforum\" \/>\n<meta property=\"og:description\" content=\"KT15 19 Zoll Sommerr\u00e4der Sommerreifen Sommerkomplettr\u00e4der Audi A3 S3 8V 8Y GY S online bestellen \u2794 Gepr\u00fcfte Qualit\u00e4t, Top Marken &amp; schneller Versand \u2714 Jetzt sicher bei Felgenforum kaufen!\" \/>\n<meta property=\"og:url\" content=\"https:\/\/felgenforum.shop\/en\/product\/kt15-19-zoll-sommerraeder-sommerreifen-sommerkomplettraeder-audi-a3-s3-8v-8y-gy-s\/\" \/>\n<meta property=\"og:site_name\" content=\"Felgenforum\" \/>\n<meta property=\"article:modified_time\" content=\"2026-04-25T13:27:56+00:00\" \/>\n<meta property=\"og:image\" content=\"https:\/\/felgenforum.shop\/wp-content\/uploads\/2026\/03\/kt15-19-zoll-sommerraeder-sommerreifen-sommerkomplettraeder-audi-a3-s3-8v-8y-gy-s-featured-1000px.webp\" \/>\n\t<meta property=\"og:image:width\" content=\"1000\" \/>\n\t<meta property=\"og:image:height\" content=\"1000\" \/>\n\t<meta property=\"og:image:type\" content=\"image\/jpeg\" \/>\n<meta name=\"twitter:card\" content=\"summary_large_image\" \/>\n<meta name=\"twitter:label1\" content=\"Est. reading time\" \/>\n\t<meta name=\"twitter:data1\" content=\"1 minute\" \/>\n<script type=\"application\/ld+json\" class=\"yoast-schema-graph\">{\"@context\":\"https:\\\/\\\/schema.org\",\"@graph\":[{\"@type\":\"WebPage\",\"@id\":\"https:\\\/\\\/felgenforum.shop\\\/produkt\\\/kt15-19-zoll-sommerraeder-sommerreifen-sommerkomplettraeder-audi-a3-s3-8v-8y-gy-s\\\/\",\"url\":\"https:\\\/\\\/felgenforum.shop\\\/produkt\\\/kt15-19-zoll-sommerraeder-sommerreifen-sommerkomplettraeder-audi-a3-s3-8v-8y-gy-s\\\/\",\"name\":\"KT15 19 Zoll Sommerr\u00e4der Sommerreifen Sommerkomplettr\u00e4der Audi A3 S3 8V 8Y GY S g\u00fcnstig kaufen - Felgenforum\",\"isPartOf\":{\"@id\":\"https:\\\/\\\/felgenforum.shop\\\/#website\"},\"primaryImageOfPage\":{\"@id\":\"https:\\\/\\\/felgenforum.shop\\\/produkt\\\/kt15-19-zoll-sommerraeder-sommerreifen-sommerkomplettraeder-audi-a3-s3-8v-8y-gy-s\\\/#primaryimage\"},\"image\":{\"@id\":\"https:\\\/\\\/felgenforum.shop\\\/produkt\\\/kt15-19-zoll-sommerraeder-sommerreifen-sommerkomplettraeder-audi-a3-s3-8v-8y-gy-s\\\/#primaryimage\"},\"thumbnailUrl\":\"https:\\\/\\\/felgenforum.shop\\\/wp-content\\\/uploads\\\/2026\\\/03\\\/kt15-19-zoll-sommerraeder-sommerreifen-sommerkomplettraeder-audi-a3-s3-8v-8y-gy-s-featured-1000px.webp\",\"datePublished\":\"2026-03-16T14:54:41+00:00\",\"dateModified\":\"2026-04-25T13:27:56+00:00\",\"description\":\"KT15 19 Zoll Sommerr\u00e4der Sommerreifen Sommerkomplettr\u00e4der Audi A3 S3 8V 8Y GY S online bestellen \u2794 Gepr\u00fcfte Qualit\u00e4t, Top Marken & schneller Versand \u2714 Jetzt sicher bei Felgenforum kaufen!\",\"breadcrumb\":{\"@id\":\"https:\\\/\\\/felgenforum.shop\\\/produkt\\\/kt15-19-zoll-sommerraeder-sommerreifen-sommerkomplettraeder-audi-a3-s3-8v-8y-gy-s\\\/#breadcrumb\"},\"inLanguage\":\"en-GB\",\"potentialAction\":[{\"@type\":\"ReadAction\",\"target\":[\"https:\\\/\\\/felgenforum.shop\\\/produkt\\\/kt15-19-zoll-sommerraeder-sommerreifen-sommerkomplettraeder-audi-a3-s3-8v-8y-gy-s\\\/\"]}]},{\"@type\":\"ImageObject\",\"inLanguage\":\"en-GB\",\"@id\":\"https:\\\/\\\/felgenforum.shop\\\/produkt\\\/kt15-19-zoll-sommerraeder-sommerreifen-sommerkomplettraeder-audi-a3-s3-8v-8y-gy-s\\\/#primaryimage\",\"url\":\"https:\\\/\\\/felgenforum.shop\\\/wp-content\\\/uploads\\\/2026\\\/03\\\/kt15-19-zoll-sommerraeder-sommerreifen-sommerkomplettraeder-audi-a3-s3-8v-8y-gy-s-featured-1000px.webp\",\"contentUrl\":\"https:\\\/\\\/felgenforum.shop\\\/wp-content\\\/uploads\\\/2026\\\/03\\\/kt15-19-zoll-sommerraeder-sommerreifen-sommerkomplettraeder-audi-a3-s3-8v-8y-gy-s-featured-1000px.webp\",\"width\":1000,\"height\":1000},{\"@type\":\"BreadcrumbList\",\"@id\":\"https:\\\/\\\/felgenforum.shop\\\/produkt\\\/kt15-19-zoll-sommerraeder-sommerreifen-sommerkomplettraeder-audi-a3-s3-8v-8y-gy-s\\\/#breadcrumb\",\"itemListElement\":[{\"@type\":\"ListItem\",\"position\":1,\"name\":\"Startseite\",\"item\":\"https:\\\/\\\/felgenforum.shop\\\/\"},{\"@type\":\"ListItem\",\"position\":2,\"name\":\"Shop\",\"item\":\"https:\\\/\\\/felgenforum.shop\\\/shop\\\/\"},{\"@type\":\"ListItem\",\"position\":3,\"name\":\"KT15 19 Zoll Sommerr\u00e4der Sommerreifen Sommerkomplettr\u00e4der Audi A3 S3 8V 8Y GY S\"}]},{\"@type\":\"WebSite\",\"@id\":\"https:\\\/\\\/felgenforum.shop\\\/#website\",\"url\":\"https:\\\/\\\/felgenforum.shop\\\/\",\"name\":\"Felgenforum\",\"description\":\"\",\"potentialAction\":[{\"@type\":\"SearchAction\",\"target\":{\"@type\":\"EntryPoint\",\"urlTemplate\":\"https:\\\/\\\/felgenforum.shop\\\/?s={search_term_string}\"},\"query-input\":{\"@type\":\"PropertyValueSpecification\",\"valueRequired\":true,\"valueName\":\"search_term_string\"}}],\"inLanguage\":\"en-GB\"}]}<\/script>","yoast_head_json":{"title":"KT15 19 Zoll Sommerr\u00e4der Sommerreifen Sommerkomplettr\u00e4der Audi A3 S3 8V 8Y GY S g\u00fcnstig kaufen - Felgenforum","description":"KT15 19 Zoll Sommerr\u00e4der Sommerreifen Sommerkomplettr\u00e4der Audi A3 S3 8V 8Y GY S online bestellen \u2794 Gepr\u00fcfte Qualit\u00e4t, Top Marken & schneller Versand \u2714 Jetzt sicher bei Felgenforum kaufen!","robots":{"index":"index","follow":"follow","max-snippet":"max-snippet:-1","max-image-preview":"max-image-preview:large","max-video-preview":"max-video-preview:-1"},"canonical":"https:\/\/felgenforum.shop\/en\/product\/kt15-19-zoll-sommerraeder-sommerreifen-sommerkomplettraeder-audi-a3-s3-8v-8y-gy-s\/","og_locale":"en_GB","og_type":"article","og_title":"KT15 19 Zoll Sommerr\u00e4der Sommerreifen Sommerkomplettr\u00e4der Audi A3 S3 8V 8Y GY S g\u00fcnstig kaufen - Felgenforum","og_description":"KT15 19 Zoll Sommerr\u00e4der Sommerreifen Sommerkomplettr\u00e4der Audi A3 S3 8V 8Y GY S online bestellen \u2794 Gepr\u00fcfte Qualit\u00e4t, Top Marken & schneller Versand \u2714 Jetzt sicher bei Felgenforum kaufen!","og_url":"https:\/\/felgenforum.shop\/en\/product\/kt15-19-zoll-sommerraeder-sommerreifen-sommerkomplettraeder-audi-a3-s3-8v-8y-gy-s\/","og_site_name":"Felgenforum","article_modified_time":"2026-04-25T13:27:56+00:00","og_image":[{"width":1000,"height":1000,"url":"https:\/\/felgenforum.shop\/wp-content\/uploads\/2026\/03\/kt15-19-zoll-sommerraeder-sommerreifen-sommerkomplettraeder-audi-a3-s3-8v-8y-gy-s-featured-1000px.webp","type":"image\/jpeg"}],"twitter_card":"summary_large_image","twitter_misc":{"Est. reading time":"1 minute"},"schema":{"@context":"https:\/\/schema.org","@graph":[{"@type":"WebPage","@id":"https:\/\/felgenforum.shop\/produkt\/kt15-19-zoll-sommerraeder-sommerreifen-sommerkomplettraeder-audi-a3-s3-8v-8y-gy-s\/","url":"https:\/\/felgenforum.shop\/produkt\/kt15-19-zoll-sommerraeder-sommerreifen-sommerkomplettraeder-audi-a3-s3-8v-8y-gy-s\/","name":"KT15 19 Zoll Sommerr\u00e4der Sommerreifen Sommerkomplettr\u00e4der Audi A3 S3 8V 8Y GY S g\u00fcnstig kaufen - Felgenforum","isPartOf":{"@id":"https:\/\/felgenforum.shop\/#website"},"primaryImageOfPage":{"@id":"https:\/\/felgenforum.shop\/produkt\/kt15-19-zoll-sommerraeder-sommerreifen-sommerkomplettraeder-audi-a3-s3-8v-8y-gy-s\/#primaryimage"},"image":{"@id":"https:\/\/felgenforum.shop\/produkt\/kt15-19-zoll-sommerraeder-sommerreifen-sommerkomplettraeder-audi-a3-s3-8v-8y-gy-s\/#primaryimage"},"thumbnailUrl":"https:\/\/felgenforum.shop\/wp-content\/uploads\/2026\/03\/kt15-19-zoll-sommerraeder-sommerreifen-sommerkomplettraeder-audi-a3-s3-8v-8y-gy-s-featured-1000px.webp","datePublished":"2026-03-16T14:54:41+00:00","dateModified":"2026-04-25T13:27:56+00:00","description":"KT15 19 Zoll Sommerr\u00e4der Sommerreifen Sommerkomplettr\u00e4der Audi A3 S3 8V 8Y GY S online bestellen \u2794 Gepr\u00fcfte Qualit\u00e4t, Top Marken & schneller Versand \u2714 Jetzt sicher bei Felgenforum kaufen!","breadcrumb":{"@id":"https:\/\/felgenforum.shop\/produkt\/kt15-19-zoll-sommerraeder-sommerreifen-sommerkomplettraeder-audi-a3-s3-8v-8y-gy-s\/#breadcrumb"},"inLanguage":"en-GB","potentialAction":[{"@type":"ReadAction","target":["https:\/\/felgenforum.shop\/produkt\/kt15-19-zoll-sommerraeder-sommerreifen-sommerkomplettraeder-audi-a3-s3-8v-8y-gy-s\/"]}]},{"@type":"ImageObject","inLanguage":"en-GB","@id":"https:\/\/felgenforum.shop\/produkt\/kt15-19-zoll-sommerraeder-sommerreifen-sommerkomplettraeder-audi-a3-s3-8v-8y-gy-s\/#primaryimage","url":"https:\/\/felgenforum.shop\/wp-content\/uploads\/2026\/03\/kt15-19-zoll-sommerraeder-sommerreifen-sommerkomplettraeder-audi-a3-s3-8v-8y-gy-s-featured-1000px.webp","contentUrl":"https:\/\/felgenforum.shop\/wp-content\/uploads\/2026\/03\/kt15-19-zoll-sommerraeder-sommerreifen-sommerkomplettraeder-audi-a3-s3-8v-8y-gy-s-featured-1000px.webp","width":1000,"height":1000},{"@type":"BreadcrumbList","@id":"https:\/\/felgenforum.shop\/produkt\/kt15-19-zoll-sommerraeder-sommerreifen-sommerkomplettraeder-audi-a3-s3-8v-8y-gy-s\/#breadcrumb","itemListElement":[{"@type":"ListItem","position":1,"name":"Startseite","item":"https:\/\/felgenforum.shop\/"},{"@type":"ListItem","position":2,"name":"Shop","item":"https:\/\/felgenforum.shop\/shop\/"},{"@type":"ListItem","position":3,"name":"KT15 19 Zoll Sommerr\u00e4der Sommerreifen Sommerkomplettr\u00e4der Audi A3 S3 8V 8Y GY S"}]},{"@type":"WebSite","@id":"https:\/\/felgenforum.shop\/#website","url":"https:\/\/felgenforum.shop\/","name":"Rim forum","description":"","potentialAction":[{"@type":"SearchAction","target":{"@type":"EntryPoint","urlTemplate":"https:\/\/felgenforum.shop\/?s={search_term_string}"},"query-input":{"@type":"PropertyValueSpecification","valueRequired":true,"valueName":"search_term_string"}}],"inLanguage":"en-GB"}]}},"_links":{"self":[{"href":"https:\/\/felgenforum.shop\/en\/wp-json\/wp\/v2\/product\/233412","targetHints":{"allow":["GET"]}}],"collection":[{"href":"https:\/\/felgenforum.shop\/en\/wp-json\/wp\/v2\/product"}],"about":[{"href":"https:\/\/felgenforum.shop\/en\/wp-json\/wp\/v2\/types\/product"}],"replies":[{"embeddable":true,"href":"https:\/\/felgenforum.shop\/en\/wp-json\/wp\/v2\/comments?post=233412"}],"wp:featuredmedia":[{"embeddable":true,"href":"https:\/\/felgenforum.shop\/en\/wp-json\/wp\/v2\/media\/233422"}],"wp:attachment":[{"href":"https:\/\/felgenforum.shop\/en\/wp-json\/wp\/v2\/media?parent=233412"}],"wp:term":[{"taxonomy":"product_brand","embeddable":true,"href":"https:\/\/felgenforum.shop\/en\/wp-json\/wp\/v2\/product_brand?post=233412"},{"taxonomy":"product_cat","embeddable":true,"href":"https:\/\/felgenforum.shop\/en\/wp-json\/wp\/v2\/product_cat?post=233412"},{"taxonomy":"product_tag","embeddable":true,"href":"https:\/\/felgenforum.shop\/en\/wp-json\/wp\/v2\/product_tag?post=233412"}],"curies":[{"name":"wp","href":"https:\/\/api.w.org\/{rel}","templated":true}]}}