{"id":230677,"date":"2026-03-11T20:03:33","date_gmt":"2026-03-11T19:03:33","guid":{"rendered":"https:\/\/felgenforum.shop\/?post_type=product&p=230677"},"modified":"2026-04-05T17:40:40","modified_gmt":"2026-04-05T15:40:40","slug":"20-zoll-sommerraeder-sommerreifen-komplettraeder-mercedes-gla-gla45-amg-x156-245g-6","status":"publish","type":"product","link":"https:\/\/felgenforum.shop\/en\/product\/20-zoll-sommerraeder-sommerreifen-komplettraeder-mercedes-gla-gla45-amg-x156-245g-6\/","title":{"rendered":"20 Zoll Sommerr\u00e4der Sommerreifen Komplettr\u00e4der Mercedes GLA GLA45 AMG X156 245G"},"content":{"rendered":"<h3>Welcome to an offer from Felgenforum.shop<\/h3>\n<p>In diesem Angebote bieten wir Ihnen einen NEUEN Satz Sommerkomplettr\u00e4der in\u00a0schwarz gl\u00e4nzend inkl ABE an.<\/p>\n<p>4x fully pre-assembled and balanced complete wheels<\/p>\n<p>consisting of:<\/p>\n<p>4x Alufelge Damina DM08 schwarz 8,5&#215;20 ET45 LK5\/112<\/p>\n<p>+<\/p>\n<p>4x Sommerreifen 235\/35 R20 92Y aus aktuellem Tageseinkauf<\/p>\n<p>fully assembled and balanced<\/p>\n<p>(including black weights and black metal valves)<\/p>\n<p>NEW<\/p>\n<p>TPMS available on request for \u20ac139\/set<\/p>\n<h3>Scope of delivery:<\/h3>\n<ul>\n<li>4 x Damina DM08 8,5&#215;20 ET45 5&#215;112 schwarz<\/li>\n<li>Complete mounting hardware (if required according to the ABE)<\/li>\n<li>4x Sommerreifen aus aktuellem Tageseinkauf\u00a0 235\/35 R20 92Y<\/li>\n<li>4x Damina hubcaps<\/li>\n<li>(Vehicle manufacturer&#039;s hubcap not included)<\/li>\n<li>1x Expert report (ABE)<\/li>\n<li>In most cases, the complete wheel sets are therefore registration-free. If you have any questions about fitment or any registration requirements, our experienced team will be happy to assist you :).<\/li>\n<li>Please be sure to specify your vehicle after purchase.<\/li>\n<li>We offer this model in many other sizes and colors; please contact us if you have any other requests.<\/li>\n<li>&gt;&gt;&gt;Wishful tires<\/li>\n<li>Do you have a specific request regarding tire brand or tire quality? No problem!<\/li>\n<li>We would be happy to create individual complete wheel offers for you :).<\/li>\n<li>The tire brand and type shown in the pictures may differ. The scope of delivery is as listed in the item description.<\/li>\n<li>The complete wheels are suitable for, among others:<\/li>\n<\/ul>\n<h3>Audi<\/h3>\n<ul>\n<li>Q3 8U<\/li>\n<li>Seat<\/li>\n<li>Ateca<\/li>\n<li>Cupra Ateca<\/li>\n<\/ul>\n<h3>Skoda<\/h3>\n<ul>\n<li>Karoq<\/li>\n<li>Superb 3 4<\/li>\n<li>Mercedes<\/li>\n<li>E-Class W212 Sedan<\/li>\n<li>GLA X156<\/li>\n<li>VW<\/li>\n<li>Beetle<\/li>\n<li>Passat B8 B9<\/li>\n<\/ul>","protected":false},"excerpt":{"rendered":"<p>A set (4 pieces) of ready-to-ride Damina complete wheels, professionally mounted and balanced.<\/p>\n<p><strong>Rim details:<\/strong> 8,5&#215;20 Zoll, Lochkreis 112 mm.<br \/><strong>Tire details:<\/strong> Daily shopping, tread depth: approx. NEW mm.<\/p>","protected":false},"featured_media":230734,"comment_status":"open","ping_status":"closed","template":"","meta":[],"product_brand":[],"product_cat":[1792,1196,1470],"product_tag":[],"class_list":{"0":"post-230677","1":"product","2":"type-product","3":"status-publish","4":"has-post-thumbnail","6":"product_cat-20-zoll-sommerraeder-mercedes","7":"product_cat-komplettraeder-sommer","8":"product_cat-mercedes-komplettraeder-sommer","9":"pa_anzahl-der-komplettraeder-1433","10":"pa_einpresstiefe-et-1508","11":"pa_eisgriffigkeit-ja","12":"pa_fahrzeugmarke-mercedes","13":"pa_fahrzeugtyp-allradfahrzeug","14":"pa_felgenaufbau-einteilig-gegossen","15":"pa_felgenbreite-8-5","16":"pa_felgendesign-10-speichen","17":"pa_felgenfarbe-schwarz","18":"pa_felgenhersteller-damina","19":"pa_felgenmaterial-aluminium","20":"pa_felgenmodell-dm08","21":"pa_geschwindigkeitsindex-y-bis-300-km-h","22":"pa_herstellergarantie-2-jahre","23":"pa_herstellernummer-felge-2424","24":"pa_lastbereich-xl","25":"pa_lochkreis-1439","26":"pa_lochzahl-1447","27":"pa_mittenlochbohrung-666-mm","28":"pa_profiltiefe-neu","29":"pa_reifenbauart-r-radialreifen","30":"pa_reifenbreite-1511","31":"pa_reifendurchmesser-1594","32":"pa_reifenhersteller-tageseinkauf","33":"pa_reifenmodell-tageseinkauf","34":"pa_reifenquerschnitt-1434","35":"pa_reifenspezifikation-sommerreifen","36":"pa_run-flat-nein","37":"pa_schneeflocken-symbol-ja","38":"pa_tragfaehigkeitsindex-92-max-630-kg-je-reifen","39":"pa_zollgroesse-1499","41":"first","42":"instock","43":"sale","44":"taxable","45":"shipping-taxable","46":"purchasable","47":"product-type-simple"},"yoast_head":"<!-- This site is optimized with the Yoast SEO plugin v27.2 - https:\/\/yoast.com\/product\/yoast-seo-wordpress\/ -->\n<title>20 Zoll Sommerr\u00e4der Sommerreifen Komplettr\u00e4der Mercedes GLA GLA45 AMG X156 245G g\u00fcnstig kaufen - Felgenforum<\/title>\n<meta name=\"description\" content=\"20 Zoll Sommerr\u00e4der Sommerreifen Komplettr\u00e4der Mercedes GLA GLA45 AMG X156 245G online bestellen \u2794 Gepr\u00fcfte Qualit\u00e4t, Top Marken &amp; schneller Versand \u2714 Jetzt sicher bei Felgenforum kaufen!\" \/>\n<meta name=\"robots\" content=\"index, follow, max-snippet:-1, max-image-preview:large, max-video-preview:-1\" \/>\n<link rel=\"canonical\" href=\"https:\/\/felgenforum.shop\/en\/?post_type=product&p=230677\" \/>\n<meta property=\"og:locale\" content=\"en_GB\" \/>\n<meta property=\"og:type\" content=\"article\" \/>\n<meta property=\"og:title\" content=\"20 Zoll Sommerr\u00e4der Sommerreifen Komplettr\u00e4der Mercedes GLA GLA45 AMG X156 245G g\u00fcnstig kaufen - Felgenforum\" \/>\n<meta property=\"og:description\" content=\"20 Zoll Sommerr\u00e4der Sommerreifen Komplettr\u00e4der Mercedes GLA GLA45 AMG X156 245G online bestellen \u2794 Gepr\u00fcfte Qualit\u00e4t, Top Marken &amp; schneller Versand \u2714 Jetzt sicher bei Felgenforum kaufen!\" \/>\n<meta property=\"og:url\" content=\"https:\/\/felgenforum.shop\/en\/?post_type=product&amp;p=230677\" \/>\n<meta property=\"og:site_name\" content=\"Felgenforum\" \/>\n<meta property=\"article:modified_time\" content=\"2026-04-05T15:40:40+00:00\" \/>\n<meta property=\"og:image\" content=\"https:\/\/felgenforum.shop\/wp-content\/uploads\/2026\/03\/20-zoll-sommerraeder-sommerreifen-komplettraeder-mercedes-gla-gla45-amg-x156-245g-featured-1000px-2.jpg\" \/>\n\t<meta property=\"og:image:width\" content=\"1000\" \/>\n\t<meta property=\"og:image:height\" content=\"1000\" \/>\n\t<meta property=\"og:image:type\" content=\"image\/jpeg\" \/>\n<meta name=\"twitter:card\" content=\"summary_large_image\" \/>\n<meta name=\"twitter:label1\" content=\"Est. reading time\" \/>\n\t<meta name=\"twitter:data1\" content=\"1 minute\" \/>\n<script type=\"application\/ld+json\" class=\"yoast-schema-graph\">{\"@context\":\"https:\/\/schema.org\",\"@graph\":[{\"@type\":\"WebPage\",\"@id\":\"https:\/\/felgenforum.shop\/?post_type=product&p=230677\",\"url\":\"https:\/\/felgenforum.shop\/?post_type=product&p=230677\",\"name\":\"20 Zoll Sommerr\u00e4der Sommerreifen Komplettr\u00e4der Mercedes GLA GLA45 AMG X156 245G g\u00fcnstig kaufen - Felgenforum\",\"isPartOf\":{\"@id\":\"https:\/\/felgenforum.shop\/#website\"},\"primaryImageOfPage\":{\"@id\":\"https:\/\/felgenforum.shop\/?post_type=product&p=230677#primaryimage\"},\"image\":{\"@id\":\"https:\/\/felgenforum.shop\/?post_type=product&p=230677#primaryimage\"},\"thumbnailUrl\":\"https:\/\/felgenforum.shop\/wp-content\/uploads\/2026\/03\/20-zoll-sommerraeder-sommerreifen-komplettraeder-mercedes-gla-gla45-amg-x156-245g-featured-1000px-2.webp\",\"datePublished\":\"2026-03-11T19:03:33+00:00\",\"dateModified\":\"2026-04-05T15:40:40+00:00\",\"description\":\"20 Zoll Sommerr\u00e4der Sommerreifen Komplettr\u00e4der Mercedes GLA GLA45 AMG X156 245G online bestellen \u2794 Gepr\u00fcfte Qualit\u00e4t, Top Marken & schneller Versand \u2714 Jetzt sicher bei Felgenforum kaufen!\",\"breadcrumb\":{\"@id\":\"https:\/\/felgenforum.shop\/?post_type=product&p=230677#breadcrumb\"},\"inLanguage\":\"en-GB\",\"potentialAction\":[{\"@type\":\"ReadAction\",\"target\":[\"https:\/\/felgenforum.shop\/?post_type=product&p=230677\"]}]},{\"@type\":\"ImageObject\",\"inLanguage\":\"en-GB\",\"@id\":\"https:\/\/felgenforum.shop\/?post_type=product&p=230677#primaryimage\",\"url\":\"https:\/\/felgenforum.shop\/wp-content\/uploads\/2026\/03\/20-zoll-sommerraeder-sommerreifen-komplettraeder-mercedes-gla-gla45-amg-x156-245g-featured-1000px-2.webp\",\"contentUrl\":\"https:\/\/felgenforum.shop\/wp-content\/uploads\/2026\/03\/20-zoll-sommerraeder-sommerreifen-komplettraeder-mercedes-gla-gla45-amg-x156-245g-featured-1000px-2.webp\",\"width\":1000,\"height\":1000},{\"@type\":\"BreadcrumbList\",\"@id\":\"https:\/\/felgenforum.shop\/?post_type=product&p=230677#breadcrumb\",\"itemListElement\":[{\"@type\":\"ListItem\",\"position\":1,\"name\":\"Startseite\",\"item\":\"https:\/\/felgenforum.shop\/\"},{\"@type\":\"ListItem\",\"position\":2,\"name\":\"Shop\",\"item\":\"https:\/\/felgenforum.shop\/shop\/\"},{\"@type\":\"ListItem\",\"position\":3,\"name\":\"20 Zoll Sommerr\u00e4der Sommerreifen Komplettr\u00e4der Mercedes GLA GLA45 AMG X156 245G\"}]},{\"@type\":\"WebSite\",\"@id\":\"https:\/\/felgenforum.shop\/#website\",\"url\":\"https:\/\/felgenforum.shop\/\",\"name\":\"Felgenforum\",\"description\":\"\",\"potentialAction\":[{\"@type\":\"SearchAction\",\"target\":{\"@type\":\"EntryPoint\",\"urlTemplate\":\"https:\/\/felgenforum.shop\/?s={search_term_string}\"},\"query-input\":{\"@type\":\"PropertyValueSpecification\",\"valueRequired\":true,\"valueName\":\"search_term_string\"}}],\"inLanguage\":\"en-GB\"}]}<\/script>\n<!-- \/ Yoast SEO plugin. -->","yoast_head_json":{"title":"20 Zoll Sommerr\u00e4der Sommerreifen Komplettr\u00e4der Mercedes GLA GLA45 AMG X156 245G g\u00fcnstig kaufen - Felgenforum","description":"20 Zoll Sommerr\u00e4der Sommerreifen Komplettr\u00e4der Mercedes GLA GLA45 AMG X156 245G online bestellen \u2794 Gepr\u00fcfte Qualit\u00e4t, Top Marken & schneller Versand \u2714 Jetzt sicher bei Felgenforum kaufen!","robots":{"index":"index","follow":"follow","max-snippet":"max-snippet:-1","max-image-preview":"max-image-preview:large","max-video-preview":"max-video-preview:-1"},"canonical":"https:\/\/felgenforum.shop\/en\/?post_type=product&p=230677","og_locale":"en_GB","og_type":"article","og_title":"20 Zoll Sommerr\u00e4der Sommerreifen Komplettr\u00e4der Mercedes GLA GLA45 AMG X156 245G g\u00fcnstig kaufen - Felgenforum","og_description":"20 Zoll Sommerr\u00e4der Sommerreifen Komplettr\u00e4der Mercedes GLA GLA45 AMG X156 245G online bestellen \u2794 Gepr\u00fcfte Qualit\u00e4t, Top Marken & schneller Versand \u2714 Jetzt sicher bei Felgenforum kaufen!","og_url":"https:\/\/felgenforum.shop\/en\/?post_type=product&p=230677","og_site_name":"Felgenforum","article_modified_time":"2026-04-05T15:40:40+00:00","og_image":[{"width":1000,"height":1000,"url":"https:\/\/felgenforum.shop\/wp-content\/uploads\/2026\/03\/20-zoll-sommerraeder-sommerreifen-komplettraeder-mercedes-gla-gla45-amg-x156-245g-featured-1000px-2.jpg","type":"image\/jpeg"}],"twitter_card":"summary_large_image","twitter_misc":{"Est. reading time":"1 minute"},"schema":{"@context":"https:\/\/schema.org","@graph":[{"@type":"WebPage","@id":"https:\/\/felgenforum.shop\/?post_type=product&p=230677","url":"https:\/\/felgenforum.shop\/?post_type=product&p=230677","name":"20 Zoll Sommerr\u00e4der Sommerreifen Komplettr\u00e4der Mercedes GLA GLA45 AMG X156 245G g\u00fcnstig kaufen - Felgenforum","isPartOf":{"@id":"https:\/\/felgenforum.shop\/#website"},"primaryImageOfPage":{"@id":"https:\/\/felgenforum.shop\/?post_type=product&p=230677#primaryimage"},"image":{"@id":"https:\/\/felgenforum.shop\/?post_type=product&p=230677#primaryimage"},"thumbnailUrl":"https:\/\/felgenforum.shop\/wp-content\/uploads\/2026\/03\/20-zoll-sommerraeder-sommerreifen-komplettraeder-mercedes-gla-gla45-amg-x156-245g-featured-1000px-2.webp","datePublished":"2026-03-11T19:03:33+00:00","dateModified":"2026-04-05T15:40:40+00:00","description":"20 Zoll Sommerr\u00e4der Sommerreifen Komplettr\u00e4der Mercedes GLA GLA45 AMG X156 245G online bestellen \u2794 Gepr\u00fcfte Qualit\u00e4t, Top Marken & schneller Versand \u2714 Jetzt sicher bei Felgenforum kaufen!","breadcrumb":{"@id":"https:\/\/felgenforum.shop\/?post_type=product&p=230677#breadcrumb"},"inLanguage":"en-GB","potentialAction":[{"@type":"ReadAction","target":["https:\/\/felgenforum.shop\/?post_type=product&p=230677"]}]},{"@type":"ImageObject","inLanguage":"en-GB","@id":"https:\/\/felgenforum.shop\/?post_type=product&p=230677#primaryimage","url":"https:\/\/felgenforum.shop\/wp-content\/uploads\/2026\/03\/20-zoll-sommerraeder-sommerreifen-komplettraeder-mercedes-gla-gla45-amg-x156-245g-featured-1000px-2.webp","contentUrl":"https:\/\/felgenforum.shop\/wp-content\/uploads\/2026\/03\/20-zoll-sommerraeder-sommerreifen-komplettraeder-mercedes-gla-gla45-amg-x156-245g-featured-1000px-2.webp","width":1000,"height":1000},{"@type":"BreadcrumbList","@id":"https:\/\/felgenforum.shop\/?post_type=product&p=230677#breadcrumb","itemListElement":[{"@type":"ListItem","position":1,"name":"Startseite","item":"https:\/\/felgenforum.shop\/"},{"@type":"ListItem","position":2,"name":"Shop","item":"https:\/\/felgenforum.shop\/shop\/"},{"@type":"ListItem","position":3,"name":"20 Zoll Sommerr\u00e4der Sommerreifen Komplettr\u00e4der Mercedes GLA GLA45 AMG X156 245G"}]},{"@type":"WebSite","@id":"https:\/\/felgenforum.shop\/#website","url":"https:\/\/felgenforum.shop\/","name":"Rim forum","description":"","potentialAction":[{"@type":"SearchAction","target":{"@type":"EntryPoint","urlTemplate":"https:\/\/felgenforum.shop\/?s={search_term_string}"},"query-input":{"@type":"PropertyValueSpecification","valueRequired":true,"valueName":"search_term_string"}}],"inLanguage":"en-GB"}]}},"_links":{"self":[{"href":"https:\/\/felgenforum.shop\/en\/wp-json\/wp\/v2\/product\/230677","targetHints":{"allow":["GET"]}}],"collection":[{"href":"https:\/\/felgenforum.shop\/en\/wp-json\/wp\/v2\/product"}],"about":[{"href":"https:\/\/felgenforum.shop\/en\/wp-json\/wp\/v2\/types\/product"}],"replies":[{"embeddable":true,"href":"https:\/\/felgenforum.shop\/en\/wp-json\/wp\/v2\/comments?post=230677"}],"wp:featuredmedia":[{"embeddable":true,"href":"https:\/\/felgenforum.shop\/en\/wp-json\/wp\/v2\/media\/230734"}],"wp:attachment":[{"href":"https:\/\/felgenforum.shop\/en\/wp-json\/wp\/v2\/media?parent=230677"}],"wp:term":[{"taxonomy":"product_brand","embeddable":true,"href":"https:\/\/felgenforum.shop\/en\/wp-json\/wp\/v2\/product_brand?post=230677"},{"taxonomy":"product_cat","embeddable":true,"href":"https:\/\/felgenforum.shop\/en\/wp-json\/wp\/v2\/product_cat?post=230677"},{"taxonomy":"product_tag","embeddable":true,"href":"https:\/\/felgenforum.shop\/en\/wp-json\/wp\/v2\/product_tag?post=230677"}],"curies":[{"name":"wp","href":"https:\/\/api.w.org\/{rel}","templated":true}]}}