{"id":230003,"date":"2026-03-11T00:29:21","date_gmt":"2026-03-10T23:29:21","guid":{"rendered":"https:\/\/felgenforum.shop\/?post_type=product&#038;p=230003"},"modified":"2026-04-25T15:26:20","modified_gmt":"2026-04-25T13:26:20","slug":"ff02-18-zoll-sommerraeder-sommerreifen-komplettrad-fuer-mercedes-b-klasse-w257-f2b-3","status":"publish","type":"product","link":"https:\/\/felgenforum.shop\/en\/product\/ff02-18-zoll-sommerraeder-sommerreifen-komplettrad-fuer-mercedes-b-klasse-w257-f2b-3\/","title":{"rendered":"FF02 18 inch summer wheels, summer tires, complete wheel set for Mercedes B Class W257 F2B"},"content":{"rendered":"<h3>Welcome to an offer from Felgenforum.shop<\/h3>\n<p>In this offer we offer you a NEW set of summer complete wheels in matte grey including ABE.<\/p>\n<p>4x fully pre-assembled and balanced complete wheels<\/p>\n<p>consisting of:<\/p>\n<p>4x Alufelge FF Wheels FFF02 grau matt 8&#215;18 ET45 LK5\/112<\/p>\n<p>+<\/p>\n<p>4x summer tires from current daily purchase 225\/45 R18 95Y<\/p>\n<p>+<\/p>\n<p>4x TPMS (pre-programmed)<\/p>\n<p>fully assembled and balanced<\/p>\n<p>(including black weights and black metal valves)<\/p>\n<p>NEW &amp; in original packaging.<\/p>\n<h3>Scope of delivery:<\/h3>\n<ul>\n<li>4 x FF Wheels FF02 8&#215;18 ET45 5&#215;112 grau matt<\/li>\n<li>Complete mounting hardware (if required according to the ABE)<\/li>\n<li>4x summer tires from current daily purchase 225\/45 R18 95Y<\/li>\n<li>4x TPMS (pre-programmed)<\/li>\n<li>4x Hubcaps FF Wheels<\/li>\n<li>(Vehicle manufacturer&#039;s hubcap not included)<\/li>\n<li>1x Expert report (ABE)<\/li>\n<li>In most cases, the complete wheel sets are therefore registration-free. If you have any questions about fitment or any registration requirements, our experienced team will be happy to assist you :).<\/li>\n<li>Please be sure to specify your vehicle after purchase.<\/li>\n<li>We offer this model in many other sizes and colors; please contact us if you have any other requests.<\/li>\n<li>&gt;&gt;&gt;Wishful tires<\/li>\n<li>Do you have a specific request regarding tire brand or tire quality? No problem!<\/li>\n<li>We would be happy to create individual complete wheel offers for you :).<\/li>\n<li>The complete wheels are suitable for, among others:<\/li>\n<\/ul>\n<h3>Audi<\/h3>\n<ul>\n<li>A4 B8<\/li>\n<li>TT TTS 8J 8S FV<\/li>\n<li>Q2 GA<\/li>\n<li>Q3 8U<\/li>\n<li>A6 4F<\/li>\n<\/ul>\n<h3>Volkswagen<\/h3>\n<ul>\n<li>Beetle<\/li>\n<li>Passat B8<\/li>\n<li>T-ROC A1<\/li>\n<\/ul>\n<h3>Mercedes Benz<\/h3>\n<ul>\n<li>A-Class W177<\/li>\n<li>B Class W257<\/li>\n<li>C-Class W205 W206<\/li>\n<li>E-Class W212<\/li>\n<li>CLA Class C118<\/li>\n<li>Seat<\/li>\n<li>Ateca 5FP<\/li>\n<\/ul>\n<h3>Skoda<\/h3>\n<ul>\n<li>Octavia NX<\/li>\n<li>Superb 3<\/li>\n<li>Karoq<\/li>\n<li>yeti<\/li>\n<\/ul>\n<h3>BMW<\/h3>\n<ul>\n<li>2 Series AT and GT F45 F46<\/li>\n<\/ul>","protected":false},"excerpt":{"rendered":"<p>A set (4 pieces) of ready-to-drive FF Wheels complete wheels, professionally mounted and balanced.<\/p>\n<p><strong>Rim details:<\/strong> 8&#215;18 Zoll, Lochkreis 112 mm.<br \/><strong>Tire details:<\/strong> Daily shopping, tread depth: approx. NEW mm.<\/p>","protected":false},"featured_media":230135,"comment_status":"open","ping_status":"closed","template":"","meta":[],"product_brand":[],"product_cat":[1677,1196,1470],"product_tag":[],"class_list":{"0":"post-230003","1":"product","2":"type-product","3":"status-publish","4":"has-post-thumbnail","6":"product_cat-18-zoll-sommerraeder-mercedes","7":"product_cat-komplettraeder-sommer","8":"product_cat-mercedes-komplettraeder-sommer","9":"product_shipping_class-komplettrad","10":"pa_anzahl-der-komplettraeder-1433","11":"pa_einpresstiefe-et-1508","12":"pa_eisgriffigkeit-nein","13":"pa_fahrzeugmarke-mercedes","14":"pa_fahrzeugtyp-allradfahrzeug","15":"pa_felgenaufbau-einteilig-gegossen","16":"pa_felgenbreite-1474","17":"pa_felgendesign-10-speichen","18":"pa_felgenfarbe-grau","19":"pa_felgenhersteller-ff-wheels","20":"pa_felgenmaterial-aluminium","21":"pa_felgenmodell-dm08","22":"pa_geschwindigkeitsindex-y-bis-300-km-h","23":"pa_herstellernummer-felge-ff20030","24":"pa_lastbereich-xl","25":"pa_lochkreis-1439","26":"pa_lochzahl-1447","27":"pa_mittenlochbohrung-666-mm","28":"pa_profiltiefe-neu","29":"pa_reifenbauart-r-radialreifen","30":"pa_reifenbreite-1432","31":"pa_reifendurchmesser-1674","32":"pa_reifenhersteller-tageseinkauf","33":"pa_reifenmodell-tageseinkauf","34":"pa_reifenquerschnitt-1504","35":"pa_reifenspezifikation-sommerreifen","36":"pa_run-flat-nein","37":"pa_schneeflocken-symbol-nein","38":"pa_tragfaehigkeitsindex-92-max-630-kg-je-reifen","39":"pa_zollgroesse-1482","41":"first","42":"instock","43":"sale","44":"taxable","45":"shipping-taxable","46":"purchasable","47":"product-type-simple"},"yoast_head":"<title>FF02 18 Zoll Sommerr\u00e4der Sommerreifen Komplettrad f\u00fcr Mercedes B Klasse W257 F2B g\u00fcnstig kaufen - Felgenforum<\/title>\n<meta name=\"description\" content=\"FF02 18 Zoll Sommerr\u00e4der Sommerreifen Komplettrad f\u00fcr Mercedes B Klasse W257 F2B online bestellen \u2794 Gepr\u00fcfte Qualit\u00e4t, Top Marken &amp; schneller Versand \u2714 Jetzt sicher bei Felgenforum kaufen!\" \/>\n<meta name=\"robots\" content=\"index, follow, max-snippet:-1, max-image-preview:large, max-video-preview:-1\" \/>\n<link rel=\"canonical\" href=\"https:\/\/felgenforum.shop\/en\/product\/ff02-18-zoll-sommerraeder-sommerreifen-komplettrad-fuer-mercedes-b-klasse-w257-f2b-3\/\" \/>\n<meta property=\"og:locale\" content=\"en_GB\" \/>\n<meta property=\"og:type\" content=\"article\" \/>\n<meta property=\"og:title\" content=\"FF02 18 Zoll Sommerr\u00e4der Sommerreifen Komplettrad f\u00fcr Mercedes B Klasse W257 F2B g\u00fcnstig kaufen - Felgenforum\" \/>\n<meta property=\"og:description\" content=\"FF02 18 Zoll Sommerr\u00e4der Sommerreifen Komplettrad f\u00fcr Mercedes B Klasse W257 F2B online bestellen \u2794 Gepr\u00fcfte Qualit\u00e4t, Top Marken &amp; schneller Versand \u2714 Jetzt sicher bei Felgenforum kaufen!\" \/>\n<meta property=\"og:url\" content=\"https:\/\/felgenforum.shop\/en\/product\/ff02-18-zoll-sommerraeder-sommerreifen-komplettrad-fuer-mercedes-b-klasse-w257-f2b-3\/\" \/>\n<meta property=\"og:site_name\" content=\"Felgenforum\" \/>\n<meta property=\"article:modified_time\" content=\"2026-04-25T13:26:20+00:00\" \/>\n<meta property=\"og:image\" content=\"https:\/\/felgenforum.shop\/wp-content\/uploads\/2026\/03\/ff02-18-zoll-sommerraeder-sommerreifen-komplettrad-fuer-mercedes-b-klasse-w257-f2b-featured-1000px-2.webp\" \/>\n\t<meta property=\"og:image:width\" content=\"1000\" \/>\n\t<meta property=\"og:image:height\" content=\"1000\" \/>\n\t<meta property=\"og:image:type\" content=\"image\/jpeg\" \/>\n<meta name=\"twitter:card\" content=\"summary_large_image\" \/>\n<meta name=\"twitter:label1\" content=\"Est. reading time\" \/>\n\t<meta name=\"twitter:data1\" content=\"1 minute\" \/>\n<script type=\"application\/ld+json\" class=\"yoast-schema-graph\">{\"@context\":\"https:\\\/\\\/schema.org\",\"@graph\":[{\"@type\":\"WebPage\",\"@id\":\"https:\\\/\\\/felgenforum.shop\\\/produkt\\\/ff02-18-zoll-sommerraeder-sommerreifen-komplettrad-fuer-mercedes-b-klasse-w257-f2b-3\\\/\",\"url\":\"https:\\\/\\\/felgenforum.shop\\\/produkt\\\/ff02-18-zoll-sommerraeder-sommerreifen-komplettrad-fuer-mercedes-b-klasse-w257-f2b-3\\\/\",\"name\":\"FF02 18 Zoll Sommerr\u00e4der Sommerreifen Komplettrad f\u00fcr Mercedes B Klasse W257 F2B g\u00fcnstig kaufen - Felgenforum\",\"isPartOf\":{\"@id\":\"https:\\\/\\\/felgenforum.shop\\\/#website\"},\"primaryImageOfPage\":{\"@id\":\"https:\\\/\\\/felgenforum.shop\\\/produkt\\\/ff02-18-zoll-sommerraeder-sommerreifen-komplettrad-fuer-mercedes-b-klasse-w257-f2b-3\\\/#primaryimage\"},\"image\":{\"@id\":\"https:\\\/\\\/felgenforum.shop\\\/produkt\\\/ff02-18-zoll-sommerraeder-sommerreifen-komplettrad-fuer-mercedes-b-klasse-w257-f2b-3\\\/#primaryimage\"},\"thumbnailUrl\":\"https:\\\/\\\/felgenforum.shop\\\/wp-content\\\/uploads\\\/2026\\\/03\\\/ff02-18-zoll-sommerraeder-sommerreifen-komplettrad-fuer-mercedes-b-klasse-w257-f2b-featured-1000px-2.webp\",\"datePublished\":\"2026-03-10T23:29:21+00:00\",\"dateModified\":\"2026-04-25T13:26:20+00:00\",\"description\":\"FF02 18 Zoll Sommerr\u00e4der Sommerreifen Komplettrad f\u00fcr Mercedes B Klasse W257 F2B online bestellen \u2794 Gepr\u00fcfte Qualit\u00e4t, Top Marken & schneller Versand \u2714 Jetzt sicher bei Felgenforum kaufen!\",\"breadcrumb\":{\"@id\":\"https:\\\/\\\/felgenforum.shop\\\/produkt\\\/ff02-18-zoll-sommerraeder-sommerreifen-komplettrad-fuer-mercedes-b-klasse-w257-f2b-3\\\/#breadcrumb\"},\"inLanguage\":\"en-GB\",\"potentialAction\":[{\"@type\":\"ReadAction\",\"target\":[\"https:\\\/\\\/felgenforum.shop\\\/produkt\\\/ff02-18-zoll-sommerraeder-sommerreifen-komplettrad-fuer-mercedes-b-klasse-w257-f2b-3\\\/\"]}]},{\"@type\":\"ImageObject\",\"inLanguage\":\"en-GB\",\"@id\":\"https:\\\/\\\/felgenforum.shop\\\/produkt\\\/ff02-18-zoll-sommerraeder-sommerreifen-komplettrad-fuer-mercedes-b-klasse-w257-f2b-3\\\/#primaryimage\",\"url\":\"https:\\\/\\\/felgenforum.shop\\\/wp-content\\\/uploads\\\/2026\\\/03\\\/ff02-18-zoll-sommerraeder-sommerreifen-komplettrad-fuer-mercedes-b-klasse-w257-f2b-featured-1000px-2.webp\",\"contentUrl\":\"https:\\\/\\\/felgenforum.shop\\\/wp-content\\\/uploads\\\/2026\\\/03\\\/ff02-18-zoll-sommerraeder-sommerreifen-komplettrad-fuer-mercedes-b-klasse-w257-f2b-featured-1000px-2.webp\",\"width\":1000,\"height\":1000},{\"@type\":\"BreadcrumbList\",\"@id\":\"https:\\\/\\\/felgenforum.shop\\\/produkt\\\/ff02-18-zoll-sommerraeder-sommerreifen-komplettrad-fuer-mercedes-b-klasse-w257-f2b-3\\\/#breadcrumb\",\"itemListElement\":[{\"@type\":\"ListItem\",\"position\":1,\"name\":\"Startseite\",\"item\":\"https:\\\/\\\/felgenforum.shop\\\/\"},{\"@type\":\"ListItem\",\"position\":2,\"name\":\"Shop\",\"item\":\"https:\\\/\\\/felgenforum.shop\\\/shop\\\/\"},{\"@type\":\"ListItem\",\"position\":3,\"name\":\"FF02 18 Zoll Sommerr\u00e4der Sommerreifen Komplettrad f\u00fcr Mercedes B Klasse W257 F2B\"}]},{\"@type\":\"WebSite\",\"@id\":\"https:\\\/\\\/felgenforum.shop\\\/#website\",\"url\":\"https:\\\/\\\/felgenforum.shop\\\/\",\"name\":\"Felgenforum\",\"description\":\"\",\"potentialAction\":[{\"@type\":\"SearchAction\",\"target\":{\"@type\":\"EntryPoint\",\"urlTemplate\":\"https:\\\/\\\/felgenforum.shop\\\/?s={search_term_string}\"},\"query-input\":{\"@type\":\"PropertyValueSpecification\",\"valueRequired\":true,\"valueName\":\"search_term_string\"}}],\"inLanguage\":\"en-GB\"}]}<\/script>","yoast_head_json":{"title":"FF02 18 Zoll Sommerr\u00e4der Sommerreifen Komplettrad f\u00fcr Mercedes B Klasse W257 F2B g\u00fcnstig kaufen - Felgenforum","description":"FF02 18 Zoll Sommerr\u00e4der Sommerreifen Komplettrad f\u00fcr Mercedes B Klasse W257 F2B online bestellen \u2794 Gepr\u00fcfte Qualit\u00e4t, Top Marken & schneller Versand \u2714 Jetzt sicher bei Felgenforum kaufen!","robots":{"index":"index","follow":"follow","max-snippet":"max-snippet:-1","max-image-preview":"max-image-preview:large","max-video-preview":"max-video-preview:-1"},"canonical":"https:\/\/felgenforum.shop\/en\/product\/ff02-18-zoll-sommerraeder-sommerreifen-komplettrad-fuer-mercedes-b-klasse-w257-f2b-3\/","og_locale":"en_GB","og_type":"article","og_title":"FF02 18 Zoll Sommerr\u00e4der Sommerreifen Komplettrad f\u00fcr Mercedes B Klasse W257 F2B g\u00fcnstig kaufen - Felgenforum","og_description":"FF02 18 Zoll Sommerr\u00e4der Sommerreifen Komplettrad f\u00fcr Mercedes B Klasse W257 F2B online bestellen \u2794 Gepr\u00fcfte Qualit\u00e4t, Top Marken & schneller Versand \u2714 Jetzt sicher bei Felgenforum kaufen!","og_url":"https:\/\/felgenforum.shop\/en\/product\/ff02-18-zoll-sommerraeder-sommerreifen-komplettrad-fuer-mercedes-b-klasse-w257-f2b-3\/","og_site_name":"Felgenforum","article_modified_time":"2026-04-25T13:26:20+00:00","og_image":[{"width":1000,"height":1000,"url":"https:\/\/felgenforum.shop\/wp-content\/uploads\/2026\/03\/ff02-18-zoll-sommerraeder-sommerreifen-komplettrad-fuer-mercedes-b-klasse-w257-f2b-featured-1000px-2.webp","type":"image\/jpeg"}],"twitter_card":"summary_large_image","twitter_misc":{"Est. reading time":"1 minute"},"schema":{"@context":"https:\/\/schema.org","@graph":[{"@type":"WebPage","@id":"https:\/\/felgenforum.shop\/produkt\/ff02-18-zoll-sommerraeder-sommerreifen-komplettrad-fuer-mercedes-b-klasse-w257-f2b-3\/","url":"https:\/\/felgenforum.shop\/produkt\/ff02-18-zoll-sommerraeder-sommerreifen-komplettrad-fuer-mercedes-b-klasse-w257-f2b-3\/","name":"FF02 18 Zoll Sommerr\u00e4der Sommerreifen Komplettrad f\u00fcr Mercedes B Klasse W257 F2B g\u00fcnstig kaufen - Felgenforum","isPartOf":{"@id":"https:\/\/felgenforum.shop\/#website"},"primaryImageOfPage":{"@id":"https:\/\/felgenforum.shop\/produkt\/ff02-18-zoll-sommerraeder-sommerreifen-komplettrad-fuer-mercedes-b-klasse-w257-f2b-3\/#primaryimage"},"image":{"@id":"https:\/\/felgenforum.shop\/produkt\/ff02-18-zoll-sommerraeder-sommerreifen-komplettrad-fuer-mercedes-b-klasse-w257-f2b-3\/#primaryimage"},"thumbnailUrl":"https:\/\/felgenforum.shop\/wp-content\/uploads\/2026\/03\/ff02-18-zoll-sommerraeder-sommerreifen-komplettrad-fuer-mercedes-b-klasse-w257-f2b-featured-1000px-2.webp","datePublished":"2026-03-10T23:29:21+00:00","dateModified":"2026-04-25T13:26:20+00:00","description":"FF02 18 Zoll Sommerr\u00e4der Sommerreifen Komplettrad f\u00fcr Mercedes B Klasse W257 F2B online bestellen \u2794 Gepr\u00fcfte Qualit\u00e4t, Top Marken & schneller Versand \u2714 Jetzt sicher bei Felgenforum kaufen!","breadcrumb":{"@id":"https:\/\/felgenforum.shop\/produkt\/ff02-18-zoll-sommerraeder-sommerreifen-komplettrad-fuer-mercedes-b-klasse-w257-f2b-3\/#breadcrumb"},"inLanguage":"en-GB","potentialAction":[{"@type":"ReadAction","target":["https:\/\/felgenforum.shop\/produkt\/ff02-18-zoll-sommerraeder-sommerreifen-komplettrad-fuer-mercedes-b-klasse-w257-f2b-3\/"]}]},{"@type":"ImageObject","inLanguage":"en-GB","@id":"https:\/\/felgenforum.shop\/produkt\/ff02-18-zoll-sommerraeder-sommerreifen-komplettrad-fuer-mercedes-b-klasse-w257-f2b-3\/#primaryimage","url":"https:\/\/felgenforum.shop\/wp-content\/uploads\/2026\/03\/ff02-18-zoll-sommerraeder-sommerreifen-komplettrad-fuer-mercedes-b-klasse-w257-f2b-featured-1000px-2.webp","contentUrl":"https:\/\/felgenforum.shop\/wp-content\/uploads\/2026\/03\/ff02-18-zoll-sommerraeder-sommerreifen-komplettrad-fuer-mercedes-b-klasse-w257-f2b-featured-1000px-2.webp","width":1000,"height":1000},{"@type":"BreadcrumbList","@id":"https:\/\/felgenforum.shop\/produkt\/ff02-18-zoll-sommerraeder-sommerreifen-komplettrad-fuer-mercedes-b-klasse-w257-f2b-3\/#breadcrumb","itemListElement":[{"@type":"ListItem","position":1,"name":"Startseite","item":"https:\/\/felgenforum.shop\/"},{"@type":"ListItem","position":2,"name":"Shop","item":"https:\/\/felgenforum.shop\/shop\/"},{"@type":"ListItem","position":3,"name":"FF02 18 Zoll Sommerr\u00e4der Sommerreifen Komplettrad f\u00fcr Mercedes B Klasse W257 F2B"}]},{"@type":"WebSite","@id":"https:\/\/felgenforum.shop\/#website","url":"https:\/\/felgenforum.shop\/","name":"Rim forum","description":"","potentialAction":[{"@type":"SearchAction","target":{"@type":"EntryPoint","urlTemplate":"https:\/\/felgenforum.shop\/?s={search_term_string}"},"query-input":{"@type":"PropertyValueSpecification","valueRequired":true,"valueName":"search_term_string"}}],"inLanguage":"en-GB"}]}},"_links":{"self":[{"href":"https:\/\/felgenforum.shop\/en\/wp-json\/wp\/v2\/product\/230003","targetHints":{"allow":["GET"]}}],"collection":[{"href":"https:\/\/felgenforum.shop\/en\/wp-json\/wp\/v2\/product"}],"about":[{"href":"https:\/\/felgenforum.shop\/en\/wp-json\/wp\/v2\/types\/product"}],"replies":[{"embeddable":true,"href":"https:\/\/felgenforum.shop\/en\/wp-json\/wp\/v2\/comments?post=230003"}],"wp:featuredmedia":[{"embeddable":true,"href":"https:\/\/felgenforum.shop\/en\/wp-json\/wp\/v2\/media\/230135"}],"wp:attachment":[{"href":"https:\/\/felgenforum.shop\/en\/wp-json\/wp\/v2\/media?parent=230003"}],"wp:term":[{"taxonomy":"product_brand","embeddable":true,"href":"https:\/\/felgenforum.shop\/en\/wp-json\/wp\/v2\/product_brand?post=230003"},{"taxonomy":"product_cat","embeddable":true,"href":"https:\/\/felgenforum.shop\/en\/wp-json\/wp\/v2\/product_cat?post=230003"},{"taxonomy":"product_tag","embeddable":true,"href":"https:\/\/felgenforum.shop\/en\/wp-json\/wp\/v2\/product_tag?post=230003"}],"curies":[{"name":"wp","href":"https:\/\/api.w.org\/{rel}","templated":true}]}}