{"id":227904,"date":"2026-03-05T14:33:22","date_gmt":"2026-03-05T13:33:22","guid":{"rendered":"https:\/\/felgenforum.shop\/?post_type=product&p=227904"},"modified":"2026-04-05T17:44:00","modified_gmt":"2026-04-05T15:44:00","slug":"wh34-19-zoll-sommerraeder-sommerreifen-255-40-komplettraeder-fuer-bmw-7er-g11-g12-m","status":"publish","type":"product","link":"https:\/\/felgenforum.shop\/en\/product\/wh34-19-zoll-sommerraeder-sommerreifen-255-40-komplettraeder-fuer-bmw-7er-g11-g12-m\/","title":{"rendered":"WH34 19 Zoll Sommerr\u00e4der Sommerreifen 255\/40 Komplettr\u00e4der f\u00fcr BMW 7er G11 G12 M"},"content":{"rendered":"<h3>Welcome to an offer from Felgenforum.shop<\/h3>\n<p>In this offer we offer you a NEW set of summer complete wheels in polished black including ABE.<\/p>\n<p>4x fully pre-assembled and balanced complete wheels<\/p>\n<p>consisting of:<\/p>\n<p>4x Alufelge Wheelworld WH34 schwarz poliert 8,5&#215;19 ET30 LK5\/112<\/p>\n<p>+<\/p>\n<p>4x Sommerreifen 255\/40 R19 100Y aus aktuellem Tageseinkauf<\/p>\n<p>+<\/p>\n<p>4x TPMS (pre-programmed)<\/p>\n<p>fully assembled and balanced<\/p>\n<p>(including black weights and black metal valves)<\/p>\n<p>NEW &amp; in original packaging.<\/p>\n<h3>Scope of delivery:<\/h3>\n<ul>\n<li>4 x Wheelworld WH34 8,5&#215;19 ET30 5&#215;112 schwarz poliert<\/li>\n<li>Complete mounting hardware (if required according to the ABE)<\/li>\n<li>4x Sommerreifen aus aktuellem Tageseinkauf 255\/40 R19 100Y<\/li>\n<li>4x TPMS (pre-programmed)<\/li>\n<li>4x Wheelworld hubcaps<\/li>\n<li>(Vehicle manufacturer&#039;s hubcap not included)<\/li>\n<li>1x Expert report (ABE)<\/li>\n<li>In most cases, the complete wheel sets are therefore registration-free. If you have any questions about fitment or any registration requirements, our experienced team will be happy to assist you :).<\/li>\n<li>Please be sure to specify your vehicle after purchase.<\/li>\n<li>We offer this model in many other sizes and colors; please contact us if you have any other requests.<\/li>\n<li>&gt;&gt;&gt;Wishful tires<\/li>\n<li>Do you have a specific request regarding tire brand or tire quality? No problem!<\/li>\n<li>We would be happy to create individual complete wheel offers for you :).<\/li>\n<li>The tire brand and type shown in the pictures may differ. The scope of delivery is as listed in the item description.<\/li>\n<li>The complete wheels are suitable for, among others:<\/li>\n<\/ul>\n<h3>BMW<\/h3>\n<ul>\n<li>6er G32<\/li>\n<li>7 Series G11<\/li>\n<li>8er G14 G15 G16<\/li>\n<\/ul>","protected":false},"excerpt":{"rendered":"<p>A set (4 pieces) of ready-to-drive Wheelworld complete wheels, professionally mounted and balanced.<\/p>\n<p><strong>Rim details:<\/strong> 8,5&#215;19 Zoll, Lochkreis 112.<br \/><strong>Tire details:<\/strong> Daily shopping, tread depth: approx. NEW mm.<\/p>","protected":false},"featured_media":228044,"comment_status":"open","ping_status":"closed","template":"","meta":[],"product_brand":[],"product_cat":[1561,1583,1501,1582,1086,1196],"product_tag":[],"class_list":{"0":"post-227904","1":"product","2":"type-product","3":"status-publish","4":"has-post-thumbnail","6":"product_cat-19-zoll-bmw-felgen","7":"product_cat-19-zoll-sommerraeder-bmw","8":"product_cat-bmw-felgen","9":"product_cat-bmw-komplettraeder-sommer","10":"product_cat-felgen","11":"product_cat-komplettraeder-sommer","12":"pa_anzahl-der-komplettraeder-1433","13":"pa_einpresstiefe-et-1450","14":"pa_eisgriffigkeit-nein","15":"pa_fahrzeugmarke-bmw","16":"pa_fahrzeugtyp-allradfahrzeug","17":"pa_felgenaufbau-einteilig-gegossen","18":"pa_felgenbreite-8-5","19":"pa_felgendesign-10-speichen","20":"pa_felgenfarbe-schwarz-poliert","21":"pa_felgenhersteller-wheelworld","22":"pa_felgenmaterial-aluminium","23":"pa_felgenmodell-wh34","24":"pa_geschwindigkeitsindex-y-bis-300-km-h","25":"pa_herstellernummer-felge-2528","26":"pa_lastbereich-xl","27":"pa_lochkreis-1439","28":"pa_lochzahl-1447","29":"pa_mittenlochbohrung-666-mm","30":"pa_profiltiefe-neu","31":"pa_reifenbauart-r-radialreifen","32":"pa_reifenbreite-1453","33":"pa_reifendurchmesser-1436","34":"pa_reifenhersteller-tageseinkauf","35":"pa_reifenmodell-tageseinkauf","36":"pa_reifenquerschnitt-1571","37":"pa_reifenspezifikation-sommerreifen","38":"pa_run-flat-nein","39":"pa_schneeflocken-symbol-nein","40":"pa_tragfaehigkeitsindex-100-max-800-kg-je-reifen","41":"pa_zollgroesse-1448","43":"first","44":"instock","45":"sale","46":"taxable","47":"shipping-taxable","48":"purchasable","49":"product-type-simple"},"yoast_head":"<!-- This site is optimized with the Yoast SEO plugin v27.2 - https:\/\/yoast.com\/product\/yoast-seo-wordpress\/ -->\n<title>WH34 19 Zoll Sommerr\u00e4der Sommerreifen 255\/40 Komplettr\u00e4der f\u00fcr BMW 7er G11 G12 M g\u00fcnstig kaufen - Felgenforum<\/title>\n<meta name=\"description\" content=\"WH34 19 Zoll Sommerr\u00e4der Sommerreifen 255\/40 Komplettr\u00e4der f\u00fcr BMW 7er G11 G12 M online bestellen \u2794 Gepr\u00fcfte Qualit\u00e4t, Top Marken &amp; schneller Versand \u2714 Jetzt sicher bei Felgenforum kaufen!\" \/>\n<meta name=\"robots\" content=\"index, follow, max-snippet:-1, max-image-preview:large, max-video-preview:-1\" \/>\n<link rel=\"canonical\" href=\"https:\/\/felgenforum.shop\/en\/?post_type=product&p=227904\" \/>\n<meta property=\"og:locale\" content=\"en_GB\" \/>\n<meta property=\"og:type\" content=\"article\" \/>\n<meta property=\"og:title\" content=\"WH34 19 Zoll Sommerr\u00e4der Sommerreifen 255\/40 Komplettr\u00e4der f\u00fcr BMW 7er G11 G12 M g\u00fcnstig kaufen - Felgenforum\" \/>\n<meta property=\"og:description\" content=\"WH34 19 Zoll Sommerr\u00e4der Sommerreifen 255\/40 Komplettr\u00e4der f\u00fcr BMW 7er G11 G12 M online bestellen \u2794 Gepr\u00fcfte Qualit\u00e4t, Top Marken &amp; schneller Versand \u2714 Jetzt sicher bei Felgenforum kaufen!\" \/>\n<meta property=\"og:url\" content=\"https:\/\/felgenforum.shop\/en\/?post_type=product&amp;p=227904\" \/>\n<meta property=\"og:site_name\" content=\"Felgenforum\" \/>\n<meta property=\"article:modified_time\" content=\"2026-04-05T15:44:00+00:00\" \/>\n<meta property=\"og:image\" content=\"https:\/\/felgenforum.shop\/wp-content\/uploads\/2026\/03\/wh34-19-zoll-sommerraeder-sommerreifen-255-40-komplettraeder-fuer-bmw-7er-g11-g12-m-featured-1000px.jpg\" \/>\n\t<meta property=\"og:image:width\" content=\"1000\" \/>\n\t<meta property=\"og:image:height\" content=\"1000\" \/>\n\t<meta property=\"og:image:type\" content=\"image\/jpeg\" \/>\n<meta name=\"twitter:card\" content=\"summary_large_image\" \/>\n<meta name=\"twitter:label1\" content=\"Est. reading time\" \/>\n\t<meta name=\"twitter:data1\" content=\"1 minute\" \/>\n<script type=\"application\/ld+json\" class=\"yoast-schema-graph\">{\"@context\":\"https:\/\/schema.org\",\"@graph\":[{\"@type\":\"WebPage\",\"@id\":\"https:\/\/felgenforum.shop\/?post_type=product&p=227904\",\"url\":\"https:\/\/felgenforum.shop\/?post_type=product&p=227904\",\"name\":\"WH34 19 Zoll Sommerr\u00e4der Sommerreifen 255\/40 Komplettr\u00e4der f\u00fcr BMW 7er G11 G12 M g\u00fcnstig kaufen - Felgenforum\",\"isPartOf\":{\"@id\":\"https:\/\/felgenforum.shop\/#website\"},\"primaryImageOfPage\":{\"@id\":\"https:\/\/felgenforum.shop\/?post_type=product&p=227904#primaryimage\"},\"image\":{\"@id\":\"https:\/\/felgenforum.shop\/?post_type=product&p=227904#primaryimage\"},\"thumbnailUrl\":\"https:\/\/felgenforum.shop\/wp-content\/uploads\/2026\/03\/wh34-19-zoll-sommerraeder-sommerreifen-255-40-komplettraeder-fuer-bmw-7er-g11-g12-m-featured-1000px.webp\",\"datePublished\":\"2026-03-05T13:33:22+00:00\",\"dateModified\":\"2026-04-05T15:44:00+00:00\",\"description\":\"WH34 19 Zoll Sommerr\u00e4der Sommerreifen 255\/40 Komplettr\u00e4der f\u00fcr BMW 7er G11 G12 M online bestellen \u2794 Gepr\u00fcfte Qualit\u00e4t, Top Marken & schneller Versand \u2714 Jetzt sicher bei Felgenforum kaufen!\",\"breadcrumb\":{\"@id\":\"https:\/\/felgenforum.shop\/?post_type=product&p=227904#breadcrumb\"},\"inLanguage\":\"en-GB\",\"potentialAction\":[{\"@type\":\"ReadAction\",\"target\":[\"https:\/\/felgenforum.shop\/?post_type=product&p=227904\"]}]},{\"@type\":\"ImageObject\",\"inLanguage\":\"en-GB\",\"@id\":\"https:\/\/felgenforum.shop\/?post_type=product&p=227904#primaryimage\",\"url\":\"https:\/\/felgenforum.shop\/wp-content\/uploads\/2026\/03\/wh34-19-zoll-sommerraeder-sommerreifen-255-40-komplettraeder-fuer-bmw-7er-g11-g12-m-featured-1000px.webp\",\"contentUrl\":\"https:\/\/felgenforum.shop\/wp-content\/uploads\/2026\/03\/wh34-19-zoll-sommerraeder-sommerreifen-255-40-komplettraeder-fuer-bmw-7er-g11-g12-m-featured-1000px.webp\",\"width\":1000,\"height\":1000},{\"@type\":\"BreadcrumbList\",\"@id\":\"https:\/\/felgenforum.shop\/?post_type=product&p=227904#breadcrumb\",\"itemListElement\":[{\"@type\":\"ListItem\",\"position\":1,\"name\":\"Startseite\",\"item\":\"https:\/\/felgenforum.shop\/\"},{\"@type\":\"ListItem\",\"position\":2,\"name\":\"Shop\",\"item\":\"https:\/\/felgenforum.shop\/shop\/\"},{\"@type\":\"ListItem\",\"position\":3,\"name\":\"WH34 19 Zoll Sommerr\u00e4der Sommerreifen 255\/40 Komplettr\u00e4der f\u00fcr BMW 7er G11 G12 M\"}]},{\"@type\":\"WebSite\",\"@id\":\"https:\/\/felgenforum.shop\/#website\",\"url\":\"https:\/\/felgenforum.shop\/\",\"name\":\"Felgenforum\",\"description\":\"\",\"potentialAction\":[{\"@type\":\"SearchAction\",\"target\":{\"@type\":\"EntryPoint\",\"urlTemplate\":\"https:\/\/felgenforum.shop\/?s={search_term_string}\"},\"query-input\":{\"@type\":\"PropertyValueSpecification\",\"valueRequired\":true,\"valueName\":\"search_term_string\"}}],\"inLanguage\":\"en-GB\"}]}<\/script>\n<!-- \/ Yoast SEO plugin. -->","yoast_head_json":{"title":"WH34 19 Zoll Sommerr\u00e4der Sommerreifen 255\/40 Komplettr\u00e4der f\u00fcr BMW 7er G11 G12 M g\u00fcnstig kaufen - Felgenforum","description":"WH34 19 Zoll Sommerr\u00e4der Sommerreifen 255\/40 Komplettr\u00e4der f\u00fcr BMW 7er G11 G12 M online bestellen \u2794 Gepr\u00fcfte Qualit\u00e4t, Top Marken & schneller Versand \u2714 Jetzt sicher bei Felgenforum kaufen!","robots":{"index":"index","follow":"follow","max-snippet":"max-snippet:-1","max-image-preview":"max-image-preview:large","max-video-preview":"max-video-preview:-1"},"canonical":"https:\/\/felgenforum.shop\/en\/?post_type=product&p=227904","og_locale":"en_GB","og_type":"article","og_title":"WH34 19 Zoll Sommerr\u00e4der Sommerreifen 255\/40 Komplettr\u00e4der f\u00fcr BMW 7er G11 G12 M g\u00fcnstig kaufen - Felgenforum","og_description":"WH34 19 Zoll Sommerr\u00e4der Sommerreifen 255\/40 Komplettr\u00e4der f\u00fcr BMW 7er G11 G12 M online bestellen \u2794 Gepr\u00fcfte Qualit\u00e4t, Top Marken & schneller Versand \u2714 Jetzt sicher bei Felgenforum kaufen!","og_url":"https:\/\/felgenforum.shop\/en\/?post_type=product&p=227904","og_site_name":"Felgenforum","article_modified_time":"2026-04-05T15:44:00+00:00","og_image":[{"width":1000,"height":1000,"url":"https:\/\/felgenforum.shop\/wp-content\/uploads\/2026\/03\/wh34-19-zoll-sommerraeder-sommerreifen-255-40-komplettraeder-fuer-bmw-7er-g11-g12-m-featured-1000px.jpg","type":"image\/jpeg"}],"twitter_card":"summary_large_image","twitter_misc":{"Est. reading time":"1 minute"},"schema":{"@context":"https:\/\/schema.org","@graph":[{"@type":"WebPage","@id":"https:\/\/felgenforum.shop\/?post_type=product&p=227904","url":"https:\/\/felgenforum.shop\/?post_type=product&p=227904","name":"WH34 19 Zoll Sommerr\u00e4der Sommerreifen 255\/40 Komplettr\u00e4der f\u00fcr BMW 7er G11 G12 M g\u00fcnstig kaufen - Felgenforum","isPartOf":{"@id":"https:\/\/felgenforum.shop\/#website"},"primaryImageOfPage":{"@id":"https:\/\/felgenforum.shop\/?post_type=product&p=227904#primaryimage"},"image":{"@id":"https:\/\/felgenforum.shop\/?post_type=product&p=227904#primaryimage"},"thumbnailUrl":"https:\/\/felgenforum.shop\/wp-content\/uploads\/2026\/03\/wh34-19-zoll-sommerraeder-sommerreifen-255-40-komplettraeder-fuer-bmw-7er-g11-g12-m-featured-1000px.webp","datePublished":"2026-03-05T13:33:22+00:00","dateModified":"2026-04-05T15:44:00+00:00","description":"WH34 19 Zoll Sommerr\u00e4der Sommerreifen 255\/40 Komplettr\u00e4der f\u00fcr BMW 7er G11 G12 M online bestellen \u2794 Gepr\u00fcfte Qualit\u00e4t, Top Marken & schneller Versand \u2714 Jetzt sicher bei Felgenforum kaufen!","breadcrumb":{"@id":"https:\/\/felgenforum.shop\/?post_type=product&p=227904#breadcrumb"},"inLanguage":"en-GB","potentialAction":[{"@type":"ReadAction","target":["https:\/\/felgenforum.shop\/?post_type=product&p=227904"]}]},{"@type":"ImageObject","inLanguage":"en-GB","@id":"https:\/\/felgenforum.shop\/?post_type=product&p=227904#primaryimage","url":"https:\/\/felgenforum.shop\/wp-content\/uploads\/2026\/03\/wh34-19-zoll-sommerraeder-sommerreifen-255-40-komplettraeder-fuer-bmw-7er-g11-g12-m-featured-1000px.webp","contentUrl":"https:\/\/felgenforum.shop\/wp-content\/uploads\/2026\/03\/wh34-19-zoll-sommerraeder-sommerreifen-255-40-komplettraeder-fuer-bmw-7er-g11-g12-m-featured-1000px.webp","width":1000,"height":1000},{"@type":"BreadcrumbList","@id":"https:\/\/felgenforum.shop\/?post_type=product&p=227904#breadcrumb","itemListElement":[{"@type":"ListItem","position":1,"name":"Startseite","item":"https:\/\/felgenforum.shop\/"},{"@type":"ListItem","position":2,"name":"Shop","item":"https:\/\/felgenforum.shop\/shop\/"},{"@type":"ListItem","position":3,"name":"WH34 19 Zoll Sommerr\u00e4der Sommerreifen 255\/40 Komplettr\u00e4der f\u00fcr BMW 7er G11 G12 M"}]},{"@type":"WebSite","@id":"https:\/\/felgenforum.shop\/#website","url":"https:\/\/felgenforum.shop\/","name":"Rim forum","description":"","potentialAction":[{"@type":"SearchAction","target":{"@type":"EntryPoint","urlTemplate":"https:\/\/felgenforum.shop\/?s={search_term_string}"},"query-input":{"@type":"PropertyValueSpecification","valueRequired":true,"valueName":"search_term_string"}}],"inLanguage":"en-GB"}]}},"_links":{"self":[{"href":"https:\/\/felgenforum.shop\/en\/wp-json\/wp\/v2\/product\/227904","targetHints":{"allow":["GET"]}}],"collection":[{"href":"https:\/\/felgenforum.shop\/en\/wp-json\/wp\/v2\/product"}],"about":[{"href":"https:\/\/felgenforum.shop\/en\/wp-json\/wp\/v2\/types\/product"}],"replies":[{"embeddable":true,"href":"https:\/\/felgenforum.shop\/en\/wp-json\/wp\/v2\/comments?post=227904"}],"wp:featuredmedia":[{"embeddable":true,"href":"https:\/\/felgenforum.shop\/en\/wp-json\/wp\/v2\/media\/228044"}],"wp:attachment":[{"href":"https:\/\/felgenforum.shop\/en\/wp-json\/wp\/v2\/media?parent=227904"}],"wp:term":[{"taxonomy":"product_brand","embeddable":true,"href":"https:\/\/felgenforum.shop\/en\/wp-json\/wp\/v2\/product_brand?post=227904"},{"taxonomy":"product_cat","embeddable":true,"href":"https:\/\/felgenforum.shop\/en\/wp-json\/wp\/v2\/product_cat?post=227904"},{"taxonomy":"product_tag","embeddable":true,"href":"https:\/\/felgenforum.shop\/en\/wp-json\/wp\/v2\/product_tag?post=227904"}],"curies":[{"name":"wp","href":"https:\/\/api.w.org\/{rel}","templated":true}]}}