{"id":159609,"date":"2025-12-12T18:48:15","date_gmt":"2025-12-12T17:48:15","guid":{"rendered":"https:\/\/felgenforum.shop\/?post_type=product&#038;p=159609"},"modified":"2026-04-25T15:21:30","modified_gmt":"2026-04-25T13:21:30","slug":"18-zoll-komplettraeder-gripmax-all-terrrain-fuer-citroen-jumper-camper-van","status":"publish","type":"product","link":"https:\/\/felgenforum.shop\/en\/product\/18-zoll-komplettraeder-gripmax-all-terrrain-fuer-citroen-jumper-camper-van\/","title":{"rendered":"18-inch complete wheels Gripmax All-Terrain for Citroen Jumper Camper Van"},"content":{"rendered":"<h3>Welcome to an offer from Felgenforum.shop<\/h3>\n<p>In this offer we offer you a NEW set of FF-Wheels CV1 complete wheels with summer tires in matte black including certificate.<\/p>\n<p>NEW &amp; in original packaging.<\/p>\n<h3>Scope of delivery:<\/h3>\n<ul>\n<li>4 x FF-Wheels CV1 8,5&#215;18 ET52 schwarz matt LK5\/118 oder LK5\/130 f\u00fcr Light- und Maxifahrwerk\u00a0<\/li>\n<li>4x Gripmax Inception A\/T all-season tires 255\/55R18 109H<\/li>\n<li>Complete assembly material (if required according to the expert opinion)<\/li>\n<li>4x Hubcaps FF-Wheels<\/li>\n<li>1x Expert report (ABE)<\/li>\n<li>If you have any questions about fit or possible entries, our experienced team will be happy to help :).<\/li>\n<li>Please be sure to specify your vehicle after purchase.<\/li>\n<li>\u2757\u2757Your advantages at a glance\u2757\u2757<\/li>\n<li>\u2b50 significantly increased comfort<\/li>\n<li>\u2b50 Vehicle does not &quot;hop&quot; over bumps<\/li>\n<li>\u2b50 Reason: Standard tires have an inflation pressure of approximately 4.5-5 bar, while 18-inch tires only allow a maximum of 3.5 bar.<\/li>\n<li>\u2b50 Safety improvement: Road handling, susceptibility to crosswinds and body roll are significantly reduced by the 255 tires.<\/li>\n<li>\u2b50 Significantly better grip on wet campsites thanks to all-season tires<\/li>\n<li>\u2b50 Better looks than any standard camper van bike<\/li>\n<li>During the registration process, the T\u00dcV inspector may require wheel arch extensions. The wheels are significantly wider than the standard tires. We can offer these for \u20ac79 per axle. These extensions are made of rubber, are adhesive, and can be removed without leaving any residue.<\/li>\n<\/ul>\n<h3>&gt;&gt;&gt;Complete wheels<\/h3>\n<h3>We would be happy to offer you the desired rims as complete wheels with a tire of your choice.<\/h3>\n<p>Feel free to send us a non-binding inquiry :).<\/p>\n<p>The wheels are the right size for the following vehicles:<\/p>\n<h3>Fiat<\/h3>\n<ul>\n<li>Ducato\u00a0<\/li>\n<\/ul>\n<h3>Peugeot<\/h3>\n<ul>\n<li>boxer<\/li>\n<li>Citroen<\/li>\n<li>jumper<\/li>\n<\/ul>","protected":false},"excerpt":{"rendered":"<p>A set (4 pieces) of ready-to-drive FF Wheels complete wheels, professionally mounted and balanced.<\/p>\n<p><strong>Rim details:<\/strong> 8,5&#215;18 Zoll, Lochkreis 118 mm.<br \/><strong>Tire details:<\/strong> Gripmax .<\/p>","protected":false},"featured_media":159610,"comment_status":"open","ping_status":"closed","template":"","meta":[],"product_brand":[],"product_cat":[1816,1815],"product_tag":[],"class_list":{"0":"post-159609","1":"product","2":"type-product","3":"status-publish","4":"has-post-thumbnail","6":"product_cat-18zoll-felgen-komplettraeder","7":"product_cat-wohnmobil-kastenwaegen","8":"product_shipping_class-komplettrad","9":"pa_anzahl-der-komplettraeder-1433","10":"pa_einpresstiefe-et-2631","11":"pa_externes-rollger-db-klass-b","12":"pa_fahrzeugmarke-citroen","13":"pa_fahrzeugtyp-suv","14":"pa_felgenaufbau-einteilig-gegossen","15":"pa_felgenbreite-8-5","16":"pa_felgendesign-5-speichen","17":"pa_felgenfarbe-schwarz","18":"pa_felgenhersteller-ff-wheels","19":"pa_felgenmaterial-aluminium","20":"pa_felgenmodell-cv1","21":"pa_geschwindigkeitsindex-h-bis-210-km-h","22":"pa_herstellernummer-felge-pcd-118","23":"pa_kraftstoff-a-g-c","24":"pa_lastbereich-xl","25":"pa_lochkreis-2634","26":"pa_lochzahl-1447","27":"pa_mittenlochbohrung-711-mm","28":"pa_nasshaft-a-g-c","29":"pa_reifenbreite-1453","30":"pa_reifendurchmesser-1674","31":"pa_reifenhersteller-gripmax","32":"pa_reifenquerschnitt-1652","33":"pa_reifenspezifikation-ganzjahresreifen","34":"pa_run-flat-nein","35":"pa_tragfaehigkeitsindex-109-max-1030-kg-je-reifen","36":"pa_zollgroesse-1482","38":"first","39":"instock","40":"sale","41":"taxable","42":"shipping-taxable","43":"purchasable","44":"product-type-simple"},"yoast_head":"<title>18 Zoll Komplettr\u00e4der Gripmax All-Terrrain f\u00fcr Citroen Jumper Camper Van g\u00fcnstig kaufen - Felgenforum<\/title>\n<meta name=\"description\" content=\"18 Zoll Komplettr\u00e4der Gripmax All-Terrrain f\u00fcr Citroen Jumper Camper Van online bestellen \u2794 Gepr\u00fcfte Qualit\u00e4t, Top Marken &amp; schneller Versand \u2714 Jetzt sicher bei Felgenforum kaufen!\" \/>\n<meta name=\"robots\" content=\"index, follow, max-snippet:-1, max-image-preview:large, max-video-preview:-1\" \/>\n<link rel=\"canonical\" href=\"https:\/\/felgenforum.shop\/en\/product\/18-zoll-komplettraeder-gripmax-all-terrrain-fuer-citroen-jumper-camper-van\/\" \/>\n<meta property=\"og:locale\" content=\"en_GB\" \/>\n<meta property=\"og:type\" content=\"article\" \/>\n<meta property=\"og:title\" content=\"18 Zoll Komplettr\u00e4der Gripmax All-Terrrain f\u00fcr Citroen Jumper Camper Van g\u00fcnstig kaufen - Felgenforum\" \/>\n<meta property=\"og:description\" content=\"18 Zoll Komplettr\u00e4der Gripmax All-Terrrain f\u00fcr Citroen Jumper Camper Van online bestellen \u2794 Gepr\u00fcfte Qualit\u00e4t, Top Marken &amp; schneller Versand \u2714 Jetzt sicher bei Felgenforum kaufen!\" \/>\n<meta property=\"og:url\" content=\"https:\/\/felgenforum.shop\/en\/product\/18-zoll-komplettraeder-gripmax-all-terrrain-fuer-citroen-jumper-camper-van\/\" \/>\n<meta property=\"og:site_name\" content=\"Felgenforum\" \/>\n<meta property=\"article:modified_time\" content=\"2026-04-25T13:21:30+00:00\" \/>\n<meta property=\"og:image\" content=\"https:\/\/felgenforum.shop\/wp-content\/uploads\/2025\/12\/18-zoll-komplettraeder-gripmax-all-terrrain-fuer-citroen-jumper-camper-van-featured-1000px.webp\" \/>\n\t<meta property=\"og:image:width\" content=\"1000\" \/>\n\t<meta property=\"og:image:height\" content=\"1000\" \/>\n\t<meta property=\"og:image:type\" content=\"image\/jpeg\" \/>\n<meta name=\"twitter:card\" content=\"summary_large_image\" \/>\n<meta name=\"twitter:label1\" content=\"Est. reading time\" \/>\n\t<meta name=\"twitter:data1\" content=\"1 minute\" \/>\n<script type=\"application\/ld+json\" class=\"yoast-schema-graph\">{\"@context\":\"https:\\\/\\\/schema.org\",\"@graph\":[{\"@type\":\"WebPage\",\"@id\":\"https:\\\/\\\/felgenforum.shop\\\/produkt\\\/18-zoll-komplettraeder-gripmax-all-terrrain-fuer-citroen-jumper-camper-van\\\/\",\"url\":\"https:\\\/\\\/felgenforum.shop\\\/produkt\\\/18-zoll-komplettraeder-gripmax-all-terrrain-fuer-citroen-jumper-camper-van\\\/\",\"name\":\"18 Zoll Komplettr\u00e4der Gripmax All-Terrrain f\u00fcr Citroen Jumper Camper Van g\u00fcnstig kaufen - Felgenforum\",\"isPartOf\":{\"@id\":\"https:\\\/\\\/felgenforum.shop\\\/#website\"},\"primaryImageOfPage\":{\"@id\":\"https:\\\/\\\/felgenforum.shop\\\/produkt\\\/18-zoll-komplettraeder-gripmax-all-terrrain-fuer-citroen-jumper-camper-van\\\/#primaryimage\"},\"image\":{\"@id\":\"https:\\\/\\\/felgenforum.shop\\\/produkt\\\/18-zoll-komplettraeder-gripmax-all-terrrain-fuer-citroen-jumper-camper-van\\\/#primaryimage\"},\"thumbnailUrl\":\"https:\\\/\\\/felgenforum.shop\\\/wp-content\\\/uploads\\\/2025\\\/12\\\/18-zoll-komplettraeder-gripmax-all-terrrain-fuer-citroen-jumper-camper-van-featured-1000px.webp\",\"datePublished\":\"2025-12-12T17:48:15+00:00\",\"dateModified\":\"2026-04-25T13:21:30+00:00\",\"description\":\"18 Zoll Komplettr\u00e4der Gripmax All-Terrrain f\u00fcr Citroen Jumper Camper Van online bestellen \u2794 Gepr\u00fcfte Qualit\u00e4t, Top Marken & schneller Versand \u2714 Jetzt sicher bei Felgenforum kaufen!\",\"breadcrumb\":{\"@id\":\"https:\\\/\\\/felgenforum.shop\\\/produkt\\\/18-zoll-komplettraeder-gripmax-all-terrrain-fuer-citroen-jumper-camper-van\\\/#breadcrumb\"},\"inLanguage\":\"en-GB\",\"potentialAction\":[{\"@type\":\"ReadAction\",\"target\":[\"https:\\\/\\\/felgenforum.shop\\\/produkt\\\/18-zoll-komplettraeder-gripmax-all-terrrain-fuer-citroen-jumper-camper-van\\\/\"]}]},{\"@type\":\"ImageObject\",\"inLanguage\":\"en-GB\",\"@id\":\"https:\\\/\\\/felgenforum.shop\\\/produkt\\\/18-zoll-komplettraeder-gripmax-all-terrrain-fuer-citroen-jumper-camper-van\\\/#primaryimage\",\"url\":\"https:\\\/\\\/felgenforum.shop\\\/wp-content\\\/uploads\\\/2025\\\/12\\\/18-zoll-komplettraeder-gripmax-all-terrrain-fuer-citroen-jumper-camper-van-featured-1000px.webp\",\"contentUrl\":\"https:\\\/\\\/felgenforum.shop\\\/wp-content\\\/uploads\\\/2025\\\/12\\\/18-zoll-komplettraeder-gripmax-all-terrrain-fuer-citroen-jumper-camper-van-featured-1000px.webp\",\"width\":1000,\"height\":1000},{\"@type\":\"BreadcrumbList\",\"@id\":\"https:\\\/\\\/felgenforum.shop\\\/produkt\\\/18-zoll-komplettraeder-gripmax-all-terrrain-fuer-citroen-jumper-camper-van\\\/#breadcrumb\",\"itemListElement\":[{\"@type\":\"ListItem\",\"position\":1,\"name\":\"Startseite\",\"item\":\"https:\\\/\\\/felgenforum.shop\\\/\"},{\"@type\":\"ListItem\",\"position\":2,\"name\":\"Shop\",\"item\":\"https:\\\/\\\/felgenforum.shop\\\/shop\\\/\"},{\"@type\":\"ListItem\",\"position\":3,\"name\":\"18 Zoll Komplettr\u00e4der Gripmax All-Terrrain f\u00fcr Citroen Jumper Camper Van\"}]},{\"@type\":\"WebSite\",\"@id\":\"https:\\\/\\\/felgenforum.shop\\\/#website\",\"url\":\"https:\\\/\\\/felgenforum.shop\\\/\",\"name\":\"Felgenforum\",\"description\":\"\",\"potentialAction\":[{\"@type\":\"SearchAction\",\"target\":{\"@type\":\"EntryPoint\",\"urlTemplate\":\"https:\\\/\\\/felgenforum.shop\\\/?s={search_term_string}\"},\"query-input\":{\"@type\":\"PropertyValueSpecification\",\"valueRequired\":true,\"valueName\":\"search_term_string\"}}],\"inLanguage\":\"en-GB\"}]}<\/script>","yoast_head_json":{"title":"18 Zoll Komplettr\u00e4der Gripmax All-Terrrain f\u00fcr Citroen Jumper Camper Van g\u00fcnstig kaufen - Felgenforum","description":"18 Zoll Komplettr\u00e4der Gripmax All-Terrrain f\u00fcr Citroen Jumper Camper Van online bestellen \u2794 Gepr\u00fcfte Qualit\u00e4t, Top Marken & schneller Versand \u2714 Jetzt sicher bei Felgenforum kaufen!","robots":{"index":"index","follow":"follow","max-snippet":"max-snippet:-1","max-image-preview":"max-image-preview:large","max-video-preview":"max-video-preview:-1"},"canonical":"https:\/\/felgenforum.shop\/en\/product\/18-zoll-komplettraeder-gripmax-all-terrrain-fuer-citroen-jumper-camper-van\/","og_locale":"en_GB","og_type":"article","og_title":"18 Zoll Komplettr\u00e4der Gripmax All-Terrrain f\u00fcr Citroen Jumper Camper Van g\u00fcnstig kaufen - Felgenforum","og_description":"18 Zoll Komplettr\u00e4der Gripmax All-Terrrain f\u00fcr Citroen Jumper Camper Van online bestellen \u2794 Gepr\u00fcfte Qualit\u00e4t, Top Marken & schneller Versand \u2714 Jetzt sicher bei Felgenforum kaufen!","og_url":"https:\/\/felgenforum.shop\/en\/product\/18-zoll-komplettraeder-gripmax-all-terrrain-fuer-citroen-jumper-camper-van\/","og_site_name":"Felgenforum","article_modified_time":"2026-04-25T13:21:30+00:00","og_image":[{"width":1000,"height":1000,"url":"https:\/\/felgenforum.shop\/wp-content\/uploads\/2025\/12\/18-zoll-komplettraeder-gripmax-all-terrrain-fuer-citroen-jumper-camper-van-featured-1000px.webp","type":"image\/jpeg"}],"twitter_card":"summary_large_image","twitter_misc":{"Est. reading time":"1 minute"},"schema":{"@context":"https:\/\/schema.org","@graph":[{"@type":"WebPage","@id":"https:\/\/felgenforum.shop\/produkt\/18-zoll-komplettraeder-gripmax-all-terrrain-fuer-citroen-jumper-camper-van\/","url":"https:\/\/felgenforum.shop\/produkt\/18-zoll-komplettraeder-gripmax-all-terrrain-fuer-citroen-jumper-camper-van\/","name":"18 Zoll Komplettr\u00e4der Gripmax All-Terrrain f\u00fcr Citroen Jumper Camper Van g\u00fcnstig kaufen - Felgenforum","isPartOf":{"@id":"https:\/\/felgenforum.shop\/#website"},"primaryImageOfPage":{"@id":"https:\/\/felgenforum.shop\/produkt\/18-zoll-komplettraeder-gripmax-all-terrrain-fuer-citroen-jumper-camper-van\/#primaryimage"},"image":{"@id":"https:\/\/felgenforum.shop\/produkt\/18-zoll-komplettraeder-gripmax-all-terrrain-fuer-citroen-jumper-camper-van\/#primaryimage"},"thumbnailUrl":"https:\/\/felgenforum.shop\/wp-content\/uploads\/2025\/12\/18-zoll-komplettraeder-gripmax-all-terrrain-fuer-citroen-jumper-camper-van-featured-1000px.webp","datePublished":"2025-12-12T17:48:15+00:00","dateModified":"2026-04-25T13:21:30+00:00","description":"18 Zoll Komplettr\u00e4der Gripmax All-Terrrain f\u00fcr Citroen Jumper Camper Van online bestellen \u2794 Gepr\u00fcfte Qualit\u00e4t, Top Marken & schneller Versand \u2714 Jetzt sicher bei Felgenforum kaufen!","breadcrumb":{"@id":"https:\/\/felgenforum.shop\/produkt\/18-zoll-komplettraeder-gripmax-all-terrrain-fuer-citroen-jumper-camper-van\/#breadcrumb"},"inLanguage":"en-GB","potentialAction":[{"@type":"ReadAction","target":["https:\/\/felgenforum.shop\/produkt\/18-zoll-komplettraeder-gripmax-all-terrrain-fuer-citroen-jumper-camper-van\/"]}]},{"@type":"ImageObject","inLanguage":"en-GB","@id":"https:\/\/felgenforum.shop\/produkt\/18-zoll-komplettraeder-gripmax-all-terrrain-fuer-citroen-jumper-camper-van\/#primaryimage","url":"https:\/\/felgenforum.shop\/wp-content\/uploads\/2025\/12\/18-zoll-komplettraeder-gripmax-all-terrrain-fuer-citroen-jumper-camper-van-featured-1000px.webp","contentUrl":"https:\/\/felgenforum.shop\/wp-content\/uploads\/2025\/12\/18-zoll-komplettraeder-gripmax-all-terrrain-fuer-citroen-jumper-camper-van-featured-1000px.webp","width":1000,"height":1000},{"@type":"BreadcrumbList","@id":"https:\/\/felgenforum.shop\/produkt\/18-zoll-komplettraeder-gripmax-all-terrrain-fuer-citroen-jumper-camper-van\/#breadcrumb","itemListElement":[{"@type":"ListItem","position":1,"name":"Startseite","item":"https:\/\/felgenforum.shop\/"},{"@type":"ListItem","position":2,"name":"Shop","item":"https:\/\/felgenforum.shop\/shop\/"},{"@type":"ListItem","position":3,"name":"18 Zoll Komplettr\u00e4der Gripmax All-Terrrain f\u00fcr Citroen Jumper Camper Van"}]},{"@type":"WebSite","@id":"https:\/\/felgenforum.shop\/#website","url":"https:\/\/felgenforum.shop\/","name":"Rim forum","description":"","potentialAction":[{"@type":"SearchAction","target":{"@type":"EntryPoint","urlTemplate":"https:\/\/felgenforum.shop\/?s={search_term_string}"},"query-input":{"@type":"PropertyValueSpecification","valueRequired":true,"valueName":"search_term_string"}}],"inLanguage":"en-GB"}]}},"_links":{"self":[{"href":"https:\/\/felgenforum.shop\/en\/wp-json\/wp\/v2\/product\/159609","targetHints":{"allow":["GET"]}}],"collection":[{"href":"https:\/\/felgenforum.shop\/en\/wp-json\/wp\/v2\/product"}],"about":[{"href":"https:\/\/felgenforum.shop\/en\/wp-json\/wp\/v2\/types\/product"}],"replies":[{"embeddable":true,"href":"https:\/\/felgenforum.shop\/en\/wp-json\/wp\/v2\/comments?post=159609"}],"wp:featuredmedia":[{"embeddable":true,"href":"https:\/\/felgenforum.shop\/en\/wp-json\/wp\/v2\/media\/159610"}],"wp:attachment":[{"href":"https:\/\/felgenforum.shop\/en\/wp-json\/wp\/v2\/media?parent=159609"}],"wp:term":[{"taxonomy":"product_brand","embeddable":true,"href":"https:\/\/felgenforum.shop\/en\/wp-json\/wp\/v2\/product_brand?post=159609"},{"taxonomy":"product_cat","embeddable":true,"href":"https:\/\/felgenforum.shop\/en\/wp-json\/wp\/v2\/product_cat?post=159609"},{"taxonomy":"product_tag","embeddable":true,"href":"https:\/\/felgenforum.shop\/en\/wp-json\/wp\/v2\/product_tag?post=159609"}],"curies":[{"name":"wp","href":"https:\/\/api.w.org\/{rel}","templated":true}]}}