{"id":159262,"date":"2025-12-09T10:48:19","date_gmt":"2025-12-09T09:48:19","guid":{"rendered":"https:\/\/felgenforum.shop\/?post_type=product&#038;p=159262"},"modified":"2026-04-25T15:21:30","modified_gmt":"2026-04-25T13:21:30","slug":"19-zoll-komplettraeder-mam-gt-1-maxxis-allseason-225-40-r19-rdks-c-klasse-s205","status":"publish","type":"product","link":"https:\/\/felgenforum.shop\/en\/product\/19-zoll-komplettraeder-mam-gt-1-maxxis-allseason-225-40-r19-rdks-c-klasse-s205\/","title":{"rendered":"19-inch complete wheels MAM GT.1 Maxxis AllSeason 225\/40 R19 TPMS C-Class S205"},"content":{"rendered":"<h3>Welcome to an offer from Felgenforum.shop<\/h3>\n<p>In this offer we offer you a NEW set of MAM GT1 in black including ABE.<\/p>\n<p>NEW &amp; in original packaging.<\/p>\n<h3>Scope of delivery:<\/h3>\n<ul>\n<li>4 x MAM\u00a0Gt1\u00a08,5&#215;19 ET45 5&#215;112 schwarz Matt Hornpoliert<\/li>\n<li>4x Maxxis Premitra AllSeason AP3 XL 225\/40R19 93W<\/li>\n<li>4x TPMS (pre-programmed)<\/li>\n<li>Complete mounting hardware (if required according to the ABE)<\/li>\n<li>4x MAM hubcaps<\/li>\n<li>(Vehicle manufacturer&#039;s hubcap not included)<\/li>\n<li>1x Expert report (ABE)<\/li>\n<li>In most cases, the rims do not require registration. If you have any questions about fitment or registration requirements, our experienced team will be happy to assist you :).<\/li>\n<li>Please be sure to specify your vehicle after purchase.<\/li>\n<li>We offer this model in many other sizes and colors; please contact us if you have any other requests.<\/li>\n<\/ul>\n<h3>&gt;&gt;&gt;Complete wheels<\/h3>\n<h3>We are happy to offer you the desired rims as ready-to-install complete wheels with a tire of your choice.<\/h3>\n<p>Feel free to send us a non-binding inquiry :).<\/p>\n<p>The rims are the correct size for the following vehicles:<\/p>\n<h3>Mercedes Benz<\/h3>\n<ul>\n<li>C-Class W204 W205 all body styles<\/li>\n<\/ul>","protected":false},"excerpt":{"rendered":"<p>Ein Satz (4 St\u00fcck) hochwertige Marken-Alufelgen, Modell GT1, in der Gr\u00f6\u00dfe 8,5&#215;19 Zoll, Lochkreis 112 mit 5 Loch. Professionell gepr\u00fcft und versandfertig verpackt.<\/p>","protected":false},"featured_media":159264,"comment_status":"open","ping_status":"closed","template":"","meta":[],"product_brand":[],"product_cat":[1202],"product_tag":[],"class_list":{"0":"post-159262","1":"product","2":"type-product","3":"status-publish","4":"has-post-thumbnail","6":"product_cat-other","7":"product_shipping_class-komplettrad","8":"pa_anzahl-der-einheiten-1484","9":"pa_deckel-ja-von-mam","10":"pa_einpresstiefe-et-1508","11":"pa_farbe-black-matt","12":"pa_felgenbreite-8-5","13":"pa_felgendesign-multi-speichen-felge","14":"pa_felgenfarbe-schwarz","15":"pa_felgenmaterial-aluminium","16":"pa_felgenmodell-gt1","17":"pa_hersteller-mam","18":"pa_herstellergarantie-ja-zwei-jahre","19":"pa_herstellernummer-mamgt18519510011245mblp","20":"pa_lochkreis-1439","21":"pa_lochzahl-1447","22":"pa_maximale-traglast-1687","23":"pa_mit-deckel-ja-nein-ja-von-damina","24":"pa_modell-gt1","25":"pa_produktart-kreuzspeiche","26":"pa_ursprungsland-deutschland","27":"pa_zollgroesse-1448","29":"first","30":"instock","31":"sale","32":"taxable","33":"shipping-taxable","34":"purchasable","35":"product-type-simple"},"yoast_head":"<title>19 Zoll Komplettr\u00e4der MAM GT.1 Maxxis AllSeason 225\/40 R19 RDKS C Klasse S205 g\u00fcnstig kaufen - Felgenforum<\/title>\n<meta name=\"description\" content=\"19 Zoll Komplettr\u00e4der MAM GT.1 Maxxis AllSeason 225\/40 R19 RDKS C Klasse S205 online bestellen \u2794 Gepr\u00fcfte Qualit\u00e4t, Top Marken &amp; schneller Versand \u2714 Jetzt sicher bei Felgenforum kaufen!\" \/>\n<meta name=\"robots\" content=\"index, follow, max-snippet:-1, max-image-preview:large, max-video-preview:-1\" \/>\n<link rel=\"canonical\" href=\"https:\/\/felgenforum.shop\/en\/product\/19-zoll-komplettraeder-mam-gt-1-maxxis-allseason-225-40-r19-rdks-c-klasse-s205\/\" \/>\n<meta property=\"og:locale\" content=\"en_GB\" \/>\n<meta property=\"og:type\" content=\"article\" \/>\n<meta property=\"og:title\" content=\"19 Zoll Komplettr\u00e4der MAM GT.1 Maxxis AllSeason 225\/40 R19 RDKS C Klasse S205 g\u00fcnstig kaufen - Felgenforum\" \/>\n<meta property=\"og:description\" content=\"19 Zoll Komplettr\u00e4der MAM GT.1 Maxxis AllSeason 225\/40 R19 RDKS C Klasse S205 online bestellen \u2794 Gepr\u00fcfte Qualit\u00e4t, Top Marken &amp; schneller Versand \u2714 Jetzt sicher bei Felgenforum kaufen!\" \/>\n<meta property=\"og:url\" content=\"https:\/\/felgenforum.shop\/en\/product\/19-zoll-komplettraeder-mam-gt-1-maxxis-allseason-225-40-r19-rdks-c-klasse-s205\/\" \/>\n<meta property=\"og:site_name\" content=\"Felgenforum\" \/>\n<meta property=\"article:modified_time\" content=\"2026-04-25T13:21:30+00:00\" \/>\n<meta property=\"og:image\" content=\"https:\/\/felgenforum.shop\/wp-content\/uploads\/2025\/12\/19-zoll-komplettraeder-mam-gt-1-maxxis-allseason-225-40-r19-rdks-c-klasse-s205-featured-1000px.webp\" \/>\n\t<meta property=\"og:image:width\" content=\"1000\" \/>\n\t<meta property=\"og:image:height\" content=\"1000\" \/>\n\t<meta property=\"og:image:type\" content=\"image\/jpeg\" \/>\n<meta name=\"twitter:card\" content=\"summary_large_image\" \/>\n<meta name=\"twitter:label1\" content=\"Est. reading time\" \/>\n\t<meta name=\"twitter:data1\" content=\"1 minute\" \/>\n<script type=\"application\/ld+json\" class=\"yoast-schema-graph\">{\"@context\":\"https:\\\/\\\/schema.org\",\"@graph\":[{\"@type\":\"WebPage\",\"@id\":\"https:\\\/\\\/felgenforum.shop\\\/produkt\\\/19-zoll-komplettraeder-mam-gt-1-maxxis-allseason-225-40-r19-rdks-c-klasse-s205\\\/\",\"url\":\"https:\\\/\\\/felgenforum.shop\\\/produkt\\\/19-zoll-komplettraeder-mam-gt-1-maxxis-allseason-225-40-r19-rdks-c-klasse-s205\\\/\",\"name\":\"19 Zoll Komplettr\u00e4der MAM GT.1 Maxxis AllSeason 225\\\/40 R19 RDKS C Klasse S205 g\u00fcnstig kaufen - Felgenforum\",\"isPartOf\":{\"@id\":\"https:\\\/\\\/felgenforum.shop\\\/#website\"},\"primaryImageOfPage\":{\"@id\":\"https:\\\/\\\/felgenforum.shop\\\/produkt\\\/19-zoll-komplettraeder-mam-gt-1-maxxis-allseason-225-40-r19-rdks-c-klasse-s205\\\/#primaryimage\"},\"image\":{\"@id\":\"https:\\\/\\\/felgenforum.shop\\\/produkt\\\/19-zoll-komplettraeder-mam-gt-1-maxxis-allseason-225-40-r19-rdks-c-klasse-s205\\\/#primaryimage\"},\"thumbnailUrl\":\"https:\\\/\\\/felgenforum.shop\\\/wp-content\\\/uploads\\\/2025\\\/12\\\/19-zoll-komplettraeder-mam-gt-1-maxxis-allseason-225-40-r19-rdks-c-klasse-s205-featured-1000px.webp\",\"datePublished\":\"2025-12-09T09:48:19+00:00\",\"dateModified\":\"2026-04-25T13:21:30+00:00\",\"description\":\"19 Zoll Komplettr\u00e4der MAM GT.1 Maxxis AllSeason 225\\\/40 R19 RDKS C Klasse S205 online bestellen \u2794 Gepr\u00fcfte Qualit\u00e4t, Top Marken & schneller Versand \u2714 Jetzt sicher bei Felgenforum kaufen!\",\"breadcrumb\":{\"@id\":\"https:\\\/\\\/felgenforum.shop\\\/produkt\\\/19-zoll-komplettraeder-mam-gt-1-maxxis-allseason-225-40-r19-rdks-c-klasse-s205\\\/#breadcrumb\"},\"inLanguage\":\"en-GB\",\"potentialAction\":[{\"@type\":\"ReadAction\",\"target\":[\"https:\\\/\\\/felgenforum.shop\\\/produkt\\\/19-zoll-komplettraeder-mam-gt-1-maxxis-allseason-225-40-r19-rdks-c-klasse-s205\\\/\"]}]},{\"@type\":\"ImageObject\",\"inLanguage\":\"en-GB\",\"@id\":\"https:\\\/\\\/felgenforum.shop\\\/produkt\\\/19-zoll-komplettraeder-mam-gt-1-maxxis-allseason-225-40-r19-rdks-c-klasse-s205\\\/#primaryimage\",\"url\":\"https:\\\/\\\/felgenforum.shop\\\/wp-content\\\/uploads\\\/2025\\\/12\\\/19-zoll-komplettraeder-mam-gt-1-maxxis-allseason-225-40-r19-rdks-c-klasse-s205-featured-1000px.webp\",\"contentUrl\":\"https:\\\/\\\/felgenforum.shop\\\/wp-content\\\/uploads\\\/2025\\\/12\\\/19-zoll-komplettraeder-mam-gt-1-maxxis-allseason-225-40-r19-rdks-c-klasse-s205-featured-1000px.webp\",\"width\":1000,\"height\":1000},{\"@type\":\"BreadcrumbList\",\"@id\":\"https:\\\/\\\/felgenforum.shop\\\/produkt\\\/19-zoll-komplettraeder-mam-gt-1-maxxis-allseason-225-40-r19-rdks-c-klasse-s205\\\/#breadcrumb\",\"itemListElement\":[{\"@type\":\"ListItem\",\"position\":1,\"name\":\"Startseite\",\"item\":\"https:\\\/\\\/felgenforum.shop\\\/\"},{\"@type\":\"ListItem\",\"position\":2,\"name\":\"Shop\",\"item\":\"https:\\\/\\\/felgenforum.shop\\\/shop\\\/\"},{\"@type\":\"ListItem\",\"position\":3,\"name\":\"19 Zoll Komplettr\u00e4der MAM GT.1 Maxxis AllSeason 225\\\/40 R19 RDKS C Klasse S205\"}]},{\"@type\":\"WebSite\",\"@id\":\"https:\\\/\\\/felgenforum.shop\\\/#website\",\"url\":\"https:\\\/\\\/felgenforum.shop\\\/\",\"name\":\"Felgenforum\",\"description\":\"\",\"potentialAction\":[{\"@type\":\"SearchAction\",\"target\":{\"@type\":\"EntryPoint\",\"urlTemplate\":\"https:\\\/\\\/felgenforum.shop\\\/?s={search_term_string}\"},\"query-input\":{\"@type\":\"PropertyValueSpecification\",\"valueRequired\":true,\"valueName\":\"search_term_string\"}}],\"inLanguage\":\"en-GB\"}]}<\/script>","yoast_head_json":{"title":"19 Zoll Komplettr\u00e4der MAM GT.1 Maxxis AllSeason 225\/40 R19 RDKS C Klasse S205 g\u00fcnstig kaufen - Felgenforum","description":"19 Zoll Komplettr\u00e4der MAM GT.1 Maxxis AllSeason 225\/40 R19 RDKS C Klasse S205 online bestellen \u2794 Gepr\u00fcfte Qualit\u00e4t, Top Marken & schneller Versand \u2714 Jetzt sicher bei Felgenforum kaufen!","robots":{"index":"index","follow":"follow","max-snippet":"max-snippet:-1","max-image-preview":"max-image-preview:large","max-video-preview":"max-video-preview:-1"},"canonical":"https:\/\/felgenforum.shop\/en\/product\/19-zoll-komplettraeder-mam-gt-1-maxxis-allseason-225-40-r19-rdks-c-klasse-s205\/","og_locale":"en_GB","og_type":"article","og_title":"19 Zoll Komplettr\u00e4der MAM GT.1 Maxxis AllSeason 225\/40 R19 RDKS C Klasse S205 g\u00fcnstig kaufen - Felgenforum","og_description":"19 Zoll Komplettr\u00e4der MAM GT.1 Maxxis AllSeason 225\/40 R19 RDKS C Klasse S205 online bestellen \u2794 Gepr\u00fcfte Qualit\u00e4t, Top Marken & schneller Versand \u2714 Jetzt sicher bei Felgenforum kaufen!","og_url":"https:\/\/felgenforum.shop\/en\/product\/19-zoll-komplettraeder-mam-gt-1-maxxis-allseason-225-40-r19-rdks-c-klasse-s205\/","og_site_name":"Felgenforum","article_modified_time":"2026-04-25T13:21:30+00:00","og_image":[{"width":1000,"height":1000,"url":"https:\/\/felgenforum.shop\/wp-content\/uploads\/2025\/12\/19-zoll-komplettraeder-mam-gt-1-maxxis-allseason-225-40-r19-rdks-c-klasse-s205-featured-1000px.webp","type":"image\/jpeg"}],"twitter_card":"summary_large_image","twitter_misc":{"Est. reading time":"1 minute"},"schema":{"@context":"https:\/\/schema.org","@graph":[{"@type":"WebPage","@id":"https:\/\/felgenforum.shop\/produkt\/19-zoll-komplettraeder-mam-gt-1-maxxis-allseason-225-40-r19-rdks-c-klasse-s205\/","url":"https:\/\/felgenforum.shop\/produkt\/19-zoll-komplettraeder-mam-gt-1-maxxis-allseason-225-40-r19-rdks-c-klasse-s205\/","name":"19 Zoll Komplettr\u00e4der MAM GT.1 Maxxis AllSeason 225\/40 R19 RDKS C Klasse S205 g\u00fcnstig kaufen - Felgenforum","isPartOf":{"@id":"https:\/\/felgenforum.shop\/#website"},"primaryImageOfPage":{"@id":"https:\/\/felgenforum.shop\/produkt\/19-zoll-komplettraeder-mam-gt-1-maxxis-allseason-225-40-r19-rdks-c-klasse-s205\/#primaryimage"},"image":{"@id":"https:\/\/felgenforum.shop\/produkt\/19-zoll-komplettraeder-mam-gt-1-maxxis-allseason-225-40-r19-rdks-c-klasse-s205\/#primaryimage"},"thumbnailUrl":"https:\/\/felgenforum.shop\/wp-content\/uploads\/2025\/12\/19-zoll-komplettraeder-mam-gt-1-maxxis-allseason-225-40-r19-rdks-c-klasse-s205-featured-1000px.webp","datePublished":"2025-12-09T09:48:19+00:00","dateModified":"2026-04-25T13:21:30+00:00","description":"19 Zoll Komplettr\u00e4der MAM GT.1 Maxxis AllSeason 225\/40 R19 RDKS C Klasse S205 online bestellen \u2794 Gepr\u00fcfte Qualit\u00e4t, Top Marken & schneller Versand \u2714 Jetzt sicher bei Felgenforum kaufen!","breadcrumb":{"@id":"https:\/\/felgenforum.shop\/produkt\/19-zoll-komplettraeder-mam-gt-1-maxxis-allseason-225-40-r19-rdks-c-klasse-s205\/#breadcrumb"},"inLanguage":"en-GB","potentialAction":[{"@type":"ReadAction","target":["https:\/\/felgenforum.shop\/produkt\/19-zoll-komplettraeder-mam-gt-1-maxxis-allseason-225-40-r19-rdks-c-klasse-s205\/"]}]},{"@type":"ImageObject","inLanguage":"en-GB","@id":"https:\/\/felgenforum.shop\/produkt\/19-zoll-komplettraeder-mam-gt-1-maxxis-allseason-225-40-r19-rdks-c-klasse-s205\/#primaryimage","url":"https:\/\/felgenforum.shop\/wp-content\/uploads\/2025\/12\/19-zoll-komplettraeder-mam-gt-1-maxxis-allseason-225-40-r19-rdks-c-klasse-s205-featured-1000px.webp","contentUrl":"https:\/\/felgenforum.shop\/wp-content\/uploads\/2025\/12\/19-zoll-komplettraeder-mam-gt-1-maxxis-allseason-225-40-r19-rdks-c-klasse-s205-featured-1000px.webp","width":1000,"height":1000},{"@type":"BreadcrumbList","@id":"https:\/\/felgenforum.shop\/produkt\/19-zoll-komplettraeder-mam-gt-1-maxxis-allseason-225-40-r19-rdks-c-klasse-s205\/#breadcrumb","itemListElement":[{"@type":"ListItem","position":1,"name":"Startseite","item":"https:\/\/felgenforum.shop\/"},{"@type":"ListItem","position":2,"name":"Shop","item":"https:\/\/felgenforum.shop\/shop\/"},{"@type":"ListItem","position":3,"name":"19 Zoll Komplettr\u00e4der MAM GT.1 Maxxis AllSeason 225\/40 R19 RDKS C Klasse S205"}]},{"@type":"WebSite","@id":"https:\/\/felgenforum.shop\/#website","url":"https:\/\/felgenforum.shop\/","name":"Rim forum","description":"","potentialAction":[{"@type":"SearchAction","target":{"@type":"EntryPoint","urlTemplate":"https:\/\/felgenforum.shop\/?s={search_term_string}"},"query-input":{"@type":"PropertyValueSpecification","valueRequired":true,"valueName":"search_term_string"}}],"inLanguage":"en-GB"}]}},"_links":{"self":[{"href":"https:\/\/felgenforum.shop\/en\/wp-json\/wp\/v2\/product\/159262","targetHints":{"allow":["GET"]}}],"collection":[{"href":"https:\/\/felgenforum.shop\/en\/wp-json\/wp\/v2\/product"}],"about":[{"href":"https:\/\/felgenforum.shop\/en\/wp-json\/wp\/v2\/types\/product"}],"replies":[{"embeddable":true,"href":"https:\/\/felgenforum.shop\/en\/wp-json\/wp\/v2\/comments?post=159262"}],"wp:featuredmedia":[{"embeddable":true,"href":"https:\/\/felgenforum.shop\/en\/wp-json\/wp\/v2\/media\/159264"}],"wp:attachment":[{"href":"https:\/\/felgenforum.shop\/en\/wp-json\/wp\/v2\/media?parent=159262"}],"wp:term":[{"taxonomy":"product_brand","embeddable":true,"href":"https:\/\/felgenforum.shop\/en\/wp-json\/wp\/v2\/product_brand?post=159262"},{"taxonomy":"product_cat","embeddable":true,"href":"https:\/\/felgenforum.shop\/en\/wp-json\/wp\/v2\/product_cat?post=159262"},{"taxonomy":"product_tag","embeddable":true,"href":"https:\/\/felgenforum.shop\/en\/wp-json\/wp\/v2\/product_tag?post=159262"}],"curies":[{"name":"wp","href":"https:\/\/api.w.org\/{rel}","templated":true}]}}