{"id":151581,"date":"2025-10-29T12:48:20","date_gmt":"2025-10-29T11:48:20","guid":{"rendered":"https:\/\/felgenforum.shop\/?post_type=product&#038;p=151581"},"modified":"2026-04-25T15:20:26","modified_gmt":"2026-04-25T13:20:26","slug":"20-zoll-ff01-4x-winterkomplettraeder-hankook-grau-matt-fuer-bmw-x3-g01-g3x","status":"publish","type":"product","link":"https:\/\/felgenforum.shop\/en\/product\/20-zoll-ff01-4x-winterkomplettraeder-hankook-grau-matt-fuer-bmw-x3-g01-g3x\/","title":{"rendered":"20-inch FF01 4x complete winter wheels Hankook matte grey for BMW X3 G01 G3X"},"content":{"rendered":"<h3>Welcome to an offer from Felgenforum.shop<\/h3>\n<p>In this offer we offer you a NEW set of FF-Wheels FF01 alloy wheels in matte grey including ABE.<\/p>\n<p>NEW &amp; in original packaging.<\/p>\n<h3>Scope of delivery:<\/h3>\n<ul>\n<li>4 x\u00a0FF-Wheels FF01\u00a08,5&#215;20 ET35 5&#215;112 grau matt<\/li>\n<li>Complete mounting hardware (if required according to the ABE)<\/li>\n<li>4x Hankook Winter i*cept EVO3 W330 XL 255\/40 R20 101W winter tires<\/li>\n<li>4x Hubcaps FF-Wheels FF01<\/li>\n<li>(Vehicle manufacturer&#039;s hubcap not included)<\/li>\n<li>1x Expert report (ABE)<\/li>\n<li>In most cases, the rims do not require registration. If you have any questions about fitment or registration requirements, our experienced team will be happy to assist you :).<\/li>\n<li>Please be sure to specify your vehicle after purchase.<\/li>\n<li>We offer this model in many other sizes and colors; please contact us if you have any other requests.<\/li>\n<\/ul>\n<h3>&gt;&gt;&gt;Complete wheels<\/h3>\n<h3>We are happy to offer you the desired rims as ready-to-install complete wheels with a tire of your choice.<\/h3>\n<p>Feel free to send us a non-binding inquiry :).<\/p>\n<p>The rims are the correct size for the following vehicles:<\/p>\n<h3>BMW<\/h3>\n<ul>\n<li>X3 G01<\/li>\n<\/ul>","protected":false},"excerpt":{"rendered":"<p>A set (4 pieces) of ready-to-drive FF Wheels complete wheels, professionally mounted and balanced.<\/p>\n<p><strong>Rim details:<\/strong> 255&#215;20 Zoll, Lochkreis 112 mm.<br \/><strong>Tire details:<\/strong> Hankook .<\/p>","protected":false},"featured_media":151589,"comment_status":"open","ping_status":"closed","template":"","meta":[],"product_brand":[],"product_cat":[1510,1509,1204],"product_tag":[],"class_list":{"0":"post-151581","1":"product","2":"type-product","3":"status-publish","4":"has-post-thumbnail","6":"product_cat-19-zoll-winterraeder-audi-audi-komplettraeder-winter","7":"product_cat-audi-komplettraeder-winter","8":"product_cat-komplettraeder-winter","9":"product_shipping_class-komplettrad","10":"pa_anzahl-der-komplettraeder-1433","11":"pa_einpresstiefe-et-1460","12":"pa_eisgriffigkeit-ja","13":"pa_fahrzeugmarke-bmw","14":"pa_felgenaufbau-einteilig-gegossen","15":"pa_felgendesign-10-speichen","16":"pa_felgenfarbe-grau","17":"pa_felgenhersteller-ff-wheels","18":"pa_felgenmaterial-aluminium","19":"pa_felgenmodell-ff01","20":"pa_geschwindigkeitsindex-w-bis-270-km-h","21":"pa_herstellernummer-felge-1642","22":"pa_lochkreis-1439","23":"pa_lochzahl-1447","24":"pa_reifenbreite-1453","25":"pa_reifendurchmesser-1594","26":"pa_reifenhersteller-hankook","27":"pa_reifenquerschnitt-1571","28":"pa_reifenspezifikation-winterreifen","29":"pa_tragfaehigkeitsindex-101-max-825-kg-je-reifen","30":"pa_zollgroesse-1499","32":"first","33":"instock","34":"sale","35":"taxable","36":"shipping-taxable","37":"purchasable","38":"product-type-simple"},"yoast_head":"<title>20 Zoll FF01 4x Winterkomplettr\u00e4der Hankook grau matt f\u00fcr BMW X3 G01 G3X g\u00fcnstig kaufen - Felgenforum<\/title>\n<meta name=\"description\" content=\"20 Zoll FF01 4x Winterkomplettr\u00e4der Hankook grau matt f\u00fcr BMW X3 G01 G3X online bestellen \u2794 Gepr\u00fcfte Qualit\u00e4t, Top Marken &amp; schneller Versand \u2714 Jetzt sicher bei Felgenforum kaufen!\" \/>\n<meta name=\"robots\" content=\"index, follow, max-snippet:-1, max-image-preview:large, max-video-preview:-1\" \/>\n<link rel=\"canonical\" href=\"https:\/\/felgenforum.shop\/en\/product\/20-zoll-ff01-4x-winterkomplettraeder-hankook-grau-matt-fuer-bmw-x3-g01-g3x\/\" \/>\n<meta property=\"og:locale\" content=\"en_GB\" \/>\n<meta property=\"og:type\" content=\"article\" \/>\n<meta property=\"og:title\" content=\"20 Zoll FF01 4x Winterkomplettr\u00e4der Hankook grau matt f\u00fcr BMW X3 G01 G3X g\u00fcnstig kaufen - Felgenforum\" \/>\n<meta property=\"og:description\" content=\"20 Zoll FF01 4x Winterkomplettr\u00e4der Hankook grau matt f\u00fcr BMW X3 G01 G3X online bestellen \u2794 Gepr\u00fcfte Qualit\u00e4t, Top Marken &amp; schneller Versand \u2714 Jetzt sicher bei Felgenforum kaufen!\" \/>\n<meta property=\"og:url\" content=\"https:\/\/felgenforum.shop\/en\/product\/20-zoll-ff01-4x-winterkomplettraeder-hankook-grau-matt-fuer-bmw-x3-g01-g3x\/\" \/>\n<meta property=\"og:site_name\" content=\"Felgenforum\" \/>\n<meta property=\"article:modified_time\" content=\"2026-04-25T13:20:26+00:00\" \/>\n<meta property=\"og:image\" content=\"https:\/\/felgenforum.shop\/wp-content\/uploads\/2025\/10\/20-zoll-ff01-4x-winterkomplettraeder-hankook-grau-matt-fuer-bmw-x3-g01-g3x-featured-1000px.jpg\" \/>\n\t<meta property=\"og:image:width\" content=\"1000\" \/>\n\t<meta property=\"og:image:height\" content=\"1000\" \/>\n\t<meta property=\"og:image:type\" content=\"image\/jpeg\" \/>\n<meta name=\"twitter:card\" content=\"summary_large_image\" \/>\n<meta name=\"twitter:label1\" content=\"Est. reading time\" \/>\n\t<meta name=\"twitter:data1\" content=\"1 minute\" \/>\n<script type=\"application\/ld+json\" class=\"yoast-schema-graph\">{\"@context\":\"https:\\\/\\\/schema.org\",\"@graph\":[{\"@type\":\"WebPage\",\"@id\":\"https:\\\/\\\/felgenforum.shop\\\/en\\\/product\\\/20-zoll-ff01-4x-winterkomplettraeder-hankook-grau-matt-fuer-bmw-x3-g01-g3x\\\/\",\"url\":\"https:\\\/\\\/felgenforum.shop\\\/en\\\/product\\\/20-zoll-ff01-4x-winterkomplettraeder-hankook-grau-matt-fuer-bmw-x3-g01-g3x\\\/\",\"name\":\"20 Zoll FF01 4x Winterkomplettr\u00e4der Hankook grau matt f\u00fcr BMW X3 G01 G3X g\u00fcnstig kaufen - Felgenforum\",\"isPartOf\":{\"@id\":\"https:\\\/\\\/felgenforum.shop\\\/#website\"},\"primaryImageOfPage\":{\"@id\":\"https:\\\/\\\/felgenforum.shop\\\/en\\\/product\\\/20-zoll-ff01-4x-winterkomplettraeder-hankook-grau-matt-fuer-bmw-x3-g01-g3x\\\/#primaryimage\"},\"image\":{\"@id\":\"https:\\\/\\\/felgenforum.shop\\\/en\\\/product\\\/20-zoll-ff01-4x-winterkomplettraeder-hankook-grau-matt-fuer-bmw-x3-g01-g3x\\\/#primaryimage\"},\"thumbnailUrl\":\"https:\\\/\\\/felgenforum.shop\\\/wp-content\\\/uploads\\\/2025\\\/10\\\/20-zoll-ff01-4x-winterkomplettraeder-hankook-grau-matt-fuer-bmw-x3-g01-g3x-featured-1000px.webp\",\"datePublished\":\"2025-10-29T11:48:20+00:00\",\"dateModified\":\"2026-04-25T13:20:26+00:00\",\"description\":\"20 Zoll FF01 4x Winterkomplettr\u00e4der Hankook grau matt f\u00fcr BMW X3 G01 G3X online bestellen \u2794 Gepr\u00fcfte Qualit\u00e4t, Top Marken & schneller Versand \u2714 Jetzt sicher bei Felgenforum kaufen!\",\"breadcrumb\":{\"@id\":\"https:\\\/\\\/felgenforum.shop\\\/en\\\/product\\\/20-zoll-ff01-4x-winterkomplettraeder-hankook-grau-matt-fuer-bmw-x3-g01-g3x\\\/#breadcrumb\"},\"inLanguage\":\"en-GB\",\"potentialAction\":[{\"@type\":\"ReadAction\",\"target\":[\"https:\\\/\\\/felgenforum.shop\\\/en\\\/product\\\/20-zoll-ff01-4x-winterkomplettraeder-hankook-grau-matt-fuer-bmw-x3-g01-g3x\\\/\"]}]},{\"@type\":\"ImageObject\",\"inLanguage\":\"en-GB\",\"@id\":\"https:\\\/\\\/felgenforum.shop\\\/en\\\/product\\\/20-zoll-ff01-4x-winterkomplettraeder-hankook-grau-matt-fuer-bmw-x3-g01-g3x\\\/#primaryimage\",\"url\":\"https:\\\/\\\/felgenforum.shop\\\/wp-content\\\/uploads\\\/2025\\\/10\\\/20-zoll-ff01-4x-winterkomplettraeder-hankook-grau-matt-fuer-bmw-x3-g01-g3x-featured-1000px.webp\",\"contentUrl\":\"https:\\\/\\\/felgenforum.shop\\\/wp-content\\\/uploads\\\/2025\\\/10\\\/20-zoll-ff01-4x-winterkomplettraeder-hankook-grau-matt-fuer-bmw-x3-g01-g3x-featured-1000px.webp\",\"width\":1000,\"height\":1000},{\"@type\":\"BreadcrumbList\",\"@id\":\"https:\\\/\\\/felgenforum.shop\\\/en\\\/product\\\/20-zoll-ff01-4x-winterkomplettraeder-hankook-grau-matt-fuer-bmw-x3-g01-g3x\\\/#breadcrumb\",\"itemListElement\":[{\"@type\":\"ListItem\",\"position\":1,\"name\":\"Startseite\",\"item\":\"https:\\\/\\\/felgenforum.shop\\\/\"},{\"@type\":\"ListItem\",\"position\":2,\"name\":\"Shop\",\"item\":\"https:\\\/\\\/felgenforum.shop\\\/shop\\\/\"},{\"@type\":\"ListItem\",\"position\":3,\"name\":\"20 Zoll FF01 4x Winterkomplettr\u00e4der Hankook grau matt f\u00fcr BMW X3 G01 G3X\"}]},{\"@type\":\"WebSite\",\"@id\":\"https:\\\/\\\/felgenforum.shop\\\/#website\",\"url\":\"https:\\\/\\\/felgenforum.shop\\\/\",\"name\":\"Felgenforum\",\"description\":\"\",\"potentialAction\":[{\"@type\":\"SearchAction\",\"target\":{\"@type\":\"EntryPoint\",\"urlTemplate\":\"https:\\\/\\\/felgenforum.shop\\\/?s={search_term_string}\"},\"query-input\":{\"@type\":\"PropertyValueSpecification\",\"valueRequired\":true,\"valueName\":\"search_term_string\"}}],\"inLanguage\":\"en-GB\"}]}<\/script>","yoast_head_json":{"title":"20 Zoll FF01 4x Winterkomplettr\u00e4der Hankook grau matt f\u00fcr BMW X3 G01 G3X g\u00fcnstig kaufen - Felgenforum","description":"20 Zoll FF01 4x Winterkomplettr\u00e4der Hankook grau matt f\u00fcr BMW X3 G01 G3X online bestellen \u2794 Gepr\u00fcfte Qualit\u00e4t, Top Marken & schneller Versand \u2714 Jetzt sicher bei Felgenforum kaufen!","robots":{"index":"index","follow":"follow","max-snippet":"max-snippet:-1","max-image-preview":"max-image-preview:large","max-video-preview":"max-video-preview:-1"},"canonical":"https:\/\/felgenforum.shop\/en\/product\/20-zoll-ff01-4x-winterkomplettraeder-hankook-grau-matt-fuer-bmw-x3-g01-g3x\/","og_locale":"en_GB","og_type":"article","og_title":"20 Zoll FF01 4x Winterkomplettr\u00e4der Hankook grau matt f\u00fcr BMW X3 G01 G3X g\u00fcnstig kaufen - Felgenforum","og_description":"20 Zoll FF01 4x Winterkomplettr\u00e4der Hankook grau matt f\u00fcr BMW X3 G01 G3X online bestellen \u2794 Gepr\u00fcfte Qualit\u00e4t, Top Marken & schneller Versand \u2714 Jetzt sicher bei Felgenforum kaufen!","og_url":"https:\/\/felgenforum.shop\/en\/product\/20-zoll-ff01-4x-winterkomplettraeder-hankook-grau-matt-fuer-bmw-x3-g01-g3x\/","og_site_name":"Felgenforum","article_modified_time":"2026-04-25T13:20:26+00:00","og_image":[{"width":1000,"height":1000,"url":"https:\/\/felgenforum.shop\/wp-content\/uploads\/2025\/10\/20-zoll-ff01-4x-winterkomplettraeder-hankook-grau-matt-fuer-bmw-x3-g01-g3x-featured-1000px.jpg","type":"image\/jpeg"}],"twitter_card":"summary_large_image","twitter_misc":{"Est. reading time":"1 minute"},"schema":{"@context":"https:\/\/schema.org","@graph":[{"@type":"WebPage","@id":"https:\/\/felgenforum.shop\/en\/product\/20-zoll-ff01-4x-winterkomplettraeder-hankook-grau-matt-fuer-bmw-x3-g01-g3x\/","url":"https:\/\/felgenforum.shop\/en\/product\/20-zoll-ff01-4x-winterkomplettraeder-hankook-grau-matt-fuer-bmw-x3-g01-g3x\/","name":"20 Zoll FF01 4x Winterkomplettr\u00e4der Hankook grau matt f\u00fcr BMW X3 G01 G3X g\u00fcnstig kaufen - Felgenforum","isPartOf":{"@id":"https:\/\/felgenforum.shop\/#website"},"primaryImageOfPage":{"@id":"https:\/\/felgenforum.shop\/en\/product\/20-zoll-ff01-4x-winterkomplettraeder-hankook-grau-matt-fuer-bmw-x3-g01-g3x\/#primaryimage"},"image":{"@id":"https:\/\/felgenforum.shop\/en\/product\/20-zoll-ff01-4x-winterkomplettraeder-hankook-grau-matt-fuer-bmw-x3-g01-g3x\/#primaryimage"},"thumbnailUrl":"https:\/\/felgenforum.shop\/wp-content\/uploads\/2025\/10\/20-zoll-ff01-4x-winterkomplettraeder-hankook-grau-matt-fuer-bmw-x3-g01-g3x-featured-1000px.webp","datePublished":"2025-10-29T11:48:20+00:00","dateModified":"2026-04-25T13:20:26+00:00","description":"20 Zoll FF01 4x Winterkomplettr\u00e4der Hankook grau matt f\u00fcr BMW X3 G01 G3X online bestellen \u2794 Gepr\u00fcfte Qualit\u00e4t, Top Marken & schneller Versand \u2714 Jetzt sicher bei Felgenforum kaufen!","breadcrumb":{"@id":"https:\/\/felgenforum.shop\/en\/product\/20-zoll-ff01-4x-winterkomplettraeder-hankook-grau-matt-fuer-bmw-x3-g01-g3x\/#breadcrumb"},"inLanguage":"en-GB","potentialAction":[{"@type":"ReadAction","target":["https:\/\/felgenforum.shop\/en\/product\/20-zoll-ff01-4x-winterkomplettraeder-hankook-grau-matt-fuer-bmw-x3-g01-g3x\/"]}]},{"@type":"ImageObject","inLanguage":"en-GB","@id":"https:\/\/felgenforum.shop\/en\/product\/20-zoll-ff01-4x-winterkomplettraeder-hankook-grau-matt-fuer-bmw-x3-g01-g3x\/#primaryimage","url":"https:\/\/felgenforum.shop\/wp-content\/uploads\/2025\/10\/20-zoll-ff01-4x-winterkomplettraeder-hankook-grau-matt-fuer-bmw-x3-g01-g3x-featured-1000px.webp","contentUrl":"https:\/\/felgenforum.shop\/wp-content\/uploads\/2025\/10\/20-zoll-ff01-4x-winterkomplettraeder-hankook-grau-matt-fuer-bmw-x3-g01-g3x-featured-1000px.webp","width":1000,"height":1000},{"@type":"BreadcrumbList","@id":"https:\/\/felgenforum.shop\/en\/product\/20-zoll-ff01-4x-winterkomplettraeder-hankook-grau-matt-fuer-bmw-x3-g01-g3x\/#breadcrumb","itemListElement":[{"@type":"ListItem","position":1,"name":"Startseite","item":"https:\/\/felgenforum.shop\/"},{"@type":"ListItem","position":2,"name":"Shop","item":"https:\/\/felgenforum.shop\/shop\/"},{"@type":"ListItem","position":3,"name":"20 Zoll FF01 4x Winterkomplettr\u00e4der Hankook grau matt f\u00fcr BMW X3 G01 G3X"}]},{"@type":"WebSite","@id":"https:\/\/felgenforum.shop\/#website","url":"https:\/\/felgenforum.shop\/","name":"Rim forum","description":"","potentialAction":[{"@type":"SearchAction","target":{"@type":"EntryPoint","urlTemplate":"https:\/\/felgenforum.shop\/?s={search_term_string}"},"query-input":{"@type":"PropertyValueSpecification","valueRequired":true,"valueName":"search_term_string"}}],"inLanguage":"en-GB"}]}},"_links":{"self":[{"href":"https:\/\/felgenforum.shop\/en\/wp-json\/wp\/v2\/product\/151581","targetHints":{"allow":["GET"]}}],"collection":[{"href":"https:\/\/felgenforum.shop\/en\/wp-json\/wp\/v2\/product"}],"about":[{"href":"https:\/\/felgenforum.shop\/en\/wp-json\/wp\/v2\/types\/product"}],"replies":[{"embeddable":true,"href":"https:\/\/felgenforum.shop\/en\/wp-json\/wp\/v2\/comments?post=151581"}],"wp:featuredmedia":[{"embeddable":true,"href":"https:\/\/felgenforum.shop\/en\/wp-json\/wp\/v2\/media\/151589"}],"wp:attachment":[{"href":"https:\/\/felgenforum.shop\/en\/wp-json\/wp\/v2\/media?parent=151581"}],"wp:term":[{"taxonomy":"product_brand","embeddable":true,"href":"https:\/\/felgenforum.shop\/en\/wp-json\/wp\/v2\/product_brand?post=151581"},{"taxonomy":"product_cat","embeddable":true,"href":"https:\/\/felgenforum.shop\/en\/wp-json\/wp\/v2\/product_cat?post=151581"},{"taxonomy":"product_tag","embeddable":true,"href":"https:\/\/felgenforum.shop\/en\/wp-json\/wp\/v2\/product_tag?post=151581"}],"curies":[{"name":"wp","href":"https:\/\/api.w.org\/{rel}","templated":true}]}}