{"id":150023,"date":"2025-10-23T13:48:34","date_gmt":"2025-10-23T11:48:34","guid":{"rendered":"https:\/\/felgenforum.shop\/?post_type=product&#038;p=150023"},"modified":"2026-04-25T15:20:02","modified_gmt":"2026-04-25T13:20:02","slug":"ff01-19-zoll-winterreifen-winterraeder-hankook-winterkomplettraeder-audi-rs3-gy-8y-2","status":"publish","type":"product","link":"https:\/\/felgenforum.shop\/en\/product\/ff01-19-zoll-winterreifen-winterraeder-hankook-winterkomplettraeder-audi-rs3-gy-8y-2\/","title":{"rendered":"FF01 19 inch winter tires, winter wheels, HANKOOK complete winter wheels for Audi RS3 GY 8Y"},"content":{"rendered":"<h3>Welcome to an offer from Felgenforum.shop<\/h3>\n<p>In this offer we offer you a NEW set of complete winter wheels in black including certificate.<\/p>\n<p>4x fully pre-assembled and balanced complete wheels<\/p>\n<p>consisting of:<\/p>\n<p>2x Alufelge FF01\u00a0schwarz\u00a08,5&#215;19 ET45 LK5\/112<\/p>\n<p>+<\/p>\n<p>2x Alufelge FF01 schwarz 8,5&#215;19 ET30 LK5\/112<\/p>\n<p>+<\/p>\n<p>4x Winter tires 235\/35 R19 91W Hankook Winter I*CEPT EVO3 W330 XL<\/p>\n<p>fully assembled and balanced\u00a0<\/p>\n<p>(including black weights and black metal valves)<\/p>\n<p>NEW &amp; in original packaging.<\/p>\n<h3>Scope of delivery:<\/h3>\n<ul>\n<li>2 x FF01\u00a0schwarz\u00a08,5&#215;19 ET45 LK5\/112<\/li>\n<li>2 x FF01\u00a0schwarz\u00a08,5&#215;19 ET30 LK5\/112<\/li>\n<li>Complete mounting hardware (if required according to the ABE)<\/li>\n<li>4x Hankook Winter I*CEPT EVO3 winter tires 235\/35 R19 91W<\/li>\n<li>4x Hubcaps FF-Wheels<\/li>\n<li>(Vehicle manufacturer&#039;s hubcap not included)<\/li>\n<li>1x Expert report (ABE)<\/li>\n<li>Since the combination involves two different offsets, it must be registered with the T\u00dcV (German Technical Inspection Association). Our experienced team is happy to assist you with any questions regarding fitment or registration requirements.<\/li>\n<li>Please be sure to specify your vehicle after purchase.<\/li>\n<li>We offer this model in many other sizes and colors; please contact us if you have any other requests.<\/li>\n<li>&gt;&gt;&gt;Wishful tires<\/li>\n<li>Do you have a specific request regarding tire brand or tire quality? No problem!<\/li>\n<li>We would be happy to create individual complete wheel offers for you :).<\/li>\n<li>The complete wheels are suitable for, among others:<\/li>\n<\/ul>\n<h3>Audi<\/h3>\n<ul>\n<li>RS3 GY 8Y<\/li>\n<\/ul>","protected":false},"excerpt":{"rendered":"<p>A set (4 pieces) of ready-to-drive FF Wheels complete wheels, professionally mounted and balanced.<\/p>\n<p><strong>Rim details:<\/strong> 8,5&#215;19 Zoll, Lochkreis 112.<br \/><strong>Tire details:<\/strong> Hankook, tread depth: approx. NEW mm.<\/p>","protected":false},"featured_media":150027,"comment_status":"open","ping_status":"closed","template":"","meta":[],"product_brand":[],"product_cat":[1510,1509,1204],"product_tag":[],"class_list":{"0":"post-150023","1":"product","2":"type-product","3":"status-publish","4":"has-post-thumbnail","6":"product_cat-19-zoll-winterraeder-audi-audi-komplettraeder-winter","7":"product_cat-audi-komplettraeder-winter","8":"product_cat-komplettraeder-winter","9":"product_shipping_class-komplettrad","10":"pa_anzahl-der-komplettraeder-1433","11":"pa_einpresstiefe-et-1508","12":"pa_eisgriffigkeit-ja","13":"pa_externes-rollger-db-klass-b","14":"pa_fahrzeugmarke-audi","15":"pa_fahrzeugtyp-pkw","16":"pa_felgenaufbau-einteilig-gegossen","17":"pa_felgenbreite-8-5","18":"pa_felgendesign-10-speichen","19":"pa_felgenfarbe-schwarz","20":"pa_felgenhersteller-ff-wheels","21":"pa_felgenmaterial-aluminium","22":"pa_felgenmodell-ff01","23":"pa_geschwindigkeitsindex-w-bis-270-km-h","24":"pa_herstellernummer-felge-1692","25":"pa_kraftstoff-a-g-c","26":"pa_lastbereich-xl","27":"pa_lochkreis-1439","28":"pa_lochzahl-1447","29":"pa_mittenlochbohrung-666-mm","30":"pa_nasshaft-a-g-c","31":"pa_profiltiefe-neu","32":"pa_reifenbauart-r-radialreifen","33":"pa_reifenbreite-1511","34":"pa_reifendurchmesser-1436","35":"pa_reifenhersteller-hankook","36":"pa_reifenquerschnitt-1434","37":"pa_reifenspezifikation-winterreifen","38":"pa_run-flat-nein","39":"pa_schneeflocken-symbol-ja","40":"pa_tragfaehigkeitsindex-91-max-615-kg-je-reifen","41":"pa_zollgroesse-1448","43":"first","44":"instock","45":"sale","46":"taxable","47":"shipping-taxable","48":"purchasable","49":"product-type-simple"},"yoast_head":"<title>FF01 19 Zoll Winterreifen Winterr\u00e4der HANKOOK Winterkomplettr\u00e4der Audi RS3 GY 8Y g\u00fcnstig kaufen - Felgenforum<\/title>\n<meta name=\"description\" content=\"FF01 19 Zoll Winterreifen Winterr\u00e4der HANKOOK Winterkomplettr\u00e4der Audi RS3 GY 8Y online bestellen \u2794 Gepr\u00fcfte Qualit\u00e4t, Top Marken &amp; schneller Versand \u2714 Jetzt sicher bei Felgenforum kaufen!\" \/>\n<meta name=\"robots\" content=\"index, follow, max-snippet:-1, max-image-preview:large, max-video-preview:-1\" \/>\n<link rel=\"canonical\" href=\"https:\/\/felgenforum.shop\/en\/product\/ff01-19-zoll-winterreifen-winterraeder-hankook-winterkomplettraeder-audi-rs3-gy-8y-2\/\" \/>\n<meta property=\"og:locale\" content=\"en_GB\" \/>\n<meta property=\"og:type\" content=\"article\" \/>\n<meta property=\"og:title\" content=\"FF01 19 Zoll Winterreifen Winterr\u00e4der HANKOOK Winterkomplettr\u00e4der Audi RS3 GY 8Y g\u00fcnstig kaufen - Felgenforum\" \/>\n<meta property=\"og:description\" content=\"FF01 19 Zoll Winterreifen Winterr\u00e4der HANKOOK Winterkomplettr\u00e4der Audi RS3 GY 8Y online bestellen \u2794 Gepr\u00fcfte Qualit\u00e4t, Top Marken &amp; schneller Versand \u2714 Jetzt sicher bei Felgenforum kaufen!\" \/>\n<meta property=\"og:url\" content=\"https:\/\/felgenforum.shop\/en\/product\/ff01-19-zoll-winterreifen-winterraeder-hankook-winterkomplettraeder-audi-rs3-gy-8y-2\/\" \/>\n<meta property=\"og:site_name\" content=\"Felgenforum\" \/>\n<meta property=\"article:modified_time\" content=\"2026-04-25T13:20:02+00:00\" \/>\n<meta property=\"og:image\" content=\"https:\/\/felgenforum.shop\/wp-content\/uploads\/2025\/10\/ff01-19-zoll-winterreifen-winterraeder-hankook-winterkomplettraeder-audi-rs3-gy-8y-featured-1000px.webp\" \/>\n\t<meta property=\"og:image:width\" content=\"900\" \/>\n\t<meta property=\"og:image:height\" content=\"1000\" \/>\n\t<meta property=\"og:image:type\" content=\"image\/jpeg\" \/>\n<meta name=\"twitter:card\" content=\"summary_large_image\" \/>\n<meta name=\"twitter:label1\" content=\"Est. reading time\" \/>\n\t<meta name=\"twitter:data1\" content=\"1 minute\" \/>\n<script type=\"application\/ld+json\" class=\"yoast-schema-graph\">{\"@context\":\"https:\\\/\\\/schema.org\",\"@graph\":[{\"@type\":\"WebPage\",\"@id\":\"https:\\\/\\\/felgenforum.shop\\\/produkt\\\/ff01-19-zoll-winterreifen-winterraeder-hankook-winterkomplettraeder-audi-rs3-gy-8y-2\\\/\",\"url\":\"https:\\\/\\\/felgenforum.shop\\\/produkt\\\/ff01-19-zoll-winterreifen-winterraeder-hankook-winterkomplettraeder-audi-rs3-gy-8y-2\\\/\",\"name\":\"FF01 19 Zoll Winterreifen Winterr\u00e4der HANKOOK Winterkomplettr\u00e4der Audi RS3 GY 8Y g\u00fcnstig kaufen - Felgenforum\",\"isPartOf\":{\"@id\":\"https:\\\/\\\/felgenforum.shop\\\/#website\"},\"primaryImageOfPage\":{\"@id\":\"https:\\\/\\\/felgenforum.shop\\\/produkt\\\/ff01-19-zoll-winterreifen-winterraeder-hankook-winterkomplettraeder-audi-rs3-gy-8y-2\\\/#primaryimage\"},\"image\":{\"@id\":\"https:\\\/\\\/felgenforum.shop\\\/produkt\\\/ff01-19-zoll-winterreifen-winterraeder-hankook-winterkomplettraeder-audi-rs3-gy-8y-2\\\/#primaryimage\"},\"thumbnailUrl\":\"https:\\\/\\\/felgenforum.shop\\\/wp-content\\\/uploads\\\/2025\\\/10\\\/ff01-19-zoll-winterreifen-winterraeder-hankook-winterkomplettraeder-audi-rs3-gy-8y-featured-1000px.webp\",\"datePublished\":\"2025-10-23T11:48:34+00:00\",\"dateModified\":\"2026-04-25T13:20:02+00:00\",\"description\":\"FF01 19 Zoll Winterreifen Winterr\u00e4der HANKOOK Winterkomplettr\u00e4der Audi RS3 GY 8Y online bestellen \u2794 Gepr\u00fcfte Qualit\u00e4t, Top Marken & schneller Versand \u2714 Jetzt sicher bei Felgenforum kaufen!\",\"breadcrumb\":{\"@id\":\"https:\\\/\\\/felgenforum.shop\\\/produkt\\\/ff01-19-zoll-winterreifen-winterraeder-hankook-winterkomplettraeder-audi-rs3-gy-8y-2\\\/#breadcrumb\"},\"inLanguage\":\"en-GB\",\"potentialAction\":[{\"@type\":\"ReadAction\",\"target\":[\"https:\\\/\\\/felgenforum.shop\\\/produkt\\\/ff01-19-zoll-winterreifen-winterraeder-hankook-winterkomplettraeder-audi-rs3-gy-8y-2\\\/\"]}]},{\"@type\":\"ImageObject\",\"inLanguage\":\"en-GB\",\"@id\":\"https:\\\/\\\/felgenforum.shop\\\/produkt\\\/ff01-19-zoll-winterreifen-winterraeder-hankook-winterkomplettraeder-audi-rs3-gy-8y-2\\\/#primaryimage\",\"url\":\"https:\\\/\\\/felgenforum.shop\\\/wp-content\\\/uploads\\\/2025\\\/10\\\/ff01-19-zoll-winterreifen-winterraeder-hankook-winterkomplettraeder-audi-rs3-gy-8y-featured-1000px.webp\",\"contentUrl\":\"https:\\\/\\\/felgenforum.shop\\\/wp-content\\\/uploads\\\/2025\\\/10\\\/ff01-19-zoll-winterreifen-winterraeder-hankook-winterkomplettraeder-audi-rs3-gy-8y-featured-1000px.webp\",\"width\":900,\"height\":1000},{\"@type\":\"BreadcrumbList\",\"@id\":\"https:\\\/\\\/felgenforum.shop\\\/produkt\\\/ff01-19-zoll-winterreifen-winterraeder-hankook-winterkomplettraeder-audi-rs3-gy-8y-2\\\/#breadcrumb\",\"itemListElement\":[{\"@type\":\"ListItem\",\"position\":1,\"name\":\"Startseite\",\"item\":\"https:\\\/\\\/felgenforum.shop\\\/\"},{\"@type\":\"ListItem\",\"position\":2,\"name\":\"Shop\",\"item\":\"https:\\\/\\\/felgenforum.shop\\\/shop\\\/\"},{\"@type\":\"ListItem\",\"position\":3,\"name\":\"FF01 19 Zoll Winterreifen Winterr\u00e4der HANKOOK Winterkomplettr\u00e4der Audi RS3 GY 8Y\"}]},{\"@type\":\"WebSite\",\"@id\":\"https:\\\/\\\/felgenforum.shop\\\/#website\",\"url\":\"https:\\\/\\\/felgenforum.shop\\\/\",\"name\":\"Felgenforum\",\"description\":\"\",\"potentialAction\":[{\"@type\":\"SearchAction\",\"target\":{\"@type\":\"EntryPoint\",\"urlTemplate\":\"https:\\\/\\\/felgenforum.shop\\\/?s={search_term_string}\"},\"query-input\":{\"@type\":\"PropertyValueSpecification\",\"valueRequired\":true,\"valueName\":\"search_term_string\"}}],\"inLanguage\":\"en-GB\"}]}<\/script>","yoast_head_json":{"title":"FF01 19 Zoll Winterreifen Winterr\u00e4der HANKOOK Winterkomplettr\u00e4der Audi RS3 GY 8Y g\u00fcnstig kaufen - Felgenforum","description":"FF01 19 Zoll Winterreifen Winterr\u00e4der HANKOOK Winterkomplettr\u00e4der Audi RS3 GY 8Y online bestellen \u2794 Gepr\u00fcfte Qualit\u00e4t, Top Marken & schneller Versand \u2714 Jetzt sicher bei Felgenforum kaufen!","robots":{"index":"index","follow":"follow","max-snippet":"max-snippet:-1","max-image-preview":"max-image-preview:large","max-video-preview":"max-video-preview:-1"},"canonical":"https:\/\/felgenforum.shop\/en\/product\/ff01-19-zoll-winterreifen-winterraeder-hankook-winterkomplettraeder-audi-rs3-gy-8y-2\/","og_locale":"en_GB","og_type":"article","og_title":"FF01 19 Zoll Winterreifen Winterr\u00e4der HANKOOK Winterkomplettr\u00e4der Audi RS3 GY 8Y g\u00fcnstig kaufen - Felgenforum","og_description":"FF01 19 Zoll Winterreifen Winterr\u00e4der HANKOOK Winterkomplettr\u00e4der Audi RS3 GY 8Y online bestellen \u2794 Gepr\u00fcfte Qualit\u00e4t, Top Marken & schneller Versand \u2714 Jetzt sicher bei Felgenforum kaufen!","og_url":"https:\/\/felgenforum.shop\/en\/product\/ff01-19-zoll-winterreifen-winterraeder-hankook-winterkomplettraeder-audi-rs3-gy-8y-2\/","og_site_name":"Felgenforum","article_modified_time":"2026-04-25T13:20:02+00:00","og_image":[{"width":900,"height":1000,"url":"https:\/\/felgenforum.shop\/wp-content\/uploads\/2025\/10\/ff01-19-zoll-winterreifen-winterraeder-hankook-winterkomplettraeder-audi-rs3-gy-8y-featured-1000px.webp","type":"image\/jpeg"}],"twitter_card":"summary_large_image","twitter_misc":{"Est. reading time":"1 minute"},"schema":{"@context":"https:\/\/schema.org","@graph":[{"@type":"WebPage","@id":"https:\/\/felgenforum.shop\/produkt\/ff01-19-zoll-winterreifen-winterraeder-hankook-winterkomplettraeder-audi-rs3-gy-8y-2\/","url":"https:\/\/felgenforum.shop\/produkt\/ff01-19-zoll-winterreifen-winterraeder-hankook-winterkomplettraeder-audi-rs3-gy-8y-2\/","name":"FF01 19 Zoll Winterreifen Winterr\u00e4der HANKOOK Winterkomplettr\u00e4der Audi RS3 GY 8Y g\u00fcnstig kaufen - Felgenforum","isPartOf":{"@id":"https:\/\/felgenforum.shop\/#website"},"primaryImageOfPage":{"@id":"https:\/\/felgenforum.shop\/produkt\/ff01-19-zoll-winterreifen-winterraeder-hankook-winterkomplettraeder-audi-rs3-gy-8y-2\/#primaryimage"},"image":{"@id":"https:\/\/felgenforum.shop\/produkt\/ff01-19-zoll-winterreifen-winterraeder-hankook-winterkomplettraeder-audi-rs3-gy-8y-2\/#primaryimage"},"thumbnailUrl":"https:\/\/felgenforum.shop\/wp-content\/uploads\/2025\/10\/ff01-19-zoll-winterreifen-winterraeder-hankook-winterkomplettraeder-audi-rs3-gy-8y-featured-1000px.webp","datePublished":"2025-10-23T11:48:34+00:00","dateModified":"2026-04-25T13:20:02+00:00","description":"FF01 19 Zoll Winterreifen Winterr\u00e4der HANKOOK Winterkomplettr\u00e4der Audi RS3 GY 8Y online bestellen \u2794 Gepr\u00fcfte Qualit\u00e4t, Top Marken & schneller Versand \u2714 Jetzt sicher bei Felgenforum kaufen!","breadcrumb":{"@id":"https:\/\/felgenforum.shop\/produkt\/ff01-19-zoll-winterreifen-winterraeder-hankook-winterkomplettraeder-audi-rs3-gy-8y-2\/#breadcrumb"},"inLanguage":"en-GB","potentialAction":[{"@type":"ReadAction","target":["https:\/\/felgenforum.shop\/produkt\/ff01-19-zoll-winterreifen-winterraeder-hankook-winterkomplettraeder-audi-rs3-gy-8y-2\/"]}]},{"@type":"ImageObject","inLanguage":"en-GB","@id":"https:\/\/felgenforum.shop\/produkt\/ff01-19-zoll-winterreifen-winterraeder-hankook-winterkomplettraeder-audi-rs3-gy-8y-2\/#primaryimage","url":"https:\/\/felgenforum.shop\/wp-content\/uploads\/2025\/10\/ff01-19-zoll-winterreifen-winterraeder-hankook-winterkomplettraeder-audi-rs3-gy-8y-featured-1000px.webp","contentUrl":"https:\/\/felgenforum.shop\/wp-content\/uploads\/2025\/10\/ff01-19-zoll-winterreifen-winterraeder-hankook-winterkomplettraeder-audi-rs3-gy-8y-featured-1000px.webp","width":900,"height":1000},{"@type":"BreadcrumbList","@id":"https:\/\/felgenforum.shop\/produkt\/ff01-19-zoll-winterreifen-winterraeder-hankook-winterkomplettraeder-audi-rs3-gy-8y-2\/#breadcrumb","itemListElement":[{"@type":"ListItem","position":1,"name":"Startseite","item":"https:\/\/felgenforum.shop\/"},{"@type":"ListItem","position":2,"name":"Shop","item":"https:\/\/felgenforum.shop\/shop\/"},{"@type":"ListItem","position":3,"name":"FF01 19 Zoll Winterreifen Winterr\u00e4der HANKOOK Winterkomplettr\u00e4der Audi RS3 GY 8Y"}]},{"@type":"WebSite","@id":"https:\/\/felgenforum.shop\/#website","url":"https:\/\/felgenforum.shop\/","name":"Rim forum","description":"","potentialAction":[{"@type":"SearchAction","target":{"@type":"EntryPoint","urlTemplate":"https:\/\/felgenforum.shop\/?s={search_term_string}"},"query-input":{"@type":"PropertyValueSpecification","valueRequired":true,"valueName":"search_term_string"}}],"inLanguage":"en-GB"}]}},"_links":{"self":[{"href":"https:\/\/felgenforum.shop\/en\/wp-json\/wp\/v2\/product\/150023","targetHints":{"allow":["GET"]}}],"collection":[{"href":"https:\/\/felgenforum.shop\/en\/wp-json\/wp\/v2\/product"}],"about":[{"href":"https:\/\/felgenforum.shop\/en\/wp-json\/wp\/v2\/types\/product"}],"replies":[{"embeddable":true,"href":"https:\/\/felgenforum.shop\/en\/wp-json\/wp\/v2\/comments?post=150023"}],"wp:featuredmedia":[{"embeddable":true,"href":"https:\/\/felgenforum.shop\/en\/wp-json\/wp\/v2\/media\/150027"}],"wp:attachment":[{"href":"https:\/\/felgenforum.shop\/en\/wp-json\/wp\/v2\/media?parent=150023"}],"wp:term":[{"taxonomy":"product_brand","embeddable":true,"href":"https:\/\/felgenforum.shop\/en\/wp-json\/wp\/v2\/product_brand?post=150023"},{"taxonomy":"product_cat","embeddable":true,"href":"https:\/\/felgenforum.shop\/en\/wp-json\/wp\/v2\/product_cat?post=150023"},{"taxonomy":"product_tag","embeddable":true,"href":"https:\/\/felgenforum.shop\/en\/wp-json\/wp\/v2\/product_tag?post=150023"}],"curies":[{"name":"wp","href":"https:\/\/api.w.org\/{rel}","templated":true}]}}