{"id":110648,"date":"2025-09-23T23:52:50","date_gmt":"2025-09-23T21:52:50","guid":{"rendered":"https:\/\/felgenforum.shop\/?post_type=product&#038;p=110648"},"modified":"2026-04-25T15:18:21","modified_gmt":"2026-04-25T13:18:21","slug":"19-zoll-felgenartform-af20-schwarz-fuer-sl-slc-slk-klasse-r230-r231-r172-amg","status":"publish","type":"product","link":"https:\/\/felgenforum.shop\/en\/product\/19-zoll-felgenartform-af20-schwarz-fuer-sl-slc-slk-klasse-r230-r231-r172-amg\/","title":{"rendered":"19-inch Artform AF20 black rims for SL SLC SLK Class R230 R231 R172 AMG"},"content":{"rendered":"<h3>Welcome to an offer from Felgenforum.shop<\/h3>\n<p>In this offer we offer you a NEW set of Artform AF20 alloy wheels in glossy black including ABE.<\/p>\n<p>NEW &amp; in original packaging.<\/p>\n<h3>Scope of delivery:<\/h3>\n<ul>\n<li>4 x Artform AF20 schwarz gl\u00e4nzend 8,5&#215;19 ET40 LK5\/112<\/li>\n<li>Complete mounting hardware (if required according to the ABE)<\/li>\n<li>4x Artform hubcaps<\/li>\n<li>(Vehicle manufacturer&#039;s hubcap not included)<\/li>\n<li>1x Expert report (ABE)<\/li>\n<li>In most cases, the rims are therefore registration-free. If you have any questions about fitment or any registration requirements, our experienced team will be happy to help :).<\/li>\n<li>Please be sure to specify your vehicle after purchase.<\/li>\n<li>We offer this model in many other sizes and colors; please contact us if you have any other requests.<\/li>\n<\/ul>\n<h3>&gt;&gt;&gt;Complete wheels<\/h3>\n<h3>We are happy to offer you the desired rims as ready-to-install complete wheels with a tire of your choice.<\/h3>\n<p>Feel free to send us a non-binding inquiry :).<\/p>\n<p>The rims are the correct size for the following vehicles:<\/p>\n<h3>Audi<\/h3>\n<ul>\n<li>A4 S4 B8 B81<\/li>\n<li>A5 B8 B9<\/li>\n<li>A6 S6 4F 4F1 C6 4G 4G1 C7 F2 C8<\/li>\n<li>A7 4G 4G1<\/li>\n<li>A8 4E<\/li>\n<li>TT TTS TTRS 8J 8S FV<\/li>\n<li>Q2 SQ2 GA<\/li>\n<li>Q3 8U 8U1<\/li>\n<li>Q5 8R FY<\/li>\n<\/ul>\n<h3>Volkswagen<\/h3>\n<ul>\n<li>Beetle 2<\/li>\n<li>Arteon 3H<\/li>\n<li>Passat B8<\/li>\n<li>Passat CC<\/li>\n<li>Sirocco\u00a0<\/li>\n<li>Phaeton 3D<\/li>\n<li>Tiguan 5N1 5N2<\/li>\n<\/ul>\n<h3>Mercedes Benz<\/h3>\n<ul>\n<li>C-Class W203\u00a0<\/li>\n<li>CLK W208 W209<\/li>\n<li>E-Class W211 W213\u00a0<\/li>\n<li>CL Class C215 C216<\/li>\n<li>S-Class W221 W222<\/li>\n<li>SL R230 R231<\/li>\n<li>SLK SLC R172<\/li>\n<li>Seat<\/li>\n<li>Tarraco<\/li>\n<\/ul>\n<h3>Skoda<\/h3>\n<ul>\n<li>Kodiaq<\/li>\n<li>Superb 3 4 3T<\/li>\n<\/ul>\n<h3>BMW<\/h3>\n<ul>\n<li>X3 G01<\/li>\n<li>X4 G02<\/li>\n<\/ul>","protected":false},"excerpt":{"rendered":"<p>Ein Satz (4 St\u00fcck) hochwertige Marken-Alufelgen, Modell AF20, in der Gr\u00f6\u00dfe 8,5&#215;19 Zoll, Lochkreis 112 mit 5 Loch. Professionell gepr\u00fcft und versandfertig verpackt.<\/p>","protected":false},"featured_media":115593,"comment_status":"open","ping_status":"closed","template":"","meta":[],"product_brand":[],"product_cat":[1202],"product_tag":[],"class_list":{"0":"post-110648","1":"product","2":"type-product","3":"status-publish","4":"has-post-thumbnail","6":"product_cat-other","7":"product_shipping_class-felge","8":"pa_anzahl-der-einheiten-1484","9":"pa_einpresstiefe-et-1521","10":"pa_farbe-schwarz","11":"pa_felgenaufbau-einteilig-gegossen","12":"pa_felgenbreite-8-5","13":"pa_felgendesign-multi-speichen-felge","14":"pa_felgenfarbe-schwarz","15":"pa_felgenmaterial-aluminium","16":"pa_felgenmodell-af20","17":"pa_hersteller-artform","18":"pa_herstellergarantie-ja-zwei-jahre","19":"pa_herstellernummer-a19085195112045666c0","20":"pa_im-lieferumfang-enthalten-bolzen","21":"pa_kompatibler-radschraubent-radbolzen","22":"pa_lochkreis-1439","23":"pa_lochzahl-1447","24":"pa_maximale-traglast-1519","25":"pa_mit-deckel-ja-nein-ja-von-ff-wheels","26":"pa_mittenlochbohrung-666-mm","27":"pa_modell-af20","28":"pa_produktart-kreuzspeiche","29":"pa_zollgroesse-1448","31":"first","32":"instock","33":"taxable","34":"shipping-taxable","35":"purchasable","36":"product-type-simple"},"yoast_head":"<title>19 Zoll FelgenArtform AF20 schwarz f\u00fcr SL SLC SLK Klasse R230 R231 R172 AMG g\u00fcnstig kaufen - Felgenforum<\/title>\n<meta name=\"description\" content=\"19 Zoll FelgenArtform AF20 schwarz f\u00fcr SL SLC SLK Klasse R230 R231 R172 AMG online bestellen \u2794 Gepr\u00fcfte Qualit\u00e4t, Top Marken &amp; schneller Versand \u2714 Jetzt sicher bei Felgenforum kaufen!\" \/>\n<meta name=\"robots\" content=\"index, follow, max-snippet:-1, max-image-preview:large, max-video-preview:-1\" \/>\n<link rel=\"canonical\" href=\"https:\/\/felgenforum.shop\/en\/product\/19-zoll-felgenartform-af20-schwarz-fuer-sl-slc-slk-klasse-r230-r231-r172-amg\/\" \/>\n<meta property=\"og:locale\" content=\"en_GB\" \/>\n<meta property=\"og:type\" content=\"article\" \/>\n<meta property=\"og:title\" content=\"19 Zoll FelgenArtform AF20 schwarz f\u00fcr SL SLC SLK Klasse R230 R231 R172 AMG g\u00fcnstig kaufen - Felgenforum\" \/>\n<meta property=\"og:description\" content=\"19 Zoll FelgenArtform AF20 schwarz f\u00fcr SL SLC SLK Klasse R230 R231 R172 AMG online bestellen \u2794 Gepr\u00fcfte Qualit\u00e4t, Top Marken &amp; schneller Versand \u2714 Jetzt sicher bei Felgenforum kaufen!\" \/>\n<meta property=\"og:url\" content=\"https:\/\/felgenforum.shop\/en\/product\/19-zoll-felgenartform-af20-schwarz-fuer-sl-slc-slk-klasse-r230-r231-r172-amg\/\" \/>\n<meta property=\"og:site_name\" content=\"Felgenforum\" \/>\n<meta property=\"article:modified_time\" content=\"2026-04-25T13:18:21+00:00\" \/>\n<meta property=\"og:image\" content=\"https:\/\/felgenforum.shop\/wp-content\/uploads\/2025\/09\/19-zoll-felgenartform-af20-schwarz-fuer-sl-slc-slk-klasse-r230-r231-r172-amg-featured-1000px.webp\" \/>\n\t<meta property=\"og:image:width\" content=\"1000\" \/>\n\t<meta property=\"og:image:height\" content=\"1000\" \/>\n\t<meta property=\"og:image:type\" content=\"image\/jpeg\" \/>\n<meta name=\"twitter:card\" content=\"summary_large_image\" \/>\n<meta name=\"twitter:label1\" content=\"Est. reading time\" \/>\n\t<meta name=\"twitter:data1\" content=\"1 minute\" \/>\n<script type=\"application\/ld+json\" class=\"yoast-schema-graph\">{\"@context\":\"https:\\\/\\\/schema.org\",\"@graph\":[{\"@type\":\"WebPage\",\"@id\":\"https:\\\/\\\/felgenforum.shop\\\/produkt\\\/19-zoll-felgenartform-af20-schwarz-fuer-sl-slc-slk-klasse-r230-r231-r172-amg\\\/\",\"url\":\"https:\\\/\\\/felgenforum.shop\\\/produkt\\\/19-zoll-felgenartform-af20-schwarz-fuer-sl-slc-slk-klasse-r230-r231-r172-amg\\\/\",\"name\":\"19 Zoll FelgenArtform AF20 schwarz f\u00fcr SL SLC SLK Klasse R230 R231 R172 AMG g\u00fcnstig kaufen - Felgenforum\",\"isPartOf\":{\"@id\":\"https:\\\/\\\/felgenforum.shop\\\/#website\"},\"primaryImageOfPage\":{\"@id\":\"https:\\\/\\\/felgenforum.shop\\\/produkt\\\/19-zoll-felgenartform-af20-schwarz-fuer-sl-slc-slk-klasse-r230-r231-r172-amg\\\/#primaryimage\"},\"image\":{\"@id\":\"https:\\\/\\\/felgenforum.shop\\\/produkt\\\/19-zoll-felgenartform-af20-schwarz-fuer-sl-slc-slk-klasse-r230-r231-r172-amg\\\/#primaryimage\"},\"thumbnailUrl\":\"https:\\\/\\\/felgenforum.shop\\\/wp-content\\\/uploads\\\/2025\\\/09\\\/19-zoll-felgenartform-af20-schwarz-fuer-sl-slc-slk-klasse-r230-r231-r172-amg-featured-1000px.webp\",\"datePublished\":\"2025-09-23T21:52:50+00:00\",\"dateModified\":\"2026-04-25T13:18:21+00:00\",\"description\":\"19 Zoll FelgenArtform AF20 schwarz f\u00fcr SL SLC SLK Klasse R230 R231 R172 AMG online bestellen \u2794 Gepr\u00fcfte Qualit\u00e4t, Top Marken & schneller Versand \u2714 Jetzt sicher bei Felgenforum kaufen!\",\"breadcrumb\":{\"@id\":\"https:\\\/\\\/felgenforum.shop\\\/produkt\\\/19-zoll-felgenartform-af20-schwarz-fuer-sl-slc-slk-klasse-r230-r231-r172-amg\\\/#breadcrumb\"},\"inLanguage\":\"en-GB\",\"potentialAction\":[{\"@type\":\"ReadAction\",\"target\":[\"https:\\\/\\\/felgenforum.shop\\\/produkt\\\/19-zoll-felgenartform-af20-schwarz-fuer-sl-slc-slk-klasse-r230-r231-r172-amg\\\/\"]}]},{\"@type\":\"ImageObject\",\"inLanguage\":\"en-GB\",\"@id\":\"https:\\\/\\\/felgenforum.shop\\\/produkt\\\/19-zoll-felgenartform-af20-schwarz-fuer-sl-slc-slk-klasse-r230-r231-r172-amg\\\/#primaryimage\",\"url\":\"https:\\\/\\\/felgenforum.shop\\\/wp-content\\\/uploads\\\/2025\\\/09\\\/19-zoll-felgenartform-af20-schwarz-fuer-sl-slc-slk-klasse-r230-r231-r172-amg-featured-1000px.webp\",\"contentUrl\":\"https:\\\/\\\/felgenforum.shop\\\/wp-content\\\/uploads\\\/2025\\\/09\\\/19-zoll-felgenartform-af20-schwarz-fuer-sl-slc-slk-klasse-r230-r231-r172-amg-featured-1000px.webp\",\"width\":1000,\"height\":1000},{\"@type\":\"BreadcrumbList\",\"@id\":\"https:\\\/\\\/felgenforum.shop\\\/produkt\\\/19-zoll-felgenartform-af20-schwarz-fuer-sl-slc-slk-klasse-r230-r231-r172-amg\\\/#breadcrumb\",\"itemListElement\":[{\"@type\":\"ListItem\",\"position\":1,\"name\":\"Startseite\",\"item\":\"https:\\\/\\\/felgenforum.shop\\\/\"},{\"@type\":\"ListItem\",\"position\":2,\"name\":\"Shop\",\"item\":\"https:\\\/\\\/felgenforum.shop\\\/shop\\\/\"},{\"@type\":\"ListItem\",\"position\":3,\"name\":\"19 Zoll FelgenArtform AF20 schwarz f\u00fcr SL SLC SLK Klasse R230 R231 R172 AMG\"}]},{\"@type\":\"WebSite\",\"@id\":\"https:\\\/\\\/felgenforum.shop\\\/#website\",\"url\":\"https:\\\/\\\/felgenforum.shop\\\/\",\"name\":\"Felgenforum\",\"description\":\"\",\"potentialAction\":[{\"@type\":\"SearchAction\",\"target\":{\"@type\":\"EntryPoint\",\"urlTemplate\":\"https:\\\/\\\/felgenforum.shop\\\/?s={search_term_string}\"},\"query-input\":{\"@type\":\"PropertyValueSpecification\",\"valueRequired\":true,\"valueName\":\"search_term_string\"}}],\"inLanguage\":\"en-GB\"}]}<\/script>","yoast_head_json":{"title":"19 Zoll FelgenArtform AF20 schwarz f\u00fcr SL SLC SLK Klasse R230 R231 R172 AMG g\u00fcnstig kaufen - Felgenforum","description":"19 Zoll FelgenArtform AF20 schwarz f\u00fcr SL SLC SLK Klasse R230 R231 R172 AMG online bestellen \u2794 Gepr\u00fcfte Qualit\u00e4t, Top Marken & schneller Versand \u2714 Jetzt sicher bei Felgenforum kaufen!","robots":{"index":"index","follow":"follow","max-snippet":"max-snippet:-1","max-image-preview":"max-image-preview:large","max-video-preview":"max-video-preview:-1"},"canonical":"https:\/\/felgenforum.shop\/en\/product\/19-zoll-felgenartform-af20-schwarz-fuer-sl-slc-slk-klasse-r230-r231-r172-amg\/","og_locale":"en_GB","og_type":"article","og_title":"19 Zoll FelgenArtform AF20 schwarz f\u00fcr SL SLC SLK Klasse R230 R231 R172 AMG g\u00fcnstig kaufen - Felgenforum","og_description":"19 Zoll FelgenArtform AF20 schwarz f\u00fcr SL SLC SLK Klasse R230 R231 R172 AMG online bestellen \u2794 Gepr\u00fcfte Qualit\u00e4t, Top Marken & schneller Versand \u2714 Jetzt sicher bei Felgenforum kaufen!","og_url":"https:\/\/felgenforum.shop\/en\/product\/19-zoll-felgenartform-af20-schwarz-fuer-sl-slc-slk-klasse-r230-r231-r172-amg\/","og_site_name":"Felgenforum","article_modified_time":"2026-04-25T13:18:21+00:00","og_image":[{"width":1000,"height":1000,"url":"https:\/\/felgenforum.shop\/wp-content\/uploads\/2025\/09\/19-zoll-felgenartform-af20-schwarz-fuer-sl-slc-slk-klasse-r230-r231-r172-amg-featured-1000px.webp","type":"image\/jpeg"}],"twitter_card":"summary_large_image","twitter_misc":{"Est. reading time":"1 minute"},"schema":{"@context":"https:\/\/schema.org","@graph":[{"@type":"WebPage","@id":"https:\/\/felgenforum.shop\/produkt\/19-zoll-felgenartform-af20-schwarz-fuer-sl-slc-slk-klasse-r230-r231-r172-amg\/","url":"https:\/\/felgenforum.shop\/produkt\/19-zoll-felgenartform-af20-schwarz-fuer-sl-slc-slk-klasse-r230-r231-r172-amg\/","name":"19 Zoll FelgenArtform AF20 schwarz f\u00fcr SL SLC SLK Klasse R230 R231 R172 AMG g\u00fcnstig kaufen - Felgenforum","isPartOf":{"@id":"https:\/\/felgenforum.shop\/#website"},"primaryImageOfPage":{"@id":"https:\/\/felgenforum.shop\/produkt\/19-zoll-felgenartform-af20-schwarz-fuer-sl-slc-slk-klasse-r230-r231-r172-amg\/#primaryimage"},"image":{"@id":"https:\/\/felgenforum.shop\/produkt\/19-zoll-felgenartform-af20-schwarz-fuer-sl-slc-slk-klasse-r230-r231-r172-amg\/#primaryimage"},"thumbnailUrl":"https:\/\/felgenforum.shop\/wp-content\/uploads\/2025\/09\/19-zoll-felgenartform-af20-schwarz-fuer-sl-slc-slk-klasse-r230-r231-r172-amg-featured-1000px.webp","datePublished":"2025-09-23T21:52:50+00:00","dateModified":"2026-04-25T13:18:21+00:00","description":"19 Zoll FelgenArtform AF20 schwarz f\u00fcr SL SLC SLK Klasse R230 R231 R172 AMG online bestellen \u2794 Gepr\u00fcfte Qualit\u00e4t, Top Marken & schneller Versand \u2714 Jetzt sicher bei Felgenforum kaufen!","breadcrumb":{"@id":"https:\/\/felgenforum.shop\/produkt\/19-zoll-felgenartform-af20-schwarz-fuer-sl-slc-slk-klasse-r230-r231-r172-amg\/#breadcrumb"},"inLanguage":"en-GB","potentialAction":[{"@type":"ReadAction","target":["https:\/\/felgenforum.shop\/produkt\/19-zoll-felgenartform-af20-schwarz-fuer-sl-slc-slk-klasse-r230-r231-r172-amg\/"]}]},{"@type":"ImageObject","inLanguage":"en-GB","@id":"https:\/\/felgenforum.shop\/produkt\/19-zoll-felgenartform-af20-schwarz-fuer-sl-slc-slk-klasse-r230-r231-r172-amg\/#primaryimage","url":"https:\/\/felgenforum.shop\/wp-content\/uploads\/2025\/09\/19-zoll-felgenartform-af20-schwarz-fuer-sl-slc-slk-klasse-r230-r231-r172-amg-featured-1000px.webp","contentUrl":"https:\/\/felgenforum.shop\/wp-content\/uploads\/2025\/09\/19-zoll-felgenartform-af20-schwarz-fuer-sl-slc-slk-klasse-r230-r231-r172-amg-featured-1000px.webp","width":1000,"height":1000},{"@type":"BreadcrumbList","@id":"https:\/\/felgenforum.shop\/produkt\/19-zoll-felgenartform-af20-schwarz-fuer-sl-slc-slk-klasse-r230-r231-r172-amg\/#breadcrumb","itemListElement":[{"@type":"ListItem","position":1,"name":"Startseite","item":"https:\/\/felgenforum.shop\/"},{"@type":"ListItem","position":2,"name":"Shop","item":"https:\/\/felgenforum.shop\/shop\/"},{"@type":"ListItem","position":3,"name":"19 Zoll FelgenArtform AF20 schwarz f\u00fcr SL SLC SLK Klasse R230 R231 R172 AMG"}]},{"@type":"WebSite","@id":"https:\/\/felgenforum.shop\/#website","url":"https:\/\/felgenforum.shop\/","name":"Rim forum","description":"","potentialAction":[{"@type":"SearchAction","target":{"@type":"EntryPoint","urlTemplate":"https:\/\/felgenforum.shop\/?s={search_term_string}"},"query-input":{"@type":"PropertyValueSpecification","valueRequired":true,"valueName":"search_term_string"}}],"inLanguage":"en-GB"}]}},"_links":{"self":[{"href":"https:\/\/felgenforum.shop\/en\/wp-json\/wp\/v2\/product\/110648","targetHints":{"allow":["GET"]}}],"collection":[{"href":"https:\/\/felgenforum.shop\/en\/wp-json\/wp\/v2\/product"}],"about":[{"href":"https:\/\/felgenforum.shop\/en\/wp-json\/wp\/v2\/types\/product"}],"replies":[{"embeddable":true,"href":"https:\/\/felgenforum.shop\/en\/wp-json\/wp\/v2\/comments?post=110648"}],"wp:featuredmedia":[{"embeddable":true,"href":"https:\/\/felgenforum.shop\/en\/wp-json\/wp\/v2\/media\/115593"}],"wp:attachment":[{"href":"https:\/\/felgenforum.shop\/en\/wp-json\/wp\/v2\/media?parent=110648"}],"wp:term":[{"taxonomy":"product_brand","embeddable":true,"href":"https:\/\/felgenforum.shop\/en\/wp-json\/wp\/v2\/product_brand?post=110648"},{"taxonomy":"product_cat","embeddable":true,"href":"https:\/\/felgenforum.shop\/en\/wp-json\/wp\/v2\/product_cat?post=110648"},{"taxonomy":"product_tag","embeddable":true,"href":"https:\/\/felgenforum.shop\/en\/wp-json\/wp\/v2\/product_tag?post=110648"}],"curies":[{"name":"wp","href":"https:\/\/api.w.org\/{rel}","templated":true}]}}