{"id":110575,"date":"2025-09-23T23:37:49","date_gmt":"2025-09-23T21:37:49","guid":{"rendered":"https:\/\/felgenforum.shop\/?post_type=product&#038;p=110575"},"modified":"2026-04-25T15:18:18","modified_gmt":"2026-04-25T13:18:18","slug":"4x-dm08-18-zoll-winterraeder-hankook-245-45-r18-komplettraeder-fuer-audi-q3-8u-8u1","status":"publish","type":"product","link":"https:\/\/felgenforum.shop\/en\/product\/4x-dm08-18-zoll-winterraeder-hankook-245-45-r18-komplettraeder-fuer-audi-q3-8u-8u1\/","title":{"rendered":"4x DM08 18 inch winter wheels HANKOOK 245 45 R18 complete wheels for Audi Q3 8U 8U1"},"content":{"rendered":"<h3>Welcome to an offer from Felgenforum.shop<\/h3>\n<p>In this offer we offer you a NEW set of complete winter wheels in glossy black with Hankook winter tires including ABE.<\/p>\n<p>4x fully pre-assembled and balanced complete wheels<\/p>\n<p>consisting of:<\/p>\n<p>4x Alufelge Damina DM08 schwarz 8&#215;18 ET45 LK5\/112<\/p>\n<p>+<\/p>\n<p>4x Hankook Winter I*CEPT EVO3 W330 245\/45 R18 100V winter tires<\/p>\n<p>fully assembled and balanced<\/p>\n<p>(including black weights and black metal valves)<\/p>\n<p>NEW &amp; in original packaging.<\/p>\n<h3>Scope of delivery:<\/h3>\n<ul>\n<li>4 x Damina DM08 8&#215;18 ET45 5&#215;112 schwarz gl\u00e4nzend<\/li>\n<li>Complete mounting hardware (if required according to the ABE)<\/li>\n<li>4x Hankook Winter I*CEPT EVO3 245\/45 R18 100V winter tires<\/li>\n<li>4x hub caps Damina Performance<\/li>\n<li>(Vehicle manufacturer&#039;s hubcap not included)<\/li>\n<li>1x Expert report (ABE)<\/li>\n<li>In most cases, the complete wheel sets are therefore registration-free. If you have any questions about fitment or any registration requirements, our experienced team will be happy to assist you :).<\/li>\n<li>Please be sure to specify your vehicle after purchase.<\/li>\n<li>We offer this model in many other sizes and colors; please contact us if you have any other requests.<\/li>\n<li>&gt;&gt;&gt;Wishful tires<\/li>\n<li>Do you have a specific request regarding tire brand or tire quality? No problem!<\/li>\n<li>We would be happy to create individual complete wheel offers for you :).<\/li>\n<li>The complete wheels are suitable for, among others:<\/li>\n<\/ul>\n<h3>Audi<\/h3>\n<ul>\n<li>A6 4G 4G1<\/li>\n<li>A8 4E<\/li>\n<li>Q3 8U<\/li>\n<li>Seat<\/li>\n<li>Ateca<\/li>\n<li>VW<\/li>\n<li>Phaeton<\/li>\n<li>Tiguan 5N1<\/li>\n<\/ul>\n<h3>Mercedes Benz<\/h3>\n<ul>\n<li>E-Class W213 C238 A238<\/li>\n<li>CL C215<\/li>\n<li>S-Class W220<\/li>\n<li>GLA Class W156<\/li>\n<li>V Class Vito W447 639 (up to 1550KG axle load)<\/li>\n<\/ul>\n<h3>BMW<\/h3>\n<ul>\n<li>X1 F48<\/li>\n<li>X2 F39<\/li>\n<\/ul>","protected":false},"excerpt":{"rendered":"<p>A set (4 pieces) of ready-to-drive Damina Performance complete wheels, professionally mounted and balanced.<\/p>\n<p><strong>Rim details:<\/strong> 8&#215;18 Zoll, Lochkreis 112.<br \/><strong>Tire details:<\/strong> Hankook .<\/p>","protected":false},"featured_media":115509,"comment_status":"open","ping_status":"closed","template":"","meta":[],"product_brand":[],"product_cat":[2118,1509,1204],"product_tag":[],"class_list":{"0":"post-110575","1":"product","2":"type-product","3":"status-publish","4":"has-post-thumbnail","6":"product_cat-18-zoll-winterraeder-audi-audi-komplettraeder-winter","7":"product_cat-audi-komplettraeder-winter","8":"product_cat-komplettraeder-winter","9":"product_shipping_class-komplettrad","10":"pa_anzahl-der-komplettraeder-1433","11":"pa_einpresstiefe-et-1508","12":"pa_externes-rollger-db-klass-72db","13":"pa_fahrzeugmarke-audi","14":"pa_felgenbreite-1474","15":"pa_felgendesign-multi-speichen-felge","16":"pa_felgenfarbe-schwarz","17":"pa_felgenhersteller-damina-performance","18":"pa_felgenmaterial-aluminium","19":"pa_felgenmodell-dm08","20":"pa_geschwindigkeitsindex-v-bis-240-km-h","21":"pa_herstellernummer-felge-1675","22":"pa_herstellernummer-reifen-2370","23":"pa_kraftstoff-a-g-e","24":"pa_lastbereich-xl","25":"pa_lochkreis-1439","26":"pa_lochzahl-1447","27":"pa_nasshaft-a-g-b","28":"pa_reifenbreite-1503","29":"pa_reifendurchmesser-1674","30":"pa_reifenhersteller-hankook","31":"pa_reifenmodell-hankook-winter-icept-evo3-w330","32":"pa_reifenquerschnitt-1504","33":"pa_reifenspezifikation-winterreifen","34":"pa_run-flat-nein","35":"pa_zollgroesse-1482","37":"first","38":"instock","39":"sale","40":"taxable","41":"shipping-taxable","42":"purchasable","43":"product-type-simple"},"yoast_head":"<title>4x DM08 18 Zoll Winterr\u00e4der HANKOOK 245 45 R18 Komplettr\u00e4der f\u00fcr Audi Q3 8U 8U1 g\u00fcnstig kaufen - Felgenforum<\/title>\n<meta name=\"description\" content=\"4x DM08 18 Zoll Winterr\u00e4der HANKOOK 245 45 R18 Komplettr\u00e4der f\u00fcr Audi Q3 8U 8U1 online bestellen \u2794 Gepr\u00fcfte Qualit\u00e4t, Top Marken &amp; schneller Versand \u2714 Jetzt sicher bei Felgenforum kaufen!\" \/>\n<meta name=\"robots\" content=\"index, follow, max-snippet:-1, max-image-preview:large, max-video-preview:-1\" \/>\n<link rel=\"canonical\" href=\"https:\/\/felgenforum.shop\/en\/product\/4x-dm08-18-zoll-winterraeder-hankook-245-45-r18-komplettraeder-fuer-audi-q3-8u-8u1\/\" \/>\n<meta property=\"og:locale\" content=\"en_GB\" \/>\n<meta property=\"og:type\" content=\"article\" \/>\n<meta property=\"og:title\" content=\"4x DM08 18 Zoll Winterr\u00e4der HANKOOK 245 45 R18 Komplettr\u00e4der f\u00fcr Audi Q3 8U 8U1 g\u00fcnstig kaufen - Felgenforum\" \/>\n<meta property=\"og:description\" content=\"4x DM08 18 Zoll Winterr\u00e4der HANKOOK 245 45 R18 Komplettr\u00e4der f\u00fcr Audi Q3 8U 8U1 online bestellen \u2794 Gepr\u00fcfte Qualit\u00e4t, Top Marken &amp; schneller Versand \u2714 Jetzt sicher bei Felgenforum kaufen!\" \/>\n<meta property=\"og:url\" content=\"https:\/\/felgenforum.shop\/en\/product\/4x-dm08-18-zoll-winterraeder-hankook-245-45-r18-komplettraeder-fuer-audi-q3-8u-8u1\/\" \/>\n<meta property=\"og:site_name\" content=\"Felgenforum\" \/>\n<meta property=\"article:modified_time\" content=\"2026-04-25T13:18:18+00:00\" \/>\n<meta property=\"og:image\" content=\"https:\/\/felgenforum.shop\/wp-content\/uploads\/2025\/09\/4x-dm08-18-zoll-winterraeder-hankook-245-45-r18-komplettraeder-fuer-audi-q3-8u-8u1-featured-1000px.webp\" \/>\n\t<meta property=\"og:image:width\" content=\"1000\" \/>\n\t<meta property=\"og:image:height\" content=\"1000\" \/>\n\t<meta property=\"og:image:type\" content=\"image\/png\" \/>\n<meta name=\"twitter:card\" content=\"summary_large_image\" \/>\n<meta name=\"twitter:label1\" content=\"Est. reading time\" \/>\n\t<meta name=\"twitter:data1\" content=\"1 minute\" \/>\n<script type=\"application\/ld+json\" class=\"yoast-schema-graph\">{\"@context\":\"https:\\\/\\\/schema.org\",\"@graph\":[{\"@type\":\"WebPage\",\"@id\":\"https:\\\/\\\/felgenforum.shop\\\/produkt\\\/4x-dm08-18-zoll-winterraeder-hankook-245-45-r18-komplettraeder-fuer-audi-q3-8u-8u1\\\/\",\"url\":\"https:\\\/\\\/felgenforum.shop\\\/produkt\\\/4x-dm08-18-zoll-winterraeder-hankook-245-45-r18-komplettraeder-fuer-audi-q3-8u-8u1\\\/\",\"name\":\"4x DM08 18 Zoll Winterr\u00e4der HANKOOK 245 45 R18 Komplettr\u00e4der f\u00fcr Audi Q3 8U 8U1 g\u00fcnstig kaufen - Felgenforum\",\"isPartOf\":{\"@id\":\"https:\\\/\\\/felgenforum.shop\\\/#website\"},\"primaryImageOfPage\":{\"@id\":\"https:\\\/\\\/felgenforum.shop\\\/produkt\\\/4x-dm08-18-zoll-winterraeder-hankook-245-45-r18-komplettraeder-fuer-audi-q3-8u-8u1\\\/#primaryimage\"},\"image\":{\"@id\":\"https:\\\/\\\/felgenforum.shop\\\/produkt\\\/4x-dm08-18-zoll-winterraeder-hankook-245-45-r18-komplettraeder-fuer-audi-q3-8u-8u1\\\/#primaryimage\"},\"thumbnailUrl\":\"https:\\\/\\\/felgenforum.shop\\\/wp-content\\\/uploads\\\/2025\\\/09\\\/4x-dm08-18-zoll-winterraeder-hankook-245-45-r18-komplettraeder-fuer-audi-q3-8u-8u1-featured-1000px.webp\",\"datePublished\":\"2025-09-23T21:37:49+00:00\",\"dateModified\":\"2026-04-25T13:18:18+00:00\",\"description\":\"4x DM08 18 Zoll Winterr\u00e4der HANKOOK 245 45 R18 Komplettr\u00e4der f\u00fcr Audi Q3 8U 8U1 online bestellen \u2794 Gepr\u00fcfte Qualit\u00e4t, Top Marken & schneller Versand \u2714 Jetzt sicher bei Felgenforum kaufen!\",\"breadcrumb\":{\"@id\":\"https:\\\/\\\/felgenforum.shop\\\/produkt\\\/4x-dm08-18-zoll-winterraeder-hankook-245-45-r18-komplettraeder-fuer-audi-q3-8u-8u1\\\/#breadcrumb\"},\"inLanguage\":\"en-GB\",\"potentialAction\":[{\"@type\":\"ReadAction\",\"target\":[\"https:\\\/\\\/felgenforum.shop\\\/produkt\\\/4x-dm08-18-zoll-winterraeder-hankook-245-45-r18-komplettraeder-fuer-audi-q3-8u-8u1\\\/\"]}]},{\"@type\":\"ImageObject\",\"inLanguage\":\"en-GB\",\"@id\":\"https:\\\/\\\/felgenforum.shop\\\/produkt\\\/4x-dm08-18-zoll-winterraeder-hankook-245-45-r18-komplettraeder-fuer-audi-q3-8u-8u1\\\/#primaryimage\",\"url\":\"https:\\\/\\\/felgenforum.shop\\\/wp-content\\\/uploads\\\/2025\\\/09\\\/4x-dm08-18-zoll-winterraeder-hankook-245-45-r18-komplettraeder-fuer-audi-q3-8u-8u1-featured-1000px.webp\",\"contentUrl\":\"https:\\\/\\\/felgenforum.shop\\\/wp-content\\\/uploads\\\/2025\\\/09\\\/4x-dm08-18-zoll-winterraeder-hankook-245-45-r18-komplettraeder-fuer-audi-q3-8u-8u1-featured-1000px.webp\",\"width\":1000,\"height\":1000},{\"@type\":\"BreadcrumbList\",\"@id\":\"https:\\\/\\\/felgenforum.shop\\\/produkt\\\/4x-dm08-18-zoll-winterraeder-hankook-245-45-r18-komplettraeder-fuer-audi-q3-8u-8u1\\\/#breadcrumb\",\"itemListElement\":[{\"@type\":\"ListItem\",\"position\":1,\"name\":\"Startseite\",\"item\":\"https:\\\/\\\/felgenforum.shop\\\/\"},{\"@type\":\"ListItem\",\"position\":2,\"name\":\"Shop\",\"item\":\"https:\\\/\\\/felgenforum.shop\\\/shop\\\/\"},{\"@type\":\"ListItem\",\"position\":3,\"name\":\"4x DM08 18 Zoll Winterr\u00e4der HANKOOK 245 45 R18 Komplettr\u00e4der f\u00fcr Audi Q3 8U 8U1\"}]},{\"@type\":\"WebSite\",\"@id\":\"https:\\\/\\\/felgenforum.shop\\\/#website\",\"url\":\"https:\\\/\\\/felgenforum.shop\\\/\",\"name\":\"Felgenforum\",\"description\":\"\",\"potentialAction\":[{\"@type\":\"SearchAction\",\"target\":{\"@type\":\"EntryPoint\",\"urlTemplate\":\"https:\\\/\\\/felgenforum.shop\\\/?s={search_term_string}\"},\"query-input\":{\"@type\":\"PropertyValueSpecification\",\"valueRequired\":true,\"valueName\":\"search_term_string\"}}],\"inLanguage\":\"en-GB\"}]}<\/script>","yoast_head_json":{"title":"4x DM08 18 Zoll Winterr\u00e4der HANKOOK 245 45 R18 Komplettr\u00e4der f\u00fcr Audi Q3 8U 8U1 g\u00fcnstig kaufen - Felgenforum","description":"4x DM08 18 Zoll Winterr\u00e4der HANKOOK 245 45 R18 Komplettr\u00e4der f\u00fcr Audi Q3 8U 8U1 online bestellen \u2794 Gepr\u00fcfte Qualit\u00e4t, Top Marken & schneller Versand \u2714 Jetzt sicher bei Felgenforum kaufen!","robots":{"index":"index","follow":"follow","max-snippet":"max-snippet:-1","max-image-preview":"max-image-preview:large","max-video-preview":"max-video-preview:-1"},"canonical":"https:\/\/felgenforum.shop\/en\/product\/4x-dm08-18-zoll-winterraeder-hankook-245-45-r18-komplettraeder-fuer-audi-q3-8u-8u1\/","og_locale":"en_GB","og_type":"article","og_title":"4x DM08 18 Zoll Winterr\u00e4der HANKOOK 245 45 R18 Komplettr\u00e4der f\u00fcr Audi Q3 8U 8U1 g\u00fcnstig kaufen - Felgenforum","og_description":"4x DM08 18 Zoll Winterr\u00e4der HANKOOK 245 45 R18 Komplettr\u00e4der f\u00fcr Audi Q3 8U 8U1 online bestellen \u2794 Gepr\u00fcfte Qualit\u00e4t, Top Marken & schneller Versand \u2714 Jetzt sicher bei Felgenforum kaufen!","og_url":"https:\/\/felgenforum.shop\/en\/product\/4x-dm08-18-zoll-winterraeder-hankook-245-45-r18-komplettraeder-fuer-audi-q3-8u-8u1\/","og_site_name":"Felgenforum","article_modified_time":"2026-04-25T13:18:18+00:00","og_image":[{"width":1000,"height":1000,"url":"https:\/\/felgenforum.shop\/wp-content\/uploads\/2025\/09\/4x-dm08-18-zoll-winterraeder-hankook-245-45-r18-komplettraeder-fuer-audi-q3-8u-8u1-featured-1000px.webp","type":"image\/png"}],"twitter_card":"summary_large_image","twitter_misc":{"Est. reading time":"1 minute"},"schema":{"@context":"https:\/\/schema.org","@graph":[{"@type":"WebPage","@id":"https:\/\/felgenforum.shop\/produkt\/4x-dm08-18-zoll-winterraeder-hankook-245-45-r18-komplettraeder-fuer-audi-q3-8u-8u1\/","url":"https:\/\/felgenforum.shop\/produkt\/4x-dm08-18-zoll-winterraeder-hankook-245-45-r18-komplettraeder-fuer-audi-q3-8u-8u1\/","name":"4x DM08 18 Zoll Winterr\u00e4der HANKOOK 245 45 R18 Komplettr\u00e4der f\u00fcr Audi Q3 8U 8U1 g\u00fcnstig kaufen - Felgenforum","isPartOf":{"@id":"https:\/\/felgenforum.shop\/#website"},"primaryImageOfPage":{"@id":"https:\/\/felgenforum.shop\/produkt\/4x-dm08-18-zoll-winterraeder-hankook-245-45-r18-komplettraeder-fuer-audi-q3-8u-8u1\/#primaryimage"},"image":{"@id":"https:\/\/felgenforum.shop\/produkt\/4x-dm08-18-zoll-winterraeder-hankook-245-45-r18-komplettraeder-fuer-audi-q3-8u-8u1\/#primaryimage"},"thumbnailUrl":"https:\/\/felgenforum.shop\/wp-content\/uploads\/2025\/09\/4x-dm08-18-zoll-winterraeder-hankook-245-45-r18-komplettraeder-fuer-audi-q3-8u-8u1-featured-1000px.webp","datePublished":"2025-09-23T21:37:49+00:00","dateModified":"2026-04-25T13:18:18+00:00","description":"4x DM08 18 Zoll Winterr\u00e4der HANKOOK 245 45 R18 Komplettr\u00e4der f\u00fcr Audi Q3 8U 8U1 online bestellen \u2794 Gepr\u00fcfte Qualit\u00e4t, Top Marken & schneller Versand \u2714 Jetzt sicher bei Felgenforum kaufen!","breadcrumb":{"@id":"https:\/\/felgenforum.shop\/produkt\/4x-dm08-18-zoll-winterraeder-hankook-245-45-r18-komplettraeder-fuer-audi-q3-8u-8u1\/#breadcrumb"},"inLanguage":"en-GB","potentialAction":[{"@type":"ReadAction","target":["https:\/\/felgenforum.shop\/produkt\/4x-dm08-18-zoll-winterraeder-hankook-245-45-r18-komplettraeder-fuer-audi-q3-8u-8u1\/"]}]},{"@type":"ImageObject","inLanguage":"en-GB","@id":"https:\/\/felgenforum.shop\/produkt\/4x-dm08-18-zoll-winterraeder-hankook-245-45-r18-komplettraeder-fuer-audi-q3-8u-8u1\/#primaryimage","url":"https:\/\/felgenforum.shop\/wp-content\/uploads\/2025\/09\/4x-dm08-18-zoll-winterraeder-hankook-245-45-r18-komplettraeder-fuer-audi-q3-8u-8u1-featured-1000px.webp","contentUrl":"https:\/\/felgenforum.shop\/wp-content\/uploads\/2025\/09\/4x-dm08-18-zoll-winterraeder-hankook-245-45-r18-komplettraeder-fuer-audi-q3-8u-8u1-featured-1000px.webp","width":1000,"height":1000},{"@type":"BreadcrumbList","@id":"https:\/\/felgenforum.shop\/produkt\/4x-dm08-18-zoll-winterraeder-hankook-245-45-r18-komplettraeder-fuer-audi-q3-8u-8u1\/#breadcrumb","itemListElement":[{"@type":"ListItem","position":1,"name":"Startseite","item":"https:\/\/felgenforum.shop\/"},{"@type":"ListItem","position":2,"name":"Shop","item":"https:\/\/felgenforum.shop\/shop\/"},{"@type":"ListItem","position":3,"name":"4x DM08 18 Zoll Winterr\u00e4der HANKOOK 245 45 R18 Komplettr\u00e4der f\u00fcr Audi Q3 8U 8U1"}]},{"@type":"WebSite","@id":"https:\/\/felgenforum.shop\/#website","url":"https:\/\/felgenforum.shop\/","name":"Rim forum","description":"","potentialAction":[{"@type":"SearchAction","target":{"@type":"EntryPoint","urlTemplate":"https:\/\/felgenforum.shop\/?s={search_term_string}"},"query-input":{"@type":"PropertyValueSpecification","valueRequired":true,"valueName":"search_term_string"}}],"inLanguage":"en-GB"}]}},"_links":{"self":[{"href":"https:\/\/felgenforum.shop\/en\/wp-json\/wp\/v2\/product\/110575","targetHints":{"allow":["GET"]}}],"collection":[{"href":"https:\/\/felgenforum.shop\/en\/wp-json\/wp\/v2\/product"}],"about":[{"href":"https:\/\/felgenforum.shop\/en\/wp-json\/wp\/v2\/types\/product"}],"replies":[{"embeddable":true,"href":"https:\/\/felgenforum.shop\/en\/wp-json\/wp\/v2\/comments?post=110575"}],"wp:featuredmedia":[{"embeddable":true,"href":"https:\/\/felgenforum.shop\/en\/wp-json\/wp\/v2\/media\/115509"}],"wp:attachment":[{"href":"https:\/\/felgenforum.shop\/en\/wp-json\/wp\/v2\/media?parent=110575"}],"wp:term":[{"taxonomy":"product_brand","embeddable":true,"href":"https:\/\/felgenforum.shop\/en\/wp-json\/wp\/v2\/product_brand?post=110575"},{"taxonomy":"product_cat","embeddable":true,"href":"https:\/\/felgenforum.shop\/en\/wp-json\/wp\/v2\/product_cat?post=110575"},{"taxonomy":"product_tag","embeddable":true,"href":"https:\/\/felgenforum.shop\/en\/wp-json\/wp\/v2\/product_tag?post=110575"}],"curies":[{"name":"wp","href":"https:\/\/api.w.org\/{rel}","templated":true}]}}