{"id":110237,"date":"2025-09-23T22:28:00","date_gmt":"2025-09-23T20:28:00","guid":{"rendered":"https:\/\/felgenforum.shop\/?post_type=product&#038;p=110237"},"modified":"2026-04-25T15:18:07","modified_gmt":"2026-04-25T13:18:07","slug":"21-zoll-felgen-avus-af20-schwarz-audi-s7-a7-c7-rs7-q7-sq7-4l-4m","status":"publish","type":"product","link":"https:\/\/felgenforum.shop\/en\/product\/21-zoll-felgen-avus-af20-schwarz-audi-s7-a7-c7-rs7-q7-sq7-4l-4m\/","title":{"rendered":"21 inch rims Avus AF20 black Audi S7 A7 C7 RS7 Q7 SQ7 4L 4M"},"content":{"rendered":"<h3>Welcome to an offer from Felgenforum.shop<\/h3>\n<p>In this offer we offer you NEW summer wheels Avus AF20 alloy rims in black including ABE.<\/p>\n<p>NEW &amp; in original packaging.<\/p>\n<h3>Scope of delivery:<\/h3>\n<ul>\n<li>4 x AF20 9,5&#215;21 ET31 5&#215;112 schwarz<\/li>\n<li>Complete mounting hardware (if required according to the ABE)<\/li>\n<li>4x Avus hubcaps<\/li>\n<li>1x Expert report (ABE)<\/li>\n<li>In most cases, the rims are therefore registration-free. If you have any questions about fitment or any registration requirements, our experienced team will be happy to help :).<\/li>\n<li>Please be sure to specify your vehicle after purchase.<\/li>\n<li>We offer this model in many other sizes and colors; please contact us if you have any other requests.<\/li>\n<\/ul>\n<h3>&gt;&gt;&gt;Complete wheels<\/h3>\n<h3>We are happy to offer you the desired rims as ready-to-install complete wheels with a tire of your choice.<\/h3>\n<p>Feel free to send us a non-binding inquiry :).<\/p>\n<p>The wheels are the right size for the following vehicles:<\/p>\n<h3>Audi<\/h3>\n<ul>\n<li>A7 S7 C7<\/li>\n<li>RS7 C7<\/li>\n<li>Q7 SQ7 4L 4M<\/li>\n<\/ul>","protected":false},"excerpt":{"rendered":"<p>Ein Satz (4 St\u00fcck) hochwertige Marken-Alufelgen, Modell AF 20, in der Gr\u00f6\u00dfe 9J.5&#215;21 Zoll, Lochkreis 112 mit 5 Loch. Professionell gepr\u00fcft und versandfertig verpackt.<\/p>","protected":false},"featured_media":115125,"comment_status":"open","ping_status":"closed","template":"","meta":[],"product_brand":[],"product_cat":[1202],"product_tag":[],"class_list":{"0":"post-110237","1":"product","2":"type-product","3":"status-publish","4":"has-post-thumbnail","6":"product_cat-other","7":"product_shipping_class-felge","8":"pa_einpresstiefe-et-2334","9":"pa_fahrzeugmarke-audi","10":"pa_farbe-schwarz","11":"pa_felgenbreite-9-5","12":"pa_felgenfarbe-schwarz","13":"pa_felgenmaterial-alu","14":"pa_felgenmodell-rs7","15":"pa_hersteller-avus","16":"pa_herstellernummer-a20095215112031666c0","17":"pa_lochkreis-1439","18":"pa_lochzahl-1447","19":"pa_maximale-traglast-2333","20":"pa_mittenlochbohrung-66-6","21":"pa_modell-af-20","22":"pa_zollgroesse-2335","24":"first","25":"instock","26":"taxable","27":"shipping-taxable","28":"purchasable","29":"product-type-simple"},"yoast_head":"<title>21 Zoll Felgen Avus AF20 schwarz Audi S7 A7 C7 RS7 Q7 SQ7 4L 4M g\u00fcnstig kaufen - Felgenforum<\/title>\n<meta name=\"description\" content=\"21 Zoll Felgen Avus AF20 schwarz Audi S7 A7 C7 RS7 Q7 SQ7 4L 4M online bestellen \u2794 Gepr\u00fcfte Qualit\u00e4t, Top Marken &amp; schneller Versand \u2714 Jetzt sicher bei Felgenforum kaufen!\" \/>\n<meta name=\"robots\" content=\"index, follow, max-snippet:-1, max-image-preview:large, max-video-preview:-1\" \/>\n<link rel=\"canonical\" href=\"https:\/\/felgenforum.shop\/en\/product\/21-zoll-felgen-avus-af20-schwarz-audi-s7-a7-c7-rs7-q7-sq7-4l-4m\/\" \/>\n<meta property=\"og:locale\" content=\"en_GB\" \/>\n<meta property=\"og:type\" content=\"article\" \/>\n<meta property=\"og:title\" content=\"21 Zoll Felgen Avus AF20 schwarz Audi S7 A7 C7 RS7 Q7 SQ7 4L 4M g\u00fcnstig kaufen - Felgenforum\" \/>\n<meta property=\"og:description\" content=\"21 Zoll Felgen Avus AF20 schwarz Audi S7 A7 C7 RS7 Q7 SQ7 4L 4M online bestellen \u2794 Gepr\u00fcfte Qualit\u00e4t, Top Marken &amp; schneller Versand \u2714 Jetzt sicher bei Felgenforum kaufen!\" \/>\n<meta property=\"og:url\" content=\"https:\/\/felgenforum.shop\/en\/product\/21-zoll-felgen-avus-af20-schwarz-audi-s7-a7-c7-rs7-q7-sq7-4l-4m\/\" \/>\n<meta property=\"og:site_name\" content=\"Felgenforum\" \/>\n<meta property=\"article:modified_time\" content=\"2026-04-25T13:18:07+00:00\" \/>\n<meta property=\"og:image\" content=\"https:\/\/felgenforum.shop\/wp-content\/uploads\/2025\/09\/21-zoll-felgen-avus-af20-schwarz-audi-s7-a7-c7-rs7-q7-sq7-4l-4m-featured-1000px.webp\" \/>\n\t<meta property=\"og:image:width\" content=\"1000\" \/>\n\t<meta property=\"og:image:height\" content=\"1000\" \/>\n\t<meta property=\"og:image:type\" content=\"image\/jpeg\" \/>\n<meta name=\"twitter:card\" content=\"summary_large_image\" \/>\n<meta name=\"twitter:label1\" content=\"Est. reading time\" \/>\n\t<meta name=\"twitter:data1\" content=\"1 minute\" \/>\n<script type=\"application\/ld+json\" class=\"yoast-schema-graph\">{\"@context\":\"https:\\\/\\\/schema.org\",\"@graph\":[{\"@type\":\"WebPage\",\"@id\":\"https:\\\/\\\/felgenforum.shop\\\/produkt\\\/21-zoll-felgen-avus-af20-schwarz-audi-s7-a7-c7-rs7-q7-sq7-4l-4m\\\/\",\"url\":\"https:\\\/\\\/felgenforum.shop\\\/produkt\\\/21-zoll-felgen-avus-af20-schwarz-audi-s7-a7-c7-rs7-q7-sq7-4l-4m\\\/\",\"name\":\"21 Zoll Felgen Avus AF20 schwarz Audi S7 A7 C7 RS7 Q7 SQ7 4L 4M g\u00fcnstig kaufen - Felgenforum\",\"isPartOf\":{\"@id\":\"https:\\\/\\\/felgenforum.shop\\\/#website\"},\"primaryImageOfPage\":{\"@id\":\"https:\\\/\\\/felgenforum.shop\\\/produkt\\\/21-zoll-felgen-avus-af20-schwarz-audi-s7-a7-c7-rs7-q7-sq7-4l-4m\\\/#primaryimage\"},\"image\":{\"@id\":\"https:\\\/\\\/felgenforum.shop\\\/produkt\\\/21-zoll-felgen-avus-af20-schwarz-audi-s7-a7-c7-rs7-q7-sq7-4l-4m\\\/#primaryimage\"},\"thumbnailUrl\":\"https:\\\/\\\/felgenforum.shop\\\/wp-content\\\/uploads\\\/2025\\\/09\\\/21-zoll-felgen-avus-af20-schwarz-audi-s7-a7-c7-rs7-q7-sq7-4l-4m-featured-1000px.webp\",\"datePublished\":\"2025-09-23T20:28:00+00:00\",\"dateModified\":\"2026-04-25T13:18:07+00:00\",\"description\":\"21 Zoll Felgen Avus AF20 schwarz Audi S7 A7 C7 RS7 Q7 SQ7 4L 4M online bestellen \u2794 Gepr\u00fcfte Qualit\u00e4t, Top Marken & schneller Versand \u2714 Jetzt sicher bei Felgenforum kaufen!\",\"breadcrumb\":{\"@id\":\"https:\\\/\\\/felgenforum.shop\\\/produkt\\\/21-zoll-felgen-avus-af20-schwarz-audi-s7-a7-c7-rs7-q7-sq7-4l-4m\\\/#breadcrumb\"},\"inLanguage\":\"en-GB\",\"potentialAction\":[{\"@type\":\"ReadAction\",\"target\":[\"https:\\\/\\\/felgenforum.shop\\\/produkt\\\/21-zoll-felgen-avus-af20-schwarz-audi-s7-a7-c7-rs7-q7-sq7-4l-4m\\\/\"]}]},{\"@type\":\"ImageObject\",\"inLanguage\":\"en-GB\",\"@id\":\"https:\\\/\\\/felgenforum.shop\\\/produkt\\\/21-zoll-felgen-avus-af20-schwarz-audi-s7-a7-c7-rs7-q7-sq7-4l-4m\\\/#primaryimage\",\"url\":\"https:\\\/\\\/felgenforum.shop\\\/wp-content\\\/uploads\\\/2025\\\/09\\\/21-zoll-felgen-avus-af20-schwarz-audi-s7-a7-c7-rs7-q7-sq7-4l-4m-featured-1000px.webp\",\"contentUrl\":\"https:\\\/\\\/felgenforum.shop\\\/wp-content\\\/uploads\\\/2025\\\/09\\\/21-zoll-felgen-avus-af20-schwarz-audi-s7-a7-c7-rs7-q7-sq7-4l-4m-featured-1000px.webp\",\"width\":1000,\"height\":1000},{\"@type\":\"BreadcrumbList\",\"@id\":\"https:\\\/\\\/felgenforum.shop\\\/produkt\\\/21-zoll-felgen-avus-af20-schwarz-audi-s7-a7-c7-rs7-q7-sq7-4l-4m\\\/#breadcrumb\",\"itemListElement\":[{\"@type\":\"ListItem\",\"position\":1,\"name\":\"Startseite\",\"item\":\"https:\\\/\\\/felgenforum.shop\\\/\"},{\"@type\":\"ListItem\",\"position\":2,\"name\":\"Shop\",\"item\":\"https:\\\/\\\/felgenforum.shop\\\/shop\\\/\"},{\"@type\":\"ListItem\",\"position\":3,\"name\":\"21 Zoll Felgen Avus AF20 schwarz Audi S7 A7 C7 RS7 Q7 SQ7 4L 4M\"}]},{\"@type\":\"WebSite\",\"@id\":\"https:\\\/\\\/felgenforum.shop\\\/#website\",\"url\":\"https:\\\/\\\/felgenforum.shop\\\/\",\"name\":\"Felgenforum\",\"description\":\"\",\"potentialAction\":[{\"@type\":\"SearchAction\",\"target\":{\"@type\":\"EntryPoint\",\"urlTemplate\":\"https:\\\/\\\/felgenforum.shop\\\/?s={search_term_string}\"},\"query-input\":{\"@type\":\"PropertyValueSpecification\",\"valueRequired\":true,\"valueName\":\"search_term_string\"}}],\"inLanguage\":\"en-GB\"}]}<\/script>","yoast_head_json":{"title":"21 Zoll Felgen Avus AF20 schwarz Audi S7 A7 C7 RS7 Q7 SQ7 4L 4M g\u00fcnstig kaufen - Felgenforum","description":"21 Zoll Felgen Avus AF20 schwarz Audi S7 A7 C7 RS7 Q7 SQ7 4L 4M online bestellen \u2794 Gepr\u00fcfte Qualit\u00e4t, Top Marken & schneller Versand \u2714 Jetzt sicher bei Felgenforum kaufen!","robots":{"index":"index","follow":"follow","max-snippet":"max-snippet:-1","max-image-preview":"max-image-preview:large","max-video-preview":"max-video-preview:-1"},"canonical":"https:\/\/felgenforum.shop\/en\/product\/21-zoll-felgen-avus-af20-schwarz-audi-s7-a7-c7-rs7-q7-sq7-4l-4m\/","og_locale":"en_GB","og_type":"article","og_title":"21 Zoll Felgen Avus AF20 schwarz Audi S7 A7 C7 RS7 Q7 SQ7 4L 4M g\u00fcnstig kaufen - Felgenforum","og_description":"21 Zoll Felgen Avus AF20 schwarz Audi S7 A7 C7 RS7 Q7 SQ7 4L 4M online bestellen \u2794 Gepr\u00fcfte Qualit\u00e4t, Top Marken & schneller Versand \u2714 Jetzt sicher bei Felgenforum kaufen!","og_url":"https:\/\/felgenforum.shop\/en\/product\/21-zoll-felgen-avus-af20-schwarz-audi-s7-a7-c7-rs7-q7-sq7-4l-4m\/","og_site_name":"Felgenforum","article_modified_time":"2026-04-25T13:18:07+00:00","og_image":[{"width":1000,"height":1000,"url":"https:\/\/felgenforum.shop\/wp-content\/uploads\/2025\/09\/21-zoll-felgen-avus-af20-schwarz-audi-s7-a7-c7-rs7-q7-sq7-4l-4m-featured-1000px.webp","type":"image\/jpeg"}],"twitter_card":"summary_large_image","twitter_misc":{"Est. reading time":"1 minute"},"schema":{"@context":"https:\/\/schema.org","@graph":[{"@type":"WebPage","@id":"https:\/\/felgenforum.shop\/produkt\/21-zoll-felgen-avus-af20-schwarz-audi-s7-a7-c7-rs7-q7-sq7-4l-4m\/","url":"https:\/\/felgenforum.shop\/produkt\/21-zoll-felgen-avus-af20-schwarz-audi-s7-a7-c7-rs7-q7-sq7-4l-4m\/","name":"21 Zoll Felgen Avus AF20 schwarz Audi S7 A7 C7 RS7 Q7 SQ7 4L 4M g\u00fcnstig kaufen - Felgenforum","isPartOf":{"@id":"https:\/\/felgenforum.shop\/#website"},"primaryImageOfPage":{"@id":"https:\/\/felgenforum.shop\/produkt\/21-zoll-felgen-avus-af20-schwarz-audi-s7-a7-c7-rs7-q7-sq7-4l-4m\/#primaryimage"},"image":{"@id":"https:\/\/felgenforum.shop\/produkt\/21-zoll-felgen-avus-af20-schwarz-audi-s7-a7-c7-rs7-q7-sq7-4l-4m\/#primaryimage"},"thumbnailUrl":"https:\/\/felgenforum.shop\/wp-content\/uploads\/2025\/09\/21-zoll-felgen-avus-af20-schwarz-audi-s7-a7-c7-rs7-q7-sq7-4l-4m-featured-1000px.webp","datePublished":"2025-09-23T20:28:00+00:00","dateModified":"2026-04-25T13:18:07+00:00","description":"21 Zoll Felgen Avus AF20 schwarz Audi S7 A7 C7 RS7 Q7 SQ7 4L 4M online bestellen \u2794 Gepr\u00fcfte Qualit\u00e4t, Top Marken & schneller Versand \u2714 Jetzt sicher bei Felgenforum kaufen!","breadcrumb":{"@id":"https:\/\/felgenforum.shop\/produkt\/21-zoll-felgen-avus-af20-schwarz-audi-s7-a7-c7-rs7-q7-sq7-4l-4m\/#breadcrumb"},"inLanguage":"en-GB","potentialAction":[{"@type":"ReadAction","target":["https:\/\/felgenforum.shop\/produkt\/21-zoll-felgen-avus-af20-schwarz-audi-s7-a7-c7-rs7-q7-sq7-4l-4m\/"]}]},{"@type":"ImageObject","inLanguage":"en-GB","@id":"https:\/\/felgenforum.shop\/produkt\/21-zoll-felgen-avus-af20-schwarz-audi-s7-a7-c7-rs7-q7-sq7-4l-4m\/#primaryimage","url":"https:\/\/felgenforum.shop\/wp-content\/uploads\/2025\/09\/21-zoll-felgen-avus-af20-schwarz-audi-s7-a7-c7-rs7-q7-sq7-4l-4m-featured-1000px.webp","contentUrl":"https:\/\/felgenforum.shop\/wp-content\/uploads\/2025\/09\/21-zoll-felgen-avus-af20-schwarz-audi-s7-a7-c7-rs7-q7-sq7-4l-4m-featured-1000px.webp","width":1000,"height":1000},{"@type":"BreadcrumbList","@id":"https:\/\/felgenforum.shop\/produkt\/21-zoll-felgen-avus-af20-schwarz-audi-s7-a7-c7-rs7-q7-sq7-4l-4m\/#breadcrumb","itemListElement":[{"@type":"ListItem","position":1,"name":"Startseite","item":"https:\/\/felgenforum.shop\/"},{"@type":"ListItem","position":2,"name":"Shop","item":"https:\/\/felgenforum.shop\/shop\/"},{"@type":"ListItem","position":3,"name":"21 Zoll Felgen Avus AF20 schwarz Audi S7 A7 C7 RS7 Q7 SQ7 4L 4M"}]},{"@type":"WebSite","@id":"https:\/\/felgenforum.shop\/#website","url":"https:\/\/felgenforum.shop\/","name":"Rim forum","description":"","potentialAction":[{"@type":"SearchAction","target":{"@type":"EntryPoint","urlTemplate":"https:\/\/felgenforum.shop\/?s={search_term_string}"},"query-input":{"@type":"PropertyValueSpecification","valueRequired":true,"valueName":"search_term_string"}}],"inLanguage":"en-GB"}]}},"_links":{"self":[{"href":"https:\/\/felgenforum.shop\/en\/wp-json\/wp\/v2\/product\/110237","targetHints":{"allow":["GET"]}}],"collection":[{"href":"https:\/\/felgenforum.shop\/en\/wp-json\/wp\/v2\/product"}],"about":[{"href":"https:\/\/felgenforum.shop\/en\/wp-json\/wp\/v2\/types\/product"}],"replies":[{"embeddable":true,"href":"https:\/\/felgenforum.shop\/en\/wp-json\/wp\/v2\/comments?post=110237"}],"wp:featuredmedia":[{"embeddable":true,"href":"https:\/\/felgenforum.shop\/en\/wp-json\/wp\/v2\/media\/115125"}],"wp:attachment":[{"href":"https:\/\/felgenforum.shop\/en\/wp-json\/wp\/v2\/media?parent=110237"}],"wp:term":[{"taxonomy":"product_brand","embeddable":true,"href":"https:\/\/felgenforum.shop\/en\/wp-json\/wp\/v2\/product_brand?post=110237"},{"taxonomy":"product_cat","embeddable":true,"href":"https:\/\/felgenforum.shop\/en\/wp-json\/wp\/v2\/product_cat?post=110237"},{"taxonomy":"product_tag","embeddable":true,"href":"https:\/\/felgenforum.shop\/en\/wp-json\/wp\/v2\/product_tag?post=110237"}],"curies":[{"name":"wp","href":"https:\/\/api.w.org\/{rel}","templated":true}]}}