{"id":110221,"date":"2025-09-23T22:23:21","date_gmt":"2025-09-23T20:23:21","guid":{"rendered":"https:\/\/felgenforum.shop\/?post_type=product&#038;p=110221"},"modified":"2026-04-25T15:43:57","modified_gmt":"2026-04-25T13:43:57","slug":"19-zoll-sommerraeder-sommerkomplettraeder-bmw-3er-f30","status":"publish","type":"product","link":"https:\/\/felgenforum.shop\/en\/product\/19-zoll-sommerraeder-sommerkomplettraeder-bmw-3er-f30\/","title":{"rendered":"19-inch summer wheels, complete summer wheel set for BMW 3 Series F30"},"content":{"rendered":"<h3>Welcome to an offer from Felgenforum.shop<\/h3>\n<p>In this offer we offer you a NEW set of summer complete wheels in matte grey including ABE.<\/p>\n<p>4x fully pre-assembled and balanced complete wheels<\/p>\n<p>consisting of:<\/p>\n<p>4x Alufelge Keskin KT20 8,5&#215;19 ET35 LK5\/120<\/p>\n<p>+<\/p>\n<p>4x Summer tires 245\/35 R19 92Y Austone\u00a0<\/p>\n<p>+<\/p>\n<p>4x TPMS<\/p>\n<p>fully assembled and balanced<\/p>\n<p>(including black weights and black metal valves)<\/p>\n<p>NEW &amp; in original packaging.<\/p>\n<p>(Vehicle manufacturer&#039;s hubcap not included)<\/p>\n<p>1x Expert report (ABE)<\/p>\n<p>In most cases, the complete wheel sets are therefore registration-free. If you have any questions about fitment or any registration requirements, our experienced team will be happy to assist you :).<\/p>\n<p>Please be sure to specify your vehicle after purchase.<\/p>\n<p>We offer this model in many other sizes and colors; please contact us if you have any other requests.<\/p>\n<p>&gt;&gt;&gt;Wishful tires<\/p>\n<p>Do you have a specific request regarding tire brand or tire quality? No problem!<\/p>\n<p>We would be happy to create individual complete wheel offers for you :).<\/p>\n<p>The complete wheels are suitable for, among others:<\/p>\n<h3>BMW<\/h3>\n<ul>\n<li>3 Series 320i 3L<\/li>\n<\/ul>","protected":false},"excerpt":{"rendered":"<p>Ein Satz (4 St\u00fcck) hochwertige Marken-Alufelgen, Modell KT20 Future, in der Gr\u00f6\u00dfe 8.5&#215;19 Zoll, Lochkreis 120 mit 5 Loch. Professionell gepr\u00fcft und versandfertig verpackt.<\/p>","protected":false},"featured_media":0,"comment_status":"open","ping_status":"closed","template":"","meta":[],"product_brand":[],"product_cat":[1202],"product_tag":[],"class_list":{"0":"post-110221","1":"product","2":"type-product","3":"status-publish","5":"product_cat-other","6":"pa_einpresstiefe-et-1460","7":"pa_farbe-schwarz-lackiert","8":"pa_felgenbreite-8-5","9":"pa_felgenmaterial-alu","10":"pa_hersteller-keskin","11":"pa_herstellernummer-kt208519512035bp","12":"pa_lochkreis-1494","13":"pa_lochzahl-1447","14":"pa_maximale-traglast-1687","15":"pa_mittenlochbohrung-72-6","16":"pa_modell-kt20-future","17":"pa_zollgroesse-1448","19":"first","20":"instock","21":"sale","22":"taxable","23":"shipping-taxable","24":"purchasable","25":"product-type-simple"},"yoast_head":"<title>19 Zoll Sommerr\u00e4der Sommerkomplettr\u00e4der BMW 3er F30 g\u00fcnstig kaufen - Felgenforum<\/title>\n<meta name=\"description\" content=\"19 Zoll Sommerr\u00e4der Sommerkomplettr\u00e4der BMW 3er F30 online bestellen \u2794 Gepr\u00fcfte Qualit\u00e4t, Top Marken &amp; schneller Versand \u2714 Jetzt sicher bei Felgenforum kaufen!\" \/>\n<meta name=\"robots\" content=\"index, follow, max-snippet:-1, max-image-preview:large, max-video-preview:-1\" \/>\n<link rel=\"canonical\" href=\"https:\/\/felgenforum.shop\/en\/product\/19-zoll-sommerraeder-sommerkomplettraeder-bmw-3er-f30\/\" \/>\n<meta property=\"og:locale\" content=\"en_GB\" \/>\n<meta property=\"og:type\" content=\"article\" \/>\n<meta property=\"og:title\" content=\"19 Zoll Sommerr\u00e4der Sommerkomplettr\u00e4der BMW 3er F30 g\u00fcnstig kaufen - Felgenforum\" \/>\n<meta property=\"og:description\" content=\"19 Zoll Sommerr\u00e4der Sommerkomplettr\u00e4der BMW 3er F30 online bestellen \u2794 Gepr\u00fcfte Qualit\u00e4t, Top Marken &amp; schneller Versand \u2714 Jetzt sicher bei Felgenforum kaufen!\" \/>\n<meta property=\"og:url\" content=\"https:\/\/felgenforum.shop\/en\/product\/19-zoll-sommerraeder-sommerkomplettraeder-bmw-3er-f30\/\" \/>\n<meta property=\"og:site_name\" content=\"Felgenforum\" \/>\n<meta property=\"article:modified_time\" content=\"2026-04-25T13:43:57+00:00\" \/>\n<meta name=\"twitter:card\" content=\"summary_large_image\" \/>\n<meta name=\"twitter:label1\" content=\"Est. reading time\" \/>\n\t<meta name=\"twitter:data1\" content=\"1 minute\" \/>\n<script type=\"application\/ld+json\" class=\"yoast-schema-graph\">{\"@context\":\"https:\\\/\\\/schema.org\",\"@graph\":[{\"@type\":\"WebPage\",\"@id\":\"https:\\\/\\\/felgenforum.shop\\\/produkt\\\/19-zoll-sommerraeder-sommerkomplettraeder-bmw-3er-f30\\\/\",\"url\":\"https:\\\/\\\/felgenforum.shop\\\/produkt\\\/19-zoll-sommerraeder-sommerkomplettraeder-bmw-3er-f30\\\/\",\"name\":\"19 Zoll Sommerr\u00e4der Sommerkomplettr\u00e4der BMW 3er F30 g\u00fcnstig kaufen - Felgenforum\",\"isPartOf\":{\"@id\":\"https:\\\/\\\/felgenforum.shop\\\/#website\"},\"datePublished\":\"2025-09-23T20:23:21+00:00\",\"dateModified\":\"2026-04-25T13:43:57+00:00\",\"description\":\"19 Zoll Sommerr\u00e4der Sommerkomplettr\u00e4der BMW 3er F30 online bestellen \u2794 Gepr\u00fcfte Qualit\u00e4t, Top Marken & schneller Versand \u2714 Jetzt sicher bei Felgenforum kaufen!\",\"breadcrumb\":{\"@id\":\"https:\\\/\\\/felgenforum.shop\\\/produkt\\\/19-zoll-sommerraeder-sommerkomplettraeder-bmw-3er-f30\\\/#breadcrumb\"},\"inLanguage\":\"en-GB\",\"potentialAction\":[{\"@type\":\"ReadAction\",\"target\":[\"https:\\\/\\\/felgenforum.shop\\\/produkt\\\/19-zoll-sommerraeder-sommerkomplettraeder-bmw-3er-f30\\\/\"]}]},{\"@type\":\"BreadcrumbList\",\"@id\":\"https:\\\/\\\/felgenforum.shop\\\/produkt\\\/19-zoll-sommerraeder-sommerkomplettraeder-bmw-3er-f30\\\/#breadcrumb\",\"itemListElement\":[{\"@type\":\"ListItem\",\"position\":1,\"name\":\"Startseite\",\"item\":\"https:\\\/\\\/felgenforum.shop\\\/\"},{\"@type\":\"ListItem\",\"position\":2,\"name\":\"Shop\",\"item\":\"https:\\\/\\\/felgenforum.shop\\\/shop\\\/\"},{\"@type\":\"ListItem\",\"position\":3,\"name\":\"19 Zoll Sommerr\u00e4der Sommerkomplettr\u00e4der BMW 3er F30\"}]},{\"@type\":\"WebSite\",\"@id\":\"https:\\\/\\\/felgenforum.shop\\\/#website\",\"url\":\"https:\\\/\\\/felgenforum.shop\\\/\",\"name\":\"Felgenforum\",\"description\":\"\",\"potentialAction\":[{\"@type\":\"SearchAction\",\"target\":{\"@type\":\"EntryPoint\",\"urlTemplate\":\"https:\\\/\\\/felgenforum.shop\\\/?s={search_term_string}\"},\"query-input\":{\"@type\":\"PropertyValueSpecification\",\"valueRequired\":true,\"valueName\":\"search_term_string\"}}],\"inLanguage\":\"en-GB\"}]}<\/script>","yoast_head_json":{"title":"19 Zoll Sommerr\u00e4der Sommerkomplettr\u00e4der BMW 3er F30 g\u00fcnstig kaufen - Felgenforum","description":"19 Zoll Sommerr\u00e4der Sommerkomplettr\u00e4der BMW 3er F30 online bestellen \u2794 Gepr\u00fcfte Qualit\u00e4t, Top Marken & schneller Versand \u2714 Jetzt sicher bei Felgenforum kaufen!","robots":{"index":"index","follow":"follow","max-snippet":"max-snippet:-1","max-image-preview":"max-image-preview:large","max-video-preview":"max-video-preview:-1"},"canonical":"https:\/\/felgenforum.shop\/en\/product\/19-zoll-sommerraeder-sommerkomplettraeder-bmw-3er-f30\/","og_locale":"en_GB","og_type":"article","og_title":"19 Zoll Sommerr\u00e4der Sommerkomplettr\u00e4der BMW 3er F30 g\u00fcnstig kaufen - Felgenforum","og_description":"19 Zoll Sommerr\u00e4der Sommerkomplettr\u00e4der BMW 3er F30 online bestellen \u2794 Gepr\u00fcfte Qualit\u00e4t, Top Marken & schneller Versand \u2714 Jetzt sicher bei Felgenforum kaufen!","og_url":"https:\/\/felgenforum.shop\/en\/product\/19-zoll-sommerraeder-sommerkomplettraeder-bmw-3er-f30\/","og_site_name":"Felgenforum","article_modified_time":"2026-04-25T13:43:57+00:00","twitter_card":"summary_large_image","twitter_misc":{"Est. reading time":"1 minute"},"schema":{"@context":"https:\/\/schema.org","@graph":[{"@type":"WebPage","@id":"https:\/\/felgenforum.shop\/produkt\/19-zoll-sommerraeder-sommerkomplettraeder-bmw-3er-f30\/","url":"https:\/\/felgenforum.shop\/produkt\/19-zoll-sommerraeder-sommerkomplettraeder-bmw-3er-f30\/","name":"19 Zoll Sommerr\u00e4der Sommerkomplettr\u00e4der BMW 3er F30 g\u00fcnstig kaufen - Felgenforum","isPartOf":{"@id":"https:\/\/felgenforum.shop\/#website"},"datePublished":"2025-09-23T20:23:21+00:00","dateModified":"2026-04-25T13:43:57+00:00","description":"19 Zoll Sommerr\u00e4der Sommerkomplettr\u00e4der BMW 3er F30 online bestellen \u2794 Gepr\u00fcfte Qualit\u00e4t, Top Marken & schneller Versand \u2714 Jetzt sicher bei Felgenforum kaufen!","breadcrumb":{"@id":"https:\/\/felgenforum.shop\/produkt\/19-zoll-sommerraeder-sommerkomplettraeder-bmw-3er-f30\/#breadcrumb"},"inLanguage":"en-GB","potentialAction":[{"@type":"ReadAction","target":["https:\/\/felgenforum.shop\/produkt\/19-zoll-sommerraeder-sommerkomplettraeder-bmw-3er-f30\/"]}]},{"@type":"BreadcrumbList","@id":"https:\/\/felgenforum.shop\/produkt\/19-zoll-sommerraeder-sommerkomplettraeder-bmw-3er-f30\/#breadcrumb","itemListElement":[{"@type":"ListItem","position":1,"name":"Startseite","item":"https:\/\/felgenforum.shop\/"},{"@type":"ListItem","position":2,"name":"Shop","item":"https:\/\/felgenforum.shop\/shop\/"},{"@type":"ListItem","position":3,"name":"19 Zoll Sommerr\u00e4der Sommerkomplettr\u00e4der BMW 3er F30"}]},{"@type":"WebSite","@id":"https:\/\/felgenforum.shop\/#website","url":"https:\/\/felgenforum.shop\/","name":"Rim forum","description":"","potentialAction":[{"@type":"SearchAction","target":{"@type":"EntryPoint","urlTemplate":"https:\/\/felgenforum.shop\/?s={search_term_string}"},"query-input":{"@type":"PropertyValueSpecification","valueRequired":true,"valueName":"search_term_string"}}],"inLanguage":"en-GB"}]}},"_links":{"self":[{"href":"https:\/\/felgenforum.shop\/en\/wp-json\/wp\/v2\/product\/110221","targetHints":{"allow":["GET"]}}],"collection":[{"href":"https:\/\/felgenforum.shop\/en\/wp-json\/wp\/v2\/product"}],"about":[{"href":"https:\/\/felgenforum.shop\/en\/wp-json\/wp\/v2\/types\/product"}],"replies":[{"embeddable":true,"href":"https:\/\/felgenforum.shop\/en\/wp-json\/wp\/v2\/comments?post=110221"}],"wp:attachment":[{"href":"https:\/\/felgenforum.shop\/en\/wp-json\/wp\/v2\/media?parent=110221"}],"wp:term":[{"taxonomy":"product_brand","embeddable":true,"href":"https:\/\/felgenforum.shop\/en\/wp-json\/wp\/v2\/product_brand?post=110221"},{"taxonomy":"product_cat","embeddable":true,"href":"https:\/\/felgenforum.shop\/en\/wp-json\/wp\/v2\/product_cat?post=110221"},{"taxonomy":"product_tag","embeddable":true,"href":"https:\/\/felgenforum.shop\/en\/wp-json\/wp\/v2\/product_tag?post=110221"}],"curies":[{"name":"wp","href":"https:\/\/api.w.org\/{rel}","templated":true}]}}