{"id":109637,"date":"2025-09-23T20:22:21","date_gmt":"2025-09-23T18:22:21","guid":{"rendered":"https:\/\/felgenforum.shop\/?post_type=product&#038;p=109637"},"modified":"2026-04-25T15:17:49","modified_gmt":"2026-04-25T13:17:49","slug":"ff01-19-zoll-winterraeder-winterreifen-255-45-komplettraeder-fuer-audi-q3-rsq3-f3-3","status":"publish","type":"product","link":"https:\/\/felgenforum.shop\/en\/product\/ff01-19-zoll-winterraeder-winterreifen-255-45-komplettraeder-fuer-audi-q3-rsq3-f3-3\/","title":{"rendered":"FF01 19-inch winter wheels, winter tires 255\/45, complete wheels for Audi Q3 RSQ3 F3"},"content":{"rendered":"<h3>Welcome to an offer from Felgenforum.shop<\/h3>\n<p>In this offer we offer you a NEW set of complete winter wheels in glossy anthracite including ABE (German type approval).<\/p>\n<p>4x fully pre-assembled and balanced complete wheels<\/p>\n<p>consisting of:<\/p>\n<p>4x Alufelge FF-Wheels FF01 anthrazit 8,5&#215;19 ET35 LK5\/112<\/p>\n<p>+<\/p>\n<p>4x winter tires 255\/45 R19 104V from current daily purchase<\/p>\n<p>fully assembled and balanced<\/p>\n<p>(including black weights and black metal valves)<\/p>\n<p>NEW<\/p>\n<p>TPMS available on request for an additional \u20ac139\/set.<\/p>\n<h3>Scope of delivery:<\/h3>\n<ul>\n<li>4 x FF-Wheels FF01 8,5&#215;19 ET35 5&#215;112 anthrazit gl\u00e4nzend<\/li>\n<li>Complete mounting hardware (if required according to the ABE)<\/li>\n<li>4x winter tires from current daily purchase 255\/45 R19 104V<\/li>\n<li>4x Hubcaps FF-Wheels<\/li>\n<li>(Vehicle manufacturer&#039;s hubcap not included)<\/li>\n<li>1x Expert report (ABE)<\/li>\n<li>In most cases, the complete wheel sets are therefore registration-free. If you have any questions about fitment or any registration requirements, our experienced team will be happy to assist you :).<\/li>\n<li>Please be sure to specify your vehicle after purchase.<\/li>\n<li>We offer this model in many other sizes and colors; please contact us if you have any other requests.<\/li>\n<li>&gt;&gt;&gt;Wishful tires<\/li>\n<li>Do you have a specific request regarding tire brand or tire quality? No problem!<\/li>\n<li>We would be happy to create individual complete wheel offers for you :).<\/li>\n<li>The complete wheels are suitable for, among others:<\/li>\n<\/ul>\n<h3>Scope of delivery:<\/h3>\n<ul>\n<li>4 x FF-Wheels FF01 8,5&#215;19 ET30 5&#215;112 schwarz gl\u00e4nzend<\/li>\n<li>Complete mounting hardware (if required according to the ABE)<\/li>\n<li>4x Hankook Winter I*CEPT EVO3 winter tires 255\/45 R19 104V<\/li>\n<li>4x TPMS (pre-programmed)<\/li>\n<li>4x Hubcaps FF-Wheels<\/li>\n<li>(Vehicle manufacturer&#039;s hubcap not included)<\/li>\n<li>1x Expert report (ABE)<\/li>\n<li>In most cases, the complete wheel sets are therefore registration-free. If you have any questions about fitment or any registration requirements, our experienced team will be happy to assist you :).<\/li>\n<li>Please be sure to specify your vehicle after purchase.<\/li>\n<li>We offer this model in many other sizes and colors; please contact us if you have any other requests.<\/li>\n<li>&gt;&gt;&gt;Wishful tires<\/li>\n<li>Do you have a specific request regarding tire brand or tire quality? No problem!<\/li>\n<li>We would be happy to create individual complete wheel offers for you :).<\/li>\n<li>The complete wheels are suitable for, among others:<\/li>\n<\/ul>\n<h3>Audi<\/h3>\n<ul>\n<li>A7 S7 F2 C8<\/li>\n<li>A8 S8 4H F8 D4 D5<\/li>\n<li>Q3 RSQ3 F3<\/li>\n<li>Q5 SQ5 FY<\/li>\n<\/ul>\n<h3>BMW<\/h3>\n<ul>\n<li>X3 G01<\/li>\n<li>X4 G02<\/li>\n<li>Seat<\/li>\n<li>Tarraco<\/li>\n<\/ul>\n<h3>Skoda<\/h3>\n<ul>\n<li>Kodiaq<\/li>\n<li>Mercedes<\/li>\n<li>GLC X253<\/li>\n<li>S-Class W222 C217<\/li>\n<\/ul>","protected":false},"excerpt":{"rendered":"<p>A set (4 pieces) of ready-to-drive FF Wheels complete wheels, professionally mounted and balanced.<\/p>\n<p><strong>Rim details:<\/strong> 8,5&#215;19 Zoll, Lochkreis 112.<br \/><strong>Tire details:<\/strong> Daily shopping, tread depth: approx. NEW mm.<\/p>","protected":false},"featured_media":114452,"comment_status":"open","ping_status":"closed","template":"","meta":[],"product_brand":[],"product_cat":[1510,1509,1204],"product_tag":[],"class_list":{"0":"post-109637","1":"product","2":"type-product","3":"status-publish","4":"has-post-thumbnail","6":"product_cat-19-zoll-winterraeder-audi-audi-komplettraeder-winter","7":"product_cat-audi-komplettraeder-winter","8":"product_cat-komplettraeder-winter","9":"product_shipping_class-komplettrad","10":"pa_anzahl-der-komplettraeder-1433","11":"pa_einpresstiefe-et-1460","12":"pa_eisgriffigkeit-ja","13":"pa_fahrzeugmarke-audi","14":"pa_fahrzeugtyp-allradfahrzeug","15":"pa_felgenaufbau-einteilig-gegossen","16":"pa_felgenbreite-8-5","17":"pa_felgendesign-multi-speichen-felge","18":"pa_felgenfarbe-anthrazit","19":"pa_felgenhersteller-ff-wheels","20":"pa_felgenmaterial-aluminium","21":"pa_felgenmodell-ff01","22":"pa_geschwindigkeitsindex-v-bis-240-km-h","23":"pa_herstellergarantie-2-jahre","24":"pa_herstellernummer-felge-1455","25":"pa_lastbereich-xl","26":"pa_lochkreis-1439","27":"pa_lochzahl-1447","28":"pa_mittenlochbohrung-666-mm","29":"pa_profiltiefe-neu","30":"pa_reifenbauart-r-radialreifen","31":"pa_reifenbreite-1453","32":"pa_reifendurchmesser-1436","33":"pa_reifenhersteller-tageseinkauf","34":"pa_reifenmodell-tageseinkauf","35":"pa_reifenquerschnitt-1504","36":"pa_reifenspezifikation-winterreifen","37":"pa_run-flat-nein","38":"pa_schneeflocken-symbol-ja","39":"pa_tragfaehigkeitsindex-104-max-900-kg-je-reifen","40":"pa_zollgroesse-1448","42":"first","43":"instock","44":"sale","45":"taxable","46":"shipping-taxable","47":"purchasable","48":"product-type-simple"},"yoast_head":"<title>FF01 19 Zoll Winterr\u00e4der Winterreifen 255\/45 Komplettr\u00e4der f\u00fcr Audi Q3 RSQ3 F3 g\u00fcnstig kaufen - Felgenforum<\/title>\n<meta name=\"description\" content=\"FF01 19 Zoll Winterr\u00e4der Winterreifen 255\/45 Komplettr\u00e4der f\u00fcr Audi Q3 RSQ3 F3 online bestellen \u2794 Gepr\u00fcfte Qualit\u00e4t, Top Marken &amp; schneller Versand \u2714 Jetzt sicher bei Felgenforum kaufen!\" \/>\n<meta name=\"robots\" content=\"index, follow, max-snippet:-1, max-image-preview:large, max-video-preview:-1\" \/>\n<link rel=\"canonical\" href=\"https:\/\/felgenforum.shop\/en\/product\/ff01-19-zoll-winterraeder-winterreifen-255-45-komplettraeder-fuer-audi-q3-rsq3-f3-3\/\" \/>\n<meta property=\"og:locale\" content=\"en_GB\" \/>\n<meta property=\"og:type\" content=\"article\" \/>\n<meta property=\"og:title\" content=\"FF01 19 Zoll Winterr\u00e4der Winterreifen 255\/45 Komplettr\u00e4der f\u00fcr Audi Q3 RSQ3 F3 g\u00fcnstig kaufen - Felgenforum\" \/>\n<meta property=\"og:description\" content=\"FF01 19 Zoll Winterr\u00e4der Winterreifen 255\/45 Komplettr\u00e4der f\u00fcr Audi Q3 RSQ3 F3 online bestellen \u2794 Gepr\u00fcfte Qualit\u00e4t, Top Marken &amp; schneller Versand \u2714 Jetzt sicher bei Felgenforum kaufen!\" \/>\n<meta property=\"og:url\" content=\"https:\/\/felgenforum.shop\/en\/product\/ff01-19-zoll-winterraeder-winterreifen-255-45-komplettraeder-fuer-audi-q3-rsq3-f3-3\/\" \/>\n<meta property=\"og:site_name\" content=\"Felgenforum\" \/>\n<meta property=\"article:modified_time\" content=\"2026-04-25T13:17:49+00:00\" \/>\n<meta property=\"og:image\" content=\"https:\/\/felgenforum.shop\/wp-content\/uploads\/2025\/09\/ff01-19-zoll-winterraeder-winterreifen-255-45-komplettraeder-fuer-audi-q3-rsq3-f3-featured-1000px-2.jpg\" \/>\n\t<meta property=\"og:image:width\" content=\"1000\" \/>\n\t<meta property=\"og:image:height\" content=\"1000\" \/>\n\t<meta property=\"og:image:type\" content=\"image\/jpeg\" \/>\n<meta name=\"twitter:card\" content=\"summary_large_image\" \/>\n<meta name=\"twitter:label1\" content=\"Est. reading time\" \/>\n\t<meta name=\"twitter:data1\" content=\"2 minutes\" \/>\n<script type=\"application\/ld+json\" class=\"yoast-schema-graph\">{\"@context\":\"https:\\\/\\\/schema.org\",\"@graph\":[{\"@type\":\"WebPage\",\"@id\":\"https:\\\/\\\/felgenforum.shop\\\/produkt\\\/ff01-19-zoll-winterraeder-winterreifen-255-45-komplettraeder-fuer-audi-q3-rsq3-f3-3\\\/\",\"url\":\"https:\\\/\\\/felgenforum.shop\\\/produkt\\\/ff01-19-zoll-winterraeder-winterreifen-255-45-komplettraeder-fuer-audi-q3-rsq3-f3-3\\\/\",\"name\":\"FF01 19 Zoll Winterr\u00e4der Winterreifen 255\\\/45 Komplettr\u00e4der f\u00fcr Audi Q3 RSQ3 F3 g\u00fcnstig kaufen - Felgenforum\",\"isPartOf\":{\"@id\":\"https:\\\/\\\/felgenforum.shop\\\/#website\"},\"primaryImageOfPage\":{\"@id\":\"https:\\\/\\\/felgenforum.shop\\\/produkt\\\/ff01-19-zoll-winterraeder-winterreifen-255-45-komplettraeder-fuer-audi-q3-rsq3-f3-3\\\/#primaryimage\"},\"image\":{\"@id\":\"https:\\\/\\\/felgenforum.shop\\\/produkt\\\/ff01-19-zoll-winterraeder-winterreifen-255-45-komplettraeder-fuer-audi-q3-rsq3-f3-3\\\/#primaryimage\"},\"thumbnailUrl\":\"https:\\\/\\\/felgenforum.shop\\\/wp-content\\\/uploads\\\/2025\\\/09\\\/ff01-19-zoll-winterraeder-winterreifen-255-45-komplettraeder-fuer-audi-q3-rsq3-f3-featured-1000px-2.webp\",\"datePublished\":\"2025-09-23T18:22:21+00:00\",\"dateModified\":\"2026-04-25T13:17:49+00:00\",\"description\":\"FF01 19 Zoll Winterr\u00e4der Winterreifen 255\\\/45 Komplettr\u00e4der f\u00fcr Audi Q3 RSQ3 F3 online bestellen \u2794 Gepr\u00fcfte Qualit\u00e4t, Top Marken & schneller Versand \u2714 Jetzt sicher bei Felgenforum kaufen!\",\"breadcrumb\":{\"@id\":\"https:\\\/\\\/felgenforum.shop\\\/produkt\\\/ff01-19-zoll-winterraeder-winterreifen-255-45-komplettraeder-fuer-audi-q3-rsq3-f3-3\\\/#breadcrumb\"},\"inLanguage\":\"en-GB\",\"potentialAction\":[{\"@type\":\"ReadAction\",\"target\":[\"https:\\\/\\\/felgenforum.shop\\\/produkt\\\/ff01-19-zoll-winterraeder-winterreifen-255-45-komplettraeder-fuer-audi-q3-rsq3-f3-3\\\/\"]}]},{\"@type\":\"ImageObject\",\"inLanguage\":\"en-GB\",\"@id\":\"https:\\\/\\\/felgenforum.shop\\\/produkt\\\/ff01-19-zoll-winterraeder-winterreifen-255-45-komplettraeder-fuer-audi-q3-rsq3-f3-3\\\/#primaryimage\",\"url\":\"https:\\\/\\\/felgenforum.shop\\\/wp-content\\\/uploads\\\/2025\\\/09\\\/ff01-19-zoll-winterraeder-winterreifen-255-45-komplettraeder-fuer-audi-q3-rsq3-f3-featured-1000px-2.webp\",\"contentUrl\":\"https:\\\/\\\/felgenforum.shop\\\/wp-content\\\/uploads\\\/2025\\\/09\\\/ff01-19-zoll-winterraeder-winterreifen-255-45-komplettraeder-fuer-audi-q3-rsq3-f3-featured-1000px-2.webp\",\"width\":1000,\"height\":1000},{\"@type\":\"BreadcrumbList\",\"@id\":\"https:\\\/\\\/felgenforum.shop\\\/produkt\\\/ff01-19-zoll-winterraeder-winterreifen-255-45-komplettraeder-fuer-audi-q3-rsq3-f3-3\\\/#breadcrumb\",\"itemListElement\":[{\"@type\":\"ListItem\",\"position\":1,\"name\":\"Startseite\",\"item\":\"https:\\\/\\\/felgenforum.shop\\\/\"},{\"@type\":\"ListItem\",\"position\":2,\"name\":\"Shop\",\"item\":\"https:\\\/\\\/felgenforum.shop\\\/shop\\\/\"},{\"@type\":\"ListItem\",\"position\":3,\"name\":\"FF01 19 Zoll Winterr\u00e4der Winterreifen 255\\\/45 Komplettr\u00e4der f\u00fcr Audi Q3 RSQ3 F3\"}]},{\"@type\":\"WebSite\",\"@id\":\"https:\\\/\\\/felgenforum.shop\\\/#website\",\"url\":\"https:\\\/\\\/felgenforum.shop\\\/\",\"name\":\"Felgenforum\",\"description\":\"\",\"potentialAction\":[{\"@type\":\"SearchAction\",\"target\":{\"@type\":\"EntryPoint\",\"urlTemplate\":\"https:\\\/\\\/felgenforum.shop\\\/?s={search_term_string}\"},\"query-input\":{\"@type\":\"PropertyValueSpecification\",\"valueRequired\":true,\"valueName\":\"search_term_string\"}}],\"inLanguage\":\"en-GB\"}]}<\/script>","yoast_head_json":{"title":"FF01 19 Zoll Winterr\u00e4der Winterreifen 255\/45 Komplettr\u00e4der f\u00fcr Audi Q3 RSQ3 F3 g\u00fcnstig kaufen - Felgenforum","description":"FF01 19 Zoll Winterr\u00e4der Winterreifen 255\/45 Komplettr\u00e4der f\u00fcr Audi Q3 RSQ3 F3 online bestellen \u2794 Gepr\u00fcfte Qualit\u00e4t, Top Marken & schneller Versand \u2714 Jetzt sicher bei Felgenforum kaufen!","robots":{"index":"index","follow":"follow","max-snippet":"max-snippet:-1","max-image-preview":"max-image-preview:large","max-video-preview":"max-video-preview:-1"},"canonical":"https:\/\/felgenforum.shop\/en\/product\/ff01-19-zoll-winterraeder-winterreifen-255-45-komplettraeder-fuer-audi-q3-rsq3-f3-3\/","og_locale":"en_GB","og_type":"article","og_title":"FF01 19 Zoll Winterr\u00e4der Winterreifen 255\/45 Komplettr\u00e4der f\u00fcr Audi Q3 RSQ3 F3 g\u00fcnstig kaufen - Felgenforum","og_description":"FF01 19 Zoll Winterr\u00e4der Winterreifen 255\/45 Komplettr\u00e4der f\u00fcr Audi Q3 RSQ3 F3 online bestellen \u2794 Gepr\u00fcfte Qualit\u00e4t, Top Marken & schneller Versand \u2714 Jetzt sicher bei Felgenforum kaufen!","og_url":"https:\/\/felgenforum.shop\/en\/product\/ff01-19-zoll-winterraeder-winterreifen-255-45-komplettraeder-fuer-audi-q3-rsq3-f3-3\/","og_site_name":"Felgenforum","article_modified_time":"2026-04-25T13:17:49+00:00","og_image":[{"width":1000,"height":1000,"url":"https:\/\/felgenforum.shop\/wp-content\/uploads\/2025\/09\/ff01-19-zoll-winterraeder-winterreifen-255-45-komplettraeder-fuer-audi-q3-rsq3-f3-featured-1000px-2.jpg","type":"image\/jpeg"}],"twitter_card":"summary_large_image","twitter_misc":{"Est. reading time":"2 minutes"},"schema":{"@context":"https:\/\/schema.org","@graph":[{"@type":"WebPage","@id":"https:\/\/felgenforum.shop\/produkt\/ff01-19-zoll-winterraeder-winterreifen-255-45-komplettraeder-fuer-audi-q3-rsq3-f3-3\/","url":"https:\/\/felgenforum.shop\/produkt\/ff01-19-zoll-winterraeder-winterreifen-255-45-komplettraeder-fuer-audi-q3-rsq3-f3-3\/","name":"FF01 19 Zoll Winterr\u00e4der Winterreifen 255\/45 Komplettr\u00e4der f\u00fcr Audi Q3 RSQ3 F3 g\u00fcnstig kaufen - Felgenforum","isPartOf":{"@id":"https:\/\/felgenforum.shop\/#website"},"primaryImageOfPage":{"@id":"https:\/\/felgenforum.shop\/produkt\/ff01-19-zoll-winterraeder-winterreifen-255-45-komplettraeder-fuer-audi-q3-rsq3-f3-3\/#primaryimage"},"image":{"@id":"https:\/\/felgenforum.shop\/produkt\/ff01-19-zoll-winterraeder-winterreifen-255-45-komplettraeder-fuer-audi-q3-rsq3-f3-3\/#primaryimage"},"thumbnailUrl":"https:\/\/felgenforum.shop\/wp-content\/uploads\/2025\/09\/ff01-19-zoll-winterraeder-winterreifen-255-45-komplettraeder-fuer-audi-q3-rsq3-f3-featured-1000px-2.webp","datePublished":"2025-09-23T18:22:21+00:00","dateModified":"2026-04-25T13:17:49+00:00","description":"FF01 19 Zoll Winterr\u00e4der Winterreifen 255\/45 Komplettr\u00e4der f\u00fcr Audi Q3 RSQ3 F3 online bestellen \u2794 Gepr\u00fcfte Qualit\u00e4t, Top Marken & schneller Versand \u2714 Jetzt sicher bei Felgenforum kaufen!","breadcrumb":{"@id":"https:\/\/felgenforum.shop\/produkt\/ff01-19-zoll-winterraeder-winterreifen-255-45-komplettraeder-fuer-audi-q3-rsq3-f3-3\/#breadcrumb"},"inLanguage":"en-GB","potentialAction":[{"@type":"ReadAction","target":["https:\/\/felgenforum.shop\/produkt\/ff01-19-zoll-winterraeder-winterreifen-255-45-komplettraeder-fuer-audi-q3-rsq3-f3-3\/"]}]},{"@type":"ImageObject","inLanguage":"en-GB","@id":"https:\/\/felgenforum.shop\/produkt\/ff01-19-zoll-winterraeder-winterreifen-255-45-komplettraeder-fuer-audi-q3-rsq3-f3-3\/#primaryimage","url":"https:\/\/felgenforum.shop\/wp-content\/uploads\/2025\/09\/ff01-19-zoll-winterraeder-winterreifen-255-45-komplettraeder-fuer-audi-q3-rsq3-f3-featured-1000px-2.webp","contentUrl":"https:\/\/felgenforum.shop\/wp-content\/uploads\/2025\/09\/ff01-19-zoll-winterraeder-winterreifen-255-45-komplettraeder-fuer-audi-q3-rsq3-f3-featured-1000px-2.webp","width":1000,"height":1000},{"@type":"BreadcrumbList","@id":"https:\/\/felgenforum.shop\/produkt\/ff01-19-zoll-winterraeder-winterreifen-255-45-komplettraeder-fuer-audi-q3-rsq3-f3-3\/#breadcrumb","itemListElement":[{"@type":"ListItem","position":1,"name":"Startseite","item":"https:\/\/felgenforum.shop\/"},{"@type":"ListItem","position":2,"name":"Shop","item":"https:\/\/felgenforum.shop\/shop\/"},{"@type":"ListItem","position":3,"name":"FF01 19 Zoll Winterr\u00e4der Winterreifen 255\/45 Komplettr\u00e4der f\u00fcr Audi Q3 RSQ3 F3"}]},{"@type":"WebSite","@id":"https:\/\/felgenforum.shop\/#website","url":"https:\/\/felgenforum.shop\/","name":"Rim forum","description":"","potentialAction":[{"@type":"SearchAction","target":{"@type":"EntryPoint","urlTemplate":"https:\/\/felgenforum.shop\/?s={search_term_string}"},"query-input":{"@type":"PropertyValueSpecification","valueRequired":true,"valueName":"search_term_string"}}],"inLanguage":"en-GB"}]}},"_links":{"self":[{"href":"https:\/\/felgenforum.shop\/en\/wp-json\/wp\/v2\/product\/109637","targetHints":{"allow":["GET"]}}],"collection":[{"href":"https:\/\/felgenforum.shop\/en\/wp-json\/wp\/v2\/product"}],"about":[{"href":"https:\/\/felgenforum.shop\/en\/wp-json\/wp\/v2\/types\/product"}],"replies":[{"embeddable":true,"href":"https:\/\/felgenforum.shop\/en\/wp-json\/wp\/v2\/comments?post=109637"}],"wp:featuredmedia":[{"embeddable":true,"href":"https:\/\/felgenforum.shop\/en\/wp-json\/wp\/v2\/media\/114452"}],"wp:attachment":[{"href":"https:\/\/felgenforum.shop\/en\/wp-json\/wp\/v2\/media?parent=109637"}],"wp:term":[{"taxonomy":"product_brand","embeddable":true,"href":"https:\/\/felgenforum.shop\/en\/wp-json\/wp\/v2\/product_brand?post=109637"},{"taxonomy":"product_cat","embeddable":true,"href":"https:\/\/felgenforum.shop\/en\/wp-json\/wp\/v2\/product_cat?post=109637"},{"taxonomy":"product_tag","embeddable":true,"href":"https:\/\/felgenforum.shop\/en\/wp-json\/wp\/v2\/product_tag?post=109637"}],"curies":[{"name":"wp","href":"https:\/\/api.w.org\/{rel}","templated":true}]}}