{"id":106683,"date":"2025-09-23T10:22:42","date_gmt":"2025-09-23T08:22:42","guid":{"rendered":"https:\/\/felgenforum.shop\/?post_type=product&#038;p=106683"},"modified":"2026-04-25T15:16:33","modified_gmt":"2026-04-25T13:16:33","slug":"18-zoll-felgen-ff-wheels-ff01-anthrazit-fuer-bmw-4er-f32-f33-f36-m440i-m440d-3c","status":"publish","type":"product","link":"https:\/\/felgenforum.shop\/en\/product\/18-zoll-felgen-ff-wheels-ff01-anthrazit-fuer-bmw-4er-f32-f33-f36-m440i-m440d-3c\/","title":{"rendered":"#18 inch rims FF Wheels FF01 anthracite for BMW 4 Series F32 F33 F36 M440i M440d 3C"},"content":{"rendered":"<h3>Welcome to an offer from Felgenforum.shop<\/h3>\n<p>In this offer we offer you a NEW set of FF Wheels FF01 18 inch alloy wheels in glossy anthracite including ABE.<\/p>\n<p>NEW &amp; in original packaging.<\/p>\n<h3>Scope of delivery:<\/h3>\n<ul>\n<li>4 x FF Wheels FF01 8&#215;18 ET35 5&#215;120 anthrazit gl\u00e4nzend<\/li>\n<li>Complete mounting hardware (if required according to the ABE)<\/li>\n<li>4x Hubcaps FF Wheels<\/li>\n<li>(Vehicle manufacturer&#039;s hubcap not included)<\/li>\n<li>1x Expert report (ABE)<\/li>\n<li>In most cases, the rims are therefore registration-free. If you have any questions about fitment or any registration requirements, our experienced team will be happy to help :).<\/li>\n<li>Please be sure to specify your vehicle after purchase.<\/li>\n<li>We offer this model in many other sizes and colors; please contact us if you have any other requests.<\/li>\n<\/ul>\n<h3>&gt;&gt;&gt;Complete wheels<\/h3>\n<h3>We are happy to offer you the desired rims as ready-to-install complete wheels with a tire of your choice.<\/h3>\n<p>Feel free to send us a non-binding inquiry :).<\/p>\n<p>The rims are the correct size for the following vehicles:<\/p>\n<h3>BMW<\/h3>\n<ul>\n<li>1 Series F20 F21<\/li>\n<li>2 Series F22 F23<\/li>\n<li>3 series e46 e90 e91 e92 e93 F30 F31 F34<\/li>\n<li>4 Series F32 F33 F36<\/li>\n<li>5 Series F10 F11<\/li>\n<li>6 Series F07 F12 F13<\/li>\n<li>X1 E84<\/li>\n<li>X3 E83 F25<\/li>\n<li>X4 F26<\/li>\n<li>X5 E53<\/li>\n<li>Z4 E85<\/li>\n<\/ul>","protected":false},"excerpt":{"rendered":"<p>Ein Satz (4 St\u00fcck) hochwertige Marken-Alufelgen, Modell FF01, in der Gr\u00f6\u00dfe 8&#215;18 Zoll, Lochkreis 120mm mit 5 Loch. Professionell gepr\u00fcft und versandfertig verpackt.<\/p>","protected":false},"featured_media":111140,"comment_status":"open","ping_status":"closed","template":"","meta":[],"product_brand":[],"product_cat":[1616,1427,1501,1086,1092,1236],"product_tag":[],"class_list":{"0":"post-106683","1":"product","2":"type-product","3":"status-publish","4":"has-post-thumbnail","6":"product_cat-18-zoll-bmw-felgen","7":"product_cat-18-zoll-ff01-felgen","8":"product_cat-bmw-felgen","9":"product_cat-felgen","10":"product_cat-ff-wheels","11":"product_cat-ff01","12":"product_shipping_class-felge","13":"pa_anzahl-der-einheiten-1484","14":"pa_einpresstiefe-et-1460","15":"pa_fahrzeugmarke-bmw","16":"pa_farbe-anthrazit","17":"pa_felgenaufbau-einteilig-gegossen","18":"pa_felgenbreite-1474","19":"pa_felgendesign-multi-speichen-felge","20":"pa_felgenfarbe-anthrazit","21":"pa_felgenmaterial-aluminium","22":"pa_felgenmodell-ff01","23":"pa_hersteller-ff-wheels","24":"pa_herstellergarantie-2-jahre","25":"pa_herstellernummer-2327","26":"pa_im-lieferumfang-enthalten-nabendeckel","27":"pa_kompatibler-radschraubent-radbolzen","28":"pa_lochkreis-1494","29":"pa_lochzahl-1447","30":"pa_maximale-traglast-750-kg","31":"pa_mittenlochbohrung-1658","32":"pa_modell-ff01","33":"pa_zollgroesse-1482","35":"first","36":"instock","37":"taxable","38":"shipping-taxable","39":"purchasable","40":"product-type-simple"},"yoast_head":"<title>#18 Zoll Felgen FF Wheels FF01 anthrazit f\u00fcr BMW 4er F32 F33 F36 M440i M440d 3C g\u00fcnstig kaufen - Felgenforum<\/title>\n<meta name=\"description\" content=\"#18 Zoll Felgen FF Wheels FF01 anthrazit f\u00fcr BMW 4er F32 F33 F36 M440i M440d 3C online bestellen \u2794 Gepr\u00fcfte Qualit\u00e4t, Top Marken &amp; schneller Versand \u2714 Jetzt sicher bei Felgenforum kaufen!\" \/>\n<meta name=\"robots\" content=\"index, follow, max-snippet:-1, max-image-preview:large, max-video-preview:-1\" \/>\n<link rel=\"canonical\" href=\"https:\/\/felgenforum.shop\/en\/product\/18-zoll-felgen-ff-wheels-ff01-anthrazit-fuer-bmw-4er-f32-f33-f36-m440i-m440d-3c\/\" \/>\n<meta property=\"og:locale\" content=\"en_GB\" \/>\n<meta property=\"og:type\" content=\"article\" \/>\n<meta property=\"og:title\" content=\"#18 Zoll Felgen FF Wheels FF01 anthrazit f\u00fcr BMW 4er F32 F33 F36 M440i M440d 3C g\u00fcnstig kaufen - Felgenforum\" \/>\n<meta property=\"og:description\" content=\"#18 Zoll Felgen FF Wheels FF01 anthrazit f\u00fcr BMW 4er F32 F33 F36 M440i M440d 3C online bestellen \u2794 Gepr\u00fcfte Qualit\u00e4t, Top Marken &amp; schneller Versand \u2714 Jetzt sicher bei Felgenforum kaufen!\" \/>\n<meta property=\"og:url\" content=\"https:\/\/felgenforum.shop\/en\/product\/18-zoll-felgen-ff-wheels-ff01-anthrazit-fuer-bmw-4er-f32-f33-f36-m440i-m440d-3c\/\" \/>\n<meta property=\"og:site_name\" content=\"Felgenforum\" \/>\n<meta property=\"article:modified_time\" content=\"2026-04-25T13:16:33+00:00\" \/>\n<meta property=\"og:image\" content=\"https:\/\/felgenforum.shop\/wp-content\/uploads\/2025\/09\/18-zoll-felgen-ff-wheels-ff01-anthrazit-fuer-bmw-4er-f32-f33-f36-m440i-m440d-3c-featured-1000px.webp\" \/>\n\t<meta property=\"og:image:width\" content=\"1000\" \/>\n\t<meta property=\"og:image:height\" content=\"1000\" \/>\n\t<meta property=\"og:image:type\" content=\"image\/jpeg\" \/>\n<meta name=\"twitter:card\" content=\"summary_large_image\" \/>\n<meta name=\"twitter:label1\" content=\"Est. reading time\" \/>\n\t<meta name=\"twitter:data1\" content=\"1 minute\" \/>\n<script type=\"application\/ld+json\" class=\"yoast-schema-graph\">{\"@context\":\"https:\\\/\\\/schema.org\",\"@graph\":[{\"@type\":\"WebPage\",\"@id\":\"https:\\\/\\\/felgenforum.shop\\\/produkt\\\/18-zoll-felgen-ff-wheels-ff01-anthrazit-fuer-bmw-4er-f32-f33-f36-m440i-m440d-3c\\\/\",\"url\":\"https:\\\/\\\/felgenforum.shop\\\/produkt\\\/18-zoll-felgen-ff-wheels-ff01-anthrazit-fuer-bmw-4er-f32-f33-f36-m440i-m440d-3c\\\/\",\"name\":\"#18 Zoll Felgen FF Wheels FF01 anthrazit f\u00fcr BMW 4er F32 F33 F36 M440i M440d 3C g\u00fcnstig kaufen - Felgenforum\",\"isPartOf\":{\"@id\":\"https:\\\/\\\/felgenforum.shop\\\/#website\"},\"primaryImageOfPage\":{\"@id\":\"https:\\\/\\\/felgenforum.shop\\\/produkt\\\/18-zoll-felgen-ff-wheels-ff01-anthrazit-fuer-bmw-4er-f32-f33-f36-m440i-m440d-3c\\\/#primaryimage\"},\"image\":{\"@id\":\"https:\\\/\\\/felgenforum.shop\\\/produkt\\\/18-zoll-felgen-ff-wheels-ff01-anthrazit-fuer-bmw-4er-f32-f33-f36-m440i-m440d-3c\\\/#primaryimage\"},\"thumbnailUrl\":\"https:\\\/\\\/felgenforum.shop\\\/wp-content\\\/uploads\\\/2025\\\/09\\\/18-zoll-felgen-ff-wheels-ff01-anthrazit-fuer-bmw-4er-f32-f33-f36-m440i-m440d-3c-featured-1000px.webp\",\"datePublished\":\"2025-09-23T08:22:42+00:00\",\"dateModified\":\"2026-04-25T13:16:33+00:00\",\"description\":\"#18 Zoll Felgen FF Wheels FF01 anthrazit f\u00fcr BMW 4er F32 F33 F36 M440i M440d 3C online bestellen \u2794 Gepr\u00fcfte Qualit\u00e4t, Top Marken & schneller Versand \u2714 Jetzt sicher bei Felgenforum kaufen!\",\"breadcrumb\":{\"@id\":\"https:\\\/\\\/felgenforum.shop\\\/produkt\\\/18-zoll-felgen-ff-wheels-ff01-anthrazit-fuer-bmw-4er-f32-f33-f36-m440i-m440d-3c\\\/#breadcrumb\"},\"inLanguage\":\"en-GB\",\"potentialAction\":[{\"@type\":\"ReadAction\",\"target\":[\"https:\\\/\\\/felgenforum.shop\\\/produkt\\\/18-zoll-felgen-ff-wheels-ff01-anthrazit-fuer-bmw-4er-f32-f33-f36-m440i-m440d-3c\\\/\"]}]},{\"@type\":\"ImageObject\",\"inLanguage\":\"en-GB\",\"@id\":\"https:\\\/\\\/felgenforum.shop\\\/produkt\\\/18-zoll-felgen-ff-wheels-ff01-anthrazit-fuer-bmw-4er-f32-f33-f36-m440i-m440d-3c\\\/#primaryimage\",\"url\":\"https:\\\/\\\/felgenforum.shop\\\/wp-content\\\/uploads\\\/2025\\\/09\\\/18-zoll-felgen-ff-wheels-ff01-anthrazit-fuer-bmw-4er-f32-f33-f36-m440i-m440d-3c-featured-1000px.webp\",\"contentUrl\":\"https:\\\/\\\/felgenforum.shop\\\/wp-content\\\/uploads\\\/2025\\\/09\\\/18-zoll-felgen-ff-wheels-ff01-anthrazit-fuer-bmw-4er-f32-f33-f36-m440i-m440d-3c-featured-1000px.webp\",\"width\":1000,\"height\":1000},{\"@type\":\"BreadcrumbList\",\"@id\":\"https:\\\/\\\/felgenforum.shop\\\/produkt\\\/18-zoll-felgen-ff-wheels-ff01-anthrazit-fuer-bmw-4er-f32-f33-f36-m440i-m440d-3c\\\/#breadcrumb\",\"itemListElement\":[{\"@type\":\"ListItem\",\"position\":1,\"name\":\"Startseite\",\"item\":\"https:\\\/\\\/felgenforum.shop\\\/\"},{\"@type\":\"ListItem\",\"position\":2,\"name\":\"Shop\",\"item\":\"https:\\\/\\\/felgenforum.shop\\\/shop\\\/\"},{\"@type\":\"ListItem\",\"position\":3,\"name\":\"#18 Zoll Felgen FF Wheels FF01 anthrazit f\u00fcr BMW 4er F32 F33 F36 M440i M440d 3C\"}]},{\"@type\":\"WebSite\",\"@id\":\"https:\\\/\\\/felgenforum.shop\\\/#website\",\"url\":\"https:\\\/\\\/felgenforum.shop\\\/\",\"name\":\"Felgenforum\",\"description\":\"\",\"potentialAction\":[{\"@type\":\"SearchAction\",\"target\":{\"@type\":\"EntryPoint\",\"urlTemplate\":\"https:\\\/\\\/felgenforum.shop\\\/?s={search_term_string}\"},\"query-input\":{\"@type\":\"PropertyValueSpecification\",\"valueRequired\":true,\"valueName\":\"search_term_string\"}}],\"inLanguage\":\"en-GB\"}]}<\/script>","yoast_head_json":{"title":"#18 Zoll Felgen FF Wheels FF01 anthrazit f\u00fcr BMW 4er F32 F33 F36 M440i M440d 3C g\u00fcnstig kaufen - Felgenforum","description":"#18 Zoll Felgen FF Wheels FF01 anthrazit f\u00fcr BMW 4er F32 F33 F36 M440i M440d 3C online bestellen \u2794 Gepr\u00fcfte Qualit\u00e4t, Top Marken & schneller Versand \u2714 Jetzt sicher bei Felgenforum kaufen!","robots":{"index":"index","follow":"follow","max-snippet":"max-snippet:-1","max-image-preview":"max-image-preview:large","max-video-preview":"max-video-preview:-1"},"canonical":"https:\/\/felgenforum.shop\/en\/product\/18-zoll-felgen-ff-wheels-ff01-anthrazit-fuer-bmw-4er-f32-f33-f36-m440i-m440d-3c\/","og_locale":"en_GB","og_type":"article","og_title":"#18 Zoll Felgen FF Wheels FF01 anthrazit f\u00fcr BMW 4er F32 F33 F36 M440i M440d 3C g\u00fcnstig kaufen - Felgenforum","og_description":"#18 Zoll Felgen FF Wheels FF01 anthrazit f\u00fcr BMW 4er F32 F33 F36 M440i M440d 3C online bestellen \u2794 Gepr\u00fcfte Qualit\u00e4t, Top Marken & schneller Versand \u2714 Jetzt sicher bei Felgenforum kaufen!","og_url":"https:\/\/felgenforum.shop\/en\/product\/18-zoll-felgen-ff-wheels-ff01-anthrazit-fuer-bmw-4er-f32-f33-f36-m440i-m440d-3c\/","og_site_name":"Felgenforum","article_modified_time":"2026-04-25T13:16:33+00:00","og_image":[{"width":1000,"height":1000,"url":"https:\/\/felgenforum.shop\/wp-content\/uploads\/2025\/09\/18-zoll-felgen-ff-wheels-ff01-anthrazit-fuer-bmw-4er-f32-f33-f36-m440i-m440d-3c-featured-1000px.webp","type":"image\/jpeg"}],"twitter_card":"summary_large_image","twitter_misc":{"Est. reading time":"1 minute"},"schema":{"@context":"https:\/\/schema.org","@graph":[{"@type":"WebPage","@id":"https:\/\/felgenforum.shop\/produkt\/18-zoll-felgen-ff-wheels-ff01-anthrazit-fuer-bmw-4er-f32-f33-f36-m440i-m440d-3c\/","url":"https:\/\/felgenforum.shop\/produkt\/18-zoll-felgen-ff-wheels-ff01-anthrazit-fuer-bmw-4er-f32-f33-f36-m440i-m440d-3c\/","name":"#18 Zoll Felgen FF Wheels FF01 anthrazit f\u00fcr BMW 4er F32 F33 F36 M440i M440d 3C g\u00fcnstig kaufen - Felgenforum","isPartOf":{"@id":"https:\/\/felgenforum.shop\/#website"},"primaryImageOfPage":{"@id":"https:\/\/felgenforum.shop\/produkt\/18-zoll-felgen-ff-wheels-ff01-anthrazit-fuer-bmw-4er-f32-f33-f36-m440i-m440d-3c\/#primaryimage"},"image":{"@id":"https:\/\/felgenforum.shop\/produkt\/18-zoll-felgen-ff-wheels-ff01-anthrazit-fuer-bmw-4er-f32-f33-f36-m440i-m440d-3c\/#primaryimage"},"thumbnailUrl":"https:\/\/felgenforum.shop\/wp-content\/uploads\/2025\/09\/18-zoll-felgen-ff-wheels-ff01-anthrazit-fuer-bmw-4er-f32-f33-f36-m440i-m440d-3c-featured-1000px.webp","datePublished":"2025-09-23T08:22:42+00:00","dateModified":"2026-04-25T13:16:33+00:00","description":"#18 Zoll Felgen FF Wheels FF01 anthrazit f\u00fcr BMW 4er F32 F33 F36 M440i M440d 3C online bestellen \u2794 Gepr\u00fcfte Qualit\u00e4t, Top Marken & schneller Versand \u2714 Jetzt sicher bei Felgenforum kaufen!","breadcrumb":{"@id":"https:\/\/felgenforum.shop\/produkt\/18-zoll-felgen-ff-wheels-ff01-anthrazit-fuer-bmw-4er-f32-f33-f36-m440i-m440d-3c\/#breadcrumb"},"inLanguage":"en-GB","potentialAction":[{"@type":"ReadAction","target":["https:\/\/felgenforum.shop\/produkt\/18-zoll-felgen-ff-wheels-ff01-anthrazit-fuer-bmw-4er-f32-f33-f36-m440i-m440d-3c\/"]}]},{"@type":"ImageObject","inLanguage":"en-GB","@id":"https:\/\/felgenforum.shop\/produkt\/18-zoll-felgen-ff-wheels-ff01-anthrazit-fuer-bmw-4er-f32-f33-f36-m440i-m440d-3c\/#primaryimage","url":"https:\/\/felgenforum.shop\/wp-content\/uploads\/2025\/09\/18-zoll-felgen-ff-wheels-ff01-anthrazit-fuer-bmw-4er-f32-f33-f36-m440i-m440d-3c-featured-1000px.webp","contentUrl":"https:\/\/felgenforum.shop\/wp-content\/uploads\/2025\/09\/18-zoll-felgen-ff-wheels-ff01-anthrazit-fuer-bmw-4er-f32-f33-f36-m440i-m440d-3c-featured-1000px.webp","width":1000,"height":1000},{"@type":"BreadcrumbList","@id":"https:\/\/felgenforum.shop\/produkt\/18-zoll-felgen-ff-wheels-ff01-anthrazit-fuer-bmw-4er-f32-f33-f36-m440i-m440d-3c\/#breadcrumb","itemListElement":[{"@type":"ListItem","position":1,"name":"Startseite","item":"https:\/\/felgenforum.shop\/"},{"@type":"ListItem","position":2,"name":"Shop","item":"https:\/\/felgenforum.shop\/shop\/"},{"@type":"ListItem","position":3,"name":"#18 Zoll Felgen FF Wheels FF01 anthrazit f\u00fcr BMW 4er F32 F33 F36 M440i M440d 3C"}]},{"@type":"WebSite","@id":"https:\/\/felgenforum.shop\/#website","url":"https:\/\/felgenforum.shop\/","name":"Rim forum","description":"","potentialAction":[{"@type":"SearchAction","target":{"@type":"EntryPoint","urlTemplate":"https:\/\/felgenforum.shop\/?s={search_term_string}"},"query-input":{"@type":"PropertyValueSpecification","valueRequired":true,"valueName":"search_term_string"}}],"inLanguage":"en-GB"}]}},"_links":{"self":[{"href":"https:\/\/felgenforum.shop\/en\/wp-json\/wp\/v2\/product\/106683","targetHints":{"allow":["GET"]}}],"collection":[{"href":"https:\/\/felgenforum.shop\/en\/wp-json\/wp\/v2\/product"}],"about":[{"href":"https:\/\/felgenforum.shop\/en\/wp-json\/wp\/v2\/types\/product"}],"replies":[{"embeddable":true,"href":"https:\/\/felgenforum.shop\/en\/wp-json\/wp\/v2\/comments?post=106683"}],"wp:featuredmedia":[{"embeddable":true,"href":"https:\/\/felgenforum.shop\/en\/wp-json\/wp\/v2\/media\/111140"}],"wp:attachment":[{"href":"https:\/\/felgenforum.shop\/en\/wp-json\/wp\/v2\/media?parent=106683"}],"wp:term":[{"taxonomy":"product_brand","embeddable":true,"href":"https:\/\/felgenforum.shop\/en\/wp-json\/wp\/v2\/product_brand?post=106683"},{"taxonomy":"product_cat","embeddable":true,"href":"https:\/\/felgenforum.shop\/en\/wp-json\/wp\/v2\/product_cat?post=106683"},{"taxonomy":"product_tag","embeddable":true,"href":"https:\/\/felgenforum.shop\/en\/wp-json\/wp\/v2\/product_tag?post=106683"}],"curies":[{"name":"wp","href":"https:\/\/api.w.org\/{rel}","templated":true}]}}