{"id":106487,"date":"2025-09-23T09:37:40","date_gmt":"2025-09-23T07:37:40","guid":{"rendered":"https:\/\/felgenforum.shop\/?post_type=product&#038;p=106487"},"modified":"2026-04-25T15:16:27","modified_gmt":"2026-04-25T13:16:27","slug":"19-zoll-winterraeder-winterkomplettraeder-mercedes-a-c-cla-klasse-w176-c117-w204-12","status":"publish","type":"product","link":"https:\/\/felgenforum.shop\/en\/product\/19-zoll-winterraeder-winterkomplettraeder-mercedes-a-c-cla-klasse-w176-c117-w204-12\/","title":{"rendered":"19 inch winter wheels complete winter wheels Mercedes AC CLA Class W176 C117 W204"},"content":{"rendered":"<h3>Welcome to an offer from Felgenforum.shop<\/h3>\n<p>In this offer we offer you a NEW set of complete winter wheels in glossy black including ABE (German type approval).<\/p>\n<p>4x fully pre-assembled and balanced complete wheels<\/p>\n<p>consisting of:<\/p>\n<p>4x Alufelge Damina DM20 schwarz gl\u00e4nzend 8,5&#215;19 ET45 LK5\/112<\/p>\n<p>+<\/p>\n<p>4x winter tires 225\/35 R19 88V from current daily purchase<\/p>\n<p>fully assembled and balanced<\/p>\n<p>(including black weights and black metal valves)<\/p>\n<p>NEW<\/p>\n<h3>Scope of delivery:<\/h3>\n<ul>\n<li>4 x Damina DM20 8,5&#215;19 ET45 5&#215;112 schwarz gl\u00e4nzend<\/li>\n<li>Complete mounting hardware (if required according to the ABE)<\/li>\n<li>4x winter tires from current daily purchase 225\/35 R19 88V<\/li>\n<li>4x Damina hubcaps<\/li>\n<li>(Vehicle manufacturer&#039;s hubcap not included)<\/li>\n<li>1x Expert report (ABE)<\/li>\n<li>In most cases, the complete wheel sets are therefore registration-free. If you have any questions about fitment or any registration requirements, our experienced team will be happy to assist you :).<\/li>\n<li>Please be sure to specify your vehicle after purchase.<\/li>\n<li>We offer this model in many other sizes and colors; please contact us if you have any other requests.<\/li>\n<li>&gt;&gt;&gt;Wishful tires<\/li>\n<li>Do you have a specific request regarding tire brand or tire quality? No problem!<\/li>\n<li>We would be happy to create individual complete wheel offers for you :).<\/li>\n<li>The complete wheels are suitable for, among others:<\/li>\n<\/ul>\n<h3>Audi<\/h3>\n<ul>\n<li>A3 S3 8P 8P1 8V GY\u00a0<\/li>\n<\/ul>\n<h3>Volkswagen<\/h3>\n<ul>\n<li>EOS<\/li>\n<li>Golf 6 7 8 in all versions<\/li>\n<li>Jetta 1KM 16 16H<\/li>\n<li>Passat B6 B7<\/li>\n<\/ul>\n<h3>Mercedes Benz<\/h3>\n<ul>\n<li>A-Class W176<\/li>\n<li>B Class W246<\/li>\n<li>C-Class W204 S204<\/li>\n<li>CLA Class C117<\/li>\n<li>Seat<\/li>\n<li>Leon 1P 5F KL also Cupra<\/li>\n<\/ul>\n<h3>Skoda<\/h3>\n<ul>\n<li>Octavia 1Z 5E<\/li>\n<li>Superb 2 3<\/li>\n<\/ul>","protected":false},"excerpt":{"rendered":"<p>A set (4 pieces) of ready-to-ride Damina complete wheels, professionally mounted and balanced.<\/p>\n<p><strong>Rim details:<\/strong> 8.5&#215;19 Zoll, Lochkreis 112 DM20, Farbe: Schwarz Hochglanz poliert.<br \/><strong>Tire details:<\/strong> Triangle, Austone, Imperial, Goodride, Superia, Fortuna, Westlake .<\/p>","protected":false},"featured_media":110777,"comment_status":"open","ping_status":"closed","template":"","meta":[],"product_brand":[],"product_cat":[1452,1204,1451],"product_tag":[],"class_list":{"0":"post-106487","1":"product","2":"type-product","3":"status-publish","4":"has-post-thumbnail","6":"product_cat-19-zoll-winterraeder-mercedes-mercedes-komplettraeder-winter","7":"product_cat-komplettraeder-winter","8":"product_cat-mercedes-komplettraeder-winter","9":"product_shipping_class-komplettrad","10":"pa_anzahl-der-komplettraeder-1433","11":"pa_einpresstiefe-et-1508","12":"pa_fahrzeugmarke-mercedes","13":"pa_farbe-schwarz-hochglanz-poliert","14":"pa_felgenbreite-8-5","15":"pa_felgenfarbe-schwarz","16":"pa_felgenhersteller-damina","17":"pa_felgenmaterial-alu","18":"pa_felgenmodell-dm20","19":"pa_geschwindigkeitsindex-v-bis-240-km-h","20":"pa_hersteller-wheelworld","21":"pa_herstellernummer-1858","22":"pa_herstellernummer-felge-1702","23":"pa_herstellernummer-reifen-tageseinkauf","24":"pa_lastbereich-xl","25":"pa_lochkreis-1439","26":"pa_lochzahl-1447","27":"pa_maximale-traglast-750-kg","28":"pa_mittenlochbohrung-66-6","29":"pa_modell-dm20","30":"pa_reifenbreite-1432","31":"pa_reifendurchmesser-1436","32":"pa_reifenhersteller-triangle-austone-imperial-goodride-superia-fortuna-westlake","33":"pa_reifenquerschnitt-1434","34":"pa_reifenspezifikation-winterreifen","35":"pa_run-flat-nein","36":"pa_zollgroesse-1448","38":"first","39":"instock","40":"sale","41":"taxable","42":"shipping-taxable","43":"purchasable","44":"product-type-simple"},"yoast_head":"<title>19 Zoll Winterr\u00e4der Winterkomplettr\u00e4der Mercedes A C CLA Klasse W176 C117 W204 g\u00fcnstig kaufen - Felgenforum<\/title>\n<meta name=\"description\" content=\"19 Zoll Winterr\u00e4der f\u00fcr Mercedes A C CLA Klasse W176 C117 W204: Erleben Sie maximale Sicherheit und Stil im Winter. Jetzt versandkostenfrei bestellen!\" \/>\n<meta name=\"robots\" content=\"index, follow, max-snippet:-1, max-image-preview:large, max-video-preview:-1\" \/>\n<link rel=\"canonical\" href=\"https:\/\/felgenforum.shop\/en\/product\/19-zoll-winterraeder-winterkomplettraeder-mercedes-a-c-cla-klasse-w176-c117-w204-12\/\" \/>\n<meta property=\"og:locale\" content=\"en_GB\" \/>\n<meta property=\"og:type\" content=\"article\" \/>\n<meta property=\"og:title\" content=\"19 Zoll Winterr\u00e4der Winterkomplettr\u00e4der Mercedes A C CLA Klasse W176 C117 W204 g\u00fcnstig kaufen - Felgenforum\" \/>\n<meta property=\"og:description\" content=\"19 Zoll Winterr\u00e4der f\u00fcr Mercedes A C CLA Klasse W176 C117 W204: Erleben Sie maximale Sicherheit und Stil im Winter. Jetzt versandkostenfrei bestellen!\" \/>\n<meta property=\"og:url\" content=\"https:\/\/felgenforum.shop\/en\/product\/19-zoll-winterraeder-winterkomplettraeder-mercedes-a-c-cla-klasse-w176-c117-w204-12\/\" \/>\n<meta property=\"og:site_name\" content=\"Felgenforum\" \/>\n<meta property=\"article:modified_time\" content=\"2026-04-25T13:16:27+00:00\" \/>\n<meta property=\"og:image\" content=\"https:\/\/felgenforum.shop\/wp-content\/uploads\/2025\/09\/19-zoll-winterraeder-winterkomplettraeder-mercedes-a-c-cla-klasse-w176-c117-w204-featured-1000px-6.webp\" \/>\n\t<meta property=\"og:image:width\" content=\"1000\" \/>\n\t<meta property=\"og:image:height\" content=\"1000\" \/>\n\t<meta property=\"og:image:type\" content=\"image\/jpeg\" \/>\n<meta name=\"twitter:card\" content=\"summary_large_image\" \/>\n<meta name=\"twitter:label1\" content=\"Est. reading time\" \/>\n\t<meta name=\"twitter:data1\" content=\"1 minute\" \/>\n<script type=\"application\/ld+json\" class=\"yoast-schema-graph\">{\"@context\":\"https:\\\/\\\/schema.org\",\"@graph\":[{\"@type\":\"WebPage\",\"@id\":\"https:\\\/\\\/felgenforum.shop\\\/produkt\\\/19-zoll-winterraeder-winterkomplettraeder-mercedes-a-c-cla-klasse-w176-c117-w204-12\\\/\",\"url\":\"https:\\\/\\\/felgenforum.shop\\\/produkt\\\/19-zoll-winterraeder-winterkomplettraeder-mercedes-a-c-cla-klasse-w176-c117-w204-12\\\/\",\"name\":\"19 Zoll Winterr\u00e4der Winterkomplettr\u00e4der Mercedes A C CLA Klasse W176 C117 W204 g\u00fcnstig kaufen - Felgenforum\",\"isPartOf\":{\"@id\":\"https:\\\/\\\/felgenforum.shop\\\/#website\"},\"primaryImageOfPage\":{\"@id\":\"https:\\\/\\\/felgenforum.shop\\\/produkt\\\/19-zoll-winterraeder-winterkomplettraeder-mercedes-a-c-cla-klasse-w176-c117-w204-12\\\/#primaryimage\"},\"image\":{\"@id\":\"https:\\\/\\\/felgenforum.shop\\\/produkt\\\/19-zoll-winterraeder-winterkomplettraeder-mercedes-a-c-cla-klasse-w176-c117-w204-12\\\/#primaryimage\"},\"thumbnailUrl\":\"https:\\\/\\\/felgenforum.shop\\\/wp-content\\\/uploads\\\/2025\\\/09\\\/19-zoll-winterraeder-winterkomplettraeder-mercedes-a-c-cla-klasse-w176-c117-w204-featured-1000px-6.webp\",\"datePublished\":\"2025-09-23T07:37:40+00:00\",\"dateModified\":\"2026-04-25T13:16:27+00:00\",\"description\":\"19 Zoll Winterr\u00e4der f\u00fcr Mercedes A C CLA Klasse W176 C117 W204: Erleben Sie maximale Sicherheit und Stil im Winter. Jetzt versandkostenfrei bestellen!\",\"breadcrumb\":{\"@id\":\"https:\\\/\\\/felgenforum.shop\\\/produkt\\\/19-zoll-winterraeder-winterkomplettraeder-mercedes-a-c-cla-klasse-w176-c117-w204-12\\\/#breadcrumb\"},\"inLanguage\":\"en-GB\",\"potentialAction\":[{\"@type\":\"ReadAction\",\"target\":[\"https:\\\/\\\/felgenforum.shop\\\/produkt\\\/19-zoll-winterraeder-winterkomplettraeder-mercedes-a-c-cla-klasse-w176-c117-w204-12\\\/\"]}]},{\"@type\":\"ImageObject\",\"inLanguage\":\"en-GB\",\"@id\":\"https:\\\/\\\/felgenforum.shop\\\/produkt\\\/19-zoll-winterraeder-winterkomplettraeder-mercedes-a-c-cla-klasse-w176-c117-w204-12\\\/#primaryimage\",\"url\":\"https:\\\/\\\/felgenforum.shop\\\/wp-content\\\/uploads\\\/2025\\\/09\\\/19-zoll-winterraeder-winterkomplettraeder-mercedes-a-c-cla-klasse-w176-c117-w204-featured-1000px-6.webp\",\"contentUrl\":\"https:\\\/\\\/felgenforum.shop\\\/wp-content\\\/uploads\\\/2025\\\/09\\\/19-zoll-winterraeder-winterkomplettraeder-mercedes-a-c-cla-klasse-w176-c117-w204-featured-1000px-6.webp\",\"width\":1000,\"height\":1000,\"caption\":\"Hochwertige 19 Zoll Winterkomplettr\u00e4der f\u00fcr Mercedes A C CLA Klasse Modelle\"},{\"@type\":\"BreadcrumbList\",\"@id\":\"https:\\\/\\\/felgenforum.shop\\\/produkt\\\/19-zoll-winterraeder-winterkomplettraeder-mercedes-a-c-cla-klasse-w176-c117-w204-12\\\/#breadcrumb\",\"itemListElement\":[{\"@type\":\"ListItem\",\"position\":1,\"name\":\"Startseite\",\"item\":\"https:\\\/\\\/felgenforum.shop\\\/\"},{\"@type\":\"ListItem\",\"position\":2,\"name\":\"Shop\",\"item\":\"https:\\\/\\\/felgenforum.shop\\\/shop\\\/\"},{\"@type\":\"ListItem\",\"position\":3,\"name\":\"19 Zoll Winterr\u00e4der Winterkomplettr\u00e4der Mercedes A C CLA Klasse W176 C117 W204\"}]},{\"@type\":\"WebSite\",\"@id\":\"https:\\\/\\\/felgenforum.shop\\\/#website\",\"url\":\"https:\\\/\\\/felgenforum.shop\\\/\",\"name\":\"Felgenforum\",\"description\":\"\",\"potentialAction\":[{\"@type\":\"SearchAction\",\"target\":{\"@type\":\"EntryPoint\",\"urlTemplate\":\"https:\\\/\\\/felgenforum.shop\\\/?s={search_term_string}\"},\"query-input\":{\"@type\":\"PropertyValueSpecification\",\"valueRequired\":true,\"valueName\":\"search_term_string\"}}],\"inLanguage\":\"en-GB\"}]}<\/script>","yoast_head_json":{"title":"19 Zoll Winterr\u00e4der Winterkomplettr\u00e4der Mercedes A C CLA Klasse W176 C117 W204 g\u00fcnstig kaufen - Felgenforum","description":"19 Zoll Winterr\u00e4der f\u00fcr Mercedes A C CLA Klasse W176 C117 W204: Erleben Sie maximale Sicherheit und Stil im Winter. Jetzt versandkostenfrei bestellen!","robots":{"index":"index","follow":"follow","max-snippet":"max-snippet:-1","max-image-preview":"max-image-preview:large","max-video-preview":"max-video-preview:-1"},"canonical":"https:\/\/felgenforum.shop\/en\/product\/19-zoll-winterraeder-winterkomplettraeder-mercedes-a-c-cla-klasse-w176-c117-w204-12\/","og_locale":"en_GB","og_type":"article","og_title":"19 Zoll Winterr\u00e4der Winterkomplettr\u00e4der Mercedes A C CLA Klasse W176 C117 W204 g\u00fcnstig kaufen - Felgenforum","og_description":"19 Zoll Winterr\u00e4der f\u00fcr Mercedes A C CLA Klasse W176 C117 W204: Erleben Sie maximale Sicherheit und Stil im Winter. Jetzt versandkostenfrei bestellen!","og_url":"https:\/\/felgenforum.shop\/en\/product\/19-zoll-winterraeder-winterkomplettraeder-mercedes-a-c-cla-klasse-w176-c117-w204-12\/","og_site_name":"Felgenforum","article_modified_time":"2026-04-25T13:16:27+00:00","og_image":[{"width":1000,"height":1000,"url":"https:\/\/felgenforum.shop\/wp-content\/uploads\/2025\/09\/19-zoll-winterraeder-winterkomplettraeder-mercedes-a-c-cla-klasse-w176-c117-w204-featured-1000px-6.webp","type":"image\/jpeg"}],"twitter_card":"summary_large_image","twitter_misc":{"Est. reading time":"1 minute"},"schema":{"@context":"https:\/\/schema.org","@graph":[{"@type":"WebPage","@id":"https:\/\/felgenforum.shop\/produkt\/19-zoll-winterraeder-winterkomplettraeder-mercedes-a-c-cla-klasse-w176-c117-w204-12\/","url":"https:\/\/felgenforum.shop\/produkt\/19-zoll-winterraeder-winterkomplettraeder-mercedes-a-c-cla-klasse-w176-c117-w204-12\/","name":"19 Zoll Winterr\u00e4der Winterkomplettr\u00e4der Mercedes A C CLA Klasse W176 C117 W204 g\u00fcnstig kaufen - Felgenforum","isPartOf":{"@id":"https:\/\/felgenforum.shop\/#website"},"primaryImageOfPage":{"@id":"https:\/\/felgenforum.shop\/produkt\/19-zoll-winterraeder-winterkomplettraeder-mercedes-a-c-cla-klasse-w176-c117-w204-12\/#primaryimage"},"image":{"@id":"https:\/\/felgenforum.shop\/produkt\/19-zoll-winterraeder-winterkomplettraeder-mercedes-a-c-cla-klasse-w176-c117-w204-12\/#primaryimage"},"thumbnailUrl":"https:\/\/felgenforum.shop\/wp-content\/uploads\/2025\/09\/19-zoll-winterraeder-winterkomplettraeder-mercedes-a-c-cla-klasse-w176-c117-w204-featured-1000px-6.webp","datePublished":"2025-09-23T07:37:40+00:00","dateModified":"2026-04-25T13:16:27+00:00","description":"19 Zoll Winterr\u00e4der f\u00fcr Mercedes A C CLA Klasse W176 C117 W204: Erleben Sie maximale Sicherheit und Stil im Winter. Jetzt versandkostenfrei bestellen!","breadcrumb":{"@id":"https:\/\/felgenforum.shop\/produkt\/19-zoll-winterraeder-winterkomplettraeder-mercedes-a-c-cla-klasse-w176-c117-w204-12\/#breadcrumb"},"inLanguage":"en-GB","potentialAction":[{"@type":"ReadAction","target":["https:\/\/felgenforum.shop\/produkt\/19-zoll-winterraeder-winterkomplettraeder-mercedes-a-c-cla-klasse-w176-c117-w204-12\/"]}]},{"@type":"ImageObject","inLanguage":"en-GB","@id":"https:\/\/felgenforum.shop\/produkt\/19-zoll-winterraeder-winterkomplettraeder-mercedes-a-c-cla-klasse-w176-c117-w204-12\/#primaryimage","url":"https:\/\/felgenforum.shop\/wp-content\/uploads\/2025\/09\/19-zoll-winterraeder-winterkomplettraeder-mercedes-a-c-cla-klasse-w176-c117-w204-featured-1000px-6.webp","contentUrl":"https:\/\/felgenforum.shop\/wp-content\/uploads\/2025\/09\/19-zoll-winterraeder-winterkomplettraeder-mercedes-a-c-cla-klasse-w176-c117-w204-featured-1000px-6.webp","width":1000,"height":1000,"caption":"Hochwertige 19 Zoll Winterkomplettr\u00e4der f\u00fcr Mercedes A C CLA Klasse Modelle"},{"@type":"BreadcrumbList","@id":"https:\/\/felgenforum.shop\/produkt\/19-zoll-winterraeder-winterkomplettraeder-mercedes-a-c-cla-klasse-w176-c117-w204-12\/#breadcrumb","itemListElement":[{"@type":"ListItem","position":1,"name":"Startseite","item":"https:\/\/felgenforum.shop\/"},{"@type":"ListItem","position":2,"name":"Shop","item":"https:\/\/felgenforum.shop\/shop\/"},{"@type":"ListItem","position":3,"name":"19 Zoll Winterr\u00e4der Winterkomplettr\u00e4der Mercedes A C CLA Klasse W176 C117 W204"}]},{"@type":"WebSite","@id":"https:\/\/felgenforum.shop\/#website","url":"https:\/\/felgenforum.shop\/","name":"Rim forum","description":"","potentialAction":[{"@type":"SearchAction","target":{"@type":"EntryPoint","urlTemplate":"https:\/\/felgenforum.shop\/?s={search_term_string}"},"query-input":{"@type":"PropertyValueSpecification","valueRequired":true,"valueName":"search_term_string"}}],"inLanguage":"en-GB"}]}},"_links":{"self":[{"href":"https:\/\/felgenforum.shop\/en\/wp-json\/wp\/v2\/product\/106487","targetHints":{"allow":["GET"]}}],"collection":[{"href":"https:\/\/felgenforum.shop\/en\/wp-json\/wp\/v2\/product"}],"about":[{"href":"https:\/\/felgenforum.shop\/en\/wp-json\/wp\/v2\/types\/product"}],"replies":[{"embeddable":true,"href":"https:\/\/felgenforum.shop\/en\/wp-json\/wp\/v2\/comments?post=106487"}],"wp:featuredmedia":[{"embeddable":true,"href":"https:\/\/felgenforum.shop\/en\/wp-json\/wp\/v2\/media\/110777"}],"wp:attachment":[{"href":"https:\/\/felgenforum.shop\/en\/wp-json\/wp\/v2\/media?parent=106487"}],"wp:term":[{"taxonomy":"product_brand","embeddable":true,"href":"https:\/\/felgenforum.shop\/en\/wp-json\/wp\/v2\/product_brand?post=106487"},{"taxonomy":"product_cat","embeddable":true,"href":"https:\/\/felgenforum.shop\/en\/wp-json\/wp\/v2\/product_cat?post=106487"},{"taxonomy":"product_tag","embeddable":true,"href":"https:\/\/felgenforum.shop\/en\/wp-json\/wp\/v2\/product_tag?post=106487"}],"curies":[{"name":"wp","href":"https:\/\/api.w.org\/{rel}","templated":true}]}}