{"id":105758,"date":"2025-09-23T07:02:42","date_gmt":"2025-09-23T05:02:42","guid":{"rendered":"https:\/\/felgenforum.shop\/?post_type=product&#038;p=105758"},"modified":"2026-04-25T15:16:06","modified_gmt":"2026-04-25T13:16:06","slug":"18-zoll-komplettrad-sommerreifen-schwarz-fuer-vw-golf-5-6-7-8-gti-gtd-gte-2","status":"publish","type":"product","link":"https:\/\/felgenforum.shop\/en\/product\/18-zoll-komplettrad-sommerreifen-schwarz-fuer-vw-golf-5-6-7-8-gti-gtd-gte-2\/","title":{"rendered":"18-inch complete wheel set with black summer tires for VW Golf 5 6 7 8 GTI GTD GTE"},"content":{"rendered":"<h3>Welcome to an offer from Felgenforum.shop<\/h3>\n<p>In this offer we offer you a NEW set of V1-Wheels V1 complete wheels in glossy black including ABE.<\/p>\n<p>NEW &amp; in original packaging.<\/p>\n<h3>Scope of delivery:<\/h3>\n<ul>\n<li>4 x V1 Wheels V1 8&#215;18 ET45 5&#215;112 schwarz gl\u00e4nzend<\/li>\n<li>4x 225\/40R18 92 (Z) Y Hankook Ventus S1 Evo3<\/li>\n<li>Complete mounting hardware (if required according to the ABE)<\/li>\n<li>4x Hubcaps V1 Wheels<\/li>\n<li>(Vehicle manufacturer&#039;s hubcap not included)<\/li>\n<li>1x Expert report (ABE)<\/li>\n<li>In most cases, the rims are therefore registration-free. If you have any questions about fitment or any registration requirements, our experienced team will be happy to help :).<\/li>\n<li>Please be sure to specify your vehicle after purchase.<\/li>\n<li>We offer this model in many other sizes and colors; please contact us if you have any other requests.<\/li>\n<\/ul>\n<h3>&gt;&gt;&gt;Complete wheels<\/h3>\n<h3>We are happy to offer you the desired rims as ready-to-install complete wheels with a tire of your choice.<\/h3>\n<p>Feel free to send us a non-binding inquiry :).<\/p>","protected":false},"excerpt":{"rendered":"<p>A set (4 pieces) of ready-to-drive brand complete wheels, professionally mounted and balanced.<\/p>\n<p><strong>Rim details:<\/strong> x18 inch Ventus S1 evo3 (K127).<br \/><strong>Tire details:<\/strong> Brands .<\/p>","protected":false},"featured_media":109436,"comment_status":"open","ping_status":"closed","template":"","meta":[],"product_brand":[],"product_cat":[1202],"product_tag":[],"class_list":{"0":"post-105758","1":"product","2":"type-product","3":"status-publish","4":"has-post-thumbnail","6":"product_cat-other","7":"product_shipping_class-komplettrad","8":"pa_fahrzeugmarke-vw","9":"pa_felgenfarbe-schwarz","10":"pa_felgenmodell-v1","11":"pa_geschwindigkeitsindex-y-bis-300-km-h","12":"pa_hersteller-hankook","13":"pa_herstellernummer-2314","14":"pa_herstellungsland-und-regi-deutschland","15":"pa_modell-ventus-s1-evo3-k127","16":"pa_reifenbauart-r","17":"pa_reifenbreite-1432","18":"pa_reifendurchmesser-1674","19":"pa_reifenquerschnitt-1571","20":"pa_reifenspezifikation-sommerreifen","21":"pa_tragfaehigkeitsindex-92-max-630-kg-je-reifen","22":"pa_zollgroesse-1482","24":"first","25":"instock","26":"sale","27":"taxable","28":"shipping-taxable","29":"purchasable","30":"product-type-simple"},"yoast_head":"<title>18 Zoll Komplettrad Sommerreifen schwarz f\u00fcr VW Golf 5 6 7 8 GTI GTD GTE g\u00fcnstig kaufen - Felgenforum<\/title>\n<meta name=\"description\" content=\"18 Zoll Komplettrad Sommerreifen in Schwarz f\u00fcr VW Golf 5-8 GTI. Sportlicher Look und maximale Sicherheit auf der Stra\u00dfe. Jetzt g\u00fcnstig online kaufen!\" \/>\n<meta name=\"robots\" content=\"index, follow, max-snippet:-1, max-image-preview:large, max-video-preview:-1\" \/>\n<link rel=\"canonical\" href=\"https:\/\/felgenforum.shop\/en\/product\/18-zoll-komplettrad-sommerreifen-schwarz-fuer-vw-golf-5-6-7-8-gti-gtd-gte-2\/\" \/>\n<meta property=\"og:locale\" content=\"en_GB\" \/>\n<meta property=\"og:type\" content=\"article\" \/>\n<meta property=\"og:title\" content=\"18 Zoll Komplettrad Sommerreifen schwarz f\u00fcr VW Golf 5 6 7 8 GTI GTD GTE g\u00fcnstig kaufen - Felgenforum\" \/>\n<meta property=\"og:description\" content=\"18 Zoll Komplettrad Sommerreifen in Schwarz f\u00fcr VW Golf 5-8 GTI. Sportlicher Look und maximale Sicherheit auf der Stra\u00dfe. Jetzt g\u00fcnstig online kaufen!\" \/>\n<meta property=\"og:url\" content=\"https:\/\/felgenforum.shop\/en\/product\/18-zoll-komplettrad-sommerreifen-schwarz-fuer-vw-golf-5-6-7-8-gti-gtd-gte-2\/\" \/>\n<meta property=\"og:site_name\" content=\"Felgenforum\" \/>\n<meta property=\"article:modified_time\" content=\"2026-04-25T13:16:06+00:00\" \/>\n<meta property=\"og:image\" content=\"https:\/\/felgenforum.shop\/wp-content\/uploads\/2025\/09\/18-zoll-komplettrad-sommerreifen-schwarz-fuer-vw-golf-5-6-7-8-gti-gtd-gte-featured-1000px-1.webp\" \/>\n\t<meta property=\"og:image:width\" content=\"1000\" \/>\n\t<meta property=\"og:image:height\" content=\"1000\" \/>\n\t<meta property=\"og:image:type\" content=\"image\/jpeg\" \/>\n<meta name=\"twitter:card\" content=\"summary_large_image\" \/>\n<meta name=\"twitter:label1\" content=\"Est. reading time\" \/>\n\t<meta name=\"twitter:data1\" content=\"1 minute\" \/>\n<script type=\"application\/ld+json\" class=\"yoast-schema-graph\">{\"@context\":\"https:\\\/\\\/schema.org\",\"@graph\":[{\"@type\":\"WebPage\",\"@id\":\"https:\\\/\\\/felgenforum.shop\\\/produkt\\\/18-zoll-komplettrad-sommerreifen-schwarz-fuer-vw-golf-5-6-7-8-gti-gtd-gte-2\\\/\",\"url\":\"https:\\\/\\\/felgenforum.shop\\\/produkt\\\/18-zoll-komplettrad-sommerreifen-schwarz-fuer-vw-golf-5-6-7-8-gti-gtd-gte-2\\\/\",\"name\":\"18 Zoll Komplettrad Sommerreifen schwarz f\u00fcr VW Golf 5 6 7 8 GTI GTD GTE g\u00fcnstig kaufen - Felgenforum\",\"isPartOf\":{\"@id\":\"https:\\\/\\\/felgenforum.shop\\\/#website\"},\"primaryImageOfPage\":{\"@id\":\"https:\\\/\\\/felgenforum.shop\\\/produkt\\\/18-zoll-komplettrad-sommerreifen-schwarz-fuer-vw-golf-5-6-7-8-gti-gtd-gte-2\\\/#primaryimage\"},\"image\":{\"@id\":\"https:\\\/\\\/felgenforum.shop\\\/produkt\\\/18-zoll-komplettrad-sommerreifen-schwarz-fuer-vw-golf-5-6-7-8-gti-gtd-gte-2\\\/#primaryimage\"},\"thumbnailUrl\":\"https:\\\/\\\/felgenforum.shop\\\/wp-content\\\/uploads\\\/2025\\\/09\\\/18-zoll-komplettrad-sommerreifen-schwarz-fuer-vw-golf-5-6-7-8-gti-gtd-gte-featured-1000px-1.webp\",\"datePublished\":\"2025-09-23T05:02:42+00:00\",\"dateModified\":\"2026-04-25T13:16:06+00:00\",\"description\":\"18 Zoll Komplettrad Sommerreifen in Schwarz f\u00fcr VW Golf 5-8 GTI. Sportlicher Look und maximale Sicherheit auf der Stra\u00dfe. Jetzt g\u00fcnstig online kaufen!\",\"breadcrumb\":{\"@id\":\"https:\\\/\\\/felgenforum.shop\\\/produkt\\\/18-zoll-komplettrad-sommerreifen-schwarz-fuer-vw-golf-5-6-7-8-gti-gtd-gte-2\\\/#breadcrumb\"},\"inLanguage\":\"en-GB\",\"potentialAction\":[{\"@type\":\"ReadAction\",\"target\":[\"https:\\\/\\\/felgenforum.shop\\\/produkt\\\/18-zoll-komplettrad-sommerreifen-schwarz-fuer-vw-golf-5-6-7-8-gti-gtd-gte-2\\\/\"]}]},{\"@type\":\"ImageObject\",\"inLanguage\":\"en-GB\",\"@id\":\"https:\\\/\\\/felgenforum.shop\\\/produkt\\\/18-zoll-komplettrad-sommerreifen-schwarz-fuer-vw-golf-5-6-7-8-gti-gtd-gte-2\\\/#primaryimage\",\"url\":\"https:\\\/\\\/felgenforum.shop\\\/wp-content\\\/uploads\\\/2025\\\/09\\\/18-zoll-komplettrad-sommerreifen-schwarz-fuer-vw-golf-5-6-7-8-gti-gtd-gte-featured-1000px-1.webp\",\"contentUrl\":\"https:\\\/\\\/felgenforum.shop\\\/wp-content\\\/uploads\\\/2025\\\/09\\\/18-zoll-komplettrad-sommerreifen-schwarz-fuer-vw-golf-5-6-7-8-gti-gtd-gte-featured-1000px-1.webp\",\"width\":1000,\"height\":1000,\"caption\":\"18 Zoll Komplettrad Sommerreifen schwarz f\u00fcr VW Golf 5 6 7 8\"},{\"@type\":\"BreadcrumbList\",\"@id\":\"https:\\\/\\\/felgenforum.shop\\\/produkt\\\/18-zoll-komplettrad-sommerreifen-schwarz-fuer-vw-golf-5-6-7-8-gti-gtd-gte-2\\\/#breadcrumb\",\"itemListElement\":[{\"@type\":\"ListItem\",\"position\":1,\"name\":\"Startseite\",\"item\":\"https:\\\/\\\/felgenforum.shop\\\/\"},{\"@type\":\"ListItem\",\"position\":2,\"name\":\"Shop\",\"item\":\"https:\\\/\\\/felgenforum.shop\\\/shop\\\/\"},{\"@type\":\"ListItem\",\"position\":3,\"name\":\"18 Zoll Komplettrad Sommerreifen schwarz f\u00fcr VW Golf 5 6 7 8 GTI GTD GTE\"}]},{\"@type\":\"WebSite\",\"@id\":\"https:\\\/\\\/felgenforum.shop\\\/#website\",\"url\":\"https:\\\/\\\/felgenforum.shop\\\/\",\"name\":\"Felgenforum\",\"description\":\"\",\"potentialAction\":[{\"@type\":\"SearchAction\",\"target\":{\"@type\":\"EntryPoint\",\"urlTemplate\":\"https:\\\/\\\/felgenforum.shop\\\/?s={search_term_string}\"},\"query-input\":{\"@type\":\"PropertyValueSpecification\",\"valueRequired\":true,\"valueName\":\"search_term_string\"}}],\"inLanguage\":\"en-GB\"}]}<\/script>","yoast_head_json":{"title":"18 Zoll Komplettrad Sommerreifen schwarz f\u00fcr VW Golf 5 6 7 8 GTI GTD GTE g\u00fcnstig kaufen - Felgenforum","description":"18 Zoll Komplettrad Sommerreifen in Schwarz f\u00fcr VW Golf 5-8 GTI. Sportlicher Look und maximale Sicherheit auf der Stra\u00dfe. Jetzt g\u00fcnstig online kaufen!","robots":{"index":"index","follow":"follow","max-snippet":"max-snippet:-1","max-image-preview":"max-image-preview:large","max-video-preview":"max-video-preview:-1"},"canonical":"https:\/\/felgenforum.shop\/en\/product\/18-zoll-komplettrad-sommerreifen-schwarz-fuer-vw-golf-5-6-7-8-gti-gtd-gte-2\/","og_locale":"en_GB","og_type":"article","og_title":"18 Zoll Komplettrad Sommerreifen schwarz f\u00fcr VW Golf 5 6 7 8 GTI GTD GTE g\u00fcnstig kaufen - Felgenforum","og_description":"18 Zoll Komplettrad Sommerreifen in Schwarz f\u00fcr VW Golf 5-8 GTI. Sportlicher Look und maximale Sicherheit auf der Stra\u00dfe. Jetzt g\u00fcnstig online kaufen!","og_url":"https:\/\/felgenforum.shop\/en\/product\/18-zoll-komplettrad-sommerreifen-schwarz-fuer-vw-golf-5-6-7-8-gti-gtd-gte-2\/","og_site_name":"Felgenforum","article_modified_time":"2026-04-25T13:16:06+00:00","og_image":[{"width":1000,"height":1000,"url":"https:\/\/felgenforum.shop\/wp-content\/uploads\/2025\/09\/18-zoll-komplettrad-sommerreifen-schwarz-fuer-vw-golf-5-6-7-8-gti-gtd-gte-featured-1000px-1.webp","type":"image\/jpeg"}],"twitter_card":"summary_large_image","twitter_misc":{"Est. reading time":"1 minute"},"schema":{"@context":"https:\/\/schema.org","@graph":[{"@type":"WebPage","@id":"https:\/\/felgenforum.shop\/produkt\/18-zoll-komplettrad-sommerreifen-schwarz-fuer-vw-golf-5-6-7-8-gti-gtd-gte-2\/","url":"https:\/\/felgenforum.shop\/produkt\/18-zoll-komplettrad-sommerreifen-schwarz-fuer-vw-golf-5-6-7-8-gti-gtd-gte-2\/","name":"18 Zoll Komplettrad Sommerreifen schwarz f\u00fcr VW Golf 5 6 7 8 GTI GTD GTE g\u00fcnstig kaufen - Felgenforum","isPartOf":{"@id":"https:\/\/felgenforum.shop\/#website"},"primaryImageOfPage":{"@id":"https:\/\/felgenforum.shop\/produkt\/18-zoll-komplettrad-sommerreifen-schwarz-fuer-vw-golf-5-6-7-8-gti-gtd-gte-2\/#primaryimage"},"image":{"@id":"https:\/\/felgenforum.shop\/produkt\/18-zoll-komplettrad-sommerreifen-schwarz-fuer-vw-golf-5-6-7-8-gti-gtd-gte-2\/#primaryimage"},"thumbnailUrl":"https:\/\/felgenforum.shop\/wp-content\/uploads\/2025\/09\/18-zoll-komplettrad-sommerreifen-schwarz-fuer-vw-golf-5-6-7-8-gti-gtd-gte-featured-1000px-1.webp","datePublished":"2025-09-23T05:02:42+00:00","dateModified":"2026-04-25T13:16:06+00:00","description":"18 Zoll Komplettrad Sommerreifen in Schwarz f\u00fcr VW Golf 5-8 GTI. Sportlicher Look und maximale Sicherheit auf der Stra\u00dfe. Jetzt g\u00fcnstig online kaufen!","breadcrumb":{"@id":"https:\/\/felgenforum.shop\/produkt\/18-zoll-komplettrad-sommerreifen-schwarz-fuer-vw-golf-5-6-7-8-gti-gtd-gte-2\/#breadcrumb"},"inLanguage":"en-GB","potentialAction":[{"@type":"ReadAction","target":["https:\/\/felgenforum.shop\/produkt\/18-zoll-komplettrad-sommerreifen-schwarz-fuer-vw-golf-5-6-7-8-gti-gtd-gte-2\/"]}]},{"@type":"ImageObject","inLanguage":"en-GB","@id":"https:\/\/felgenforum.shop\/produkt\/18-zoll-komplettrad-sommerreifen-schwarz-fuer-vw-golf-5-6-7-8-gti-gtd-gte-2\/#primaryimage","url":"https:\/\/felgenforum.shop\/wp-content\/uploads\/2025\/09\/18-zoll-komplettrad-sommerreifen-schwarz-fuer-vw-golf-5-6-7-8-gti-gtd-gte-featured-1000px-1.webp","contentUrl":"https:\/\/felgenforum.shop\/wp-content\/uploads\/2025\/09\/18-zoll-komplettrad-sommerreifen-schwarz-fuer-vw-golf-5-6-7-8-gti-gtd-gte-featured-1000px-1.webp","width":1000,"height":1000,"caption":"18 Zoll Komplettrad Sommerreifen schwarz f\u00fcr VW Golf 5 6 7 8"},{"@type":"BreadcrumbList","@id":"https:\/\/felgenforum.shop\/produkt\/18-zoll-komplettrad-sommerreifen-schwarz-fuer-vw-golf-5-6-7-8-gti-gtd-gte-2\/#breadcrumb","itemListElement":[{"@type":"ListItem","position":1,"name":"Startseite","item":"https:\/\/felgenforum.shop\/"},{"@type":"ListItem","position":2,"name":"Shop","item":"https:\/\/felgenforum.shop\/shop\/"},{"@type":"ListItem","position":3,"name":"18 Zoll Komplettrad Sommerreifen schwarz f\u00fcr VW Golf 5 6 7 8 GTI GTD GTE"}]},{"@type":"WebSite","@id":"https:\/\/felgenforum.shop\/#website","url":"https:\/\/felgenforum.shop\/","name":"Rim forum","description":"","potentialAction":[{"@type":"SearchAction","target":{"@type":"EntryPoint","urlTemplate":"https:\/\/felgenforum.shop\/?s={search_term_string}"},"query-input":{"@type":"PropertyValueSpecification","valueRequired":true,"valueName":"search_term_string"}}],"inLanguage":"en-GB"}]}},"_links":{"self":[{"href":"https:\/\/felgenforum.shop\/en\/wp-json\/wp\/v2\/product\/105758","targetHints":{"allow":["GET"]}}],"collection":[{"href":"https:\/\/felgenforum.shop\/en\/wp-json\/wp\/v2\/product"}],"about":[{"href":"https:\/\/felgenforum.shop\/en\/wp-json\/wp\/v2\/types\/product"}],"replies":[{"embeddable":true,"href":"https:\/\/felgenforum.shop\/en\/wp-json\/wp\/v2\/comments?post=105758"}],"wp:featuredmedia":[{"embeddable":true,"href":"https:\/\/felgenforum.shop\/en\/wp-json\/wp\/v2\/media\/109436"}],"wp:attachment":[{"href":"https:\/\/felgenforum.shop\/en\/wp-json\/wp\/v2\/media?parent=105758"}],"wp:term":[{"taxonomy":"product_brand","embeddable":true,"href":"https:\/\/felgenforum.shop\/en\/wp-json\/wp\/v2\/product_brand?post=105758"},{"taxonomy":"product_cat","embeddable":true,"href":"https:\/\/felgenforum.shop\/en\/wp-json\/wp\/v2\/product_cat?post=105758"},{"taxonomy":"product_tag","embeddable":true,"href":"https:\/\/felgenforum.shop\/en\/wp-json\/wp\/v2\/product_tag?post=105758"}],"curies":[{"name":"wp","href":"https:\/\/api.w.org\/{rel}","templated":true}]}}