{"id":105641,"date":"2025-09-23T06:38:12","date_gmt":"2025-09-23T04:38:12","guid":{"rendered":"https:\/\/felgenforum.shop\/?post_type=product&#038;p=105641"},"modified":"2026-04-25T15:16:02","modified_gmt":"2026-04-25T13:16:02","slug":"rdk-sensoren-set","status":"publish","type":"product","link":"https:\/\/felgenforum.shop\/en\/product\/rdk-sensoren-set\/","title":{"rendered":"TPMS sensor set"},"content":{"rendered":"<h3>Welcome to an offer from Felgenforum.shop<\/h3>\n<p>In this offer we are offering you a NEW set of TPMS sensors.<\/p>\n<p>4x TPMS sensors (pre-programmed)<\/p>\n<p>NEW &amp; in original packaging.<\/p>\n<h3>Scope of delivery:<\/h3>\n<ul>\n<li>4 x TPMS sensors<\/li>\n<li>&gt;&gt;&gt;Pre-programmed<\/li>\n<li>Please provide us with your vehicle details!<\/li>\n<li>The TPMS sensors are individually pre-programmed for each customer vehicle.<\/li>\n<\/ul>","protected":false},"excerpt":{"rendered":"<p>High-quality car accessories. Professionally tested and ready for quick dispatch.<\/p>","protected":false},"featured_media":109240,"comment_status":"open","ping_status":"closed","template":"","meta":[],"product_brand":[],"product_cat":[1742,1741],"product_tag":[],"class_list":{"0":"post-105641","1":"product","2":"type-product","3":"status-publish","4":"has-post-thumbnail","6":"product_cat-rdk-sensoren","7":"product_cat-zubehoer","8":"product_shipping_class-felge","9":"pa_besonderheiten-vorprogrammiert","10":"pa_hersteller-orange-electronic","11":"pa_herstellungsland-und-regi-deutschland","12":"pa_material-kunststoff","13":"pa_oldtimer-teil-nein","14":"pa_programmierung-erforderli-nein","15":"pa_sensorart-reifendruckkontrollsystem","16":"pa_tuning-styling-teil-nein","17":"pa_universelle-kompatibilita-ja","19":"first","20":"instock","21":"taxable","22":"shipping-taxable","23":"purchasable","24":"product-type-simple"},"yoast_head":"<title>RDK-Sensoren Set g\u00fcnstig kaufen - Felgenforum<\/title>\n<meta name=\"description\" content=\"Sichern Sie sich das RDK-Sensoren Set f\u00fcr maximale Fahrsicherheit. \u00dcberwachen Sie Ihren Reifendruck pr\u00e4zise und vermeiden Sie Pannen. Jetzt online bestellen!\" \/>\n<meta name=\"robots\" content=\"index, follow, max-snippet:-1, max-image-preview:large, max-video-preview:-1\" \/>\n<link rel=\"canonical\" href=\"https:\/\/felgenforum.shop\/en\/product\/rdk-sensoren-set\/\" \/>\n<meta property=\"og:locale\" content=\"en_GB\" \/>\n<meta property=\"og:type\" content=\"article\" \/>\n<meta property=\"og:title\" content=\"RDK-Sensoren Set g\u00fcnstig kaufen - Felgenforum\" \/>\n<meta property=\"og:description\" content=\"Sichern Sie sich das RDK-Sensoren Set f\u00fcr maximale Fahrsicherheit. \u00dcberwachen Sie Ihren Reifendruck pr\u00e4zise und vermeiden Sie Pannen. Jetzt online bestellen!\" \/>\n<meta property=\"og:url\" content=\"https:\/\/felgenforum.shop\/en\/product\/rdk-sensoren-set\/\" \/>\n<meta property=\"og:site_name\" content=\"Felgenforum\" \/>\n<meta property=\"article:modified_time\" content=\"2026-04-25T13:16:02+00:00\" \/>\n<meta property=\"og:image\" content=\"https:\/\/felgenforum.shop\/wp-content\/uploads\/2025\/09\/rdk-sensoren-set-featured-1000px.webp\" \/>\n\t<meta property=\"og:image:width\" content=\"500\" \/>\n\t<meta property=\"og:image:height\" content=\"500\" \/>\n\t<meta property=\"og:image:type\" content=\"image\/png\" \/>\n<meta name=\"twitter:card\" content=\"summary_large_image\" \/>\n<script type=\"application\/ld+json\" class=\"yoast-schema-graph\">{\"@context\":\"https:\\\/\\\/schema.org\",\"@graph\":[{\"@type\":\"WebPage\",\"@id\":\"https:\\\/\\\/felgenforum.shop\\\/produkt\\\/rdk-sensoren-set\\\/\",\"url\":\"https:\\\/\\\/felgenforum.shop\\\/produkt\\\/rdk-sensoren-set\\\/\",\"name\":\"RDK-Sensoren Set g\u00fcnstig kaufen - Felgenforum\",\"isPartOf\":{\"@id\":\"https:\\\/\\\/felgenforum.shop\\\/#website\"},\"primaryImageOfPage\":{\"@id\":\"https:\\\/\\\/felgenforum.shop\\\/produkt\\\/rdk-sensoren-set\\\/#primaryimage\"},\"image\":{\"@id\":\"https:\\\/\\\/felgenforum.shop\\\/produkt\\\/rdk-sensoren-set\\\/#primaryimage\"},\"thumbnailUrl\":\"https:\\\/\\\/felgenforum.shop\\\/wp-content\\\/uploads\\\/2025\\\/09\\\/rdk-sensoren-set-featured-1000px.webp\",\"datePublished\":\"2025-09-23T04:38:12+00:00\",\"dateModified\":\"2026-04-25T13:16:02+00:00\",\"description\":\"Sichern Sie sich das RDK-Sensoren Set f\u00fcr maximale Fahrsicherheit. \u00dcberwachen Sie Ihren Reifendruck pr\u00e4zise und vermeiden Sie Pannen. Jetzt online bestellen!\",\"breadcrumb\":{\"@id\":\"https:\\\/\\\/felgenforum.shop\\\/produkt\\\/rdk-sensoren-set\\\/#breadcrumb\"},\"inLanguage\":\"en-GB\",\"potentialAction\":[{\"@type\":\"ReadAction\",\"target\":[\"https:\\\/\\\/felgenforum.shop\\\/produkt\\\/rdk-sensoren-set\\\/\"]}]},{\"@type\":\"ImageObject\",\"inLanguage\":\"en-GB\",\"@id\":\"https:\\\/\\\/felgenforum.shop\\\/produkt\\\/rdk-sensoren-set\\\/#primaryimage\",\"url\":\"https:\\\/\\\/felgenforum.shop\\\/wp-content\\\/uploads\\\/2025\\\/09\\\/rdk-sensoren-set-featured-1000px.webp\",\"contentUrl\":\"https:\\\/\\\/felgenforum.shop\\\/wp-content\\\/uploads\\\/2025\\\/09\\\/rdk-sensoren-set-featured-1000px.webp\",\"width\":500,\"height\":500,\"caption\":\"Hochwertiges RDK-Sensoren Set zur automatischen \u00dcberwachung des Reifendrucks f\u00fcr maximale Fahrsicherheit\"},{\"@type\":\"BreadcrumbList\",\"@id\":\"https:\\\/\\\/felgenforum.shop\\\/produkt\\\/rdk-sensoren-set\\\/#breadcrumb\",\"itemListElement\":[{\"@type\":\"ListItem\",\"position\":1,\"name\":\"Startseite\",\"item\":\"https:\\\/\\\/felgenforum.shop\\\/\"},{\"@type\":\"ListItem\",\"position\":2,\"name\":\"Shop\",\"item\":\"https:\\\/\\\/felgenforum.shop\\\/shop\\\/\"},{\"@type\":\"ListItem\",\"position\":3,\"name\":\"RDK-Sensoren Set\"}]},{\"@type\":\"WebSite\",\"@id\":\"https:\\\/\\\/felgenforum.shop\\\/#website\",\"url\":\"https:\\\/\\\/felgenforum.shop\\\/\",\"name\":\"Felgenforum\",\"description\":\"\",\"potentialAction\":[{\"@type\":\"SearchAction\",\"target\":{\"@type\":\"EntryPoint\",\"urlTemplate\":\"https:\\\/\\\/felgenforum.shop\\\/?s={search_term_string}\"},\"query-input\":{\"@type\":\"PropertyValueSpecification\",\"valueRequired\":true,\"valueName\":\"search_term_string\"}}],\"inLanguage\":\"en-GB\"}]}<\/script>","yoast_head_json":{"title":"RDK-Sensoren Set g\u00fcnstig kaufen - Felgenforum","description":"Sichern Sie sich das RDK-Sensoren Set f\u00fcr maximale Fahrsicherheit. \u00dcberwachen Sie Ihren Reifendruck pr\u00e4zise und vermeiden Sie Pannen. Jetzt online bestellen!","robots":{"index":"index","follow":"follow","max-snippet":"max-snippet:-1","max-image-preview":"max-image-preview:large","max-video-preview":"max-video-preview:-1"},"canonical":"https:\/\/felgenforum.shop\/en\/product\/rdk-sensoren-set\/","og_locale":"en_GB","og_type":"article","og_title":"RDK-Sensoren Set g\u00fcnstig kaufen - Felgenforum","og_description":"Sichern Sie sich das RDK-Sensoren Set f\u00fcr maximale Fahrsicherheit. \u00dcberwachen Sie Ihren Reifendruck pr\u00e4zise und vermeiden Sie Pannen. Jetzt online bestellen!","og_url":"https:\/\/felgenforum.shop\/en\/product\/rdk-sensoren-set\/","og_site_name":"Felgenforum","article_modified_time":"2026-04-25T13:16:02+00:00","og_image":[{"width":500,"height":500,"url":"https:\/\/felgenforum.shop\/wp-content\/uploads\/2025\/09\/rdk-sensoren-set-featured-1000px.webp","type":"image\/png"}],"twitter_card":"summary_large_image","schema":{"@context":"https:\/\/schema.org","@graph":[{"@type":"WebPage","@id":"https:\/\/felgenforum.shop\/produkt\/rdk-sensoren-set\/","url":"https:\/\/felgenforum.shop\/produkt\/rdk-sensoren-set\/","name":"RDK-Sensoren Set g\u00fcnstig kaufen - Felgenforum","isPartOf":{"@id":"https:\/\/felgenforum.shop\/#website"},"primaryImageOfPage":{"@id":"https:\/\/felgenforum.shop\/produkt\/rdk-sensoren-set\/#primaryimage"},"image":{"@id":"https:\/\/felgenforum.shop\/produkt\/rdk-sensoren-set\/#primaryimage"},"thumbnailUrl":"https:\/\/felgenforum.shop\/wp-content\/uploads\/2025\/09\/rdk-sensoren-set-featured-1000px.webp","datePublished":"2025-09-23T04:38:12+00:00","dateModified":"2026-04-25T13:16:02+00:00","description":"Sichern Sie sich das RDK-Sensoren Set f\u00fcr maximale Fahrsicherheit. \u00dcberwachen Sie Ihren Reifendruck pr\u00e4zise und vermeiden Sie Pannen. Jetzt online bestellen!","breadcrumb":{"@id":"https:\/\/felgenforum.shop\/produkt\/rdk-sensoren-set\/#breadcrumb"},"inLanguage":"en-GB","potentialAction":[{"@type":"ReadAction","target":["https:\/\/felgenforum.shop\/produkt\/rdk-sensoren-set\/"]}]},{"@type":"ImageObject","inLanguage":"en-GB","@id":"https:\/\/felgenforum.shop\/produkt\/rdk-sensoren-set\/#primaryimage","url":"https:\/\/felgenforum.shop\/wp-content\/uploads\/2025\/09\/rdk-sensoren-set-featured-1000px.webp","contentUrl":"https:\/\/felgenforum.shop\/wp-content\/uploads\/2025\/09\/rdk-sensoren-set-featured-1000px.webp","width":500,"height":500,"caption":"Hochwertiges RDK-Sensoren Set zur automatischen \u00dcberwachung des Reifendrucks f\u00fcr maximale Fahrsicherheit"},{"@type":"BreadcrumbList","@id":"https:\/\/felgenforum.shop\/produkt\/rdk-sensoren-set\/#breadcrumb","itemListElement":[{"@type":"ListItem","position":1,"name":"Startseite","item":"https:\/\/felgenforum.shop\/"},{"@type":"ListItem","position":2,"name":"Shop","item":"https:\/\/felgenforum.shop\/shop\/"},{"@type":"ListItem","position":3,"name":"RDK-Sensoren Set"}]},{"@type":"WebSite","@id":"https:\/\/felgenforum.shop\/#website","url":"https:\/\/felgenforum.shop\/","name":"Rim forum","description":"","potentialAction":[{"@type":"SearchAction","target":{"@type":"EntryPoint","urlTemplate":"https:\/\/felgenforum.shop\/?s={search_term_string}"},"query-input":{"@type":"PropertyValueSpecification","valueRequired":true,"valueName":"search_term_string"}}],"inLanguage":"en-GB"}]}},"_links":{"self":[{"href":"https:\/\/felgenforum.shop\/en\/wp-json\/wp\/v2\/product\/105641","targetHints":{"allow":["GET"]}}],"collection":[{"href":"https:\/\/felgenforum.shop\/en\/wp-json\/wp\/v2\/product"}],"about":[{"href":"https:\/\/felgenforum.shop\/en\/wp-json\/wp\/v2\/types\/product"}],"replies":[{"embeddable":true,"href":"https:\/\/felgenforum.shop\/en\/wp-json\/wp\/v2\/comments?post=105641"}],"wp:featuredmedia":[{"embeddable":true,"href":"https:\/\/felgenforum.shop\/en\/wp-json\/wp\/v2\/media\/109240"}],"wp:attachment":[{"href":"https:\/\/felgenforum.shop\/en\/wp-json\/wp\/v2\/media?parent=105641"}],"wp:term":[{"taxonomy":"product_brand","embeddable":true,"href":"https:\/\/felgenforum.shop\/en\/wp-json\/wp\/v2\/product_brand?post=105641"},{"taxonomy":"product_cat","embeddable":true,"href":"https:\/\/felgenforum.shop\/en\/wp-json\/wp\/v2\/product_cat?post=105641"},{"taxonomy":"product_tag","embeddable":true,"href":"https:\/\/felgenforum.shop\/en\/wp-json\/wp\/v2\/product_tag?post=105641"}],"curies":[{"name":"wp","href":"https:\/\/api.w.org\/{rel}","templated":true}]}}