{"id":105619,"date":"2025-09-23T06:33:29","date_gmt":"2025-09-23T04:33:29","guid":{"rendered":"https:\/\/felgenforum.shop\/?post_type=product&#038;p=105619"},"modified":"2026-04-25T15:16:02","modified_gmt":"2026-04-25T13:16:02","slug":"wh37-19-zoll-winterraeder-winterreifen-255-45-komplettraeder-fuer-vw-tiguan-2-5n-r","status":"publish","type":"product","link":"https:\/\/felgenforum.shop\/en\/product\/wh37-19-zoll-winterraeder-winterreifen-255-45-komplettraeder-fuer-vw-tiguan-2-5n-r\/","title":{"rendered":"WH37 19-inch winter wheels, winter tires 255\/45, complete wheels for VW Tiguan 2 5N R"},"content":{"rendered":"<h3>Welcome to an offer from Felgenforum.shop<\/h3>\n<p>In this offer we offer you a NEW set of complete winter wheels in glossy black including ABE (German type approval).<\/p>\n<p>4x fully pre-assembled and balanced complete wheels<\/p>\n<p>consisting of:<\/p>\n<p>4x Alufelge Wheelworld WH37 schwarz 8,5&#215;19 ET40 LK5\/112<\/p>\n<p>+<\/p>\n<p>4x winter tires 255\/45 R19 104V from current daily purchase<\/p>\n<p>fully assembled and balanced<\/p>\n<p>(including black weights and black metal valves)<\/p>\n<p>NEW<\/p>\n<p>TPMS available on request for an additional \u20ac139\/set.<\/p>\n<h3>Scope of delivery:<\/h3>\n<ul>\n<li>4 x Wheelworld WH37 8,5&#215;19 ET40 5&#215;112 schwarz gl\u00e4nzend<\/li>\n<li>Complete mounting hardware (if required according to the ABE)<\/li>\n<li>4x winter tires from current daily purchase 255\/45 R19 104V<\/li>\n<li>4x Wheelworld hubcaps<\/li>\n<li>(Vehicle manufacturer&#039;s hubcap not included)<\/li>\n<li>1x Expert report (ABE)<\/li>\n<li>In most cases, the complete wheel sets are therefore registration-free. If you have any questions about fitment or any registration requirements, our experienced team will be happy to assist you :).<\/li>\n<li>Please be sure to specify your vehicle after purchase.<\/li>\n<li>We offer this model in many other sizes and colors; please contact us if you have any other requests.<\/li>\n<li>&gt;&gt;&gt;Wishful tires<\/li>\n<li>Do you have a specific request regarding tire brand or tire quality? No problem!<\/li>\n<li>We would be happy to create individual complete wheel offers for you :).<\/li>\n<li>The complete wheels are suitable for, among others:<\/li>\n<li>A7 S7 F2 C8<\/li>\n<\/ul>\n<h3>Audi<\/h3>\n<ul>\n<li>A8 S8 4H F8 D4 D5<\/li>\n<li>Q3 RSQ3 F3<\/li>\n<li>Q5 SQ5 FY<\/li>\n<\/ul>\n<h3>BMW<\/h3>\n<ul>\n<li>X3 G01<\/li>\n<li>X4 G02<\/li>\n<li>Seat<\/li>\n<li>Tarraco<\/li>\n<\/ul>\n<h3>Skoda<\/h3>\n<ul>\n<li>Kodiaq<\/li>\n<li>Mercedes<\/li>\n<li>GLC X253<\/li>\n<li>S-Class W222 C217<\/li>\n<li>VW<\/li>\n<li>Tiguan 2 3 5N CT<\/li>\n<\/ul>","protected":false},"excerpt":{"rendered":"<p>A set (4 pieces) of ready-to-drive Wheelworld complete wheels, professionally mounted and balanced.<\/p>\n<p><strong>Rim details:<\/strong> 8,5&#215;19 Zoll, Lochkreis 112.<br \/><strong>Tire details:<\/strong> Daily shopping, tread depth: approx. NEW mm.<\/p>","protected":false},"featured_media":109201,"comment_status":"open","ping_status":"closed","template":"","meta":[],"product_brand":[],"product_cat":[1704,1204,1703],"product_tag":[],"class_list":{"0":"post-105619","1":"product","2":"type-product","3":"status-publish","4":"has-post-thumbnail","6":"product_cat-19-zoll-winterraeder-vw-vw-komplettraeder-winter","7":"product_cat-komplettraeder-winter","8":"product_cat-vw-komplettraeder-winter","9":"product_shipping_class-komplettrad","10":"pa_anzahl-der-komplettraeder-1433","11":"pa_einpresstiefe-et-1521","12":"pa_eisgriffigkeit-ja","13":"pa_fahrzeugmarke-vw","14":"pa_fahrzeugtyp-allradfahrzeug","15":"pa_felgenaufbau-einteilig-gegossen","16":"pa_felgenbreite-8-5","17":"pa_felgendesign-multi-speichen-felge","18":"pa_felgenfarbe-schwarz","19":"pa_felgenhersteller-wheelworld","20":"pa_felgenmaterial-aluminium","21":"pa_felgenmodell-wh37","22":"pa_geschwindigkeitsindex-v-bis-240-km-h","23":"pa_herstellergarantie-2-jahre","24":"pa_herstellernummer-felge-2246","25":"pa_lastbereich-xl","26":"pa_lochkreis-1439","27":"pa_lochzahl-1447","28":"pa_mittenlochbohrung-666-mm","29":"pa_profiltiefe-neu","30":"pa_reifenbauart-r-radialreifen","31":"pa_reifenbreite-1453","32":"pa_reifendurchmesser-1436","33":"pa_reifenhersteller-tageseinkauf","34":"pa_reifenmodell-tageseinkauf","35":"pa_reifenquerschnitt-1504","36":"pa_reifenspezifikation-winterreifen","37":"pa_run-flat-nein","38":"pa_schneeflocken-symbol-ja","39":"pa_tragfaehigkeitsindex-104-max-900-kg-je-reifen","40":"pa_zollgroesse-1448","42":"first","43":"instock","44":"sale","45":"taxable","46":"shipping-taxable","47":"purchasable","48":"product-type-simple"},"yoast_head":"<title>WH37 19 Zoll Winterr\u00e4der Winterreifen 255\/45 Komplettr\u00e4der f\u00fcr VW Tiguan 2 5N R g\u00fcnstig kaufen - Felgenforum<\/title>\n<meta name=\"description\" content=\"WH37 19 Zoll Winterr\u00e4der f\u00fcr Ihren VW Tiguan 2. Sicherer Grip und sportliche Optik im Winter. Jetzt Komplettr\u00e4der versandkostenfrei bestellen und sparen!\" \/>\n<meta name=\"robots\" content=\"index, follow, max-snippet:-1, max-image-preview:large, max-video-preview:-1\" \/>\n<link rel=\"canonical\" href=\"https:\/\/felgenforum.shop\/en\/product\/wh37-19-zoll-winterraeder-winterreifen-255-45-komplettraeder-fuer-vw-tiguan-2-5n-r\/\" \/>\n<meta property=\"og:locale\" content=\"en_GB\" \/>\n<meta property=\"og:type\" content=\"article\" \/>\n<meta property=\"og:title\" content=\"WH37 19 Zoll Winterr\u00e4der Winterreifen 255\/45 Komplettr\u00e4der f\u00fcr VW Tiguan 2 5N R g\u00fcnstig kaufen - Felgenforum\" \/>\n<meta property=\"og:description\" content=\"WH37 19 Zoll Winterr\u00e4der f\u00fcr Ihren VW Tiguan 2. Sicherer Grip und sportliche Optik im Winter. Jetzt Komplettr\u00e4der versandkostenfrei bestellen und sparen!\" \/>\n<meta property=\"og:url\" content=\"https:\/\/felgenforum.shop\/en\/product\/wh37-19-zoll-winterraeder-winterreifen-255-45-komplettraeder-fuer-vw-tiguan-2-5n-r\/\" \/>\n<meta property=\"og:site_name\" content=\"Felgenforum\" \/>\n<meta property=\"article:modified_time\" content=\"2026-04-25T13:16:02+00:00\" \/>\n<meta property=\"og:image\" content=\"https:\/\/felgenforum.shop\/wp-content\/uploads\/2025\/09\/wh37-19-zoll-winterraeder-winterreifen-255-45-komplettraeder-fuer-vw-tiguan-2-5n-r-featured-1000px.webp\" \/>\n\t<meta property=\"og:image:width\" content=\"1000\" \/>\n\t<meta property=\"og:image:height\" content=\"1000\" \/>\n\t<meta property=\"og:image:type\" content=\"image\/jpeg\" \/>\n<meta name=\"twitter:card\" content=\"summary_large_image\" \/>\n<meta name=\"twitter:label1\" content=\"Est. reading time\" \/>\n\t<meta name=\"twitter:data1\" content=\"1 minute\" \/>\n<script type=\"application\/ld+json\" class=\"yoast-schema-graph\">{\"@context\":\"https:\\\/\\\/schema.org\",\"@graph\":[{\"@type\":\"WebPage\",\"@id\":\"https:\\\/\\\/felgenforum.shop\\\/produkt\\\/wh37-19-zoll-winterraeder-winterreifen-255-45-komplettraeder-fuer-vw-tiguan-2-5n-r\\\/\",\"url\":\"https:\\\/\\\/felgenforum.shop\\\/produkt\\\/wh37-19-zoll-winterraeder-winterreifen-255-45-komplettraeder-fuer-vw-tiguan-2-5n-r\\\/\",\"name\":\"WH37 19 Zoll Winterr\u00e4der Winterreifen 255\\\/45 Komplettr\u00e4der f\u00fcr VW Tiguan 2 5N R g\u00fcnstig kaufen - Felgenforum\",\"isPartOf\":{\"@id\":\"https:\\\/\\\/felgenforum.shop\\\/#website\"},\"primaryImageOfPage\":{\"@id\":\"https:\\\/\\\/felgenforum.shop\\\/produkt\\\/wh37-19-zoll-winterraeder-winterreifen-255-45-komplettraeder-fuer-vw-tiguan-2-5n-r\\\/#primaryimage\"},\"image\":{\"@id\":\"https:\\\/\\\/felgenforum.shop\\\/produkt\\\/wh37-19-zoll-winterraeder-winterreifen-255-45-komplettraeder-fuer-vw-tiguan-2-5n-r\\\/#primaryimage\"},\"thumbnailUrl\":\"https:\\\/\\\/felgenforum.shop\\\/wp-content\\\/uploads\\\/2025\\\/09\\\/wh37-19-zoll-winterraeder-winterreifen-255-45-komplettraeder-fuer-vw-tiguan-2-5n-r-featured-1000px.webp\",\"datePublished\":\"2025-09-23T04:33:29+00:00\",\"dateModified\":\"2026-04-25T13:16:02+00:00\",\"description\":\"WH37 19 Zoll Winterr\u00e4der f\u00fcr Ihren VW Tiguan 2. Sicherer Grip und sportliche Optik im Winter. Jetzt Komplettr\u00e4der versandkostenfrei bestellen und sparen!\",\"breadcrumb\":{\"@id\":\"https:\\\/\\\/felgenforum.shop\\\/produkt\\\/wh37-19-zoll-winterraeder-winterreifen-255-45-komplettraeder-fuer-vw-tiguan-2-5n-r\\\/#breadcrumb\"},\"inLanguage\":\"en-GB\",\"potentialAction\":[{\"@type\":\"ReadAction\",\"target\":[\"https:\\\/\\\/felgenforum.shop\\\/produkt\\\/wh37-19-zoll-winterraeder-winterreifen-255-45-komplettraeder-fuer-vw-tiguan-2-5n-r\\\/\"]}]},{\"@type\":\"ImageObject\",\"inLanguage\":\"en-GB\",\"@id\":\"https:\\\/\\\/felgenforum.shop\\\/produkt\\\/wh37-19-zoll-winterraeder-winterreifen-255-45-komplettraeder-fuer-vw-tiguan-2-5n-r\\\/#primaryimage\",\"url\":\"https:\\\/\\\/felgenforum.shop\\\/wp-content\\\/uploads\\\/2025\\\/09\\\/wh37-19-zoll-winterraeder-winterreifen-255-45-komplettraeder-fuer-vw-tiguan-2-5n-r-featured-1000px.webp\",\"contentUrl\":\"https:\\\/\\\/felgenforum.shop\\\/wp-content\\\/uploads\\\/2025\\\/09\\\/wh37-19-zoll-winterraeder-winterreifen-255-45-komplettraeder-fuer-vw-tiguan-2-5n-r-featured-1000px.webp\",\"width\":1000,\"height\":1000,\"caption\":\"WH37 19 Zoll Winterr\u00e4der Komplettr\u00e4der f\u00fcr den VW Tiguan 2 5N\"},{\"@type\":\"BreadcrumbList\",\"@id\":\"https:\\\/\\\/felgenforum.shop\\\/produkt\\\/wh37-19-zoll-winterraeder-winterreifen-255-45-komplettraeder-fuer-vw-tiguan-2-5n-r\\\/#breadcrumb\",\"itemListElement\":[{\"@type\":\"ListItem\",\"position\":1,\"name\":\"Startseite\",\"item\":\"https:\\\/\\\/felgenforum.shop\\\/\"},{\"@type\":\"ListItem\",\"position\":2,\"name\":\"Shop\",\"item\":\"https:\\\/\\\/felgenforum.shop\\\/shop\\\/\"},{\"@type\":\"ListItem\",\"position\":3,\"name\":\"WH37 19 Zoll Winterr\u00e4der Winterreifen 255\\\/45 Komplettr\u00e4der f\u00fcr VW Tiguan 2 5N R\"}]},{\"@type\":\"WebSite\",\"@id\":\"https:\\\/\\\/felgenforum.shop\\\/#website\",\"url\":\"https:\\\/\\\/felgenforum.shop\\\/\",\"name\":\"Felgenforum\",\"description\":\"\",\"potentialAction\":[{\"@type\":\"SearchAction\",\"target\":{\"@type\":\"EntryPoint\",\"urlTemplate\":\"https:\\\/\\\/felgenforum.shop\\\/?s={search_term_string}\"},\"query-input\":{\"@type\":\"PropertyValueSpecification\",\"valueRequired\":true,\"valueName\":\"search_term_string\"}}],\"inLanguage\":\"en-GB\"}]}<\/script>","yoast_head_json":{"title":"WH37 19 Zoll Winterr\u00e4der Winterreifen 255\/45 Komplettr\u00e4der f\u00fcr VW Tiguan 2 5N R g\u00fcnstig kaufen - Felgenforum","description":"WH37 19 Zoll Winterr\u00e4der f\u00fcr Ihren VW Tiguan 2. Sicherer Grip und sportliche Optik im Winter. Jetzt Komplettr\u00e4der versandkostenfrei bestellen und sparen!","robots":{"index":"index","follow":"follow","max-snippet":"max-snippet:-1","max-image-preview":"max-image-preview:large","max-video-preview":"max-video-preview:-1"},"canonical":"https:\/\/felgenforum.shop\/en\/product\/wh37-19-zoll-winterraeder-winterreifen-255-45-komplettraeder-fuer-vw-tiguan-2-5n-r\/","og_locale":"en_GB","og_type":"article","og_title":"WH37 19 Zoll Winterr\u00e4der Winterreifen 255\/45 Komplettr\u00e4der f\u00fcr VW Tiguan 2 5N R g\u00fcnstig kaufen - Felgenforum","og_description":"WH37 19 Zoll Winterr\u00e4der f\u00fcr Ihren VW Tiguan 2. Sicherer Grip und sportliche Optik im Winter. Jetzt Komplettr\u00e4der versandkostenfrei bestellen und sparen!","og_url":"https:\/\/felgenforum.shop\/en\/product\/wh37-19-zoll-winterraeder-winterreifen-255-45-komplettraeder-fuer-vw-tiguan-2-5n-r\/","og_site_name":"Felgenforum","article_modified_time":"2026-04-25T13:16:02+00:00","og_image":[{"width":1000,"height":1000,"url":"https:\/\/felgenforum.shop\/wp-content\/uploads\/2025\/09\/wh37-19-zoll-winterraeder-winterreifen-255-45-komplettraeder-fuer-vw-tiguan-2-5n-r-featured-1000px.webp","type":"image\/jpeg"}],"twitter_card":"summary_large_image","twitter_misc":{"Est. reading time":"1 minute"},"schema":{"@context":"https:\/\/schema.org","@graph":[{"@type":"WebPage","@id":"https:\/\/felgenforum.shop\/produkt\/wh37-19-zoll-winterraeder-winterreifen-255-45-komplettraeder-fuer-vw-tiguan-2-5n-r\/","url":"https:\/\/felgenforum.shop\/produkt\/wh37-19-zoll-winterraeder-winterreifen-255-45-komplettraeder-fuer-vw-tiguan-2-5n-r\/","name":"WH37 19 Zoll Winterr\u00e4der Winterreifen 255\/45 Komplettr\u00e4der f\u00fcr VW Tiguan 2 5N R g\u00fcnstig kaufen - Felgenforum","isPartOf":{"@id":"https:\/\/felgenforum.shop\/#website"},"primaryImageOfPage":{"@id":"https:\/\/felgenforum.shop\/produkt\/wh37-19-zoll-winterraeder-winterreifen-255-45-komplettraeder-fuer-vw-tiguan-2-5n-r\/#primaryimage"},"image":{"@id":"https:\/\/felgenforum.shop\/produkt\/wh37-19-zoll-winterraeder-winterreifen-255-45-komplettraeder-fuer-vw-tiguan-2-5n-r\/#primaryimage"},"thumbnailUrl":"https:\/\/felgenforum.shop\/wp-content\/uploads\/2025\/09\/wh37-19-zoll-winterraeder-winterreifen-255-45-komplettraeder-fuer-vw-tiguan-2-5n-r-featured-1000px.webp","datePublished":"2025-09-23T04:33:29+00:00","dateModified":"2026-04-25T13:16:02+00:00","description":"WH37 19 Zoll Winterr\u00e4der f\u00fcr Ihren VW Tiguan 2. Sicherer Grip und sportliche Optik im Winter. Jetzt Komplettr\u00e4der versandkostenfrei bestellen und sparen!","breadcrumb":{"@id":"https:\/\/felgenforum.shop\/produkt\/wh37-19-zoll-winterraeder-winterreifen-255-45-komplettraeder-fuer-vw-tiguan-2-5n-r\/#breadcrumb"},"inLanguage":"en-GB","potentialAction":[{"@type":"ReadAction","target":["https:\/\/felgenforum.shop\/produkt\/wh37-19-zoll-winterraeder-winterreifen-255-45-komplettraeder-fuer-vw-tiguan-2-5n-r\/"]}]},{"@type":"ImageObject","inLanguage":"en-GB","@id":"https:\/\/felgenforum.shop\/produkt\/wh37-19-zoll-winterraeder-winterreifen-255-45-komplettraeder-fuer-vw-tiguan-2-5n-r\/#primaryimage","url":"https:\/\/felgenforum.shop\/wp-content\/uploads\/2025\/09\/wh37-19-zoll-winterraeder-winterreifen-255-45-komplettraeder-fuer-vw-tiguan-2-5n-r-featured-1000px.webp","contentUrl":"https:\/\/felgenforum.shop\/wp-content\/uploads\/2025\/09\/wh37-19-zoll-winterraeder-winterreifen-255-45-komplettraeder-fuer-vw-tiguan-2-5n-r-featured-1000px.webp","width":1000,"height":1000,"caption":"WH37 19 Zoll Winterr\u00e4der Komplettr\u00e4der f\u00fcr den VW Tiguan 2 5N"},{"@type":"BreadcrumbList","@id":"https:\/\/felgenforum.shop\/produkt\/wh37-19-zoll-winterraeder-winterreifen-255-45-komplettraeder-fuer-vw-tiguan-2-5n-r\/#breadcrumb","itemListElement":[{"@type":"ListItem","position":1,"name":"Startseite","item":"https:\/\/felgenforum.shop\/"},{"@type":"ListItem","position":2,"name":"Shop","item":"https:\/\/felgenforum.shop\/shop\/"},{"@type":"ListItem","position":3,"name":"WH37 19 Zoll Winterr\u00e4der Winterreifen 255\/45 Komplettr\u00e4der f\u00fcr VW Tiguan 2 5N R"}]},{"@type":"WebSite","@id":"https:\/\/felgenforum.shop\/#website","url":"https:\/\/felgenforum.shop\/","name":"Rim forum","description":"","potentialAction":[{"@type":"SearchAction","target":{"@type":"EntryPoint","urlTemplate":"https:\/\/felgenforum.shop\/?s={search_term_string}"},"query-input":{"@type":"PropertyValueSpecification","valueRequired":true,"valueName":"search_term_string"}}],"inLanguage":"en-GB"}]}},"_links":{"self":[{"href":"https:\/\/felgenforum.shop\/en\/wp-json\/wp\/v2\/product\/105619","targetHints":{"allow":["GET"]}}],"collection":[{"href":"https:\/\/felgenforum.shop\/en\/wp-json\/wp\/v2\/product"}],"about":[{"href":"https:\/\/felgenforum.shop\/en\/wp-json\/wp\/v2\/types\/product"}],"replies":[{"embeddable":true,"href":"https:\/\/felgenforum.shop\/en\/wp-json\/wp\/v2\/comments?post=105619"}],"wp:featuredmedia":[{"embeddable":true,"href":"https:\/\/felgenforum.shop\/en\/wp-json\/wp\/v2\/media\/109201"}],"wp:attachment":[{"href":"https:\/\/felgenforum.shop\/en\/wp-json\/wp\/v2\/media?parent=105619"}],"wp:term":[{"taxonomy":"product_brand","embeddable":true,"href":"https:\/\/felgenforum.shop\/en\/wp-json\/wp\/v2\/product_brand?post=105619"},{"taxonomy":"product_cat","embeddable":true,"href":"https:\/\/felgenforum.shop\/en\/wp-json\/wp\/v2\/product_cat?post=105619"},{"taxonomy":"product_tag","embeddable":true,"href":"https:\/\/felgenforum.shop\/en\/wp-json\/wp\/v2\/product_tag?post=105619"}],"curies":[{"name":"wp","href":"https:\/\/api.w.org\/{rel}","templated":true}]}}