{"id":105327,"date":"2025-09-23T05:33:01","date_gmt":"2025-09-23T03:33:01","guid":{"rendered":"https:\/\/felgenforum.shop\/?post_type=product&#038;p=105327"},"modified":"2026-04-25T15:15:51","modified_gmt":"2026-04-25T13:15:51","slug":"19-zoll-felgen-gt1-schwarz-fuer-vw-tiguan-5n-5n1-arteon-3h-phaeton-3d-scirocco","status":"publish","type":"product","link":"https:\/\/felgenforum.shop\/en\/product\/19-zoll-felgen-gt1-schwarz-fuer-vw-tiguan-5n-5n1-arteon-3h-phaeton-3d-scirocco\/","title":{"rendered":"19-inch GT1 black rims for VW Tiguan 5N 5N1 Arteon 3H Phaeton 3D Scirocco"},"content":{"rendered":"<h3>Welcome to an offer from Felgenforum.shop<\/h3>\n<p>In this offer we offer you a NEW set of MAM GT1 alloy wheels in matte black including ABE.<\/p>\n<p>NEW &amp; in original packaging.<\/p>\n<h3>Scope of delivery:<\/h3>\n<ul>\n<li>4 x\u00a0MAM GT1\u00a08,5&#215;19 ET30 5&#215;112\u00a0schwarz matt\u00a0<\/li>\n<li>Complete mounting hardware (if required according to the ABE)<\/li>\n<li>4x MAM hubcaps<\/li>\n<li>1x Expert report (ABE)<\/li>\n<li>In most cases, the rims are therefore registration-free. If you have any questions about fitment or any registration requirements, our experienced team will be happy to help :).<\/li>\n<li>Please be sure to specify your vehicle after purchase.<\/li>\n<li>We offer this model in many other sizes and colors; please contact us if you have any other requests.<\/li>\n<\/ul>\n<h3>&gt;&gt;&gt;Complete wheels<\/h3>\n<h3>We are happy to offer you the desired rims as ready-to-install complete wheels with a tire of your choice.<\/h3>\n<p>Feel free to send us a non-binding inquiry :).<\/p>\n<p>The rims are the correct size for the following vehicles:<\/p>\n<h3>Audi<\/h3>\n<ul>\n<li>A4 S4 B8 B9 B81<\/li>\n<li>A5 B8 B9 S5<\/li>\n<li>A6 S6 4G 4G1 C7 F2 C8<\/li>\n<li>A7 4G 4G1 F2 S7<\/li>\n<li>A8 4H F8 S8<\/li>\n<li>Q3 F3<\/li>\n<li>Q5 8R FY SQ5<\/li>\n<\/ul>\n<h3>Volkswagen<\/h3>\n<ul>\n<li>Arteon 3H<\/li>\n<li>Passat CC<\/li>\n<li>Sirocco\u00a0<\/li>\n<li>Phaeton 3D<\/li>\n<li>Tiguan 5N1 5N2<\/li>\n<\/ul>\n<h3>Mercedes Benz<\/h3>\n<ul>\n<li>C-Class W203\u00a0<\/li>\n<li>CLK W208 W209<\/li>\n<li>E-Class W211 W213 W212 W217<\/li>\n<li>CL Class C216<\/li>\n<li>CLS Class W218 W219<\/li>\n<li>CLK Class W208 W209<\/li>\n<li>GLC W253 X253<\/li>\n<li>S-Class W220 W221 W222<\/li>\n<li>SL R230 R231<\/li>\n<li>SLK SLC R172 R171<\/li>\n<li>Seat<\/li>\n<li>Alahambra<\/li>\n<li>Ateca \/ Cupra<\/li>\n<li>Formentor \/ Cupra<\/li>\n<li>Tarraco<\/li>\n<\/ul>\n<h3>Skoda<\/h3>\n<ul>\n<li>Kodiaq<\/li>\n<li>Superb 3 4 3T<\/li>\n<\/ul>\n<h3>BMW<\/h3>\n<ul>\n<li>3 Series G20 G21 G3C G3K<\/li>\n<li>\u00a0 \u00a0 \u00a0 \u00a0 \u00a0 \u00a0 \u00a0 \u00a0 \u00a0 \u00a0 \u00a0 \u00a0 \u00a0 \u00a0 \u00a0 \u00a0 \u00a0 \u00a0 \u00a0 \u00a0 \u00a0 \u00a0 \u00a0 \u00a0 \u00a0 \u00a0 \u00a0 \u00a0 \u00a0 \u00a0 \u00a0 \u00a0 \u00a0 \u00a0 \u00a0 \u00a0 \u00a0 \u00a0 \u00a0 \u00a0 \u00a0 \u00a0 \u00a0 \u00a0 \u00a0 \u00a0 \u00a04er G22 G23 G26<\/li>\n<li>5 Series G30 G31<\/li>\n<li>6er G6GT G32<\/li>\n<li>\u00a0 \u00a0 \u00a0 \u00a0 \u00a0 \u00a0 \u00a0 \u00a0 \u00a0 \u00a0 \u00a0 \u00a0 \u00a0 \u00a0 \u00a0 \u00a0 \u00a0 \u00a0 \u00a0 \u00a0 \u00a0 \u00a0 \u00a0 \u00a0 \u00a0 \u00a0 \u00a0 \u00a0 \u00a0 \u00a0 \u00a0 \u00a0 \u00a0 \u00a0 \u00a0 \u00a0 \u00a0 \u00a0 \u00a0 \u00a0 \u00a0 \u00a0 \u00a0 \u00a0 \u00a0 \u00a0 \u00a0 \u00a0 \u00a0 \u00a0 7-series 7L<\/li>\n<li>\u00a0 \u00a0 \u00a0 \u00a0 \u00a0 \u00a0 \u00a0 \u00a0 \u00a0 \u00a0 \u00a0 \u00a0 \u00a0 \u00a0 \u00a0 \u00a0 \u00a0 \u00a0 \u00a0 \u00a0 \u00a0 \u00a0 \u00a0 \u00a0 \u00a0 \u00a0 \u00a0 \u00a0 \u00a0 \u00a0 \u00a0 \u00a0 \u00a0 \u00a0 \u00a0 \u00a0 \u00a0 \u00a0 \u00a0 \u00a0 \u00a0 \u00a0 \u00a0 \u00a0 \u00a0 \u00a0 \u00a0 \u00a0 \u00a0 \u00a0 Z4 G4Z<\/li>\n<li>X3 G01<\/li>\n<li>X4 G02<\/li>\n<\/ul>","protected":false},"excerpt":{"rendered":"<p>A set (4 pieces) of high-quality brand-name alloy wheels, model GT1, size 8.5Jx19 inches, bolt pattern 112 with 5 holes. Professionally inspected and packaged ready for shipping.<\/p>","protected":false},"featured_media":108667,"comment_status":"open","ping_status":"closed","template":"","meta":[],"product_brand":[],"product_cat":[1528,1086,1253],"product_tag":[],"class_list":{"0":"post-105327","1":"product","2":"type-product","3":"status-publish","4":"has-post-thumbnail","6":"product_cat-19-zoll-vw","7":"product_cat-felgen","8":"product_cat-vw","9":"product_shipping_class-felge","10":"pa_anzahl-der-einheiten-1484","11":"pa_einpresstiefe-et-1450","12":"pa_fahrzeugmarke-vw","13":"pa_farbe-matt","14":"pa_felgenaufbau-einteilig-gegossen","15":"pa_felgenbreite-8-5","16":"pa_felgendesign-multi-speichen-felge","17":"pa_felgenfarbe-schwarz","18":"pa_felgenmaterial-aluminium","19":"pa_felgenmodell-gt1","20":"pa_hersteller-mam","21":"pa_herstellergarantie-ja-zwei-jahre","22":"pa_herstellernummer-mamgt18519510011230mblp","23":"pa_herstellungsland-und-regi-deutschland","24":"pa_lochkreis-1439","25":"pa_lochzahl-1447","26":"pa_maximale-traglast-1687","27":"pa_mit-deckel-ja-nein-ja-von-damina","28":"pa_mittenlochbohrung-1551","29":"pa_modell-gt1","30":"pa_produktart-vielspeiche","31":"pa_zollgroesse-1448","33":"first","34":"instock","35":"taxable","36":"shipping-taxable","37":"purchasable","38":"product-type-simple"},"yoast_head":"<title>19 Zoll Felgen Gt1 schwarz f\u00fcr VW Tiguan 5N 5N1 Arteon 3H Phaeton 3d Scirocco g\u00fcnstig kaufen - Felgenforum<\/title>\n<meta name=\"description\" content=\"19 Zoll Felgen Gt1 schwarz f\u00fcr VW Tiguan und Arteon. Verleihen Sie Ihrem Fahrzeug ein sportliches Upgrade. Perfekte Passform und Top-Qualit\u00e4t. Jetzt kaufen!\" \/>\n<meta name=\"robots\" content=\"index, follow, max-snippet:-1, max-image-preview:large, max-video-preview:-1\" \/>\n<link rel=\"canonical\" href=\"https:\/\/felgenforum.shop\/en\/product\/19-zoll-felgen-gt1-schwarz-fuer-vw-tiguan-5n-5n1-arteon-3h-phaeton-3d-scirocco\/\" \/>\n<meta property=\"og:locale\" content=\"en_GB\" \/>\n<meta property=\"og:type\" content=\"article\" \/>\n<meta property=\"og:title\" content=\"19 Zoll Felgen Gt1 schwarz f\u00fcr VW Tiguan 5N 5N1 Arteon 3H Phaeton 3d Scirocco g\u00fcnstig kaufen - Felgenforum\" \/>\n<meta property=\"og:description\" content=\"19 Zoll Felgen Gt1 schwarz f\u00fcr VW Tiguan und Arteon. Verleihen Sie Ihrem Fahrzeug ein sportliches Upgrade. Perfekte Passform und Top-Qualit\u00e4t. Jetzt kaufen!\" \/>\n<meta property=\"og:url\" content=\"https:\/\/felgenforum.shop\/en\/product\/19-zoll-felgen-gt1-schwarz-fuer-vw-tiguan-5n-5n1-arteon-3h-phaeton-3d-scirocco\/\" \/>\n<meta property=\"og:site_name\" content=\"Felgenforum\" \/>\n<meta property=\"article:modified_time\" content=\"2026-04-25T13:15:51+00:00\" \/>\n<meta property=\"og:image\" content=\"https:\/\/felgenforum.shop\/wp-content\/uploads\/2025\/09\/19-zoll-felgen-gt1-schwarz-fuer-vw-tiguan-5n-5n1-arteon-3h-phaeton-3d-scirocco-featured-1000px.webp\" \/>\n\t<meta property=\"og:image:width\" content=\"1000\" \/>\n\t<meta property=\"og:image:height\" content=\"1000\" \/>\n\t<meta property=\"og:image:type\" content=\"image\/jpeg\" \/>\n<meta name=\"twitter:card\" content=\"summary_large_image\" \/>\n<meta name=\"twitter:label1\" content=\"Est. reading time\" \/>\n\t<meta name=\"twitter:data1\" content=\"1 minute\" \/>\n<script type=\"application\/ld+json\" class=\"yoast-schema-graph\">{\"@context\":\"https:\\\/\\\/schema.org\",\"@graph\":[{\"@type\":\"WebPage\",\"@id\":\"https:\\\/\\\/felgenforum.shop\\\/produkt\\\/19-zoll-felgen-gt1-schwarz-fuer-vw-tiguan-5n-5n1-arteon-3h-phaeton-3d-scirocco\\\/\",\"url\":\"https:\\\/\\\/felgenforum.shop\\\/produkt\\\/19-zoll-felgen-gt1-schwarz-fuer-vw-tiguan-5n-5n1-arteon-3h-phaeton-3d-scirocco\\\/\",\"name\":\"19 Zoll Felgen Gt1 schwarz f\u00fcr VW Tiguan 5N 5N1 Arteon 3H Phaeton 3d Scirocco g\u00fcnstig kaufen - Felgenforum\",\"isPartOf\":{\"@id\":\"https:\\\/\\\/felgenforum.shop\\\/#website\"},\"primaryImageOfPage\":{\"@id\":\"https:\\\/\\\/felgenforum.shop\\\/produkt\\\/19-zoll-felgen-gt1-schwarz-fuer-vw-tiguan-5n-5n1-arteon-3h-phaeton-3d-scirocco\\\/#primaryimage\"},\"image\":{\"@id\":\"https:\\\/\\\/felgenforum.shop\\\/produkt\\\/19-zoll-felgen-gt1-schwarz-fuer-vw-tiguan-5n-5n1-arteon-3h-phaeton-3d-scirocco\\\/#primaryimage\"},\"thumbnailUrl\":\"https:\\\/\\\/felgenforum.shop\\\/wp-content\\\/uploads\\\/2025\\\/09\\\/19-zoll-felgen-gt1-schwarz-fuer-vw-tiguan-5n-5n1-arteon-3h-phaeton-3d-scirocco-featured-1000px.webp\",\"datePublished\":\"2025-09-23T03:33:01+00:00\",\"dateModified\":\"2026-04-25T13:15:51+00:00\",\"description\":\"19 Zoll Felgen Gt1 schwarz f\u00fcr VW Tiguan und Arteon. Verleihen Sie Ihrem Fahrzeug ein sportliches Upgrade. Perfekte Passform und Top-Qualit\u00e4t. Jetzt kaufen!\",\"breadcrumb\":{\"@id\":\"https:\\\/\\\/felgenforum.shop\\\/produkt\\\/19-zoll-felgen-gt1-schwarz-fuer-vw-tiguan-5n-5n1-arteon-3h-phaeton-3d-scirocco\\\/#breadcrumb\"},\"inLanguage\":\"en-GB\",\"potentialAction\":[{\"@type\":\"ReadAction\",\"target\":[\"https:\\\/\\\/felgenforum.shop\\\/produkt\\\/19-zoll-felgen-gt1-schwarz-fuer-vw-tiguan-5n-5n1-arteon-3h-phaeton-3d-scirocco\\\/\"]}]},{\"@type\":\"ImageObject\",\"inLanguage\":\"en-GB\",\"@id\":\"https:\\\/\\\/felgenforum.shop\\\/produkt\\\/19-zoll-felgen-gt1-schwarz-fuer-vw-tiguan-5n-5n1-arteon-3h-phaeton-3d-scirocco\\\/#primaryimage\",\"url\":\"https:\\\/\\\/felgenforum.shop\\\/wp-content\\\/uploads\\\/2025\\\/09\\\/19-zoll-felgen-gt1-schwarz-fuer-vw-tiguan-5n-5n1-arteon-3h-phaeton-3d-scirocco-featured-1000px.webp\",\"contentUrl\":\"https:\\\/\\\/felgenforum.shop\\\/wp-content\\\/uploads\\\/2025\\\/09\\\/19-zoll-felgen-gt1-schwarz-fuer-vw-tiguan-5n-5n1-arteon-3h-phaeton-3d-scirocco-featured-1000px.webp\",\"width\":1000,\"height\":1000,\"caption\":\"Hochwertige 19 Zoll Felgen Gt1 in Schwarz f\u00fcr VW Tiguan Modelle\"},{\"@type\":\"BreadcrumbList\",\"@id\":\"https:\\\/\\\/felgenforum.shop\\\/produkt\\\/19-zoll-felgen-gt1-schwarz-fuer-vw-tiguan-5n-5n1-arteon-3h-phaeton-3d-scirocco\\\/#breadcrumb\",\"itemListElement\":[{\"@type\":\"ListItem\",\"position\":1,\"name\":\"Startseite\",\"item\":\"https:\\\/\\\/felgenforum.shop\\\/\"},{\"@type\":\"ListItem\",\"position\":2,\"name\":\"Shop\",\"item\":\"https:\\\/\\\/felgenforum.shop\\\/shop\\\/\"},{\"@type\":\"ListItem\",\"position\":3,\"name\":\"19 Zoll Felgen Gt1 schwarz f\u00fcr VW Tiguan 5N 5N1 Arteon 3H Phaeton 3d Scirocco\"}]},{\"@type\":\"WebSite\",\"@id\":\"https:\\\/\\\/felgenforum.shop\\\/#website\",\"url\":\"https:\\\/\\\/felgenforum.shop\\\/\",\"name\":\"Felgenforum\",\"description\":\"\",\"potentialAction\":[{\"@type\":\"SearchAction\",\"target\":{\"@type\":\"EntryPoint\",\"urlTemplate\":\"https:\\\/\\\/felgenforum.shop\\\/?s={search_term_string}\"},\"query-input\":{\"@type\":\"PropertyValueSpecification\",\"valueRequired\":true,\"valueName\":\"search_term_string\"}}],\"inLanguage\":\"en-GB\"}]}<\/script>","yoast_head_json":{"title":"19 Zoll Felgen Gt1 schwarz f\u00fcr VW Tiguan 5N 5N1 Arteon 3H Phaeton 3d Scirocco g\u00fcnstig kaufen - Felgenforum","description":"19 Zoll Felgen Gt1 schwarz f\u00fcr VW Tiguan und Arteon. Verleihen Sie Ihrem Fahrzeug ein sportliches Upgrade. Perfekte Passform und Top-Qualit\u00e4t. Jetzt kaufen!","robots":{"index":"index","follow":"follow","max-snippet":"max-snippet:-1","max-image-preview":"max-image-preview:large","max-video-preview":"max-video-preview:-1"},"canonical":"https:\/\/felgenforum.shop\/en\/product\/19-zoll-felgen-gt1-schwarz-fuer-vw-tiguan-5n-5n1-arteon-3h-phaeton-3d-scirocco\/","og_locale":"en_GB","og_type":"article","og_title":"19 Zoll Felgen Gt1 schwarz f\u00fcr VW Tiguan 5N 5N1 Arteon 3H Phaeton 3d Scirocco g\u00fcnstig kaufen - Felgenforum","og_description":"19 Zoll Felgen Gt1 schwarz f\u00fcr VW Tiguan und Arteon. Verleihen Sie Ihrem Fahrzeug ein sportliches Upgrade. Perfekte Passform und Top-Qualit\u00e4t. Jetzt kaufen!","og_url":"https:\/\/felgenforum.shop\/en\/product\/19-zoll-felgen-gt1-schwarz-fuer-vw-tiguan-5n-5n1-arteon-3h-phaeton-3d-scirocco\/","og_site_name":"Felgenforum","article_modified_time":"2026-04-25T13:15:51+00:00","og_image":[{"width":1000,"height":1000,"url":"https:\/\/felgenforum.shop\/wp-content\/uploads\/2025\/09\/19-zoll-felgen-gt1-schwarz-fuer-vw-tiguan-5n-5n1-arteon-3h-phaeton-3d-scirocco-featured-1000px.webp","type":"image\/jpeg"}],"twitter_card":"summary_large_image","twitter_misc":{"Est. reading time":"1 minute"},"schema":{"@context":"https:\/\/schema.org","@graph":[{"@type":"WebPage","@id":"https:\/\/felgenforum.shop\/produkt\/19-zoll-felgen-gt1-schwarz-fuer-vw-tiguan-5n-5n1-arteon-3h-phaeton-3d-scirocco\/","url":"https:\/\/felgenforum.shop\/produkt\/19-zoll-felgen-gt1-schwarz-fuer-vw-tiguan-5n-5n1-arteon-3h-phaeton-3d-scirocco\/","name":"19 Zoll Felgen Gt1 schwarz f\u00fcr VW Tiguan 5N 5N1 Arteon 3H Phaeton 3d Scirocco g\u00fcnstig kaufen - Felgenforum","isPartOf":{"@id":"https:\/\/felgenforum.shop\/#website"},"primaryImageOfPage":{"@id":"https:\/\/felgenforum.shop\/produkt\/19-zoll-felgen-gt1-schwarz-fuer-vw-tiguan-5n-5n1-arteon-3h-phaeton-3d-scirocco\/#primaryimage"},"image":{"@id":"https:\/\/felgenforum.shop\/produkt\/19-zoll-felgen-gt1-schwarz-fuer-vw-tiguan-5n-5n1-arteon-3h-phaeton-3d-scirocco\/#primaryimage"},"thumbnailUrl":"https:\/\/felgenforum.shop\/wp-content\/uploads\/2025\/09\/19-zoll-felgen-gt1-schwarz-fuer-vw-tiguan-5n-5n1-arteon-3h-phaeton-3d-scirocco-featured-1000px.webp","datePublished":"2025-09-23T03:33:01+00:00","dateModified":"2026-04-25T13:15:51+00:00","description":"19 Zoll Felgen Gt1 schwarz f\u00fcr VW Tiguan und Arteon. Verleihen Sie Ihrem Fahrzeug ein sportliches Upgrade. Perfekte Passform und Top-Qualit\u00e4t. Jetzt kaufen!","breadcrumb":{"@id":"https:\/\/felgenforum.shop\/produkt\/19-zoll-felgen-gt1-schwarz-fuer-vw-tiguan-5n-5n1-arteon-3h-phaeton-3d-scirocco\/#breadcrumb"},"inLanguage":"en-GB","potentialAction":[{"@type":"ReadAction","target":["https:\/\/felgenforum.shop\/produkt\/19-zoll-felgen-gt1-schwarz-fuer-vw-tiguan-5n-5n1-arteon-3h-phaeton-3d-scirocco\/"]}]},{"@type":"ImageObject","inLanguage":"en-GB","@id":"https:\/\/felgenforum.shop\/produkt\/19-zoll-felgen-gt1-schwarz-fuer-vw-tiguan-5n-5n1-arteon-3h-phaeton-3d-scirocco\/#primaryimage","url":"https:\/\/felgenforum.shop\/wp-content\/uploads\/2025\/09\/19-zoll-felgen-gt1-schwarz-fuer-vw-tiguan-5n-5n1-arteon-3h-phaeton-3d-scirocco-featured-1000px.webp","contentUrl":"https:\/\/felgenforum.shop\/wp-content\/uploads\/2025\/09\/19-zoll-felgen-gt1-schwarz-fuer-vw-tiguan-5n-5n1-arteon-3h-phaeton-3d-scirocco-featured-1000px.webp","width":1000,"height":1000,"caption":"Hochwertige 19 Zoll Felgen Gt1 in Schwarz f\u00fcr VW Tiguan Modelle"},{"@type":"BreadcrumbList","@id":"https:\/\/felgenforum.shop\/produkt\/19-zoll-felgen-gt1-schwarz-fuer-vw-tiguan-5n-5n1-arteon-3h-phaeton-3d-scirocco\/#breadcrumb","itemListElement":[{"@type":"ListItem","position":1,"name":"Startseite","item":"https:\/\/felgenforum.shop\/"},{"@type":"ListItem","position":2,"name":"Shop","item":"https:\/\/felgenforum.shop\/shop\/"},{"@type":"ListItem","position":3,"name":"19 Zoll Felgen Gt1 schwarz f\u00fcr VW Tiguan 5N 5N1 Arteon 3H Phaeton 3d Scirocco"}]},{"@type":"WebSite","@id":"https:\/\/felgenforum.shop\/#website","url":"https:\/\/felgenforum.shop\/","name":"Rim forum","description":"","potentialAction":[{"@type":"SearchAction","target":{"@type":"EntryPoint","urlTemplate":"https:\/\/felgenforum.shop\/?s={search_term_string}"},"query-input":{"@type":"PropertyValueSpecification","valueRequired":true,"valueName":"search_term_string"}}],"inLanguage":"en-GB"}]}},"_links":{"self":[{"href":"https:\/\/felgenforum.shop\/en\/wp-json\/wp\/v2\/product\/105327","targetHints":{"allow":["GET"]}}],"collection":[{"href":"https:\/\/felgenforum.shop\/en\/wp-json\/wp\/v2\/product"}],"about":[{"href":"https:\/\/felgenforum.shop\/en\/wp-json\/wp\/v2\/types\/product"}],"replies":[{"embeddable":true,"href":"https:\/\/felgenforum.shop\/en\/wp-json\/wp\/v2\/comments?post=105327"}],"wp:featuredmedia":[{"embeddable":true,"href":"https:\/\/felgenforum.shop\/en\/wp-json\/wp\/v2\/media\/108667"}],"wp:attachment":[{"href":"https:\/\/felgenforum.shop\/en\/wp-json\/wp\/v2\/media?parent=105327"}],"wp:term":[{"taxonomy":"product_brand","embeddable":true,"href":"https:\/\/felgenforum.shop\/en\/wp-json\/wp\/v2\/product_brand?post=105327"},{"taxonomy":"product_cat","embeddable":true,"href":"https:\/\/felgenforum.shop\/en\/wp-json\/wp\/v2\/product_cat?post=105327"},{"taxonomy":"product_tag","embeddable":true,"href":"https:\/\/felgenforum.shop\/en\/wp-json\/wp\/v2\/product_tag?post=105327"}],"curies":[{"name":"wp","href":"https:\/\/api.w.org\/{rel}","templated":true}]}}