{"id":105134,"date":"2025-09-23T04:52:31","date_gmt":"2025-09-23T02:52:31","guid":{"rendered":"https:\/\/felgenforum.shop\/?post_type=product&#038;p=105134"},"modified":"2026-04-25T15:15:45","modified_gmt":"2026-04-25T13:15:45","slug":"20-zoll-komplettraeder-sommerraeder-ff-wheels-ff02-fuer-silber-skoda-octavia-5e","status":"publish","type":"product","link":"https:\/\/felgenforum.shop\/en\/product\/20-zoll-komplettraeder-sommerraeder-ff-wheels-ff02-fuer-silber-skoda-octavia-5e\/","title":{"rendered":"20-inch complete summer wheels FF-Wheels FF02 for silver Skoda Octavia 5E"},"content":{"rendered":"<h3>Welcome to an offer from Felgenforum.shop<\/h3>\n<p>In this offer we offer you a NEW set of FF-Wheels FF02 aluminium summer complete wheels in glossy silver including ABE.<\/p>\n<p>NEW &amp; in original packaging.<\/p>\n<h3>Scope of delivery:<\/h3>\n<ul>\n<li>4 x\u00a0FF-Wheels FF02\u00a08,5&#215;20 ET45 5&#215;112\u00a0Silber\u00a0gl\u00e4nzend<\/li>\n<li>4x Hankook 225\/35 R20 90W<\/li>\n<li>Complete mounting hardware (if required according to the ABE)<\/li>\n<li>4x Hubcaps FF-Wheels FF02<\/li>\n<li>(Vehicle manufacturer&#039;s hubcap not included)<\/li>\n<li>1x Expert report (ABE)<\/li>\n<li>In most cases, the rims are therefore registration-free. If you have any questions about fitment or any registration requirements, our experienced team will be happy to help :).<\/li>\n<li>Please be sure to specify your vehicle after purchase.<\/li>\n<li>We offer this model in many other sizes and colors; please contact us if you have any other requests.<\/li>\n<\/ul>\n<h3>&gt;&gt;&gt;Complete wheels<\/h3>\n<h3>We are happy to offer you the desired rims as ready-to-install complete wheels with a tire of your choice.<\/h3>\n<p>Feel free to send us a non-binding inquiry :).<\/p>\n<p>The rims are the correct size for the following vehicles:<\/p>\n<h3>Skoda<\/h3>\n<ul>\n<li>Octavia 5E NX<\/li>\n<\/ul>","protected":false},"excerpt":{"rendered":"<p>A set (4 pieces) of ready-to-use FF-Wheels complete wheels, professionally mounted and balanced.<\/p>\n<p><strong>Rim details:<\/strong> 8,5&#215;20 Zoll, Lochkreis 112 mm.<br \/><strong>Tire details:<\/strong> Arivo, tread depth: approx. new mm.<\/p>","protected":false},"featured_media":108315,"comment_status":"open","ping_status":"closed","template":"","meta":[],"product_brand":[],"product_cat":[1685,1086,1543],"product_tag":[],"class_list":{"0":"post-105134","1":"product","2":"type-product","3":"status-publish","4":"has-post-thumbnail","6":"product_cat-19-zoll-skoda-felgen","7":"product_cat-felgen","8":"product_cat-skoda-felgen","9":"product_shipping_class-komplettrad","10":"pa_anzahl-der-komplettraeder-1433","11":"pa_einpresstiefe-et-1508","12":"pa_externes-rollger-db-klass-b","13":"pa_fahrzeugmarke-skoda","14":"pa_fahrzeugtyp-allradfahrzeug","15":"pa_felgenaufbau-einteilig-gegossen","16":"pa_felgenbreite-8-5","17":"pa_felgendesign-multi-speichen-felge","18":"pa_felgenfarbe-silber","19":"pa_felgenhersteller-ff-wheels-2","20":"pa_felgenmaterial-aluminium","21":"pa_felgenmodell-ff02","22":"pa_geschwindigkeitsindex-w-bis-270-km-h","23":"pa_herstellergarantie-2-jahre","24":"pa_herstellernummer-felge-2301","25":"pa_herstellernummer-reifen-3ear238f","26":"pa_kraftstoff-a-g-c","27":"pa_lochkreis-1439","28":"pa_lochzahl-1447","29":"pa_mittenlochbohrung-666-mm","30":"pa_nasshaft-a-g-b","31":"pa_profiltiefe-neu","32":"pa_reifenbauart-r-radialreifen","33":"pa_reifenbreite-1432","34":"pa_reifendurchmesser-1594","35":"pa_reifenhersteller-arivo","36":"pa_reifenmodell-ultra-arz-5-xl","37":"pa_reifenquerschnitt-1434","38":"pa_reifenspezifikation-sommerreifen","39":"pa_run-flat-nein","40":"pa_tragfaehigkeitsindex-90-max-600-kg-je-reifen","41":"pa_zollgroesse-1499","43":"first","44":"instock","45":"sale","46":"taxable","47":"shipping-taxable","48":"purchasable","49":"product-type-simple"},"yoast_head":"<title>20 Zoll Komplettr\u00e4der Sommerr\u00e4der FF-Wheels FF02 f\u00fcr silber Skoda Octavia 5E g\u00fcnstig kaufen - Felgenforum<\/title>\n<meta name=\"description\" content=\"20 Zoll FF-Wheels FF02 Komplettr\u00e4der f\u00fcr Skoda Octavia 5E in Silber. Edles Design und top Performance f\u00fcr den Sommer. Jetzt bei uns g\u00fcnstig kaufen!\" \/>\n<meta name=\"robots\" content=\"index, follow, max-snippet:-1, max-image-preview:large, max-video-preview:-1\" \/>\n<link rel=\"canonical\" href=\"https:\/\/felgenforum.shop\/en\/product\/20-zoll-komplettraeder-sommerraeder-ff-wheels-ff02-fuer-silber-skoda-octavia-5e\/\" \/>\n<meta property=\"og:locale\" content=\"en_GB\" \/>\n<meta property=\"og:type\" content=\"article\" \/>\n<meta property=\"og:title\" content=\"20 Zoll Komplettr\u00e4der Sommerr\u00e4der FF-Wheels FF02 f\u00fcr silber Skoda Octavia 5E g\u00fcnstig kaufen - Felgenforum\" \/>\n<meta property=\"og:description\" content=\"20 Zoll FF-Wheels FF02 Komplettr\u00e4der f\u00fcr Skoda Octavia 5E in Silber. Edles Design und top Performance f\u00fcr den Sommer. Jetzt bei uns g\u00fcnstig kaufen!\" \/>\n<meta property=\"og:url\" content=\"https:\/\/felgenforum.shop\/en\/product\/20-zoll-komplettraeder-sommerraeder-ff-wheels-ff02-fuer-silber-skoda-octavia-5e\/\" \/>\n<meta property=\"og:site_name\" content=\"Felgenforum\" \/>\n<meta property=\"article:modified_time\" content=\"2026-04-25T13:15:45+00:00\" \/>\n<meta property=\"og:image\" content=\"https:\/\/felgenforum.shop\/wp-content\/uploads\/2025\/09\/20-zoll-komplettraeder-sommerraeder-ff-wheels-ff02-fuer-silber-skoda-octavia-5e-featured-1000px.webp\" \/>\n\t<meta property=\"og:image:width\" content=\"1000\" \/>\n\t<meta property=\"og:image:height\" content=\"1000\" \/>\n\t<meta property=\"og:image:type\" content=\"image\/jpeg\" \/>\n<meta name=\"twitter:card\" content=\"summary_large_image\" \/>\n<meta name=\"twitter:label1\" content=\"Est. reading time\" \/>\n\t<meta name=\"twitter:data1\" content=\"1 minute\" \/>\n<script type=\"application\/ld+json\" class=\"yoast-schema-graph\">{\"@context\":\"https:\\\/\\\/schema.org\",\"@graph\":[{\"@type\":\"WebPage\",\"@id\":\"https:\\\/\\\/felgenforum.shop\\\/produkt\\\/20-zoll-komplettraeder-sommerraeder-ff-wheels-ff02-fuer-silber-skoda-octavia-5e\\\/\",\"url\":\"https:\\\/\\\/felgenforum.shop\\\/produkt\\\/20-zoll-komplettraeder-sommerraeder-ff-wheels-ff02-fuer-silber-skoda-octavia-5e\\\/\",\"name\":\"20 Zoll Komplettr\u00e4der Sommerr\u00e4der FF-Wheels FF02 f\u00fcr silber Skoda Octavia 5E g\u00fcnstig kaufen - Felgenforum\",\"isPartOf\":{\"@id\":\"https:\\\/\\\/felgenforum.shop\\\/#website\"},\"primaryImageOfPage\":{\"@id\":\"https:\\\/\\\/felgenforum.shop\\\/produkt\\\/20-zoll-komplettraeder-sommerraeder-ff-wheels-ff02-fuer-silber-skoda-octavia-5e\\\/#primaryimage\"},\"image\":{\"@id\":\"https:\\\/\\\/felgenforum.shop\\\/produkt\\\/20-zoll-komplettraeder-sommerraeder-ff-wheels-ff02-fuer-silber-skoda-octavia-5e\\\/#primaryimage\"},\"thumbnailUrl\":\"https:\\\/\\\/felgenforum.shop\\\/wp-content\\\/uploads\\\/2025\\\/09\\\/20-zoll-komplettraeder-sommerraeder-ff-wheels-ff02-fuer-silber-skoda-octavia-5e-featured-1000px.webp\",\"datePublished\":\"2025-09-23T02:52:31+00:00\",\"dateModified\":\"2026-04-25T13:15:45+00:00\",\"description\":\"20 Zoll FF-Wheels FF02 Komplettr\u00e4der f\u00fcr Skoda Octavia 5E in Silber. Edles Design und top Performance f\u00fcr den Sommer. Jetzt bei uns g\u00fcnstig kaufen!\",\"breadcrumb\":{\"@id\":\"https:\\\/\\\/felgenforum.shop\\\/produkt\\\/20-zoll-komplettraeder-sommerraeder-ff-wheels-ff02-fuer-silber-skoda-octavia-5e\\\/#breadcrumb\"},\"inLanguage\":\"en-GB\",\"potentialAction\":[{\"@type\":\"ReadAction\",\"target\":[\"https:\\\/\\\/felgenforum.shop\\\/produkt\\\/20-zoll-komplettraeder-sommerraeder-ff-wheels-ff02-fuer-silber-skoda-octavia-5e\\\/\"]}]},{\"@type\":\"ImageObject\",\"inLanguage\":\"en-GB\",\"@id\":\"https:\\\/\\\/felgenforum.shop\\\/produkt\\\/20-zoll-komplettraeder-sommerraeder-ff-wheels-ff02-fuer-silber-skoda-octavia-5e\\\/#primaryimage\",\"url\":\"https:\\\/\\\/felgenforum.shop\\\/wp-content\\\/uploads\\\/2025\\\/09\\\/20-zoll-komplettraeder-sommerraeder-ff-wheels-ff02-fuer-silber-skoda-octavia-5e-featured-1000px.webp\",\"contentUrl\":\"https:\\\/\\\/felgenforum.shop\\\/wp-content\\\/uploads\\\/2025\\\/09\\\/20-zoll-komplettraeder-sommerraeder-ff-wheels-ff02-fuer-silber-skoda-octavia-5e-featured-1000px.webp\",\"width\":1000,\"height\":1000,\"caption\":\"20 Zoll FF-Wheels FF02 Komplettr\u00e4der in Silber f\u00fcr Skoda Octavia 5E\"},{\"@type\":\"BreadcrumbList\",\"@id\":\"https:\\\/\\\/felgenforum.shop\\\/produkt\\\/20-zoll-komplettraeder-sommerraeder-ff-wheels-ff02-fuer-silber-skoda-octavia-5e\\\/#breadcrumb\",\"itemListElement\":[{\"@type\":\"ListItem\",\"position\":1,\"name\":\"Startseite\",\"item\":\"https:\\\/\\\/felgenforum.shop\\\/\"},{\"@type\":\"ListItem\",\"position\":2,\"name\":\"Shop\",\"item\":\"https:\\\/\\\/felgenforum.shop\\\/shop\\\/\"},{\"@type\":\"ListItem\",\"position\":3,\"name\":\"20 Zoll Komplettr\u00e4der Sommerr\u00e4der FF-Wheels FF02 f\u00fcr silber Skoda Octavia 5E\"}]},{\"@type\":\"WebSite\",\"@id\":\"https:\\\/\\\/felgenforum.shop\\\/#website\",\"url\":\"https:\\\/\\\/felgenforum.shop\\\/\",\"name\":\"Felgenforum\",\"description\":\"\",\"potentialAction\":[{\"@type\":\"SearchAction\",\"target\":{\"@type\":\"EntryPoint\",\"urlTemplate\":\"https:\\\/\\\/felgenforum.shop\\\/?s={search_term_string}\"},\"query-input\":{\"@type\":\"PropertyValueSpecification\",\"valueRequired\":true,\"valueName\":\"search_term_string\"}}],\"inLanguage\":\"en-GB\"}]}<\/script>","yoast_head_json":{"title":"20 Zoll Komplettr\u00e4der Sommerr\u00e4der FF-Wheels FF02 f\u00fcr silber Skoda Octavia 5E g\u00fcnstig kaufen - Felgenforum","description":"20 Zoll FF-Wheels FF02 Komplettr\u00e4der f\u00fcr Skoda Octavia 5E in Silber. Edles Design und top Performance f\u00fcr den Sommer. Jetzt bei uns g\u00fcnstig kaufen!","robots":{"index":"index","follow":"follow","max-snippet":"max-snippet:-1","max-image-preview":"max-image-preview:large","max-video-preview":"max-video-preview:-1"},"canonical":"https:\/\/felgenforum.shop\/en\/product\/20-zoll-komplettraeder-sommerraeder-ff-wheels-ff02-fuer-silber-skoda-octavia-5e\/","og_locale":"en_GB","og_type":"article","og_title":"20 Zoll Komplettr\u00e4der Sommerr\u00e4der FF-Wheels FF02 f\u00fcr silber Skoda Octavia 5E g\u00fcnstig kaufen - Felgenforum","og_description":"20 Zoll FF-Wheels FF02 Komplettr\u00e4der f\u00fcr Skoda Octavia 5E in Silber. Edles Design und top Performance f\u00fcr den Sommer. Jetzt bei uns g\u00fcnstig kaufen!","og_url":"https:\/\/felgenforum.shop\/en\/product\/20-zoll-komplettraeder-sommerraeder-ff-wheels-ff02-fuer-silber-skoda-octavia-5e\/","og_site_name":"Felgenforum","article_modified_time":"2026-04-25T13:15:45+00:00","og_image":[{"width":1000,"height":1000,"url":"https:\/\/felgenforum.shop\/wp-content\/uploads\/2025\/09\/20-zoll-komplettraeder-sommerraeder-ff-wheels-ff02-fuer-silber-skoda-octavia-5e-featured-1000px.webp","type":"image\/jpeg"}],"twitter_card":"summary_large_image","twitter_misc":{"Est. reading time":"1 minute"},"schema":{"@context":"https:\/\/schema.org","@graph":[{"@type":"WebPage","@id":"https:\/\/felgenforum.shop\/produkt\/20-zoll-komplettraeder-sommerraeder-ff-wheels-ff02-fuer-silber-skoda-octavia-5e\/","url":"https:\/\/felgenforum.shop\/produkt\/20-zoll-komplettraeder-sommerraeder-ff-wheels-ff02-fuer-silber-skoda-octavia-5e\/","name":"20 Zoll Komplettr\u00e4der Sommerr\u00e4der FF-Wheels FF02 f\u00fcr silber Skoda Octavia 5E g\u00fcnstig kaufen - Felgenforum","isPartOf":{"@id":"https:\/\/felgenforum.shop\/#website"},"primaryImageOfPage":{"@id":"https:\/\/felgenforum.shop\/produkt\/20-zoll-komplettraeder-sommerraeder-ff-wheels-ff02-fuer-silber-skoda-octavia-5e\/#primaryimage"},"image":{"@id":"https:\/\/felgenforum.shop\/produkt\/20-zoll-komplettraeder-sommerraeder-ff-wheels-ff02-fuer-silber-skoda-octavia-5e\/#primaryimage"},"thumbnailUrl":"https:\/\/felgenforum.shop\/wp-content\/uploads\/2025\/09\/20-zoll-komplettraeder-sommerraeder-ff-wheels-ff02-fuer-silber-skoda-octavia-5e-featured-1000px.webp","datePublished":"2025-09-23T02:52:31+00:00","dateModified":"2026-04-25T13:15:45+00:00","description":"20 Zoll FF-Wheels FF02 Komplettr\u00e4der f\u00fcr Skoda Octavia 5E in Silber. Edles Design und top Performance f\u00fcr den Sommer. Jetzt bei uns g\u00fcnstig kaufen!","breadcrumb":{"@id":"https:\/\/felgenforum.shop\/produkt\/20-zoll-komplettraeder-sommerraeder-ff-wheels-ff02-fuer-silber-skoda-octavia-5e\/#breadcrumb"},"inLanguage":"en-GB","potentialAction":[{"@type":"ReadAction","target":["https:\/\/felgenforum.shop\/produkt\/20-zoll-komplettraeder-sommerraeder-ff-wheels-ff02-fuer-silber-skoda-octavia-5e\/"]}]},{"@type":"ImageObject","inLanguage":"en-GB","@id":"https:\/\/felgenforum.shop\/produkt\/20-zoll-komplettraeder-sommerraeder-ff-wheels-ff02-fuer-silber-skoda-octavia-5e\/#primaryimage","url":"https:\/\/felgenforum.shop\/wp-content\/uploads\/2025\/09\/20-zoll-komplettraeder-sommerraeder-ff-wheels-ff02-fuer-silber-skoda-octavia-5e-featured-1000px.webp","contentUrl":"https:\/\/felgenforum.shop\/wp-content\/uploads\/2025\/09\/20-zoll-komplettraeder-sommerraeder-ff-wheels-ff02-fuer-silber-skoda-octavia-5e-featured-1000px.webp","width":1000,"height":1000,"caption":"20 Zoll FF-Wheels FF02 Komplettr\u00e4der in Silber f\u00fcr Skoda Octavia 5E"},{"@type":"BreadcrumbList","@id":"https:\/\/felgenforum.shop\/produkt\/20-zoll-komplettraeder-sommerraeder-ff-wheels-ff02-fuer-silber-skoda-octavia-5e\/#breadcrumb","itemListElement":[{"@type":"ListItem","position":1,"name":"Startseite","item":"https:\/\/felgenforum.shop\/"},{"@type":"ListItem","position":2,"name":"Shop","item":"https:\/\/felgenforum.shop\/shop\/"},{"@type":"ListItem","position":3,"name":"20 Zoll Komplettr\u00e4der Sommerr\u00e4der FF-Wheels FF02 f\u00fcr silber Skoda Octavia 5E"}]},{"@type":"WebSite","@id":"https:\/\/felgenforum.shop\/#website","url":"https:\/\/felgenforum.shop\/","name":"Rim forum","description":"","potentialAction":[{"@type":"SearchAction","target":{"@type":"EntryPoint","urlTemplate":"https:\/\/felgenforum.shop\/?s={search_term_string}"},"query-input":{"@type":"PropertyValueSpecification","valueRequired":true,"valueName":"search_term_string"}}],"inLanguage":"en-GB"}]}},"_links":{"self":[{"href":"https:\/\/felgenforum.shop\/en\/wp-json\/wp\/v2\/product\/105134","targetHints":{"allow":["GET"]}}],"collection":[{"href":"https:\/\/felgenforum.shop\/en\/wp-json\/wp\/v2\/product"}],"about":[{"href":"https:\/\/felgenforum.shop\/en\/wp-json\/wp\/v2\/types\/product"}],"replies":[{"embeddable":true,"href":"https:\/\/felgenforum.shop\/en\/wp-json\/wp\/v2\/comments?post=105134"}],"wp:featuredmedia":[{"embeddable":true,"href":"https:\/\/felgenforum.shop\/en\/wp-json\/wp\/v2\/media\/108315"}],"wp:attachment":[{"href":"https:\/\/felgenforum.shop\/en\/wp-json\/wp\/v2\/media?parent=105134"}],"wp:term":[{"taxonomy":"product_brand","embeddable":true,"href":"https:\/\/felgenforum.shop\/en\/wp-json\/wp\/v2\/product_brand?post=105134"},{"taxonomy":"product_cat","embeddable":true,"href":"https:\/\/felgenforum.shop\/en\/wp-json\/wp\/v2\/product_cat?post=105134"},{"taxonomy":"product_tag","embeddable":true,"href":"https:\/\/felgenforum.shop\/en\/wp-json\/wp\/v2\/product_tag?post=105134"}],"curies":[{"name":"wp","href":"https:\/\/api.w.org\/{rel}","templated":true}]}}