{"id":103897,"date":"2025-09-23T00:22:01","date_gmt":"2025-09-22T22:22:01","guid":{"rendered":"https:\/\/felgenforum.shop\/?post_type=product&#038;p=103897"},"modified":"2026-04-25T15:15:10","modified_gmt":"2026-04-25T13:15:10","slug":"19-zoll-dm08-allwetterraeder-allwetterreifen-hankook-komplettraeder-bmw-3er-f30-3l","status":"publish","type":"product","link":"https:\/\/felgenforum.shop\/en\/product\/19-zoll-dm08-allwetterraeder-allwetterreifen-hankook-komplettraeder-bmw-3er-f30-3l\/","title":{"rendered":"19 inch DM08 all-weather wheels All-weather tires Hankook complete wheels BMW 3 Series F30 3L"},"content":{"rendered":"<h3>Welcome to an offer from Felgenforum.shop<\/h3>\n<p>In this offer we offer you a NEW set of all-weather complete wheels in glossy black including ABE (German type approval).<\/p>\n<p>4x fully pre-assembled and balanced complete wheels<\/p>\n<p>consisting of:<\/p>\n<p>4x Alufelge Damina DM08 schwarz 8,5&#215;19 ET35 LK5\/120<\/p>\n<p>+<\/p>\n<p>4x all-weather tires 235\/35 R19 91Y Hankook Kinergy 4S 750H XL<\/p>\n<p>fully assembled and balanced\u00a0<\/p>\n<p>+<\/p>\n<p>4x TPMS (pre-programmed)<\/p>\n<p>(including black weights and black metal valves)<\/p>\n<p>NEW &amp; in original packaging.<\/p>\n<h3>Scope of delivery:<\/h3>\n<ul>\n<li>4 x Damina DM08 8,5&#215;19 ET35 5&#215;120 schwarz gl\u00e4nzend<\/li>\n<li>Complete mounting hardware (if required according to the ABE)<\/li>\n<li>4x all-weather tires Hankook Kinergy 4S 750H XL 235\/35 R19 91W<\/li>\n<li>4x TPMS (pre-programmed)<\/li>\n<li>4x hub caps Damina Performance<\/li>\n<li>(Vehicle manufacturer&#039;s hubcap not included)<\/li>\n<li>1x Expert report (ABE)<\/li>\n<li>The complete wheel sets are suitable and registration-free with ABE for most vehicles.<\/li>\n<li>Please be sure to specify your vehicle after purchase.<\/li>\n<li>We offer this model in many other sizes and colors; please contact us if you have any other requests.<\/li>\n<li>TPMS sensors are available for \u20ac34 each. Please ask our team if your vehicle has an active tire pressure monitoring system.<\/li>\n<li>&gt;&gt;&gt;Wishful tires<\/li>\n<li>Do you have a specific request regarding tire brand or tire quality? No problem!<\/li>\n<li>We would be happy to create individual complete wheel offers for you :).<\/li>\n<li>The complete wheels are suitable for, among others:<\/li>\n<\/ul>\n<h3>BMW<\/h3>\n<ul>\n<li>3 Series F30<\/li>\n<li>4 Series F32 F33 F36<\/li>\n<\/ul>","protected":false},"excerpt":{"rendered":"<p>A set (4 pieces) of ready-to-drive Damina Performance complete wheels, professionally mounted and balanced.<\/p>\n<p><strong>Rim details:<\/strong> 8,5&#215;19 Zoll, Lochkreis 120.<br \/><strong>Tire details:<\/strong> Hankook, tread depth: approx. NEW mm.<\/p>","protected":false},"featured_media":106018,"comment_status":"open","ping_status":"closed","template":"","meta":[],"product_brand":[],"product_cat":[1263,1205,1204],"product_tag":[],"class_list":{"0":"post-103897","1":"product","2":"type-product","3":"status-publish","4":"has-post-thumbnail","6":"product_cat-19-zoll-winterraeder-bmw","7":"product_cat-bmw","8":"product_cat-komplettraeder-winter","9":"product_shipping_class-komplettrad","10":"pa_anzahl-der-komplettraeder-1433","11":"pa_einpresstiefe-et-1460","12":"pa_eisgriffigkeit-ja","13":"pa_fahrzeugmarke-bmw","14":"pa_fahrzeugtyp-allradfahrzeug","15":"pa_felgenaufbau-einteilig-gegossen","16":"pa_felgenbreite-8-5","17":"pa_felgendesign-5-doppelspeichen","18":"pa_felgenfarbe-schwarz","19":"pa_felgenhersteller-damina-performance","20":"pa_felgenmaterial-aluminium","21":"pa_felgenmodell-dm08","22":"pa_geschwindigkeitsindex-y-bis-300-km-h","23":"pa_herstellernummer-felge-1624","24":"pa_lastbereich-xl","25":"pa_lochkreis-1494","26":"pa_lochzahl-1447","27":"pa_mittenlochbohrung-726-mm","28":"pa_profiltiefe-neu","29":"pa_reifenbauart-r-radialreifen","30":"pa_reifenbreite-1511","31":"pa_reifendurchmesser-1436","32":"pa_reifenhersteller-hankook","33":"pa_reifenquerschnitt-1434","34":"pa_reifenspezifikation-ganzjahresreifen","35":"pa_run-flat-nein","36":"pa_schneeflocken-symbol-ja","37":"pa_tragfaehigkeitsindex-91-max-615-kg-je-reifen","38":"pa_zollgroesse-1448","40":"first","41":"instock","42":"sale","43":"taxable","44":"shipping-taxable","45":"purchasable","46":"product-type-simple"},"yoast_head":"<title>19 Zoll DM08 Allwetterr\u00e4der Allwetterreifen Hankook Komplettr\u00e4der BMW 3er F30 3L g\u00fcnstig kaufen - Felgenforum<\/title>\n<meta name=\"description\" content=\"19 Zoll DM08 Allwetterr\u00e4der f\u00fcr BMW 3er F30 mit Hankook Reifen. Sicher bei jedem Wetter und sportliches Design f\u00fcr Ihr Fahrzeug. Jetzt g\u00fcnstig kaufen!\" \/>\n<meta name=\"robots\" content=\"index, follow, max-snippet:-1, max-image-preview:large, max-video-preview:-1\" \/>\n<link rel=\"canonical\" href=\"https:\/\/felgenforum.shop\/en\/product\/19-zoll-dm08-allwetterraeder-allwetterreifen-hankook-komplettraeder-bmw-3er-f30-3l\/\" \/>\n<meta property=\"og:locale\" content=\"en_GB\" \/>\n<meta property=\"og:type\" content=\"article\" \/>\n<meta property=\"og:title\" content=\"19 Zoll DM08 Allwetterr\u00e4der Allwetterreifen Hankook Komplettr\u00e4der BMW 3er F30 3L g\u00fcnstig kaufen - Felgenforum\" \/>\n<meta property=\"og:description\" content=\"19 Zoll DM08 Allwetterr\u00e4der f\u00fcr BMW 3er F30 mit Hankook Reifen. Sicher bei jedem Wetter und sportliches Design f\u00fcr Ihr Fahrzeug. Jetzt g\u00fcnstig kaufen!\" \/>\n<meta property=\"og:url\" content=\"https:\/\/felgenforum.shop\/en\/product\/19-zoll-dm08-allwetterraeder-allwetterreifen-hankook-komplettraeder-bmw-3er-f30-3l\/\" \/>\n<meta property=\"og:site_name\" content=\"Felgenforum\" \/>\n<meta property=\"article:modified_time\" content=\"2026-04-25T13:15:10+00:00\" \/>\n<meta property=\"og:image\" content=\"https:\/\/felgenforum.shop\/wp-content\/uploads\/2025\/09\/19-zoll-dm08-allwetterraeder-allwetterreifen-hankook-komplettraeder-bmw-3er-f30-3l-featured-1000px.webp\" \/>\n\t<meta property=\"og:image:width\" content=\"1000\" \/>\n\t<meta property=\"og:image:height\" content=\"1000\" \/>\n\t<meta property=\"og:image:type\" content=\"image\/jpeg\" \/>\n<meta name=\"twitter:card\" content=\"summary_large_image\" \/>\n<meta name=\"twitter:label1\" content=\"Est. reading time\" \/>\n\t<meta name=\"twitter:data1\" content=\"1 minute\" \/>\n<script type=\"application\/ld+json\" class=\"yoast-schema-graph\">{\"@context\":\"https:\\\/\\\/schema.org\",\"@graph\":[{\"@type\":\"WebPage\",\"@id\":\"https:\\\/\\\/felgenforum.shop\\\/produkt\\\/19-zoll-dm08-allwetterraeder-allwetterreifen-hankook-komplettraeder-bmw-3er-f30-3l\\\/\",\"url\":\"https:\\\/\\\/felgenforum.shop\\\/produkt\\\/19-zoll-dm08-allwetterraeder-allwetterreifen-hankook-komplettraeder-bmw-3er-f30-3l\\\/\",\"name\":\"19 Zoll DM08 Allwetterr\u00e4der Allwetterreifen Hankook Komplettr\u00e4der BMW 3er F30 3L g\u00fcnstig kaufen - Felgenforum\",\"isPartOf\":{\"@id\":\"https:\\\/\\\/felgenforum.shop\\\/#website\"},\"primaryImageOfPage\":{\"@id\":\"https:\\\/\\\/felgenforum.shop\\\/produkt\\\/19-zoll-dm08-allwetterraeder-allwetterreifen-hankook-komplettraeder-bmw-3er-f30-3l\\\/#primaryimage\"},\"image\":{\"@id\":\"https:\\\/\\\/felgenforum.shop\\\/produkt\\\/19-zoll-dm08-allwetterraeder-allwetterreifen-hankook-komplettraeder-bmw-3er-f30-3l\\\/#primaryimage\"},\"thumbnailUrl\":\"https:\\\/\\\/felgenforum.shop\\\/wp-content\\\/uploads\\\/2025\\\/09\\\/19-zoll-dm08-allwetterraeder-allwetterreifen-hankook-komplettraeder-bmw-3er-f30-3l-featured-1000px.webp\",\"datePublished\":\"2025-09-22T22:22:01+00:00\",\"dateModified\":\"2026-04-25T13:15:10+00:00\",\"description\":\"19 Zoll DM08 Allwetterr\u00e4der f\u00fcr BMW 3er F30 mit Hankook Reifen. Sicher bei jedem Wetter und sportliches Design f\u00fcr Ihr Fahrzeug. Jetzt g\u00fcnstig kaufen!\",\"breadcrumb\":{\"@id\":\"https:\\\/\\\/felgenforum.shop\\\/produkt\\\/19-zoll-dm08-allwetterraeder-allwetterreifen-hankook-komplettraeder-bmw-3er-f30-3l\\\/#breadcrumb\"},\"inLanguage\":\"en-GB\",\"potentialAction\":[{\"@type\":\"ReadAction\",\"target\":[\"https:\\\/\\\/felgenforum.shop\\\/produkt\\\/19-zoll-dm08-allwetterraeder-allwetterreifen-hankook-komplettraeder-bmw-3er-f30-3l\\\/\"]}]},{\"@type\":\"ImageObject\",\"inLanguage\":\"en-GB\",\"@id\":\"https:\\\/\\\/felgenforum.shop\\\/produkt\\\/19-zoll-dm08-allwetterraeder-allwetterreifen-hankook-komplettraeder-bmw-3er-f30-3l\\\/#primaryimage\",\"url\":\"https:\\\/\\\/felgenforum.shop\\\/wp-content\\\/uploads\\\/2025\\\/09\\\/19-zoll-dm08-allwetterraeder-allwetterreifen-hankook-komplettraeder-bmw-3er-f30-3l-featured-1000px.webp\",\"contentUrl\":\"https:\\\/\\\/felgenforum.shop\\\/wp-content\\\/uploads\\\/2025\\\/09\\\/19-zoll-dm08-allwetterraeder-allwetterreifen-hankook-komplettraeder-bmw-3er-f30-3l-featured-1000px.webp\",\"width\":1000,\"height\":1000,\"caption\":\"19 Zoll DM08 Allwetterr\u00e4der mit Hankook Reifen f\u00fcr BMW 3er F30\"},{\"@type\":\"BreadcrumbList\",\"@id\":\"https:\\\/\\\/felgenforum.shop\\\/produkt\\\/19-zoll-dm08-allwetterraeder-allwetterreifen-hankook-komplettraeder-bmw-3er-f30-3l\\\/#breadcrumb\",\"itemListElement\":[{\"@type\":\"ListItem\",\"position\":1,\"name\":\"Startseite\",\"item\":\"https:\\\/\\\/felgenforum.shop\\\/\"},{\"@type\":\"ListItem\",\"position\":2,\"name\":\"Shop\",\"item\":\"https:\\\/\\\/felgenforum.shop\\\/shop\\\/\"},{\"@type\":\"ListItem\",\"position\":3,\"name\":\"19 Zoll DM08 Allwetterr\u00e4der Allwetterreifen Hankook Komplettr\u00e4der BMW 3er F30 3L\"}]},{\"@type\":\"WebSite\",\"@id\":\"https:\\\/\\\/felgenforum.shop\\\/#website\",\"url\":\"https:\\\/\\\/felgenforum.shop\\\/\",\"name\":\"Felgenforum\",\"description\":\"\",\"potentialAction\":[{\"@type\":\"SearchAction\",\"target\":{\"@type\":\"EntryPoint\",\"urlTemplate\":\"https:\\\/\\\/felgenforum.shop\\\/?s={search_term_string}\"},\"query-input\":{\"@type\":\"PropertyValueSpecification\",\"valueRequired\":true,\"valueName\":\"search_term_string\"}}],\"inLanguage\":\"en-GB\"}]}<\/script>","yoast_head_json":{"title":"19 Zoll DM08 Allwetterr\u00e4der Allwetterreifen Hankook Komplettr\u00e4der BMW 3er F30 3L g\u00fcnstig kaufen - Felgenforum","description":"19 Zoll DM08 Allwetterr\u00e4der f\u00fcr BMW 3er F30 mit Hankook Reifen. Sicher bei jedem Wetter und sportliches Design f\u00fcr Ihr Fahrzeug. Jetzt g\u00fcnstig kaufen!","robots":{"index":"index","follow":"follow","max-snippet":"max-snippet:-1","max-image-preview":"max-image-preview:large","max-video-preview":"max-video-preview:-1"},"canonical":"https:\/\/felgenforum.shop\/en\/product\/19-zoll-dm08-allwetterraeder-allwetterreifen-hankook-komplettraeder-bmw-3er-f30-3l\/","og_locale":"en_GB","og_type":"article","og_title":"19 Zoll DM08 Allwetterr\u00e4der Allwetterreifen Hankook Komplettr\u00e4der BMW 3er F30 3L g\u00fcnstig kaufen - Felgenforum","og_description":"19 Zoll DM08 Allwetterr\u00e4der f\u00fcr BMW 3er F30 mit Hankook Reifen. Sicher bei jedem Wetter und sportliches Design f\u00fcr Ihr Fahrzeug. Jetzt g\u00fcnstig kaufen!","og_url":"https:\/\/felgenforum.shop\/en\/product\/19-zoll-dm08-allwetterraeder-allwetterreifen-hankook-komplettraeder-bmw-3er-f30-3l\/","og_site_name":"Felgenforum","article_modified_time":"2026-04-25T13:15:10+00:00","og_image":[{"width":1000,"height":1000,"url":"https:\/\/felgenforum.shop\/wp-content\/uploads\/2025\/09\/19-zoll-dm08-allwetterraeder-allwetterreifen-hankook-komplettraeder-bmw-3er-f30-3l-featured-1000px.webp","type":"image\/jpeg"}],"twitter_card":"summary_large_image","twitter_misc":{"Est. reading time":"1 minute"},"schema":{"@context":"https:\/\/schema.org","@graph":[{"@type":"WebPage","@id":"https:\/\/felgenforum.shop\/produkt\/19-zoll-dm08-allwetterraeder-allwetterreifen-hankook-komplettraeder-bmw-3er-f30-3l\/","url":"https:\/\/felgenforum.shop\/produkt\/19-zoll-dm08-allwetterraeder-allwetterreifen-hankook-komplettraeder-bmw-3er-f30-3l\/","name":"19 Zoll DM08 Allwetterr\u00e4der Allwetterreifen Hankook Komplettr\u00e4der BMW 3er F30 3L g\u00fcnstig kaufen - Felgenforum","isPartOf":{"@id":"https:\/\/felgenforum.shop\/#website"},"primaryImageOfPage":{"@id":"https:\/\/felgenforum.shop\/produkt\/19-zoll-dm08-allwetterraeder-allwetterreifen-hankook-komplettraeder-bmw-3er-f30-3l\/#primaryimage"},"image":{"@id":"https:\/\/felgenforum.shop\/produkt\/19-zoll-dm08-allwetterraeder-allwetterreifen-hankook-komplettraeder-bmw-3er-f30-3l\/#primaryimage"},"thumbnailUrl":"https:\/\/felgenforum.shop\/wp-content\/uploads\/2025\/09\/19-zoll-dm08-allwetterraeder-allwetterreifen-hankook-komplettraeder-bmw-3er-f30-3l-featured-1000px.webp","datePublished":"2025-09-22T22:22:01+00:00","dateModified":"2026-04-25T13:15:10+00:00","description":"19 Zoll DM08 Allwetterr\u00e4der f\u00fcr BMW 3er F30 mit Hankook Reifen. Sicher bei jedem Wetter und sportliches Design f\u00fcr Ihr Fahrzeug. Jetzt g\u00fcnstig kaufen!","breadcrumb":{"@id":"https:\/\/felgenforum.shop\/produkt\/19-zoll-dm08-allwetterraeder-allwetterreifen-hankook-komplettraeder-bmw-3er-f30-3l\/#breadcrumb"},"inLanguage":"en-GB","potentialAction":[{"@type":"ReadAction","target":["https:\/\/felgenforum.shop\/produkt\/19-zoll-dm08-allwetterraeder-allwetterreifen-hankook-komplettraeder-bmw-3er-f30-3l\/"]}]},{"@type":"ImageObject","inLanguage":"en-GB","@id":"https:\/\/felgenforum.shop\/produkt\/19-zoll-dm08-allwetterraeder-allwetterreifen-hankook-komplettraeder-bmw-3er-f30-3l\/#primaryimage","url":"https:\/\/felgenforum.shop\/wp-content\/uploads\/2025\/09\/19-zoll-dm08-allwetterraeder-allwetterreifen-hankook-komplettraeder-bmw-3er-f30-3l-featured-1000px.webp","contentUrl":"https:\/\/felgenforum.shop\/wp-content\/uploads\/2025\/09\/19-zoll-dm08-allwetterraeder-allwetterreifen-hankook-komplettraeder-bmw-3er-f30-3l-featured-1000px.webp","width":1000,"height":1000,"caption":"19 Zoll DM08 Allwetterr\u00e4der mit Hankook Reifen f\u00fcr BMW 3er F30"},{"@type":"BreadcrumbList","@id":"https:\/\/felgenforum.shop\/produkt\/19-zoll-dm08-allwetterraeder-allwetterreifen-hankook-komplettraeder-bmw-3er-f30-3l\/#breadcrumb","itemListElement":[{"@type":"ListItem","position":1,"name":"Startseite","item":"https:\/\/felgenforum.shop\/"},{"@type":"ListItem","position":2,"name":"Shop","item":"https:\/\/felgenforum.shop\/shop\/"},{"@type":"ListItem","position":3,"name":"19 Zoll DM08 Allwetterr\u00e4der Allwetterreifen Hankook Komplettr\u00e4der BMW 3er F30 3L"}]},{"@type":"WebSite","@id":"https:\/\/felgenforum.shop\/#website","url":"https:\/\/felgenforum.shop\/","name":"Rim forum","description":"","potentialAction":[{"@type":"SearchAction","target":{"@type":"EntryPoint","urlTemplate":"https:\/\/felgenforum.shop\/?s={search_term_string}"},"query-input":{"@type":"PropertyValueSpecification","valueRequired":true,"valueName":"search_term_string"}}],"inLanguage":"en-GB"}]}},"_links":{"self":[{"href":"https:\/\/felgenforum.shop\/en\/wp-json\/wp\/v2\/product\/103897","targetHints":{"allow":["GET"]}}],"collection":[{"href":"https:\/\/felgenforum.shop\/en\/wp-json\/wp\/v2\/product"}],"about":[{"href":"https:\/\/felgenforum.shop\/en\/wp-json\/wp\/v2\/types\/product"}],"replies":[{"embeddable":true,"href":"https:\/\/felgenforum.shop\/en\/wp-json\/wp\/v2\/comments?post=103897"}],"wp:featuredmedia":[{"embeddable":true,"href":"https:\/\/felgenforum.shop\/en\/wp-json\/wp\/v2\/media\/106018"}],"wp:attachment":[{"href":"https:\/\/felgenforum.shop\/en\/wp-json\/wp\/v2\/media?parent=103897"}],"wp:term":[{"taxonomy":"product_brand","embeddable":true,"href":"https:\/\/felgenforum.shop\/en\/wp-json\/wp\/v2\/product_brand?post=103897"},{"taxonomy":"product_cat","embeddable":true,"href":"https:\/\/felgenforum.shop\/en\/wp-json\/wp\/v2\/product_cat?post=103897"},{"taxonomy":"product_tag","embeddable":true,"href":"https:\/\/felgenforum.shop\/en\/wp-json\/wp\/v2\/product_tag?post=103897"}],"curies":[{"name":"wp","href":"https:\/\/api.w.org\/{rel}","templated":true}]}}