{"id":103482,"date":"2025-09-22T22:52:21","date_gmt":"2025-09-22T20:52:21","guid":{"rendered":"https:\/\/felgenforum.shop\/?post_type=product&#038;p=103482"},"modified":"2026-04-25T15:14:57","modified_gmt":"2026-04-25T13:14:57","slug":"dm08-19-zoll-felgen-4-winterraeder-255-35-winterkomplettraeder-audi-a6-s6-4f-4f1-2","status":"publish","type":"product","link":"https:\/\/felgenforum.shop\/en\/product\/dm08-19-zoll-felgen-4-winterraeder-255-35-winterkomplettraeder-audi-a6-s6-4f-4f1-2\/","title":{"rendered":"DM08 19-inch rims, 4 winter wheels 255\/35, complete winter wheel set for Audi A6 S6 4F 4F1"},"content":{"rendered":"<h3>Welcome to an offer from Felgenforum.shop<\/h3>\n<p>In this offer we offer you a NEW set of complete winter wheels in glossy black including ABE (German type approval).<\/p>\n<p>4x fully pre-assembled and balanced complete wheels<\/p>\n<p>consisting of:<\/p>\n<p>4x Alufelge Wheelworld WH39 schwarz poliert 8,5&#215;19 ET45 LK5\/112<\/p>\n<p>+<\/p>\n<p>4x winter tires 255\/35 R19 96V from current daily purchase<\/p>\n<p>fully assembled and balanced<\/p>\n<p>(including black weights and black metal valves)<\/p>\n<p>NEW<\/p>\n<p>TPMS available on request for an additional \u20ac139\/set<\/p>\n<h3>Scope of delivery:<\/h3>\n<ul>\n<li>4 x Wheelworld WH39 8,5&#215;19 ET45 5&#215;112 schwarz poliert<\/li>\n<li>Complete mounting hardware (if required according to the ABE)<\/li>\n<li>4x winter tires from current daily purchase 255\/35 R19 96V<\/li>\n<li>4x Wheelworld hubcaps<\/li>\n<li>(Vehicle manufacturer&#039;s hubcap not included)<\/li>\n<li>1x Expert report (ABE)<\/li>\n<li>In most cases, the complete wheel sets are therefore registration-free. If you have any questions about fitment or any registration requirements, our experienced team will be happy to assist you :).<\/li>\n<li>Please be sure to specify your vehicle after purchase.<\/li>\n<li>We offer this model in many other sizes and colors; please contact us if you have any other requests.<\/li>\n<li>&gt;&gt;&gt;Wishful tires<\/li>\n<li>Do you have a specific request regarding tire brand or tire quality? No problem!<\/li>\n<li>We would be happy to create individual complete wheel offers for you :).<\/li>\n<li>The complete wheels are suitable for, among others:<\/li>\n<\/ul>\n<h3>Audi<\/h3>\n<ul>\n<li>A4 B8<\/li>\n<li>TT 8J 8S<\/li>\n<li>A6 S6 4F<\/li>\n<\/ul>","protected":false},"excerpt":{"rendered":"<p>Ein Satz (4 St\u00fcck) hochwertige Marken-Alufelgen, Modell WH39, in der Gr\u00f6\u00dfe 8,5&#215;19 Zoll mit 5 Loch. Professionell gepr\u00fcft und versandfertig verpackt.<\/p>","protected":false},"featured_media":105251,"comment_status":"open","ping_status":"closed","template":"","meta":[],"product_brand":[],"product_cat":[1535,1246,1086],"product_tag":[],"class_list":{"0":"post-103482","1":"product","2":"type-product","3":"status-publish","4":"has-post-thumbnail","6":"product_cat-19-zoll-audi","7":"product_cat-audi","8":"product_cat-felgen","9":"product_shipping_class-komplettrad","10":"pa_anzahl-der-einheiten-1484","11":"pa_fahrzeugmarke-audi","12":"pa_farbe-schwarz","13":"pa_felgenbreite-8-5","14":"pa_felgenfarbe-schwarz-poliert","15":"pa_felgenmodell-dm08","16":"pa_hersteller-wheelworld","17":"pa_herstellernummer-1914","18":"pa_lochzahl-1447","19":"pa_maximale-traglast-1866","20":"pa_modell-wh39","21":"pa_zollgroesse-1448","23":"first","24":"instock","25":"sale","26":"taxable","27":"shipping-taxable","28":"purchasable","29":"product-type-simple"},"yoast_head":"<title>DM08 19 Zoll Felgen 4 Winterr\u00e4der 255\/35 Winterkomplettr\u00e4der Audi A6 S6 4F 4F1 g\u00fcnstig kaufen - Felgenforum<\/title>\n<meta name=\"description\" content=\"DM08 19 Zoll Felgen Winterkomplettr\u00e4der f\u00fcr Audi A6 S6 4F. Sicherer Grip und edle Optik f\u00fcr Ihren Audi. Jetzt entdecken und direkt online bestellen!\" \/>\n<meta name=\"robots\" content=\"index, follow, max-snippet:-1, max-image-preview:large, max-video-preview:-1\" \/>\n<link rel=\"canonical\" href=\"https:\/\/felgenforum.shop\/en\/product\/dm08-19-zoll-felgen-4-winterraeder-255-35-winterkomplettraeder-audi-a6-s6-4f-4f1-2\/\" \/>\n<meta property=\"og:locale\" content=\"en_GB\" \/>\n<meta property=\"og:type\" content=\"article\" \/>\n<meta property=\"og:title\" content=\"DM08 19 Zoll Felgen 4 Winterr\u00e4der 255\/35 Winterkomplettr\u00e4der Audi A6 S6 4F 4F1 g\u00fcnstig kaufen - Felgenforum\" \/>\n<meta property=\"og:description\" content=\"DM08 19 Zoll Felgen Winterkomplettr\u00e4der f\u00fcr Audi A6 S6 4F. Sicherer Grip und edle Optik f\u00fcr Ihren Audi. Jetzt entdecken und direkt online bestellen!\" \/>\n<meta property=\"og:url\" content=\"https:\/\/felgenforum.shop\/en\/product\/dm08-19-zoll-felgen-4-winterraeder-255-35-winterkomplettraeder-audi-a6-s6-4f-4f1-2\/\" \/>\n<meta property=\"og:site_name\" content=\"Felgenforum\" \/>\n<meta property=\"article:modified_time\" content=\"2026-04-25T13:14:57+00:00\" \/>\n<meta property=\"og:image\" content=\"https:\/\/felgenforum.shop\/wp-content\/uploads\/2025\/09\/dm08-19-zoll-felgen-4-winterraeder-255-35-winterkomplettraeder-audi-a6-s6-4f-4f1-featured-1000px-1.webp\" \/>\n\t<meta property=\"og:image:width\" content=\"1000\" \/>\n\t<meta property=\"og:image:height\" content=\"1000\" \/>\n\t<meta property=\"og:image:type\" content=\"image\/jpeg\" \/>\n<meta name=\"twitter:card\" content=\"summary_large_image\" \/>\n<meta name=\"twitter:label1\" content=\"Est. reading time\" \/>\n\t<meta name=\"twitter:data1\" content=\"1 minute\" \/>\n<script type=\"application\/ld+json\" class=\"yoast-schema-graph\">{\"@context\":\"https:\\\/\\\/schema.org\",\"@graph\":[{\"@type\":\"WebPage\",\"@id\":\"https:\\\/\\\/felgenforum.shop\\\/produkt\\\/dm08-19-zoll-felgen-4-winterraeder-255-35-winterkomplettraeder-audi-a6-s6-4f-4f1-2\\\/\",\"url\":\"https:\\\/\\\/felgenforum.shop\\\/produkt\\\/dm08-19-zoll-felgen-4-winterraeder-255-35-winterkomplettraeder-audi-a6-s6-4f-4f1-2\\\/\",\"name\":\"DM08 19 Zoll Felgen 4 Winterr\u00e4der 255\\\/35 Winterkomplettr\u00e4der Audi A6 S6 4F 4F1 g\u00fcnstig kaufen - Felgenforum\",\"isPartOf\":{\"@id\":\"https:\\\/\\\/felgenforum.shop\\\/#website\"},\"primaryImageOfPage\":{\"@id\":\"https:\\\/\\\/felgenforum.shop\\\/produkt\\\/dm08-19-zoll-felgen-4-winterraeder-255-35-winterkomplettraeder-audi-a6-s6-4f-4f1-2\\\/#primaryimage\"},\"image\":{\"@id\":\"https:\\\/\\\/felgenforum.shop\\\/produkt\\\/dm08-19-zoll-felgen-4-winterraeder-255-35-winterkomplettraeder-audi-a6-s6-4f-4f1-2\\\/#primaryimage\"},\"thumbnailUrl\":\"https:\\\/\\\/felgenforum.shop\\\/wp-content\\\/uploads\\\/2025\\\/09\\\/dm08-19-zoll-felgen-4-winterraeder-255-35-winterkomplettraeder-audi-a6-s6-4f-4f1-featured-1000px-1.webp\",\"datePublished\":\"2025-09-22T20:52:21+00:00\",\"dateModified\":\"2026-04-25T13:14:57+00:00\",\"description\":\"DM08 19 Zoll Felgen Winterkomplettr\u00e4der f\u00fcr Audi A6 S6 4F. Sicherer Grip und edle Optik f\u00fcr Ihren Audi. Jetzt entdecken und direkt online bestellen!\",\"breadcrumb\":{\"@id\":\"https:\\\/\\\/felgenforum.shop\\\/produkt\\\/dm08-19-zoll-felgen-4-winterraeder-255-35-winterkomplettraeder-audi-a6-s6-4f-4f1-2\\\/#breadcrumb\"},\"inLanguage\":\"en-GB\",\"potentialAction\":[{\"@type\":\"ReadAction\",\"target\":[\"https:\\\/\\\/felgenforum.shop\\\/produkt\\\/dm08-19-zoll-felgen-4-winterraeder-255-35-winterkomplettraeder-audi-a6-s6-4f-4f1-2\\\/\"]}]},{\"@type\":\"ImageObject\",\"inLanguage\":\"en-GB\",\"@id\":\"https:\\\/\\\/felgenforum.shop\\\/produkt\\\/dm08-19-zoll-felgen-4-winterraeder-255-35-winterkomplettraeder-audi-a6-s6-4f-4f1-2\\\/#primaryimage\",\"url\":\"https:\\\/\\\/felgenforum.shop\\\/wp-content\\\/uploads\\\/2025\\\/09\\\/dm08-19-zoll-felgen-4-winterraeder-255-35-winterkomplettraeder-audi-a6-s6-4f-4f1-featured-1000px-1.webp\",\"contentUrl\":\"https:\\\/\\\/felgenforum.shop\\\/wp-content\\\/uploads\\\/2025\\\/09\\\/dm08-19-zoll-felgen-4-winterraeder-255-35-winterkomplettraeder-audi-a6-s6-4f-4f1-featured-1000px-1.webp\",\"width\":1000,\"height\":1000,\"caption\":\"DM08 19 Zoll Felgen mit Winterreifen f\u00fcr Audi A6 S6 4F\"},{\"@type\":\"BreadcrumbList\",\"@id\":\"https:\\\/\\\/felgenforum.shop\\\/produkt\\\/dm08-19-zoll-felgen-4-winterraeder-255-35-winterkomplettraeder-audi-a6-s6-4f-4f1-2\\\/#breadcrumb\",\"itemListElement\":[{\"@type\":\"ListItem\",\"position\":1,\"name\":\"Startseite\",\"item\":\"https:\\\/\\\/felgenforum.shop\\\/\"},{\"@type\":\"ListItem\",\"position\":2,\"name\":\"Shop\",\"item\":\"https:\\\/\\\/felgenforum.shop\\\/shop\\\/\"},{\"@type\":\"ListItem\",\"position\":3,\"name\":\"DM08 19 Zoll Felgen 4 Winterr\u00e4der 255\\\/35 Winterkomplettr\u00e4der Audi A6 S6 4F 4F1\"}]},{\"@type\":\"WebSite\",\"@id\":\"https:\\\/\\\/felgenforum.shop\\\/#website\",\"url\":\"https:\\\/\\\/felgenforum.shop\\\/\",\"name\":\"Felgenforum\",\"description\":\"\",\"potentialAction\":[{\"@type\":\"SearchAction\",\"target\":{\"@type\":\"EntryPoint\",\"urlTemplate\":\"https:\\\/\\\/felgenforum.shop\\\/?s={search_term_string}\"},\"query-input\":{\"@type\":\"PropertyValueSpecification\",\"valueRequired\":true,\"valueName\":\"search_term_string\"}}],\"inLanguage\":\"en-GB\"}]}<\/script>","yoast_head_json":{"title":"DM08 19 Zoll Felgen 4 Winterr\u00e4der 255\/35 Winterkomplettr\u00e4der Audi A6 S6 4F 4F1 g\u00fcnstig kaufen - Felgenforum","description":"DM08 19 Zoll Felgen Winterkomplettr\u00e4der f\u00fcr Audi A6 S6 4F. Sicherer Grip und edle Optik f\u00fcr Ihren Audi. Jetzt entdecken und direkt online bestellen!","robots":{"index":"index","follow":"follow","max-snippet":"max-snippet:-1","max-image-preview":"max-image-preview:large","max-video-preview":"max-video-preview:-1"},"canonical":"https:\/\/felgenforum.shop\/en\/product\/dm08-19-zoll-felgen-4-winterraeder-255-35-winterkomplettraeder-audi-a6-s6-4f-4f1-2\/","og_locale":"en_GB","og_type":"article","og_title":"DM08 19 Zoll Felgen 4 Winterr\u00e4der 255\/35 Winterkomplettr\u00e4der Audi A6 S6 4F 4F1 g\u00fcnstig kaufen - Felgenforum","og_description":"DM08 19 Zoll Felgen Winterkomplettr\u00e4der f\u00fcr Audi A6 S6 4F. Sicherer Grip und edle Optik f\u00fcr Ihren Audi. Jetzt entdecken und direkt online bestellen!","og_url":"https:\/\/felgenforum.shop\/en\/product\/dm08-19-zoll-felgen-4-winterraeder-255-35-winterkomplettraeder-audi-a6-s6-4f-4f1-2\/","og_site_name":"Felgenforum","article_modified_time":"2026-04-25T13:14:57+00:00","og_image":[{"width":1000,"height":1000,"url":"https:\/\/felgenforum.shop\/wp-content\/uploads\/2025\/09\/dm08-19-zoll-felgen-4-winterraeder-255-35-winterkomplettraeder-audi-a6-s6-4f-4f1-featured-1000px-1.webp","type":"image\/jpeg"}],"twitter_card":"summary_large_image","twitter_misc":{"Est. reading time":"1 minute"},"schema":{"@context":"https:\/\/schema.org","@graph":[{"@type":"WebPage","@id":"https:\/\/felgenforum.shop\/produkt\/dm08-19-zoll-felgen-4-winterraeder-255-35-winterkomplettraeder-audi-a6-s6-4f-4f1-2\/","url":"https:\/\/felgenforum.shop\/produkt\/dm08-19-zoll-felgen-4-winterraeder-255-35-winterkomplettraeder-audi-a6-s6-4f-4f1-2\/","name":"DM08 19 Zoll Felgen 4 Winterr\u00e4der 255\/35 Winterkomplettr\u00e4der Audi A6 S6 4F 4F1 g\u00fcnstig kaufen - Felgenforum","isPartOf":{"@id":"https:\/\/felgenforum.shop\/#website"},"primaryImageOfPage":{"@id":"https:\/\/felgenforum.shop\/produkt\/dm08-19-zoll-felgen-4-winterraeder-255-35-winterkomplettraeder-audi-a6-s6-4f-4f1-2\/#primaryimage"},"image":{"@id":"https:\/\/felgenforum.shop\/produkt\/dm08-19-zoll-felgen-4-winterraeder-255-35-winterkomplettraeder-audi-a6-s6-4f-4f1-2\/#primaryimage"},"thumbnailUrl":"https:\/\/felgenforum.shop\/wp-content\/uploads\/2025\/09\/dm08-19-zoll-felgen-4-winterraeder-255-35-winterkomplettraeder-audi-a6-s6-4f-4f1-featured-1000px-1.webp","datePublished":"2025-09-22T20:52:21+00:00","dateModified":"2026-04-25T13:14:57+00:00","description":"DM08 19 Zoll Felgen Winterkomplettr\u00e4der f\u00fcr Audi A6 S6 4F. Sicherer Grip und edle Optik f\u00fcr Ihren Audi. Jetzt entdecken und direkt online bestellen!","breadcrumb":{"@id":"https:\/\/felgenforum.shop\/produkt\/dm08-19-zoll-felgen-4-winterraeder-255-35-winterkomplettraeder-audi-a6-s6-4f-4f1-2\/#breadcrumb"},"inLanguage":"en-GB","potentialAction":[{"@type":"ReadAction","target":["https:\/\/felgenforum.shop\/produkt\/dm08-19-zoll-felgen-4-winterraeder-255-35-winterkomplettraeder-audi-a6-s6-4f-4f1-2\/"]}]},{"@type":"ImageObject","inLanguage":"en-GB","@id":"https:\/\/felgenforum.shop\/produkt\/dm08-19-zoll-felgen-4-winterraeder-255-35-winterkomplettraeder-audi-a6-s6-4f-4f1-2\/#primaryimage","url":"https:\/\/felgenforum.shop\/wp-content\/uploads\/2025\/09\/dm08-19-zoll-felgen-4-winterraeder-255-35-winterkomplettraeder-audi-a6-s6-4f-4f1-featured-1000px-1.webp","contentUrl":"https:\/\/felgenforum.shop\/wp-content\/uploads\/2025\/09\/dm08-19-zoll-felgen-4-winterraeder-255-35-winterkomplettraeder-audi-a6-s6-4f-4f1-featured-1000px-1.webp","width":1000,"height":1000,"caption":"DM08 19 Zoll Felgen mit Winterreifen f\u00fcr Audi A6 S6 4F"},{"@type":"BreadcrumbList","@id":"https:\/\/felgenforum.shop\/produkt\/dm08-19-zoll-felgen-4-winterraeder-255-35-winterkomplettraeder-audi-a6-s6-4f-4f1-2\/#breadcrumb","itemListElement":[{"@type":"ListItem","position":1,"name":"Startseite","item":"https:\/\/felgenforum.shop\/"},{"@type":"ListItem","position":2,"name":"Shop","item":"https:\/\/felgenforum.shop\/shop\/"},{"@type":"ListItem","position":3,"name":"DM08 19 Zoll Felgen 4 Winterr\u00e4der 255\/35 Winterkomplettr\u00e4der Audi A6 S6 4F 4F1"}]},{"@type":"WebSite","@id":"https:\/\/felgenforum.shop\/#website","url":"https:\/\/felgenforum.shop\/","name":"Rim forum","description":"","potentialAction":[{"@type":"SearchAction","target":{"@type":"EntryPoint","urlTemplate":"https:\/\/felgenforum.shop\/?s={search_term_string}"},"query-input":{"@type":"PropertyValueSpecification","valueRequired":true,"valueName":"search_term_string"}}],"inLanguage":"en-GB"}]}},"_links":{"self":[{"href":"https:\/\/felgenforum.shop\/en\/wp-json\/wp\/v2\/product\/103482","targetHints":{"allow":["GET"]}}],"collection":[{"href":"https:\/\/felgenforum.shop\/en\/wp-json\/wp\/v2\/product"}],"about":[{"href":"https:\/\/felgenforum.shop\/en\/wp-json\/wp\/v2\/types\/product"}],"replies":[{"embeddable":true,"href":"https:\/\/felgenforum.shop\/en\/wp-json\/wp\/v2\/comments?post=103482"}],"wp:featuredmedia":[{"embeddable":true,"href":"https:\/\/felgenforum.shop\/en\/wp-json\/wp\/v2\/media\/105251"}],"wp:attachment":[{"href":"https:\/\/felgenforum.shop\/en\/wp-json\/wp\/v2\/media?parent=103482"}],"wp:term":[{"taxonomy":"product_brand","embeddable":true,"href":"https:\/\/felgenforum.shop\/en\/wp-json\/wp\/v2\/product_brand?post=103482"},{"taxonomy":"product_cat","embeddable":true,"href":"https:\/\/felgenforum.shop\/en\/wp-json\/wp\/v2\/product_cat?post=103482"},{"taxonomy":"product_tag","embeddable":true,"href":"https:\/\/felgenforum.shop\/en\/wp-json\/wp\/v2\/product_tag?post=103482"}],"curies":[{"name":"wp","href":"https:\/\/api.w.org\/{rel}","templated":true}]}}