{"id":103222,"date":"2025-09-22T21:57:33","date_gmt":"2025-09-22T19:57:33","guid":{"rendered":"https:\/\/felgenforum.shop\/?post_type=product&#038;p=103222"},"modified":"2026-04-25T15:14:51","modified_gmt":"2026-04-25T13:14:51","slug":"reifendrucksensor-vorprogrammiert-fuer-bmw-aktuelle-modelle","status":"publish","type":"product","link":"https:\/\/felgenforum.shop\/en\/product\/reifendrucksensor-vorprogrammiert-fuer-bmw-aktuelle-modelle\/","title":{"rendered":"Tire pressure sensor pre-programmed for current BMW models"},"content":{"rendered":"<h3>Welcome to an offer from Felgenforum.shop<\/h3>\n<p>In this offer we are offering you a NEW set of tire pressure sensors.<\/p>\n<p>NEW &amp; in original packaging.<\/p>\n<h3>Scope of delivery:<\/h3>\n<ul>\n<li>4x tire pressure sensors<\/li>\n<li>Please be sure to specify your vehicle after purchase.<\/li>\n<\/ul>","protected":false},"excerpt":{"rendered":"<p>One set (4 pieces) of premium quality in the specified dimension. Professionally inspected for damage.<\/p>","protected":false},"featured_media":104797,"comment_status":"open","ping_status":"closed","template":"","meta":[],"product_brand":[],"product_cat":[1742,1741],"product_tag":[],"class_list":{"0":"post-103222","1":"product","2":"type-product","3":"status-publish","4":"has-post-thumbnail","6":"product_cat-rdk-sensoren","7":"product_cat-zubehoer","8":"product_shipping_class-felge","9":"pa_besonderheiten-einfache-installation","10":"pa_fahrzeugmarke-bmw","11":"pa_hersteller-orange-electronic","12":"pa_material-aluminium","13":"pa_programmierung-erforderli-nein","14":"pa_sensorart-reifendruckkontrollsystem","16":"first","17":"instock","18":"taxable","19":"shipping-taxable","20":"purchasable","21":"product-type-simple"},"yoast_head":"<title>Reifendrucksensor vorprogrammiert f\u00fcr BMW aktuelle Modelle g\u00fcnstig kaufen - Felgenforum<\/title>\n<meta name=\"description\" content=\"Reifendrucksensor vorprogrammiert f\u00fcr BMW aktuelle Modelle: Einfache Montage ohne Anlernen spart Zeit und Geld. Jetzt f\u00fcr mehr Sicherheit online bestellen!\" \/>\n<meta name=\"robots\" content=\"index, follow, max-snippet:-1, max-image-preview:large, max-video-preview:-1\" \/>\n<link rel=\"canonical\" href=\"https:\/\/felgenforum.shop\/en\/product\/reifendrucksensor-vorprogrammiert-fuer-bmw-aktuelle-modelle\/\" \/>\n<meta property=\"og:locale\" content=\"en_GB\" \/>\n<meta property=\"og:type\" content=\"article\" \/>\n<meta property=\"og:title\" content=\"Reifendrucksensor vorprogrammiert f\u00fcr BMW aktuelle Modelle g\u00fcnstig kaufen - Felgenforum\" \/>\n<meta property=\"og:description\" content=\"Reifendrucksensor vorprogrammiert f\u00fcr BMW aktuelle Modelle: Einfache Montage ohne Anlernen spart Zeit und Geld. Jetzt f\u00fcr mehr Sicherheit online bestellen!\" \/>\n<meta property=\"og:url\" content=\"https:\/\/felgenforum.shop\/en\/product\/reifendrucksensor-vorprogrammiert-fuer-bmw-aktuelle-modelle\/\" \/>\n<meta property=\"og:site_name\" content=\"Felgenforum\" \/>\n<meta property=\"article:modified_time\" content=\"2026-04-25T13:14:51+00:00\" \/>\n<meta property=\"og:image\" content=\"https:\/\/felgenforum.shop\/wp-content\/uploads\/2025\/09\/reifendrucksensor-vorprogrammiert-fuer-bmw-aktuelle-modelle-featured-1000px.webp\" \/>\n\t<meta property=\"og:image:width\" content=\"500\" \/>\n\t<meta property=\"og:image:height\" content=\"500\" \/>\n\t<meta property=\"og:image:type\" content=\"image\/png\" \/>\n<meta name=\"twitter:card\" content=\"summary_large_image\" \/>\n<script type=\"application\/ld+json\" class=\"yoast-schema-graph\">{\"@context\":\"https:\\\/\\\/schema.org\",\"@graph\":[{\"@type\":\"WebPage\",\"@id\":\"https:\\\/\\\/felgenforum.shop\\\/produkt\\\/reifendrucksensor-vorprogrammiert-fuer-bmw-aktuelle-modelle\\\/\",\"url\":\"https:\\\/\\\/felgenforum.shop\\\/produkt\\\/reifendrucksensor-vorprogrammiert-fuer-bmw-aktuelle-modelle\\\/\",\"name\":\"Reifendrucksensor vorprogrammiert f\u00fcr BMW aktuelle Modelle g\u00fcnstig kaufen - Felgenforum\",\"isPartOf\":{\"@id\":\"https:\\\/\\\/felgenforum.shop\\\/#website\"},\"primaryImageOfPage\":{\"@id\":\"https:\\\/\\\/felgenforum.shop\\\/produkt\\\/reifendrucksensor-vorprogrammiert-fuer-bmw-aktuelle-modelle\\\/#primaryimage\"},\"image\":{\"@id\":\"https:\\\/\\\/felgenforum.shop\\\/produkt\\\/reifendrucksensor-vorprogrammiert-fuer-bmw-aktuelle-modelle\\\/#primaryimage\"},\"thumbnailUrl\":\"https:\\\/\\\/felgenforum.shop\\\/wp-content\\\/uploads\\\/2025\\\/09\\\/reifendrucksensor-vorprogrammiert-fuer-bmw-aktuelle-modelle-featured-1000px.webp\",\"datePublished\":\"2025-09-22T19:57:33+00:00\",\"dateModified\":\"2026-04-25T13:14:51+00:00\",\"description\":\"Reifendrucksensor vorprogrammiert f\u00fcr BMW aktuelle Modelle: Einfache Montage ohne Anlernen spart Zeit und Geld. Jetzt f\u00fcr mehr Sicherheit online bestellen!\",\"breadcrumb\":{\"@id\":\"https:\\\/\\\/felgenforum.shop\\\/produkt\\\/reifendrucksensor-vorprogrammiert-fuer-bmw-aktuelle-modelle\\\/#breadcrumb\"},\"inLanguage\":\"en-GB\",\"potentialAction\":[{\"@type\":\"ReadAction\",\"target\":[\"https:\\\/\\\/felgenforum.shop\\\/produkt\\\/reifendrucksensor-vorprogrammiert-fuer-bmw-aktuelle-modelle\\\/\"]}]},{\"@type\":\"ImageObject\",\"inLanguage\":\"en-GB\",\"@id\":\"https:\\\/\\\/felgenforum.shop\\\/produkt\\\/reifendrucksensor-vorprogrammiert-fuer-bmw-aktuelle-modelle\\\/#primaryimage\",\"url\":\"https:\\\/\\\/felgenforum.shop\\\/wp-content\\\/uploads\\\/2025\\\/09\\\/reifendrucksensor-vorprogrammiert-fuer-bmw-aktuelle-modelle-featured-1000px.webp\",\"contentUrl\":\"https:\\\/\\\/felgenforum.shop\\\/wp-content\\\/uploads\\\/2025\\\/09\\\/reifendrucksensor-vorprogrammiert-fuer-bmw-aktuelle-modelle-featured-1000px.webp\",\"width\":500,\"height\":500,\"caption\":\"Reifendrucksensor vorprogrammiert f\u00fcr BMW aktuelle Modelle zur schnellen und einfachen Montage\"},{\"@type\":\"BreadcrumbList\",\"@id\":\"https:\\\/\\\/felgenforum.shop\\\/produkt\\\/reifendrucksensor-vorprogrammiert-fuer-bmw-aktuelle-modelle\\\/#breadcrumb\",\"itemListElement\":[{\"@type\":\"ListItem\",\"position\":1,\"name\":\"Startseite\",\"item\":\"https:\\\/\\\/felgenforum.shop\\\/\"},{\"@type\":\"ListItem\",\"position\":2,\"name\":\"Shop\",\"item\":\"https:\\\/\\\/felgenforum.shop\\\/shop\\\/\"},{\"@type\":\"ListItem\",\"position\":3,\"name\":\"Reifendrucksensor vorprogrammiert f\u00fcr BMW aktuelle Modelle\"}]},{\"@type\":\"WebSite\",\"@id\":\"https:\\\/\\\/felgenforum.shop\\\/#website\",\"url\":\"https:\\\/\\\/felgenforum.shop\\\/\",\"name\":\"Felgenforum\",\"description\":\"\",\"potentialAction\":[{\"@type\":\"SearchAction\",\"target\":{\"@type\":\"EntryPoint\",\"urlTemplate\":\"https:\\\/\\\/felgenforum.shop\\\/?s={search_term_string}\"},\"query-input\":{\"@type\":\"PropertyValueSpecification\",\"valueRequired\":true,\"valueName\":\"search_term_string\"}}],\"inLanguage\":\"en-GB\"}]}<\/script>","yoast_head_json":{"title":"Reifendrucksensor vorprogrammiert f\u00fcr BMW aktuelle Modelle g\u00fcnstig kaufen - Felgenforum","description":"Reifendrucksensor vorprogrammiert f\u00fcr BMW aktuelle Modelle: Einfache Montage ohne Anlernen spart Zeit und Geld. Jetzt f\u00fcr mehr Sicherheit online bestellen!","robots":{"index":"index","follow":"follow","max-snippet":"max-snippet:-1","max-image-preview":"max-image-preview:large","max-video-preview":"max-video-preview:-1"},"canonical":"https:\/\/felgenforum.shop\/en\/product\/reifendrucksensor-vorprogrammiert-fuer-bmw-aktuelle-modelle\/","og_locale":"en_GB","og_type":"article","og_title":"Reifendrucksensor vorprogrammiert f\u00fcr BMW aktuelle Modelle g\u00fcnstig kaufen - Felgenforum","og_description":"Reifendrucksensor vorprogrammiert f\u00fcr BMW aktuelle Modelle: Einfache Montage ohne Anlernen spart Zeit und Geld. Jetzt f\u00fcr mehr Sicherheit online bestellen!","og_url":"https:\/\/felgenforum.shop\/en\/product\/reifendrucksensor-vorprogrammiert-fuer-bmw-aktuelle-modelle\/","og_site_name":"Felgenforum","article_modified_time":"2026-04-25T13:14:51+00:00","og_image":[{"width":500,"height":500,"url":"https:\/\/felgenforum.shop\/wp-content\/uploads\/2025\/09\/reifendrucksensor-vorprogrammiert-fuer-bmw-aktuelle-modelle-featured-1000px.webp","type":"image\/png"}],"twitter_card":"summary_large_image","schema":{"@context":"https:\/\/schema.org","@graph":[{"@type":"WebPage","@id":"https:\/\/felgenforum.shop\/produkt\/reifendrucksensor-vorprogrammiert-fuer-bmw-aktuelle-modelle\/","url":"https:\/\/felgenforum.shop\/produkt\/reifendrucksensor-vorprogrammiert-fuer-bmw-aktuelle-modelle\/","name":"Reifendrucksensor vorprogrammiert f\u00fcr BMW aktuelle Modelle g\u00fcnstig kaufen - Felgenforum","isPartOf":{"@id":"https:\/\/felgenforum.shop\/#website"},"primaryImageOfPage":{"@id":"https:\/\/felgenforum.shop\/produkt\/reifendrucksensor-vorprogrammiert-fuer-bmw-aktuelle-modelle\/#primaryimage"},"image":{"@id":"https:\/\/felgenforum.shop\/produkt\/reifendrucksensor-vorprogrammiert-fuer-bmw-aktuelle-modelle\/#primaryimage"},"thumbnailUrl":"https:\/\/felgenforum.shop\/wp-content\/uploads\/2025\/09\/reifendrucksensor-vorprogrammiert-fuer-bmw-aktuelle-modelle-featured-1000px.webp","datePublished":"2025-09-22T19:57:33+00:00","dateModified":"2026-04-25T13:14:51+00:00","description":"Reifendrucksensor vorprogrammiert f\u00fcr BMW aktuelle Modelle: Einfache Montage ohne Anlernen spart Zeit und Geld. Jetzt f\u00fcr mehr Sicherheit online bestellen!","breadcrumb":{"@id":"https:\/\/felgenforum.shop\/produkt\/reifendrucksensor-vorprogrammiert-fuer-bmw-aktuelle-modelle\/#breadcrumb"},"inLanguage":"en-GB","potentialAction":[{"@type":"ReadAction","target":["https:\/\/felgenforum.shop\/produkt\/reifendrucksensor-vorprogrammiert-fuer-bmw-aktuelle-modelle\/"]}]},{"@type":"ImageObject","inLanguage":"en-GB","@id":"https:\/\/felgenforum.shop\/produkt\/reifendrucksensor-vorprogrammiert-fuer-bmw-aktuelle-modelle\/#primaryimage","url":"https:\/\/felgenforum.shop\/wp-content\/uploads\/2025\/09\/reifendrucksensor-vorprogrammiert-fuer-bmw-aktuelle-modelle-featured-1000px.webp","contentUrl":"https:\/\/felgenforum.shop\/wp-content\/uploads\/2025\/09\/reifendrucksensor-vorprogrammiert-fuer-bmw-aktuelle-modelle-featured-1000px.webp","width":500,"height":500,"caption":"Reifendrucksensor vorprogrammiert f\u00fcr BMW aktuelle Modelle zur schnellen und einfachen Montage"},{"@type":"BreadcrumbList","@id":"https:\/\/felgenforum.shop\/produkt\/reifendrucksensor-vorprogrammiert-fuer-bmw-aktuelle-modelle\/#breadcrumb","itemListElement":[{"@type":"ListItem","position":1,"name":"Startseite","item":"https:\/\/felgenforum.shop\/"},{"@type":"ListItem","position":2,"name":"Shop","item":"https:\/\/felgenforum.shop\/shop\/"},{"@type":"ListItem","position":3,"name":"Reifendrucksensor vorprogrammiert f\u00fcr BMW aktuelle Modelle"}]},{"@type":"WebSite","@id":"https:\/\/felgenforum.shop\/#website","url":"https:\/\/felgenforum.shop\/","name":"Rim forum","description":"","potentialAction":[{"@type":"SearchAction","target":{"@type":"EntryPoint","urlTemplate":"https:\/\/felgenforum.shop\/?s={search_term_string}"},"query-input":{"@type":"PropertyValueSpecification","valueRequired":true,"valueName":"search_term_string"}}],"inLanguage":"en-GB"}]}},"_links":{"self":[{"href":"https:\/\/felgenforum.shop\/en\/wp-json\/wp\/v2\/product\/103222","targetHints":{"allow":["GET"]}}],"collection":[{"href":"https:\/\/felgenforum.shop\/en\/wp-json\/wp\/v2\/product"}],"about":[{"href":"https:\/\/felgenforum.shop\/en\/wp-json\/wp\/v2\/types\/product"}],"replies":[{"embeddable":true,"href":"https:\/\/felgenforum.shop\/en\/wp-json\/wp\/v2\/comments?post=103222"}],"wp:featuredmedia":[{"embeddable":true,"href":"https:\/\/felgenforum.shop\/en\/wp-json\/wp\/v2\/media\/104797"}],"wp:attachment":[{"href":"https:\/\/felgenforum.shop\/en\/wp-json\/wp\/v2\/media?parent=103222"}],"wp:term":[{"taxonomy":"product_brand","embeddable":true,"href":"https:\/\/felgenforum.shop\/en\/wp-json\/wp\/v2\/product_brand?post=103222"},{"taxonomy":"product_cat","embeddable":true,"href":"https:\/\/felgenforum.shop\/en\/wp-json\/wp\/v2\/product_cat?post=103222"},{"taxonomy":"product_tag","embeddable":true,"href":"https:\/\/felgenforum.shop\/en\/wp-json\/wp\/v2\/product_tag?post=103222"}],"curies":[{"name":"wp","href":"https:\/\/api.w.org\/{rel}","templated":true}]}}