{"id":103032,"date":"2025-09-22T21:17:45","date_gmt":"2025-09-22T19:17:45","guid":{"rendered":"https:\/\/felgenforum.shop\/?post_type=product&#038;p=103032"},"modified":"2026-04-25T15:14:46","modified_gmt":"2026-04-25T13:14:46","slug":"19-zoll-felgen-ff-wheels-ff01-anthrazit-fuer-audi-a8-s8-4e-4h-f8-d3-d4-d5-s-line","status":"publish","type":"product","link":"https:\/\/felgenforum.shop\/en\/product\/19-zoll-felgen-ff-wheels-ff01-anthrazit-fuer-audi-a8-s8-4e-4h-f8-d3-d4-d5-s-line\/","title":{"rendered":"19-inch FF Wheels FF01 anthracite rims for Audi A8 S8 4E 4H F8 D3 D4 D5 S-Line"},"content":{"rendered":"<h3>Welcome to an offer from Felgenforum.shop<\/h3>\n<p>In this offer we offer you a NEW set of FF-Wheels FF01 alloy wheels in glossy anthracite including ABE.<\/p>\n<p>NEW &amp; in original packaging.<\/p>\n<h3>Scope of delivery:<\/h3>\n<ul>\n<li>4 x\u00a0FF-Wheels FF01\u00a08,5&#215;19 ET35 5&#215;112 anthrazit gl\u00e4nzend<\/li>\n<li>Complete mounting hardware (if required according to the ABE)<\/li>\n<li>4x Hubcaps FF-Wheels FF01<\/li>\n<li>(Vehicle manufacturer&#039;s hubcap not included)<\/li>\n<li>1x Expert report (ABE)<\/li>\n<li>In most cases, the rims are therefore registration-free. If you have any questions about fitment or any registration requirements, our experienced team will be happy to help :).<\/li>\n<li>Please be sure to specify your vehicle after purchase.<\/li>\n<li>We offer this model in many other sizes and colors; please contact us if you have any other requests.<\/li>\n<\/ul>\n<h3>&gt;&gt;&gt;Complete wheels<\/h3>\n<h3>We are happy to offer you the desired rims as ready-to-install complete wheels with a tire of your choice.<\/h3>\n<p>Feel free to send us a non-binding inquiry :).<\/p>\n<p>The rims are the correct size for the following vehicles:<\/p>\n<h3>Audi<\/h3>\n<ul>\n<li>RS3 8V Sedan<\/li>\n<li>A4 S4 B8 B81 B9<\/li>\n<li>A5 S5 B8<\/li>\n<li>A6 S6 4F 4F1 C6 4G 4G1 C7 F2 C8 (Allroud)<\/li>\n<li>A7 4G 4G1<\/li>\n<li>A8 D3 D4 D5 4E 4H F8<\/li>\n<li>TT TTS 8J 8S FY<\/li>\n<li>TTRS 8J<\/li>\n<li>Q2 SQ2 GA<\/li>\n<li>Q3 RSQ3 8U 8U1 F3<\/li>\n<li>Q5 SQ5 8R FY<\/li>\n<\/ul>\n<h3>Volkswagen<\/h3>\n<ul>\n<li>Beetle 2<\/li>\n<li>Arteon 3H (R)<\/li>\n<li>Passat B8 B9<\/li>\n<li>Passat CC<\/li>\n<li>Scirocco (R)<\/li>\n<li>Sharan 7N<\/li>\n<li>Phaeton 3D<\/li>\n<li>Tiguan 5N1 5N2<\/li>\n<\/ul>\n<h3>Mercedes Benz<\/h3>\n<ul>\n<li>A35 AMG W177<\/li>\n<li>C-Class W203<\/li>\n<li>CLK W208 W209<\/li>\n<li>E-Class W211 W213<\/li>\n<li>CL Class C215 C216<\/li>\n<li>CLS W218<\/li>\n<li>GLC X253 X254<\/li>\n<li>S-Class W221 W222<\/li>\n<li>SL R230 R231<\/li>\n<li>SLK SLC R172<\/li>\n<\/ul>\n<h3>Seat Cupra<\/h3>\n<ul>\n<li>Ateca 5FP<\/li>\n<li>Alhambra 7N<\/li>\n<li>Formentor KM<\/li>\n<li>Tarraco KN<\/li>\n<\/ul>\n<h3>Skoda<\/h3>\n<ul>\n<li>Kodiaq<\/li>\n<li>Superb 3 4 3T<\/li>\n<\/ul>","protected":false},"excerpt":{"rendered":"<p>A set (4 pieces) of high-quality brand-name alloy wheels, model FF01, in size 8.5\u00d719 inches, bolt pattern 112 with 5 holes. Professionally inspected and packaged ready for shipping.<\/p>","protected":false},"featured_media":104461,"comment_status":"open","ping_status":"closed","template":"","meta":[],"product_brand":[],"product_cat":[1535,1237,1246,1086,1092,1236],"product_tag":[],"class_list":{"0":"post-103032","1":"product","2":"type-product","3":"status-publish","4":"has-post-thumbnail","6":"product_cat-19-zoll-audi","7":"product_cat-19-zoll-ff01-felgen","8":"product_cat-audi","9":"product_cat-felgen","10":"product_cat-ff-wheels","11":"product_cat-ff01","12":"product_shipping_class-felge","13":"pa_anzahl-der-einheiten-1484","14":"pa_einpresstiefe-et-1460","15":"pa_fahrzeugmarke-audi","16":"pa_farbe-anthrazit","17":"pa_felgenaufbau-einteilig-gegossen","18":"pa_felgenbreite-8-5","19":"pa_felgendesign-multi-speichen-felge","20":"pa_felgenfarbe-anthrazit","21":"pa_felgenmaterial-aluminium","22":"pa_felgenmodell-ff01","23":"pa_hersteller-ff-wheels","24":"pa_herstellergarantie-ja-zwei-jahre","25":"pa_herstellernummer-2245","26":"pa_im-lieferumfang-enthalten-bolzen","27":"pa_kompatibler-radschraubent-radbolzen","28":"pa_lochkreis-1439","29":"pa_lochzahl-1447","30":"pa_maximale-traglast-1554","31":"pa_mit-deckel-ja-nein-ja-von-ff-wheels","32":"pa_mittenlochbohrung-666-mm","33":"pa_modell-ff01","34":"pa_produktart-kreuzspeiche","35":"pa_zollgroesse-1448","37":"first","38":"instock","39":"taxable","40":"shipping-taxable","41":"purchasable","42":"product-type-simple"},"yoast_head":"<title>19 Zoll Felgen FF Wheels FF01 anthrazit f\u00fcr Audi A8 S8 4E 4H F8 D3 D4 D5 S-Line g\u00fcnstig kaufen - Felgenforum<\/title>\n<meta name=\"description\" content=\"19 Zoll Felgen FF Wheels FF01 anthrazit f\u00fcr Audi A8 S8 4E 4H F8 D3 D4 D5 S-Line online bestellen \u2794 Gepr\u00fcfte Qualit\u00e4t, Top Marken &amp; schneller Versand \u2714 Jetzt sicher bei Felgenforum kaufen!\" \/>\n<meta name=\"robots\" content=\"index, follow, max-snippet:-1, max-image-preview:large, max-video-preview:-1\" \/>\n<link rel=\"canonical\" href=\"https:\/\/felgenforum.shop\/en\/product\/19-zoll-felgen-ff-wheels-ff01-anthrazit-fuer-audi-a8-s8-4e-4h-f8-d3-d4-d5-s-line\/\" \/>\n<meta property=\"og:locale\" content=\"en_GB\" \/>\n<meta property=\"og:type\" content=\"article\" \/>\n<meta property=\"og:title\" content=\"19 Zoll Felgen FF Wheels FF01 anthrazit f\u00fcr Audi A8 S8 4E 4H F8 D3 D4 D5 S-Line g\u00fcnstig kaufen - Felgenforum\" \/>\n<meta property=\"og:description\" content=\"19 Zoll Felgen FF Wheels FF01 anthrazit f\u00fcr Audi A8 S8 4E 4H F8 D3 D4 D5 S-Line online bestellen \u2794 Gepr\u00fcfte Qualit\u00e4t, Top Marken &amp; schneller Versand \u2714 Jetzt sicher bei Felgenforum kaufen!\" \/>\n<meta property=\"og:url\" content=\"https:\/\/felgenforum.shop\/en\/product\/19-zoll-felgen-ff-wheels-ff01-anthrazit-fuer-audi-a8-s8-4e-4h-f8-d3-d4-d5-s-line\/\" \/>\n<meta property=\"og:site_name\" content=\"Felgenforum\" \/>\n<meta property=\"article:modified_time\" content=\"2026-04-25T13:14:46+00:00\" \/>\n<meta property=\"og:image\" content=\"https:\/\/felgenforum.shop\/wp-content\/uploads\/2025\/09\/19-zoll-felgen-ff-wheels-ff01-anthrazit-fuer-audi-a8-s8-4e-4h-f8-d3-d4-d5-s-line-featured-1000px.webp\" \/>\n\t<meta property=\"og:image:width\" content=\"1000\" \/>\n\t<meta property=\"og:image:height\" content=\"1000\" \/>\n\t<meta property=\"og:image:type\" content=\"image\/jpeg\" \/>\n<meta name=\"twitter:card\" content=\"summary_large_image\" \/>\n<meta name=\"twitter:label1\" content=\"Est. reading time\" \/>\n\t<meta name=\"twitter:data1\" content=\"1 minute\" \/>\n<script type=\"application\/ld+json\" class=\"yoast-schema-graph\">{\"@context\":\"https:\\\/\\\/schema.org\",\"@graph\":[{\"@type\":\"WebPage\",\"@id\":\"https:\\\/\\\/felgenforum.shop\\\/produkt\\\/19-zoll-felgen-ff-wheels-ff01-anthrazit-fuer-audi-a8-s8-4e-4h-f8-d3-d4-d5-s-line\\\/\",\"url\":\"https:\\\/\\\/felgenforum.shop\\\/produkt\\\/19-zoll-felgen-ff-wheels-ff01-anthrazit-fuer-audi-a8-s8-4e-4h-f8-d3-d4-d5-s-line\\\/\",\"name\":\"19 Zoll Felgen FF Wheels FF01 anthrazit f\u00fcr Audi A8 S8 4E 4H F8 D3 D4 D5 S-Line g\u00fcnstig kaufen - Felgenforum\",\"isPartOf\":{\"@id\":\"https:\\\/\\\/felgenforum.shop\\\/#website\"},\"primaryImageOfPage\":{\"@id\":\"https:\\\/\\\/felgenforum.shop\\\/produkt\\\/19-zoll-felgen-ff-wheels-ff01-anthrazit-fuer-audi-a8-s8-4e-4h-f8-d3-d4-d5-s-line\\\/#primaryimage\"},\"image\":{\"@id\":\"https:\\\/\\\/felgenforum.shop\\\/produkt\\\/19-zoll-felgen-ff-wheels-ff01-anthrazit-fuer-audi-a8-s8-4e-4h-f8-d3-d4-d5-s-line\\\/#primaryimage\"},\"thumbnailUrl\":\"https:\\\/\\\/felgenforum.shop\\\/wp-content\\\/uploads\\\/2025\\\/09\\\/19-zoll-felgen-ff-wheels-ff01-anthrazit-fuer-audi-a8-s8-4e-4h-f8-d3-d4-d5-s-line-featured-1000px.webp\",\"datePublished\":\"2025-09-22T19:17:45+00:00\",\"dateModified\":\"2026-04-25T13:14:46+00:00\",\"description\":\"19 Zoll Felgen FF Wheels FF01 anthrazit f\u00fcr Audi A8 S8 4E 4H F8 D3 D4 D5 S-Line online bestellen \u2794 Gepr\u00fcfte Qualit\u00e4t, Top Marken & schneller Versand \u2714 Jetzt sicher bei Felgenforum kaufen!\",\"breadcrumb\":{\"@id\":\"https:\\\/\\\/felgenforum.shop\\\/produkt\\\/19-zoll-felgen-ff-wheels-ff01-anthrazit-fuer-audi-a8-s8-4e-4h-f8-d3-d4-d5-s-line\\\/#breadcrumb\"},\"inLanguage\":\"en-GB\",\"potentialAction\":[{\"@type\":\"ReadAction\",\"target\":[\"https:\\\/\\\/felgenforum.shop\\\/produkt\\\/19-zoll-felgen-ff-wheels-ff01-anthrazit-fuer-audi-a8-s8-4e-4h-f8-d3-d4-d5-s-line\\\/\"]}]},{\"@type\":\"ImageObject\",\"inLanguage\":\"en-GB\",\"@id\":\"https:\\\/\\\/felgenforum.shop\\\/produkt\\\/19-zoll-felgen-ff-wheels-ff01-anthrazit-fuer-audi-a8-s8-4e-4h-f8-d3-d4-d5-s-line\\\/#primaryimage\",\"url\":\"https:\\\/\\\/felgenforum.shop\\\/wp-content\\\/uploads\\\/2025\\\/09\\\/19-zoll-felgen-ff-wheels-ff01-anthrazit-fuer-audi-a8-s8-4e-4h-f8-d3-d4-d5-s-line-featured-1000px.webp\",\"contentUrl\":\"https:\\\/\\\/felgenforum.shop\\\/wp-content\\\/uploads\\\/2025\\\/09\\\/19-zoll-felgen-ff-wheels-ff01-anthrazit-fuer-audi-a8-s8-4e-4h-f8-d3-d4-d5-s-line-featured-1000px.webp\",\"width\":1000,\"height\":1000},{\"@type\":\"BreadcrumbList\",\"@id\":\"https:\\\/\\\/felgenforum.shop\\\/produkt\\\/19-zoll-felgen-ff-wheels-ff01-anthrazit-fuer-audi-a8-s8-4e-4h-f8-d3-d4-d5-s-line\\\/#breadcrumb\",\"itemListElement\":[{\"@type\":\"ListItem\",\"position\":1,\"name\":\"Startseite\",\"item\":\"https:\\\/\\\/felgenforum.shop\\\/\"},{\"@type\":\"ListItem\",\"position\":2,\"name\":\"Shop\",\"item\":\"https:\\\/\\\/felgenforum.shop\\\/shop\\\/\"},{\"@type\":\"ListItem\",\"position\":3,\"name\":\"19 Zoll Felgen FF Wheels FF01 anthrazit f\u00fcr Audi A8 S8 4E 4H F8 D3 D4 D5 S-Line\"}]},{\"@type\":\"WebSite\",\"@id\":\"https:\\\/\\\/felgenforum.shop\\\/#website\",\"url\":\"https:\\\/\\\/felgenforum.shop\\\/\",\"name\":\"Felgenforum\",\"description\":\"\",\"potentialAction\":[{\"@type\":\"SearchAction\",\"target\":{\"@type\":\"EntryPoint\",\"urlTemplate\":\"https:\\\/\\\/felgenforum.shop\\\/?s={search_term_string}\"},\"query-input\":{\"@type\":\"PropertyValueSpecification\",\"valueRequired\":true,\"valueName\":\"search_term_string\"}}],\"inLanguage\":\"en-GB\"}]}<\/script>","yoast_head_json":{"title":"19 Zoll Felgen FF Wheels FF01 anthrazit f\u00fcr Audi A8 S8 4E 4H F8 D3 D4 D5 S-Line g\u00fcnstig kaufen - Felgenforum","description":"19 Zoll Felgen FF Wheels FF01 anthrazit f\u00fcr Audi A8 S8 4E 4H F8 D3 D4 D5 S-Line online bestellen \u2794 Gepr\u00fcfte Qualit\u00e4t, Top Marken & schneller Versand \u2714 Jetzt sicher bei Felgenforum kaufen!","robots":{"index":"index","follow":"follow","max-snippet":"max-snippet:-1","max-image-preview":"max-image-preview:large","max-video-preview":"max-video-preview:-1"},"canonical":"https:\/\/felgenforum.shop\/en\/product\/19-zoll-felgen-ff-wheels-ff01-anthrazit-fuer-audi-a8-s8-4e-4h-f8-d3-d4-d5-s-line\/","og_locale":"en_GB","og_type":"article","og_title":"19 Zoll Felgen FF Wheels FF01 anthrazit f\u00fcr Audi A8 S8 4E 4H F8 D3 D4 D5 S-Line g\u00fcnstig kaufen - Felgenforum","og_description":"19 Zoll Felgen FF Wheels FF01 anthrazit f\u00fcr Audi A8 S8 4E 4H F8 D3 D4 D5 S-Line online bestellen \u2794 Gepr\u00fcfte Qualit\u00e4t, Top Marken & schneller Versand \u2714 Jetzt sicher bei Felgenforum kaufen!","og_url":"https:\/\/felgenforum.shop\/en\/product\/19-zoll-felgen-ff-wheels-ff01-anthrazit-fuer-audi-a8-s8-4e-4h-f8-d3-d4-d5-s-line\/","og_site_name":"Felgenforum","article_modified_time":"2026-04-25T13:14:46+00:00","og_image":[{"width":1000,"height":1000,"url":"https:\/\/felgenforum.shop\/wp-content\/uploads\/2025\/09\/19-zoll-felgen-ff-wheels-ff01-anthrazit-fuer-audi-a8-s8-4e-4h-f8-d3-d4-d5-s-line-featured-1000px.webp","type":"image\/jpeg"}],"twitter_card":"summary_large_image","twitter_misc":{"Est. reading time":"1 minute"},"schema":{"@context":"https:\/\/schema.org","@graph":[{"@type":"WebPage","@id":"https:\/\/felgenforum.shop\/produkt\/19-zoll-felgen-ff-wheels-ff01-anthrazit-fuer-audi-a8-s8-4e-4h-f8-d3-d4-d5-s-line\/","url":"https:\/\/felgenforum.shop\/produkt\/19-zoll-felgen-ff-wheels-ff01-anthrazit-fuer-audi-a8-s8-4e-4h-f8-d3-d4-d5-s-line\/","name":"19 Zoll Felgen FF Wheels FF01 anthrazit f\u00fcr Audi A8 S8 4E 4H F8 D3 D4 D5 S-Line g\u00fcnstig kaufen - Felgenforum","isPartOf":{"@id":"https:\/\/felgenforum.shop\/#website"},"primaryImageOfPage":{"@id":"https:\/\/felgenforum.shop\/produkt\/19-zoll-felgen-ff-wheels-ff01-anthrazit-fuer-audi-a8-s8-4e-4h-f8-d3-d4-d5-s-line\/#primaryimage"},"image":{"@id":"https:\/\/felgenforum.shop\/produkt\/19-zoll-felgen-ff-wheels-ff01-anthrazit-fuer-audi-a8-s8-4e-4h-f8-d3-d4-d5-s-line\/#primaryimage"},"thumbnailUrl":"https:\/\/felgenforum.shop\/wp-content\/uploads\/2025\/09\/19-zoll-felgen-ff-wheels-ff01-anthrazit-fuer-audi-a8-s8-4e-4h-f8-d3-d4-d5-s-line-featured-1000px.webp","datePublished":"2025-09-22T19:17:45+00:00","dateModified":"2026-04-25T13:14:46+00:00","description":"19 Zoll Felgen FF Wheels FF01 anthrazit f\u00fcr Audi A8 S8 4E 4H F8 D3 D4 D5 S-Line online bestellen \u2794 Gepr\u00fcfte Qualit\u00e4t, Top Marken & schneller Versand \u2714 Jetzt sicher bei Felgenforum kaufen!","breadcrumb":{"@id":"https:\/\/felgenforum.shop\/produkt\/19-zoll-felgen-ff-wheels-ff01-anthrazit-fuer-audi-a8-s8-4e-4h-f8-d3-d4-d5-s-line\/#breadcrumb"},"inLanguage":"en-GB","potentialAction":[{"@type":"ReadAction","target":["https:\/\/felgenforum.shop\/produkt\/19-zoll-felgen-ff-wheels-ff01-anthrazit-fuer-audi-a8-s8-4e-4h-f8-d3-d4-d5-s-line\/"]}]},{"@type":"ImageObject","inLanguage":"en-GB","@id":"https:\/\/felgenforum.shop\/produkt\/19-zoll-felgen-ff-wheels-ff01-anthrazit-fuer-audi-a8-s8-4e-4h-f8-d3-d4-d5-s-line\/#primaryimage","url":"https:\/\/felgenforum.shop\/wp-content\/uploads\/2025\/09\/19-zoll-felgen-ff-wheels-ff01-anthrazit-fuer-audi-a8-s8-4e-4h-f8-d3-d4-d5-s-line-featured-1000px.webp","contentUrl":"https:\/\/felgenforum.shop\/wp-content\/uploads\/2025\/09\/19-zoll-felgen-ff-wheels-ff01-anthrazit-fuer-audi-a8-s8-4e-4h-f8-d3-d4-d5-s-line-featured-1000px.webp","width":1000,"height":1000},{"@type":"BreadcrumbList","@id":"https:\/\/felgenforum.shop\/produkt\/19-zoll-felgen-ff-wheels-ff01-anthrazit-fuer-audi-a8-s8-4e-4h-f8-d3-d4-d5-s-line\/#breadcrumb","itemListElement":[{"@type":"ListItem","position":1,"name":"Startseite","item":"https:\/\/felgenforum.shop\/"},{"@type":"ListItem","position":2,"name":"Shop","item":"https:\/\/felgenforum.shop\/shop\/"},{"@type":"ListItem","position":3,"name":"19 Zoll Felgen FF Wheels FF01 anthrazit f\u00fcr Audi A8 S8 4E 4H F8 D3 D4 D5 S-Line"}]},{"@type":"WebSite","@id":"https:\/\/felgenforum.shop\/#website","url":"https:\/\/felgenforum.shop\/","name":"Rim forum","description":"","potentialAction":[{"@type":"SearchAction","target":{"@type":"EntryPoint","urlTemplate":"https:\/\/felgenforum.shop\/?s={search_term_string}"},"query-input":{"@type":"PropertyValueSpecification","valueRequired":true,"valueName":"search_term_string"}}],"inLanguage":"en-GB"}]}},"_links":{"self":[{"href":"https:\/\/felgenforum.shop\/en\/wp-json\/wp\/v2\/product\/103032","targetHints":{"allow":["GET"]}}],"collection":[{"href":"https:\/\/felgenforum.shop\/en\/wp-json\/wp\/v2\/product"}],"about":[{"href":"https:\/\/felgenforum.shop\/en\/wp-json\/wp\/v2\/types\/product"}],"replies":[{"embeddable":true,"href":"https:\/\/felgenforum.shop\/en\/wp-json\/wp\/v2\/comments?post=103032"}],"wp:featuredmedia":[{"embeddable":true,"href":"https:\/\/felgenforum.shop\/en\/wp-json\/wp\/v2\/media\/104461"}],"wp:attachment":[{"href":"https:\/\/felgenforum.shop\/en\/wp-json\/wp\/v2\/media?parent=103032"}],"wp:term":[{"taxonomy":"product_brand","embeddable":true,"href":"https:\/\/felgenforum.shop\/en\/wp-json\/wp\/v2\/product_brand?post=103032"},{"taxonomy":"product_cat","embeddable":true,"href":"https:\/\/felgenforum.shop\/en\/wp-json\/wp\/v2\/product_cat?post=103032"},{"taxonomy":"product_tag","embeddable":true,"href":"https:\/\/felgenforum.shop\/en\/wp-json\/wp\/v2\/product_tag?post=103032"}],"curies":[{"name":"wp","href":"https:\/\/api.w.org\/{rel}","templated":true}]}}