{"id":103027,"date":"2025-09-22T21:17:28","date_gmt":"2025-09-22T19:17:28","guid":{"rendered":"https:\/\/felgenforum.shop\/?post_type=product&#038;p=103027"},"modified":"2026-04-25T15:14:45","modified_gmt":"2026-04-25T13:14:45","slug":"19-zoll-felgen-ua1e-poliert-glanz-fuer-audi-a4-s4-b9-a5-b8-b9-a6-4g-4g1-c7-f2","status":"publish","type":"product","link":"https:\/\/felgenforum.shop\/en\/product\/19-zoll-felgen-ua1e-poliert-glanz-fuer-audi-a4-s4-b9-a5-b8-b9-a6-4g-4g1-c7-f2\/","title":{"rendered":"19-inch polished UA1E rims for Audi A4 S4 B9 A5 B8 B9 A6 4G 4G1 C7 F2"},"content":{"rendered":"<h3>Welcome to an offer from Felgenforum.shop<\/h3>\n<p>In this offer we offer you a NEW set of Ultra-Wheels UA1E alloy wheels in polished black including ABE.<\/p>\n<p>NEW &amp; in original packaging.<\/p>\n<h3>Scope of delivery:<\/h3>\n<ul>\n<li>4 x\u00a0UA1E\u00a08&#215;19 ET30 5&#215;112\u00a0schwarz poliert<\/li>\n<li>Complete mounting hardware (if required according to the ABE)<\/li>\n<li>4x Damina hubcaps<\/li>\n<li>1x Expert report (ABE)<\/li>\n<li>In most cases, the rims are therefore registration-free. If you have any questions about fitment or any registration requirements, our experienced team will be happy to help :).<\/li>\n<li>Please be sure to specify your vehicle after purchase.<\/li>\n<li>We offer this model in many other sizes and colors; please contact us if you have any other requests.<\/li>\n<\/ul>\n<h3>&gt;&gt;&gt;Complete wheels<\/h3>\n<h3>We are happy to offer you the desired rims as ready-to-install complete wheels with a tire of your choice.<\/h3>\n<p>Feel free to send us a non-binding inquiry :).<\/p>\n<p>The rims are the correct size for the following vehicles:<\/p>\n<h3>Audi<\/h3>\n<ul>\n<li>A4 S4 B8 B9 B81<\/li>\n<li>A5 B8 B9 S5<\/li>\n<li>A6 S6 4G 4G1 C7 F2 C8<\/li>\n<li>A7 4G 4G1 F2 S7<\/li>\n<li>A8 4H F8 S8<\/li>\n<li>Q3 F3<\/li>\n<li>Q5 8R FY SQ5<\/li>\n<\/ul>\n<h3>Volkswagen<\/h3>\n<ul>\n<li>Arteon 3H<\/li>\n<li>Passat CC<\/li>\n<li>Sirocco\u00a0<\/li>\n<li>Phaeton 3D<\/li>\n<li>Tiguan 5N1 5N2<\/li>\n<\/ul>\n<h3>Mercedes Benz<\/h3>\n<ul>\n<li>C-Class W203\u00a0<\/li>\n<li>CLK W208 W209<\/li>\n<li>E-Class W211 W213 W212 W217<\/li>\n<li>CL Class C216<\/li>\n<li>CLS Class W218 W219<\/li>\n<li>CLK Class W208 W209<\/li>\n<li>GLC W253 X253<\/li>\n<li>S-Class W220 W221 W222<\/li>\n<li>SL R230 R231<\/li>\n<li>SLK SLC R172 R171<\/li>\n<li>Seat<\/li>\n<li>Alahambra<\/li>\n<li>Ateca \/ Cupra<\/li>\n<li>Formentor \/ Cupra<\/li>\n<li>Tarraco<\/li>\n<\/ul>\n<h3>Skoda<\/h3>\n<ul>\n<li>Kodiaq<\/li>\n<li>Superb 3 4 3T<\/li>\n<\/ul>\n<h3>BMW<\/h3>\n<ul>\n<li>3 Series G20 G21 G3C G3K<\/li>\n<li>\u00a0 \u00a0 \u00a0 \u00a0 \u00a0 \u00a0 \u00a0 \u00a0 \u00a0 \u00a0 \u00a0 \u00a0 \u00a0 \u00a0 \u00a0 \u00a0 \u00a0 \u00a0 \u00a0 \u00a0 \u00a0 \u00a0 \u00a0 \u00a0 \u00a0 \u00a0 \u00a0 \u00a0 \u00a0 \u00a0 \u00a0 \u00a0 \u00a0 \u00a0 \u00a0 \u00a0 \u00a0 \u00a0 \u00a0 \u00a0 \u00a0 \u00a0 \u00a0 \u00a0 \u00a0 \u00a0 \u00a04er G22 G23 G26<\/li>\n<li>5 Series G30 G31<\/li>\n<li>6er G6GT G32<\/li>\n<li>\u00a0 \u00a0 \u00a0 \u00a0 \u00a0 \u00a0 \u00a0 \u00a0 \u00a0 \u00a0 \u00a0 \u00a0 \u00a0 \u00a0 \u00a0 \u00a0 \u00a0 \u00a0 \u00a0 \u00a0 \u00a0 \u00a0 \u00a0 \u00a0 \u00a0 \u00a0 \u00a0 \u00a0 \u00a0 \u00a0 \u00a0 \u00a0 \u00a0 \u00a0 \u00a0 \u00a0 \u00a0 \u00a0 \u00a0 \u00a0 \u00a0 \u00a0 \u00a0 \u00a0 \u00a0 \u00a0 \u00a0 \u00a0 \u00a0 \u00a0 7-series 7L<\/li>\n<li>\u00a0 \u00a0 \u00a0 \u00a0 \u00a0 \u00a0 \u00a0 \u00a0 \u00a0 \u00a0 \u00a0 \u00a0 \u00a0 \u00a0 \u00a0 \u00a0 \u00a0 \u00a0 \u00a0 \u00a0 \u00a0 \u00a0 \u00a0 \u00a0 \u00a0 \u00a0 \u00a0 \u00a0 \u00a0 \u00a0 \u00a0 \u00a0 \u00a0 \u00a0 \u00a0 \u00a0 \u00a0 \u00a0 \u00a0 \u00a0 \u00a0 \u00a0 \u00a0 \u00a0 \u00a0 \u00a0 \u00a0 \u00a0 \u00a0 \u00a0 Z4 G4Z<\/li>\n<li>X3 G01<\/li>\n<li>X4 G02<\/li>\n<\/ul>","protected":false},"excerpt":{"rendered":"<p>Ein Satz (4 St\u00fcck) hochwertige Marken-Alufelgen, Modell UA1E, in der Gr\u00f6\u00dfe 8&#215;19 Zoll, Lochkreis 112 mit 5 Loch. Professionell gepr\u00fcft und versandfertig verpackt.<\/p>","protected":false},"featured_media":104437,"comment_status":"open","ping_status":"closed","template":"","meta":[],"product_brand":[],"product_cat":[1535,1246,1086],"product_tag":[],"class_list":{"0":"post-103027","1":"product","2":"type-product","3":"status-publish","4":"has-post-thumbnail","6":"product_cat-19-zoll-audi","7":"product_cat-audi","8":"product_cat-felgen","9":"product_shipping_class-felge","10":"pa_anzahl-der-einheiten-1484","11":"pa_einpresstiefe-et-1450","12":"pa_fahrzeugmarke-audi","13":"pa_farbe-schwarz","14":"pa_felgenaufbau-einteilig-gegossen","15":"pa_felgenbreite-1474","16":"pa_felgenfarbe-schwarz-poliert","17":"pa_felgenmaterial-aluminium","18":"pa_felgenmodell-ua1e","19":"pa_hersteller-ultra-wheels","20":"pa_herstellergarantie-ja-zwei-jahre","21":"pa_herstellernummer-ue042","22":"pa_herstellungsland-und-regi-deutschland","23":"pa_lochkreis-1439","24":"pa_lochzahl-1447","25":"pa_maximale-traglast-750-kg","26":"pa_mit-deckel-ja-nein-ja-von-damina","27":"pa_mittenlochbohrung-1551","28":"pa_modell-ua1e","29":"pa_produktart-vielspeiche","30":"pa_zollgroesse-1448","32":"first","33":"instock","34":"taxable","35":"shipping-taxable","36":"purchasable","37":"product-type-simple"},"yoast_head":"<title>19 Zoll Felgen UA1E poliert glanz f\u00fcr Audi A4 S4 B9 A5 B8 B9 A6 4G 4G1 C7 F2 g\u00fcnstig kaufen - Felgenforum<\/title>\n<meta name=\"description\" content=\"Werten Sie Ihren Audi A4, A5 oder A6 mit 19 Zoll Felgen UA1E poliert glanz auf. Perfektes Design und hohe Qualit\u00e4t. Jetzt bei uns g\u00fcnstig kaufen!\" \/>\n<meta name=\"robots\" content=\"index, follow, max-snippet:-1, max-image-preview:large, max-video-preview:-1\" \/>\n<link rel=\"canonical\" href=\"https:\/\/felgenforum.shop\/en\/product\/19-zoll-felgen-ua1e-poliert-glanz-fuer-audi-a4-s4-b9-a5-b8-b9-a6-4g-4g1-c7-f2\/\" \/>\n<meta property=\"og:locale\" content=\"en_GB\" \/>\n<meta property=\"og:type\" content=\"article\" \/>\n<meta property=\"og:title\" content=\"19 Zoll Felgen UA1E poliert glanz f\u00fcr Audi A4 S4 B9 A5 B8 B9 A6 4G 4G1 C7 F2 g\u00fcnstig kaufen - Felgenforum\" \/>\n<meta property=\"og:description\" content=\"Werten Sie Ihren Audi A4, A5 oder A6 mit 19 Zoll Felgen UA1E poliert glanz auf. Perfektes Design und hohe Qualit\u00e4t. Jetzt bei uns g\u00fcnstig kaufen!\" \/>\n<meta property=\"og:url\" content=\"https:\/\/felgenforum.shop\/en\/product\/19-zoll-felgen-ua1e-poliert-glanz-fuer-audi-a4-s4-b9-a5-b8-b9-a6-4g-4g1-c7-f2\/\" \/>\n<meta property=\"og:site_name\" content=\"Felgenforum\" \/>\n<meta property=\"article:modified_time\" content=\"2026-04-25T13:14:45+00:00\" \/>\n<meta property=\"og:image\" content=\"https:\/\/felgenforum.shop\/wp-content\/uploads\/2025\/09\/19-zoll-felgen-ua1e-poliert-glanz-fuer-audi-a4-s4-b9-a5-b8-b9-a6-4g-4g1-c7-f2-featured-1000px.webp\" \/>\n\t<meta property=\"og:image:width\" content=\"1000\" \/>\n\t<meta property=\"og:image:height\" content=\"1000\" \/>\n\t<meta property=\"og:image:type\" content=\"image\/jpeg\" \/>\n<meta name=\"twitter:card\" content=\"summary_large_image\" \/>\n<meta name=\"twitter:label1\" content=\"Est. reading time\" \/>\n\t<meta name=\"twitter:data1\" content=\"1 minute\" \/>\n<script type=\"application\/ld+json\" class=\"yoast-schema-graph\">{\"@context\":\"https:\\\/\\\/schema.org\",\"@graph\":[{\"@type\":\"WebPage\",\"@id\":\"https:\\\/\\\/felgenforum.shop\\\/produkt\\\/19-zoll-felgen-ua1e-poliert-glanz-fuer-audi-a4-s4-b9-a5-b8-b9-a6-4g-4g1-c7-f2\\\/\",\"url\":\"https:\\\/\\\/felgenforum.shop\\\/produkt\\\/19-zoll-felgen-ua1e-poliert-glanz-fuer-audi-a4-s4-b9-a5-b8-b9-a6-4g-4g1-c7-f2\\\/\",\"name\":\"19 Zoll Felgen UA1E poliert glanz f\u00fcr Audi A4 S4 B9 A5 B8 B9 A6 4G 4G1 C7 F2 g\u00fcnstig kaufen - Felgenforum\",\"isPartOf\":{\"@id\":\"https:\\\/\\\/felgenforum.shop\\\/#website\"},\"primaryImageOfPage\":{\"@id\":\"https:\\\/\\\/felgenforum.shop\\\/produkt\\\/19-zoll-felgen-ua1e-poliert-glanz-fuer-audi-a4-s4-b9-a5-b8-b9-a6-4g-4g1-c7-f2\\\/#primaryimage\"},\"image\":{\"@id\":\"https:\\\/\\\/felgenforum.shop\\\/produkt\\\/19-zoll-felgen-ua1e-poliert-glanz-fuer-audi-a4-s4-b9-a5-b8-b9-a6-4g-4g1-c7-f2\\\/#primaryimage\"},\"thumbnailUrl\":\"https:\\\/\\\/felgenforum.shop\\\/wp-content\\\/uploads\\\/2025\\\/09\\\/19-zoll-felgen-ua1e-poliert-glanz-fuer-audi-a4-s4-b9-a5-b8-b9-a6-4g-4g1-c7-f2-featured-1000px.webp\",\"datePublished\":\"2025-09-22T19:17:28+00:00\",\"dateModified\":\"2026-04-25T13:14:45+00:00\",\"description\":\"Werten Sie Ihren Audi A4, A5 oder A6 mit 19 Zoll Felgen UA1E poliert glanz auf. Perfektes Design und hohe Qualit\u00e4t. Jetzt bei uns g\u00fcnstig kaufen!\",\"breadcrumb\":{\"@id\":\"https:\\\/\\\/felgenforum.shop\\\/produkt\\\/19-zoll-felgen-ua1e-poliert-glanz-fuer-audi-a4-s4-b9-a5-b8-b9-a6-4g-4g1-c7-f2\\\/#breadcrumb\"},\"inLanguage\":\"en-GB\",\"potentialAction\":[{\"@type\":\"ReadAction\",\"target\":[\"https:\\\/\\\/felgenforum.shop\\\/produkt\\\/19-zoll-felgen-ua1e-poliert-glanz-fuer-audi-a4-s4-b9-a5-b8-b9-a6-4g-4g1-c7-f2\\\/\"]}]},{\"@type\":\"ImageObject\",\"inLanguage\":\"en-GB\",\"@id\":\"https:\\\/\\\/felgenforum.shop\\\/produkt\\\/19-zoll-felgen-ua1e-poliert-glanz-fuer-audi-a4-s4-b9-a5-b8-b9-a6-4g-4g1-c7-f2\\\/#primaryimage\",\"url\":\"https:\\\/\\\/felgenforum.shop\\\/wp-content\\\/uploads\\\/2025\\\/09\\\/19-zoll-felgen-ua1e-poliert-glanz-fuer-audi-a4-s4-b9-a5-b8-b9-a6-4g-4g1-c7-f2-featured-1000px.webp\",\"contentUrl\":\"https:\\\/\\\/felgenforum.shop\\\/wp-content\\\/uploads\\\/2025\\\/09\\\/19-zoll-felgen-ua1e-poliert-glanz-fuer-audi-a4-s4-b9-a5-b8-b9-a6-4g-4g1-c7-f2-featured-1000px.webp\",\"width\":1000,\"height\":1000,\"caption\":\"Hochwertige 19 Zoll Felgen UA1E poliert glanz f\u00fcr Audi A4 Modelle\"},{\"@type\":\"BreadcrumbList\",\"@id\":\"https:\\\/\\\/felgenforum.shop\\\/produkt\\\/19-zoll-felgen-ua1e-poliert-glanz-fuer-audi-a4-s4-b9-a5-b8-b9-a6-4g-4g1-c7-f2\\\/#breadcrumb\",\"itemListElement\":[{\"@type\":\"ListItem\",\"position\":1,\"name\":\"Startseite\",\"item\":\"https:\\\/\\\/felgenforum.shop\\\/\"},{\"@type\":\"ListItem\",\"position\":2,\"name\":\"Shop\",\"item\":\"https:\\\/\\\/felgenforum.shop\\\/shop\\\/\"},{\"@type\":\"ListItem\",\"position\":3,\"name\":\"19 Zoll Felgen UA1E poliert glanz f\u00fcr Audi A4 S4 B9 A5 B8 B9 A6 4G 4G1 C7 F2\"}]},{\"@type\":\"WebSite\",\"@id\":\"https:\\\/\\\/felgenforum.shop\\\/#website\",\"url\":\"https:\\\/\\\/felgenforum.shop\\\/\",\"name\":\"Felgenforum\",\"description\":\"\",\"potentialAction\":[{\"@type\":\"SearchAction\",\"target\":{\"@type\":\"EntryPoint\",\"urlTemplate\":\"https:\\\/\\\/felgenforum.shop\\\/?s={search_term_string}\"},\"query-input\":{\"@type\":\"PropertyValueSpecification\",\"valueRequired\":true,\"valueName\":\"search_term_string\"}}],\"inLanguage\":\"en-GB\"}]}<\/script>","yoast_head_json":{"title":"19 Zoll Felgen UA1E poliert glanz f\u00fcr Audi A4 S4 B9 A5 B8 B9 A6 4G 4G1 C7 F2 g\u00fcnstig kaufen - Felgenforum","description":"Werten Sie Ihren Audi A4, A5 oder A6 mit 19 Zoll Felgen UA1E poliert glanz auf. Perfektes Design und hohe Qualit\u00e4t. Jetzt bei uns g\u00fcnstig kaufen!","robots":{"index":"index","follow":"follow","max-snippet":"max-snippet:-1","max-image-preview":"max-image-preview:large","max-video-preview":"max-video-preview:-1"},"canonical":"https:\/\/felgenforum.shop\/en\/product\/19-zoll-felgen-ua1e-poliert-glanz-fuer-audi-a4-s4-b9-a5-b8-b9-a6-4g-4g1-c7-f2\/","og_locale":"en_GB","og_type":"article","og_title":"19 Zoll Felgen UA1E poliert glanz f\u00fcr Audi A4 S4 B9 A5 B8 B9 A6 4G 4G1 C7 F2 g\u00fcnstig kaufen - Felgenforum","og_description":"Werten Sie Ihren Audi A4, A5 oder A6 mit 19 Zoll Felgen UA1E poliert glanz auf. Perfektes Design und hohe Qualit\u00e4t. Jetzt bei uns g\u00fcnstig kaufen!","og_url":"https:\/\/felgenforum.shop\/en\/product\/19-zoll-felgen-ua1e-poliert-glanz-fuer-audi-a4-s4-b9-a5-b8-b9-a6-4g-4g1-c7-f2\/","og_site_name":"Felgenforum","article_modified_time":"2026-04-25T13:14:45+00:00","og_image":[{"width":1000,"height":1000,"url":"https:\/\/felgenforum.shop\/wp-content\/uploads\/2025\/09\/19-zoll-felgen-ua1e-poliert-glanz-fuer-audi-a4-s4-b9-a5-b8-b9-a6-4g-4g1-c7-f2-featured-1000px.webp","type":"image\/jpeg"}],"twitter_card":"summary_large_image","twitter_misc":{"Est. reading time":"1 minute"},"schema":{"@context":"https:\/\/schema.org","@graph":[{"@type":"WebPage","@id":"https:\/\/felgenforum.shop\/produkt\/19-zoll-felgen-ua1e-poliert-glanz-fuer-audi-a4-s4-b9-a5-b8-b9-a6-4g-4g1-c7-f2\/","url":"https:\/\/felgenforum.shop\/produkt\/19-zoll-felgen-ua1e-poliert-glanz-fuer-audi-a4-s4-b9-a5-b8-b9-a6-4g-4g1-c7-f2\/","name":"19 Zoll Felgen UA1E poliert glanz f\u00fcr Audi A4 S4 B9 A5 B8 B9 A6 4G 4G1 C7 F2 g\u00fcnstig kaufen - Felgenforum","isPartOf":{"@id":"https:\/\/felgenforum.shop\/#website"},"primaryImageOfPage":{"@id":"https:\/\/felgenforum.shop\/produkt\/19-zoll-felgen-ua1e-poliert-glanz-fuer-audi-a4-s4-b9-a5-b8-b9-a6-4g-4g1-c7-f2\/#primaryimage"},"image":{"@id":"https:\/\/felgenforum.shop\/produkt\/19-zoll-felgen-ua1e-poliert-glanz-fuer-audi-a4-s4-b9-a5-b8-b9-a6-4g-4g1-c7-f2\/#primaryimage"},"thumbnailUrl":"https:\/\/felgenforum.shop\/wp-content\/uploads\/2025\/09\/19-zoll-felgen-ua1e-poliert-glanz-fuer-audi-a4-s4-b9-a5-b8-b9-a6-4g-4g1-c7-f2-featured-1000px.webp","datePublished":"2025-09-22T19:17:28+00:00","dateModified":"2026-04-25T13:14:45+00:00","description":"Werten Sie Ihren Audi A4, A5 oder A6 mit 19 Zoll Felgen UA1E poliert glanz auf. Perfektes Design und hohe Qualit\u00e4t. Jetzt bei uns g\u00fcnstig kaufen!","breadcrumb":{"@id":"https:\/\/felgenforum.shop\/produkt\/19-zoll-felgen-ua1e-poliert-glanz-fuer-audi-a4-s4-b9-a5-b8-b9-a6-4g-4g1-c7-f2\/#breadcrumb"},"inLanguage":"en-GB","potentialAction":[{"@type":"ReadAction","target":["https:\/\/felgenforum.shop\/produkt\/19-zoll-felgen-ua1e-poliert-glanz-fuer-audi-a4-s4-b9-a5-b8-b9-a6-4g-4g1-c7-f2\/"]}]},{"@type":"ImageObject","inLanguage":"en-GB","@id":"https:\/\/felgenforum.shop\/produkt\/19-zoll-felgen-ua1e-poliert-glanz-fuer-audi-a4-s4-b9-a5-b8-b9-a6-4g-4g1-c7-f2\/#primaryimage","url":"https:\/\/felgenforum.shop\/wp-content\/uploads\/2025\/09\/19-zoll-felgen-ua1e-poliert-glanz-fuer-audi-a4-s4-b9-a5-b8-b9-a6-4g-4g1-c7-f2-featured-1000px.webp","contentUrl":"https:\/\/felgenforum.shop\/wp-content\/uploads\/2025\/09\/19-zoll-felgen-ua1e-poliert-glanz-fuer-audi-a4-s4-b9-a5-b8-b9-a6-4g-4g1-c7-f2-featured-1000px.webp","width":1000,"height":1000,"caption":"Hochwertige 19 Zoll Felgen UA1E poliert glanz f\u00fcr Audi A4 Modelle"},{"@type":"BreadcrumbList","@id":"https:\/\/felgenforum.shop\/produkt\/19-zoll-felgen-ua1e-poliert-glanz-fuer-audi-a4-s4-b9-a5-b8-b9-a6-4g-4g1-c7-f2\/#breadcrumb","itemListElement":[{"@type":"ListItem","position":1,"name":"Startseite","item":"https:\/\/felgenforum.shop\/"},{"@type":"ListItem","position":2,"name":"Shop","item":"https:\/\/felgenforum.shop\/shop\/"},{"@type":"ListItem","position":3,"name":"19 Zoll Felgen UA1E poliert glanz f\u00fcr Audi A4 S4 B9 A5 B8 B9 A6 4G 4G1 C7 F2"}]},{"@type":"WebSite","@id":"https:\/\/felgenforum.shop\/#website","url":"https:\/\/felgenforum.shop\/","name":"Rim forum","description":"","potentialAction":[{"@type":"SearchAction","target":{"@type":"EntryPoint","urlTemplate":"https:\/\/felgenforum.shop\/?s={search_term_string}"},"query-input":{"@type":"PropertyValueSpecification","valueRequired":true,"valueName":"search_term_string"}}],"inLanguage":"en-GB"}]}},"_links":{"self":[{"href":"https:\/\/felgenforum.shop\/en\/wp-json\/wp\/v2\/product\/103027","targetHints":{"allow":["GET"]}}],"collection":[{"href":"https:\/\/felgenforum.shop\/en\/wp-json\/wp\/v2\/product"}],"about":[{"href":"https:\/\/felgenforum.shop\/en\/wp-json\/wp\/v2\/types\/product"}],"replies":[{"embeddable":true,"href":"https:\/\/felgenforum.shop\/en\/wp-json\/wp\/v2\/comments?post=103027"}],"wp:featuredmedia":[{"embeddable":true,"href":"https:\/\/felgenforum.shop\/en\/wp-json\/wp\/v2\/media\/104437"}],"wp:attachment":[{"href":"https:\/\/felgenforum.shop\/en\/wp-json\/wp\/v2\/media?parent=103027"}],"wp:term":[{"taxonomy":"product_brand","embeddable":true,"href":"https:\/\/felgenforum.shop\/en\/wp-json\/wp\/v2\/product_brand?post=103027"},{"taxonomy":"product_cat","embeddable":true,"href":"https:\/\/felgenforum.shop\/en\/wp-json\/wp\/v2\/product_cat?post=103027"},{"taxonomy":"product_tag","embeddable":true,"href":"https:\/\/felgenforum.shop\/en\/wp-json\/wp\/v2\/product_tag?post=103027"}],"curies":[{"name":"wp","href":"https:\/\/api.w.org\/{rel}","templated":true}]}}