{"id":102834,"date":"2025-09-22T20:39:13","date_gmt":"2025-09-22T18:39:13","guid":{"rendered":"https:\/\/felgenforum.shop\/?post_type=product&#038;p=102834"},"modified":"2026-04-25T15:14:40","modified_gmt":"2026-04-25T13:14:40","slug":"ff01-19-zoll-winterraeder-winterreifen-komplettraeder-fuer-mercedes-clk-klasse-w209","status":"publish","type":"product","link":"https:\/\/felgenforum.shop\/en\/product\/ff01-19-zoll-winterraeder-winterreifen-komplettraeder-fuer-mercedes-clk-klasse-w209\/","title":{"rendered":"FF01 19 inch winter wheels, winter tires, complete wheels for Mercedes CLK class W209"},"content":{"rendered":"<h3>Welcome to an offer from Felgenforum.shop<\/h3>\n<p>In this offer we offer you a NEW set of complete winter wheels in glossy anthracite including ABE (German type approval).<\/p>\n<p>4x fully pre-assembled and balanced complete wheels<\/p>\n<p>consisting of:<\/p>\n<p>4x Alufelge FF Wheels FF01 anthrazit 8,5&#215;19 ET30 LK5\/112<\/p>\n<p>+<\/p>\n<p>4x winter tires 225\/35 R19 88V from current daily purchase<\/p>\n<p>fully assembled and balanced<\/p>\n<p>(including black weights and black metal valves)<\/p>\n<p>NEW<\/p>\n<h3>Scope of delivery:<\/h3>\n<ul>\n<li>4 x FF Wheels FF01 8,5&#215;19 ET30 5&#215;112 anthrazit gl\u00e4nzend<\/li>\n<li>Complete mounting hardware (if required according to the ABE)<\/li>\n<li>4x winter tires from current daily purchase 225\/35 R19 88V<\/li>\n<li>4x Hubcaps FF Wheels<\/li>\n<li>(Vehicle manufacturer&#039;s hubcap not included)<\/li>\n<li>1x Expert report (ABE)<\/li>\n<li>In most cases, the complete wheel sets are therefore registration-free. If you have any questions about fitment or any registration requirements, our experienced team will be happy to assist you :).<\/li>\n<li>Please be sure to specify your vehicle after purchase.<\/li>\n<li>We offer this model in many other sizes and colors; please contact us if you have any other requests.<\/li>\n<li>&gt;&gt;&gt;Wishful tires<\/li>\n<li>Do you have a specific request regarding tire brand or tire quality? No problem!<\/li>\n<li>We would be happy to create individual complete wheel offers for you :).<\/li>\n<li>The tire brand and type shown in the pictures may differ. The scope of delivery is as listed in the item description.<\/li>\n<li>The complete wheels are suitable for, among others:<\/li>\n<li>Mercedes<\/li>\n<li>C-Class W203 S203<\/li>\n<li>CLC Class C203<\/li>\n<li>CLK W209<\/li>\n<li>SLK R170 R171 R172<\/li>\n<\/ul>","protected":false},"excerpt":{"rendered":"<p>A set (4 pieces) of ready-to-drive FF Wheels complete wheels, professionally mounted and balanced.<\/p>\n<p><strong>Rim details:<\/strong> 8,5&#215;19 Zoll, Lochkreis 112.<br \/><strong>Tire details:<\/strong> Daily shopping, tread depth: approx. NEW mm.<\/p>","protected":false},"featured_media":104094,"comment_status":"open","ping_status":"closed","template":"","meta":[],"product_brand":[],"product_cat":[1180,1237,1086,1092,1236,1179],"product_tag":[],"class_list":{"0":"post-102834","1":"product","2":"type-product","3":"status-publish","4":"has-post-thumbnail","6":"product_cat-19-zoll","7":"product_cat-19-zoll-ff01-felgen","8":"product_cat-felgen","9":"product_cat-ff-wheels","10":"product_cat-ff01","11":"product_cat-mercedes","12":"product_shipping_class-komplettrad","13":"pa_anzahl-der-komplettraeder-1433","14":"pa_einpresstiefe-et-1450","15":"pa_eisgriffigkeit-ja","16":"pa_fahrzeugmarke-mercedes","17":"pa_fahrzeugtyp-allradfahrzeug","18":"pa_felgenaufbau-einteilig-gegossen","19":"pa_felgenbreite-8-5","20":"pa_felgendesign-10-speichen","21":"pa_felgenfarbe-anthrazit","22":"pa_felgenhersteller-ff-wheels","23":"pa_felgenmaterial-aluminium","24":"pa_felgenmodell-ff01","25":"pa_geschwindigkeitsindex-v-bis-240-km-h","26":"pa_herstellernummer-felge-1591","27":"pa_lastbereich-xl","28":"pa_lochkreis-1439","29":"pa_lochzahl-1447","30":"pa_mittenlochbohrung-666-mm","31":"pa_profiltiefe-neu","32":"pa_reifenbauart-r-radialreifen","33":"pa_reifenbreite-1432","34":"pa_reifendurchmesser-1436","35":"pa_reifenhersteller-tageseinkauf","36":"pa_reifenmodell-tageseinkauf","37":"pa_reifenquerschnitt-1434","38":"pa_reifenspezifikation-winterreifen","39":"pa_run-flat-nein","40":"pa_schneeflocken-symbol-ja","41":"pa_tragfaehigkeitsindex-88-max-560-kg-je-reifen","42":"pa_zollgroesse-1448","44":"first","45":"instock","46":"sale","47":"taxable","48":"shipping-taxable","49":"purchasable","50":"product-type-simple"},"yoast_head":"<title>FF01 19 Zoll Winterr\u00e4der Winterreifen Komplettr\u00e4der f\u00fcr Mercedes CLK Klasse W209 g\u00fcnstig kaufen - Felgenforum<\/title>\n<meta name=\"description\" content=\"FF01 19 Zoll Winterr\u00e4der f\u00fcr Mercedes CLK Klasse W209 bieten maximale Sicherheit und sportliches Design im Winter. Jetzt online entdecken und kaufen!\" \/>\n<meta name=\"robots\" content=\"index, follow, max-snippet:-1, max-image-preview:large, max-video-preview:-1\" \/>\n<link rel=\"canonical\" href=\"https:\/\/felgenforum.shop\/en\/product\/ff01-19-zoll-winterraeder-winterreifen-komplettraeder-fuer-mercedes-clk-klasse-w209\/\" \/>\n<meta property=\"og:locale\" content=\"en_GB\" \/>\n<meta property=\"og:type\" content=\"article\" \/>\n<meta property=\"og:title\" content=\"FF01 19 Zoll Winterr\u00e4der Winterreifen Komplettr\u00e4der f\u00fcr Mercedes CLK Klasse W209 g\u00fcnstig kaufen - Felgenforum\" \/>\n<meta property=\"og:description\" content=\"FF01 19 Zoll Winterr\u00e4der f\u00fcr Mercedes CLK Klasse W209 bieten maximale Sicherheit und sportliches Design im Winter. Jetzt online entdecken und kaufen!\" \/>\n<meta property=\"og:url\" content=\"https:\/\/felgenforum.shop\/en\/product\/ff01-19-zoll-winterraeder-winterreifen-komplettraeder-fuer-mercedes-clk-klasse-w209\/\" \/>\n<meta property=\"og:site_name\" content=\"Felgenforum\" \/>\n<meta property=\"article:modified_time\" content=\"2026-04-25T13:14:40+00:00\" \/>\n<meta property=\"og:image\" content=\"https:\/\/felgenforum.shop\/wp-content\/uploads\/2025\/09\/ff01-19-zoll-winterraeder-winterreifen-komplettraeder-fuer-mercedes-clk-klasse-w209-featured-1000px.webp\" \/>\n\t<meta property=\"og:image:width\" content=\"1000\" \/>\n\t<meta property=\"og:image:height\" content=\"1000\" \/>\n\t<meta property=\"og:image:type\" content=\"image\/jpeg\" \/>\n<meta name=\"twitter:card\" content=\"summary_large_image\" \/>\n<meta name=\"twitter:label1\" content=\"Est. reading time\" \/>\n\t<meta name=\"twitter:data1\" content=\"1 minute\" \/>\n<script type=\"application\/ld+json\" class=\"yoast-schema-graph\">{\"@context\":\"https:\\\/\\\/schema.org\",\"@graph\":[{\"@type\":\"WebPage\",\"@id\":\"https:\\\/\\\/felgenforum.shop\\\/produkt\\\/ff01-19-zoll-winterraeder-winterreifen-komplettraeder-fuer-mercedes-clk-klasse-w209\\\/\",\"url\":\"https:\\\/\\\/felgenforum.shop\\\/produkt\\\/ff01-19-zoll-winterraeder-winterreifen-komplettraeder-fuer-mercedes-clk-klasse-w209\\\/\",\"name\":\"FF01 19 Zoll Winterr\u00e4der Winterreifen Komplettr\u00e4der f\u00fcr Mercedes CLK Klasse W209 g\u00fcnstig kaufen - Felgenforum\",\"isPartOf\":{\"@id\":\"https:\\\/\\\/felgenforum.shop\\\/#website\"},\"primaryImageOfPage\":{\"@id\":\"https:\\\/\\\/felgenforum.shop\\\/produkt\\\/ff01-19-zoll-winterraeder-winterreifen-komplettraeder-fuer-mercedes-clk-klasse-w209\\\/#primaryimage\"},\"image\":{\"@id\":\"https:\\\/\\\/felgenforum.shop\\\/produkt\\\/ff01-19-zoll-winterraeder-winterreifen-komplettraeder-fuer-mercedes-clk-klasse-w209\\\/#primaryimage\"},\"thumbnailUrl\":\"https:\\\/\\\/felgenforum.shop\\\/wp-content\\\/uploads\\\/2025\\\/09\\\/ff01-19-zoll-winterraeder-winterreifen-komplettraeder-fuer-mercedes-clk-klasse-w209-featured-1000px.webp\",\"datePublished\":\"2025-09-22T18:39:13+00:00\",\"dateModified\":\"2026-04-25T13:14:40+00:00\",\"description\":\"FF01 19 Zoll Winterr\u00e4der f\u00fcr Mercedes CLK Klasse W209 bieten maximale Sicherheit und sportliches Design im Winter. Jetzt online entdecken und kaufen!\",\"breadcrumb\":{\"@id\":\"https:\\\/\\\/felgenforum.shop\\\/produkt\\\/ff01-19-zoll-winterraeder-winterreifen-komplettraeder-fuer-mercedes-clk-klasse-w209\\\/#breadcrumb\"},\"inLanguage\":\"en-GB\",\"potentialAction\":[{\"@type\":\"ReadAction\",\"target\":[\"https:\\\/\\\/felgenforum.shop\\\/produkt\\\/ff01-19-zoll-winterraeder-winterreifen-komplettraeder-fuer-mercedes-clk-klasse-w209\\\/\"]}]},{\"@type\":\"ImageObject\",\"inLanguage\":\"en-GB\",\"@id\":\"https:\\\/\\\/felgenforum.shop\\\/produkt\\\/ff01-19-zoll-winterraeder-winterreifen-komplettraeder-fuer-mercedes-clk-klasse-w209\\\/#primaryimage\",\"url\":\"https:\\\/\\\/felgenforum.shop\\\/wp-content\\\/uploads\\\/2025\\\/09\\\/ff01-19-zoll-winterraeder-winterreifen-komplettraeder-fuer-mercedes-clk-klasse-w209-featured-1000px.webp\",\"contentUrl\":\"https:\\\/\\\/felgenforum.shop\\\/wp-content\\\/uploads\\\/2025\\\/09\\\/ff01-19-zoll-winterraeder-winterreifen-komplettraeder-fuer-mercedes-clk-klasse-w209-featured-1000px.webp\",\"width\":1000,\"height\":1000,\"caption\":\"FF01 19 Zoll Winterr\u00e4der Komplettr\u00e4der f\u00fcr Mercedes CLK Klasse W209\"},{\"@type\":\"BreadcrumbList\",\"@id\":\"https:\\\/\\\/felgenforum.shop\\\/produkt\\\/ff01-19-zoll-winterraeder-winterreifen-komplettraeder-fuer-mercedes-clk-klasse-w209\\\/#breadcrumb\",\"itemListElement\":[{\"@type\":\"ListItem\",\"position\":1,\"name\":\"Startseite\",\"item\":\"https:\\\/\\\/felgenforum.shop\\\/\"},{\"@type\":\"ListItem\",\"position\":2,\"name\":\"Shop\",\"item\":\"https:\\\/\\\/felgenforum.shop\\\/shop\\\/\"},{\"@type\":\"ListItem\",\"position\":3,\"name\":\"FF01 19 Zoll Winterr\u00e4der Winterreifen Komplettr\u00e4der f\u00fcr Mercedes CLK Klasse W209\"}]},{\"@type\":\"WebSite\",\"@id\":\"https:\\\/\\\/felgenforum.shop\\\/#website\",\"url\":\"https:\\\/\\\/felgenforum.shop\\\/\",\"name\":\"Felgenforum\",\"description\":\"\",\"potentialAction\":[{\"@type\":\"SearchAction\",\"target\":{\"@type\":\"EntryPoint\",\"urlTemplate\":\"https:\\\/\\\/felgenforum.shop\\\/?s={search_term_string}\"},\"query-input\":{\"@type\":\"PropertyValueSpecification\",\"valueRequired\":true,\"valueName\":\"search_term_string\"}}],\"inLanguage\":\"en-GB\"}]}<\/script>","yoast_head_json":{"title":"FF01 19 Zoll Winterr\u00e4der Winterreifen Komplettr\u00e4der f\u00fcr Mercedes CLK Klasse W209 g\u00fcnstig kaufen - Felgenforum","description":"FF01 19 Zoll Winterr\u00e4der f\u00fcr Mercedes CLK Klasse W209 bieten maximale Sicherheit und sportliches Design im Winter. Jetzt online entdecken und kaufen!","robots":{"index":"index","follow":"follow","max-snippet":"max-snippet:-1","max-image-preview":"max-image-preview:large","max-video-preview":"max-video-preview:-1"},"canonical":"https:\/\/felgenforum.shop\/en\/product\/ff01-19-zoll-winterraeder-winterreifen-komplettraeder-fuer-mercedes-clk-klasse-w209\/","og_locale":"en_GB","og_type":"article","og_title":"FF01 19 Zoll Winterr\u00e4der Winterreifen Komplettr\u00e4der f\u00fcr Mercedes CLK Klasse W209 g\u00fcnstig kaufen - Felgenforum","og_description":"FF01 19 Zoll Winterr\u00e4der f\u00fcr Mercedes CLK Klasse W209 bieten maximale Sicherheit und sportliches Design im Winter. Jetzt online entdecken und kaufen!","og_url":"https:\/\/felgenforum.shop\/en\/product\/ff01-19-zoll-winterraeder-winterreifen-komplettraeder-fuer-mercedes-clk-klasse-w209\/","og_site_name":"Felgenforum","article_modified_time":"2026-04-25T13:14:40+00:00","og_image":[{"width":1000,"height":1000,"url":"https:\/\/felgenforum.shop\/wp-content\/uploads\/2025\/09\/ff01-19-zoll-winterraeder-winterreifen-komplettraeder-fuer-mercedes-clk-klasse-w209-featured-1000px.webp","type":"image\/jpeg"}],"twitter_card":"summary_large_image","twitter_misc":{"Est. reading time":"1 minute"},"schema":{"@context":"https:\/\/schema.org","@graph":[{"@type":"WebPage","@id":"https:\/\/felgenforum.shop\/produkt\/ff01-19-zoll-winterraeder-winterreifen-komplettraeder-fuer-mercedes-clk-klasse-w209\/","url":"https:\/\/felgenforum.shop\/produkt\/ff01-19-zoll-winterraeder-winterreifen-komplettraeder-fuer-mercedes-clk-klasse-w209\/","name":"FF01 19 Zoll Winterr\u00e4der Winterreifen Komplettr\u00e4der f\u00fcr Mercedes CLK Klasse W209 g\u00fcnstig kaufen - Felgenforum","isPartOf":{"@id":"https:\/\/felgenforum.shop\/#website"},"primaryImageOfPage":{"@id":"https:\/\/felgenforum.shop\/produkt\/ff01-19-zoll-winterraeder-winterreifen-komplettraeder-fuer-mercedes-clk-klasse-w209\/#primaryimage"},"image":{"@id":"https:\/\/felgenforum.shop\/produkt\/ff01-19-zoll-winterraeder-winterreifen-komplettraeder-fuer-mercedes-clk-klasse-w209\/#primaryimage"},"thumbnailUrl":"https:\/\/felgenforum.shop\/wp-content\/uploads\/2025\/09\/ff01-19-zoll-winterraeder-winterreifen-komplettraeder-fuer-mercedes-clk-klasse-w209-featured-1000px.webp","datePublished":"2025-09-22T18:39:13+00:00","dateModified":"2026-04-25T13:14:40+00:00","description":"FF01 19 Zoll Winterr\u00e4der f\u00fcr Mercedes CLK Klasse W209 bieten maximale Sicherheit und sportliches Design im Winter. Jetzt online entdecken und kaufen!","breadcrumb":{"@id":"https:\/\/felgenforum.shop\/produkt\/ff01-19-zoll-winterraeder-winterreifen-komplettraeder-fuer-mercedes-clk-klasse-w209\/#breadcrumb"},"inLanguage":"en-GB","potentialAction":[{"@type":"ReadAction","target":["https:\/\/felgenforum.shop\/produkt\/ff01-19-zoll-winterraeder-winterreifen-komplettraeder-fuer-mercedes-clk-klasse-w209\/"]}]},{"@type":"ImageObject","inLanguage":"en-GB","@id":"https:\/\/felgenforum.shop\/produkt\/ff01-19-zoll-winterraeder-winterreifen-komplettraeder-fuer-mercedes-clk-klasse-w209\/#primaryimage","url":"https:\/\/felgenforum.shop\/wp-content\/uploads\/2025\/09\/ff01-19-zoll-winterraeder-winterreifen-komplettraeder-fuer-mercedes-clk-klasse-w209-featured-1000px.webp","contentUrl":"https:\/\/felgenforum.shop\/wp-content\/uploads\/2025\/09\/ff01-19-zoll-winterraeder-winterreifen-komplettraeder-fuer-mercedes-clk-klasse-w209-featured-1000px.webp","width":1000,"height":1000,"caption":"FF01 19 Zoll Winterr\u00e4der Komplettr\u00e4der f\u00fcr Mercedes CLK Klasse W209"},{"@type":"BreadcrumbList","@id":"https:\/\/felgenforum.shop\/produkt\/ff01-19-zoll-winterraeder-winterreifen-komplettraeder-fuer-mercedes-clk-klasse-w209\/#breadcrumb","itemListElement":[{"@type":"ListItem","position":1,"name":"Startseite","item":"https:\/\/felgenforum.shop\/"},{"@type":"ListItem","position":2,"name":"Shop","item":"https:\/\/felgenforum.shop\/shop\/"},{"@type":"ListItem","position":3,"name":"FF01 19 Zoll Winterr\u00e4der Winterreifen Komplettr\u00e4der f\u00fcr Mercedes CLK Klasse W209"}]},{"@type":"WebSite","@id":"https:\/\/felgenforum.shop\/#website","url":"https:\/\/felgenforum.shop\/","name":"Rim forum","description":"","potentialAction":[{"@type":"SearchAction","target":{"@type":"EntryPoint","urlTemplate":"https:\/\/felgenforum.shop\/?s={search_term_string}"},"query-input":{"@type":"PropertyValueSpecification","valueRequired":true,"valueName":"search_term_string"}}],"inLanguage":"en-GB"}]}},"_links":{"self":[{"href":"https:\/\/felgenforum.shop\/en\/wp-json\/wp\/v2\/product\/102834","targetHints":{"allow":["GET"]}}],"collection":[{"href":"https:\/\/felgenforum.shop\/en\/wp-json\/wp\/v2\/product"}],"about":[{"href":"https:\/\/felgenforum.shop\/en\/wp-json\/wp\/v2\/types\/product"}],"replies":[{"embeddable":true,"href":"https:\/\/felgenforum.shop\/en\/wp-json\/wp\/v2\/comments?post=102834"}],"wp:featuredmedia":[{"embeddable":true,"href":"https:\/\/felgenforum.shop\/en\/wp-json\/wp\/v2\/media\/104094"}],"wp:attachment":[{"href":"https:\/\/felgenforum.shop\/en\/wp-json\/wp\/v2\/media?parent=102834"}],"wp:term":[{"taxonomy":"product_brand","embeddable":true,"href":"https:\/\/felgenforum.shop\/en\/wp-json\/wp\/v2\/product_brand?post=102834"},{"taxonomy":"product_cat","embeddable":true,"href":"https:\/\/felgenforum.shop\/en\/wp-json\/wp\/v2\/product_cat?post=102834"},{"taxonomy":"product_tag","embeddable":true,"href":"https:\/\/felgenforum.shop\/en\/wp-json\/wp\/v2\/product_tag?post=102834"}],"curies":[{"name":"wp","href":"https:\/\/api.w.org\/{rel}","templated":true}]}}