{"id":102398,"date":"2025-09-22T19:02:41","date_gmt":"2025-09-22T17:02:41","guid":{"rendered":"https:\/\/felgenforum.shop\/?post_type=product&#038;p=102398"},"modified":"2026-04-25T15:14:29","modified_gmt":"2026-04-25T13:14:29","slug":"wh39-19-zoll-felgen-winterraeder-235-255-winterkomplettraeder-vw-id4-id-4-pro-gtx","status":"publish","type":"product","link":"https:\/\/felgenforum.shop\/en\/product\/wh39-19-zoll-felgen-winterraeder-235-255-winterkomplettraeder-vw-id4-id-4-pro-gtx\/","title":{"rendered":"WH39 19-inch rims, winter wheels 235\/255, complete winter wheel set for VW ID.4 ID.4 PRO GTX"},"content":{"rendered":"<h3>Welcome to an offer from Felgenforum.shop<\/h3>\n<p>In this offer we offer you a NEW set of complete winter wheels in polished black including ABE (German type approval).<\/p>\n<p>4x fully pre-assembled and balanced complete wheels<\/p>\n<p>consisting of:<\/p>\n<p>4x Alufelge Wheelworld WH39 schwarz poliert 8,5&#215;19 ET45 LK5\/112<\/p>\n<p>+<\/p>\n<p>2x winter tires 235\/55 R19 105V from today&#039;s purchase<\/p>\n<p>2x winter tires 255\/50 R19 107V from current daily purchase<\/p>\n<p>+<\/p>\n<p>fully assembled and balanced<\/p>\n<p>(including black weights and black metal valves)<\/p>\n<p>NEW<\/p>\n<h3>Scope of delivery:<\/h3>\n<ul>\n<li>4 x Wheelworld WH39 8,5&#215;19 ET45 5&#215;112 schwarz poliert<\/li>\n<li>Complete mounting hardware (if required according to the ABE)<\/li>\n<li>2x winter tires from current daily purchase 235\/55 R19 105V<\/li>\n<li>2x winter tires from current daily purchase 255\/50 R19 107V<\/li>\n<li>4x Wheelworld hubcaps<\/li>\n<li>(Vehicle manufacturer&#039;s hubcap not included)<\/li>\n<li>1x Expert report (ABE)<\/li>\n<li>In most cases, the complete wheel sets are therefore registration-free. If you have any questions about fitment or any registration requirements, our experienced team will be happy to assist you :).<\/li>\n<li>Please be sure to specify your vehicle after purchase.<\/li>\n<li>We offer this model in many other sizes and colors; please contact us if you have any other requests.<\/li>\n<li>&gt;&gt;&gt;Wishful tires<\/li>\n<li>Do you have a specific request regarding tire brand or tire quality? No problem!<\/li>\n<li>We would be happy to create individual complete wheel offers for you :).<\/li>\n<li>The complete wheels are suitable for, among others:<\/li>\n<\/ul>\n<h3>Audi<\/h3>\n<ul>\n<li>Q4 FZ<\/li>\n<\/ul>\n<h3>Skoda<\/h3>\n<ul>\n<li>Enyaq 60 80 85 RS<\/li>\n<li>Cupra<\/li>\n<li>Tavascan<\/li>\n<li>VW<\/li>\n<li>ID.4<\/li>\n<li>ID.5<\/li>\n<\/ul>","protected":false},"excerpt":{"rendered":"<p>Ein Satz (4 St\u00fcck) hochwertige Marken-Alufelgen, Modell WH39, in der Gr\u00f6\u00dfe 8,5&#215;19 Zoll, Lochkreis 112 mit 5 Loch. Professionell gepr\u00fcft und versandfertig verpackt.<\/p>","protected":false},"featured_media":103299,"comment_status":"open","ping_status":"closed","template":"","meta":[],"product_brand":[],"product_cat":[1528,1086,1253],"product_tag":[],"class_list":{"0":"post-102398","1":"product","2":"type-product","3":"status-publish","4":"has-post-thumbnail","6":"product_cat-19-zoll-vw","7":"product_cat-felgen","8":"product_cat-vw","9":"product_shipping_class-komplettrad","10":"pa_anzahl-der-einheiten-1484","11":"pa_einpresstiefe-et-1508","12":"pa_fahrzeugmarke-vw","13":"pa_farbe-schwarz","14":"pa_felgenbreite-8-5","15":"pa_felgenfarbe-schwarz-poliert","16":"pa_felgenmodell-wh39","17":"pa_hersteller-wheelworld","18":"pa_herstellernummer-1914","19":"pa_lochkreis-1439","20":"pa_lochzahl-1447","21":"pa_maximale-traglast-1866","22":"pa_modell-wh39","23":"pa_zollgroesse-1448","25":"first","26":"instock","27":"sale","28":"taxable","29":"shipping-taxable","30":"purchasable","31":"product-type-simple"},"yoast_head":"<title>WH39 19 Zoll Felgen Winterr\u00e4der 235 255 Winterkomplettr\u00e4der VW ID4 ID.4 PRO GTX g\u00fcnstig kaufen - Felgenforum<\/title>\n<meta name=\"description\" content=\"Sichern Sie sich die WH39 19 Zoll Felgen Winterr\u00e4der f\u00fcr Ihren VW ID.4 PRO GTX. Maximale Sicherheit und Grip bei Schnee und Eis. Jetzt online entdecken!\" \/>\n<meta name=\"robots\" content=\"index, follow, max-snippet:-1, max-image-preview:large, max-video-preview:-1\" \/>\n<link rel=\"canonical\" href=\"https:\/\/felgenforum.shop\/en\/product\/wh39-19-zoll-felgen-winterraeder-235-255-winterkomplettraeder-vw-id4-id-4-pro-gtx\/\" \/>\n<meta property=\"og:locale\" content=\"en_GB\" \/>\n<meta property=\"og:type\" content=\"article\" \/>\n<meta property=\"og:title\" content=\"WH39 19 Zoll Felgen Winterr\u00e4der 235 255 Winterkomplettr\u00e4der VW ID4 ID.4 PRO GTX g\u00fcnstig kaufen - Felgenforum\" \/>\n<meta property=\"og:description\" content=\"Sichern Sie sich die WH39 19 Zoll Felgen Winterr\u00e4der f\u00fcr Ihren VW ID.4 PRO GTX. Maximale Sicherheit und Grip bei Schnee und Eis. Jetzt online entdecken!\" \/>\n<meta property=\"og:url\" content=\"https:\/\/felgenforum.shop\/en\/product\/wh39-19-zoll-felgen-winterraeder-235-255-winterkomplettraeder-vw-id4-id-4-pro-gtx\/\" \/>\n<meta property=\"og:site_name\" content=\"Felgenforum\" \/>\n<meta property=\"article:modified_time\" content=\"2026-04-25T13:14:29+00:00\" \/>\n<meta property=\"og:image\" content=\"https:\/\/felgenforum.shop\/wp-content\/uploads\/2025\/09\/wh39-19-zoll-felgen-winterraeder-235-255-winterkomplettraeder-vw-id4-id-4-pro-gtx-featured-1000px.webp\" \/>\n\t<meta property=\"og:image:width\" content=\"1000\" \/>\n\t<meta property=\"og:image:height\" content=\"1000\" \/>\n\t<meta property=\"og:image:type\" content=\"image\/jpeg\" \/>\n<meta name=\"twitter:card\" content=\"summary_large_image\" \/>\n<meta name=\"twitter:label1\" content=\"Est. reading time\" \/>\n\t<meta name=\"twitter:data1\" content=\"1 minute\" \/>\n<script type=\"application\/ld+json\" class=\"yoast-schema-graph\">{\"@context\":\"https:\\\/\\\/schema.org\",\"@graph\":[{\"@type\":\"WebPage\",\"@id\":\"https:\\\/\\\/felgenforum.shop\\\/produkt\\\/wh39-19-zoll-felgen-winterraeder-235-255-winterkomplettraeder-vw-id4-id-4-pro-gtx\\\/\",\"url\":\"https:\\\/\\\/felgenforum.shop\\\/produkt\\\/wh39-19-zoll-felgen-winterraeder-235-255-winterkomplettraeder-vw-id4-id-4-pro-gtx\\\/\",\"name\":\"WH39 19 Zoll Felgen Winterr\u00e4der 235 255 Winterkomplettr\u00e4der VW ID4 ID.4 PRO GTX g\u00fcnstig kaufen - Felgenforum\",\"isPartOf\":{\"@id\":\"https:\\\/\\\/felgenforum.shop\\\/#website\"},\"primaryImageOfPage\":{\"@id\":\"https:\\\/\\\/felgenforum.shop\\\/produkt\\\/wh39-19-zoll-felgen-winterraeder-235-255-winterkomplettraeder-vw-id4-id-4-pro-gtx\\\/#primaryimage\"},\"image\":{\"@id\":\"https:\\\/\\\/felgenforum.shop\\\/produkt\\\/wh39-19-zoll-felgen-winterraeder-235-255-winterkomplettraeder-vw-id4-id-4-pro-gtx\\\/#primaryimage\"},\"thumbnailUrl\":\"https:\\\/\\\/felgenforum.shop\\\/wp-content\\\/uploads\\\/2025\\\/09\\\/wh39-19-zoll-felgen-winterraeder-235-255-winterkomplettraeder-vw-id4-id-4-pro-gtx-featured-1000px.webp\",\"datePublished\":\"2025-09-22T17:02:41+00:00\",\"dateModified\":\"2026-04-25T13:14:29+00:00\",\"description\":\"Sichern Sie sich die WH39 19 Zoll Felgen Winterr\u00e4der f\u00fcr Ihren VW ID.4 PRO GTX. Maximale Sicherheit und Grip bei Schnee und Eis. Jetzt online entdecken!\",\"breadcrumb\":{\"@id\":\"https:\\\/\\\/felgenforum.shop\\\/produkt\\\/wh39-19-zoll-felgen-winterraeder-235-255-winterkomplettraeder-vw-id4-id-4-pro-gtx\\\/#breadcrumb\"},\"inLanguage\":\"en-GB\",\"potentialAction\":[{\"@type\":\"ReadAction\",\"target\":[\"https:\\\/\\\/felgenforum.shop\\\/produkt\\\/wh39-19-zoll-felgen-winterraeder-235-255-winterkomplettraeder-vw-id4-id-4-pro-gtx\\\/\"]}]},{\"@type\":\"ImageObject\",\"inLanguage\":\"en-GB\",\"@id\":\"https:\\\/\\\/felgenforum.shop\\\/produkt\\\/wh39-19-zoll-felgen-winterraeder-235-255-winterkomplettraeder-vw-id4-id-4-pro-gtx\\\/#primaryimage\",\"url\":\"https:\\\/\\\/felgenforum.shop\\\/wp-content\\\/uploads\\\/2025\\\/09\\\/wh39-19-zoll-felgen-winterraeder-235-255-winterkomplettraeder-vw-id4-id-4-pro-gtx-featured-1000px.webp\",\"contentUrl\":\"https:\\\/\\\/felgenforum.shop\\\/wp-content\\\/uploads\\\/2025\\\/09\\\/wh39-19-zoll-felgen-winterraeder-235-255-winterkomplettraeder-vw-id4-id-4-pro-gtx-featured-1000px.webp\",\"width\":1000,\"height\":1000,\"caption\":\"WH39 19 Zoll Felgen Winterr\u00e4der passend f\u00fcr VW ID.4 PRO GTX\"},{\"@type\":\"BreadcrumbList\",\"@id\":\"https:\\\/\\\/felgenforum.shop\\\/produkt\\\/wh39-19-zoll-felgen-winterraeder-235-255-winterkomplettraeder-vw-id4-id-4-pro-gtx\\\/#breadcrumb\",\"itemListElement\":[{\"@type\":\"ListItem\",\"position\":1,\"name\":\"Startseite\",\"item\":\"https:\\\/\\\/felgenforum.shop\\\/\"},{\"@type\":\"ListItem\",\"position\":2,\"name\":\"Shop\",\"item\":\"https:\\\/\\\/felgenforum.shop\\\/shop\\\/\"},{\"@type\":\"ListItem\",\"position\":3,\"name\":\"WH39 19 Zoll Felgen Winterr\u00e4der 235 255 Winterkomplettr\u00e4der VW ID4 ID.4 PRO GTX\"}]},{\"@type\":\"WebSite\",\"@id\":\"https:\\\/\\\/felgenforum.shop\\\/#website\",\"url\":\"https:\\\/\\\/felgenforum.shop\\\/\",\"name\":\"Felgenforum\",\"description\":\"\",\"potentialAction\":[{\"@type\":\"SearchAction\",\"target\":{\"@type\":\"EntryPoint\",\"urlTemplate\":\"https:\\\/\\\/felgenforum.shop\\\/?s={search_term_string}\"},\"query-input\":{\"@type\":\"PropertyValueSpecification\",\"valueRequired\":true,\"valueName\":\"search_term_string\"}}],\"inLanguage\":\"en-GB\"}]}<\/script>","yoast_head_json":{"title":"WH39 19 Zoll Felgen Winterr\u00e4der 235 255 Winterkomplettr\u00e4der VW ID4 ID.4 PRO GTX g\u00fcnstig kaufen - Felgenforum","description":"Sichern Sie sich die WH39 19 Zoll Felgen Winterr\u00e4der f\u00fcr Ihren VW ID.4 PRO GTX. Maximale Sicherheit und Grip bei Schnee und Eis. Jetzt online entdecken!","robots":{"index":"index","follow":"follow","max-snippet":"max-snippet:-1","max-image-preview":"max-image-preview:large","max-video-preview":"max-video-preview:-1"},"canonical":"https:\/\/felgenforum.shop\/en\/product\/wh39-19-zoll-felgen-winterraeder-235-255-winterkomplettraeder-vw-id4-id-4-pro-gtx\/","og_locale":"en_GB","og_type":"article","og_title":"WH39 19 Zoll Felgen Winterr\u00e4der 235 255 Winterkomplettr\u00e4der VW ID4 ID.4 PRO GTX g\u00fcnstig kaufen - Felgenforum","og_description":"Sichern Sie sich die WH39 19 Zoll Felgen Winterr\u00e4der f\u00fcr Ihren VW ID.4 PRO GTX. Maximale Sicherheit und Grip bei Schnee und Eis. Jetzt online entdecken!","og_url":"https:\/\/felgenforum.shop\/en\/product\/wh39-19-zoll-felgen-winterraeder-235-255-winterkomplettraeder-vw-id4-id-4-pro-gtx\/","og_site_name":"Felgenforum","article_modified_time":"2026-04-25T13:14:29+00:00","og_image":[{"width":1000,"height":1000,"url":"https:\/\/felgenforum.shop\/wp-content\/uploads\/2025\/09\/wh39-19-zoll-felgen-winterraeder-235-255-winterkomplettraeder-vw-id4-id-4-pro-gtx-featured-1000px.webp","type":"image\/jpeg"}],"twitter_card":"summary_large_image","twitter_misc":{"Est. reading time":"1 minute"},"schema":{"@context":"https:\/\/schema.org","@graph":[{"@type":"WebPage","@id":"https:\/\/felgenforum.shop\/produkt\/wh39-19-zoll-felgen-winterraeder-235-255-winterkomplettraeder-vw-id4-id-4-pro-gtx\/","url":"https:\/\/felgenforum.shop\/produkt\/wh39-19-zoll-felgen-winterraeder-235-255-winterkomplettraeder-vw-id4-id-4-pro-gtx\/","name":"WH39 19 Zoll Felgen Winterr\u00e4der 235 255 Winterkomplettr\u00e4der VW ID4 ID.4 PRO GTX g\u00fcnstig kaufen - Felgenforum","isPartOf":{"@id":"https:\/\/felgenforum.shop\/#website"},"primaryImageOfPage":{"@id":"https:\/\/felgenforum.shop\/produkt\/wh39-19-zoll-felgen-winterraeder-235-255-winterkomplettraeder-vw-id4-id-4-pro-gtx\/#primaryimage"},"image":{"@id":"https:\/\/felgenforum.shop\/produkt\/wh39-19-zoll-felgen-winterraeder-235-255-winterkomplettraeder-vw-id4-id-4-pro-gtx\/#primaryimage"},"thumbnailUrl":"https:\/\/felgenforum.shop\/wp-content\/uploads\/2025\/09\/wh39-19-zoll-felgen-winterraeder-235-255-winterkomplettraeder-vw-id4-id-4-pro-gtx-featured-1000px.webp","datePublished":"2025-09-22T17:02:41+00:00","dateModified":"2026-04-25T13:14:29+00:00","description":"Sichern Sie sich die WH39 19 Zoll Felgen Winterr\u00e4der f\u00fcr Ihren VW ID.4 PRO GTX. Maximale Sicherheit und Grip bei Schnee und Eis. Jetzt online entdecken!","breadcrumb":{"@id":"https:\/\/felgenforum.shop\/produkt\/wh39-19-zoll-felgen-winterraeder-235-255-winterkomplettraeder-vw-id4-id-4-pro-gtx\/#breadcrumb"},"inLanguage":"en-GB","potentialAction":[{"@type":"ReadAction","target":["https:\/\/felgenforum.shop\/produkt\/wh39-19-zoll-felgen-winterraeder-235-255-winterkomplettraeder-vw-id4-id-4-pro-gtx\/"]}]},{"@type":"ImageObject","inLanguage":"en-GB","@id":"https:\/\/felgenforum.shop\/produkt\/wh39-19-zoll-felgen-winterraeder-235-255-winterkomplettraeder-vw-id4-id-4-pro-gtx\/#primaryimage","url":"https:\/\/felgenforum.shop\/wp-content\/uploads\/2025\/09\/wh39-19-zoll-felgen-winterraeder-235-255-winterkomplettraeder-vw-id4-id-4-pro-gtx-featured-1000px.webp","contentUrl":"https:\/\/felgenforum.shop\/wp-content\/uploads\/2025\/09\/wh39-19-zoll-felgen-winterraeder-235-255-winterkomplettraeder-vw-id4-id-4-pro-gtx-featured-1000px.webp","width":1000,"height":1000,"caption":"WH39 19 Zoll Felgen Winterr\u00e4der passend f\u00fcr VW ID.4 PRO GTX"},{"@type":"BreadcrumbList","@id":"https:\/\/felgenforum.shop\/produkt\/wh39-19-zoll-felgen-winterraeder-235-255-winterkomplettraeder-vw-id4-id-4-pro-gtx\/#breadcrumb","itemListElement":[{"@type":"ListItem","position":1,"name":"Startseite","item":"https:\/\/felgenforum.shop\/"},{"@type":"ListItem","position":2,"name":"Shop","item":"https:\/\/felgenforum.shop\/shop\/"},{"@type":"ListItem","position":3,"name":"WH39 19 Zoll Felgen Winterr\u00e4der 235 255 Winterkomplettr\u00e4der VW ID4 ID.4 PRO GTX"}]},{"@type":"WebSite","@id":"https:\/\/felgenforum.shop\/#website","url":"https:\/\/felgenforum.shop\/","name":"Rim forum","description":"","potentialAction":[{"@type":"SearchAction","target":{"@type":"EntryPoint","urlTemplate":"https:\/\/felgenforum.shop\/?s={search_term_string}"},"query-input":{"@type":"PropertyValueSpecification","valueRequired":true,"valueName":"search_term_string"}}],"inLanguage":"en-GB"}]}},"_links":{"self":[{"href":"https:\/\/felgenforum.shop\/en\/wp-json\/wp\/v2\/product\/102398","targetHints":{"allow":["GET"]}}],"collection":[{"href":"https:\/\/felgenforum.shop\/en\/wp-json\/wp\/v2\/product"}],"about":[{"href":"https:\/\/felgenforum.shop\/en\/wp-json\/wp\/v2\/types\/product"}],"replies":[{"embeddable":true,"href":"https:\/\/felgenforum.shop\/en\/wp-json\/wp\/v2\/comments?post=102398"}],"wp:featuredmedia":[{"embeddable":true,"href":"https:\/\/felgenforum.shop\/en\/wp-json\/wp\/v2\/media\/103299"}],"wp:attachment":[{"href":"https:\/\/felgenforum.shop\/en\/wp-json\/wp\/v2\/media?parent=102398"}],"wp:term":[{"taxonomy":"product_brand","embeddable":true,"href":"https:\/\/felgenforum.shop\/en\/wp-json\/wp\/v2\/product_brand?post=102398"},{"taxonomy":"product_cat","embeddable":true,"href":"https:\/\/felgenforum.shop\/en\/wp-json\/wp\/v2\/product_cat?post=102398"},{"taxonomy":"product_tag","embeddable":true,"href":"https:\/\/felgenforum.shop\/en\/wp-json\/wp\/v2\/product_tag?post=102398"}],"curies":[{"name":"wp","href":"https:\/\/api.w.org\/{rel}","templated":true}]}}