{"id":101992,"date":"2025-09-22T17:37:44","date_gmt":"2025-09-22T15:37:44","guid":{"rendered":"https:\/\/felgenforum.shop\/?post_type=product&#038;p=101992"},"modified":"2026-04-25T15:14:18","modified_gmt":"2026-04-25T13:14:18","slug":"19-zoll-ax7-allwetterraeder-komplettraeder-allwetterreifen-mercedes-c-klasse-w205","status":"publish","type":"product","link":"https:\/\/felgenforum.shop\/en\/product\/19-zoll-ax7-allwetterraeder-komplettraeder-allwetterreifen-mercedes-c-klasse-w205\/","title":{"rendered":"19-inch AX7 all-weather wheels, complete wheels, all-weather tires for Mercedes C-Class W205"},"content":{"rendered":"<h3>Welcome to an offer from Felgenforum.shop<\/h3>\n<p>In this offer we offer you a NEW set of Axxion AX7 complete wheels with all-weather tires in polished black including ABE.<\/p>\n<p>NEW &amp; in original packaging.<\/p>\n<h3>Scope of delivery:<\/h3>\n<ul>\n<li>4 x Axxion AX7 schwarz poliert 8,5&#215;19 ET45 LK5\/112<\/li>\n<li>2x all-season tires from current daily purchase 225\/40 R19 93W<\/li>\n<li>2x all-season tires from current daily purchase 255\/35 R19 96W<\/li>\n<li>Complete mounting hardware (if required according to the ABE)<\/li>\n<li>4x TPMS tire pressure sensors pre-programmed<\/li>\n<li>4x Axxion hubcaps<\/li>\n<li>1x Expert report (ABE)<\/li>\n<li>In most cases, the rims are therefore registration-free. If you have any questions about fitment or any registration requirements, our experienced team will be happy to help :).<\/li>\n<li>Please be sure to specify your vehicle after purchase.<\/li>\n<li>We offer this model in many other sizes and colors; please contact us if you have any other requests.<\/li>\n<\/ul>\n<h3>&gt;&gt;&gt;Complete wheels<\/h3>\n<h3>We are happy to offer you the desired rims as ready-to-install complete wheels with a tire of your choice.<\/h3>\n<p>Feel free to send us a non-binding inquiry :).<\/p>\n<p>The rims are the correct size for the following vehicles:<\/p>\n<p>Mercedes<\/p>\n<p>C-Class W205 S205 A205 C205<\/p>","protected":false},"excerpt":{"rendered":"<p>A set (4 pieces) of ready-to-drive Axxion complete wheels, professionally mounted and balanced.<\/p>\n<p><strong>Rim details:<\/strong> 8,5&#215;19 Zoll, Lochkreis 112 mm.<br \/><strong>Tire details:<\/strong> Daily shopping. .<\/p>","protected":false},"featured_media":102558,"comment_status":"open","ping_status":"closed","template":"","meta":[],"product_brand":[],"product_cat":[1202],"product_tag":[],"class_list":{"0":"post-101992","1":"product","2":"type-product","3":"status-publish","4":"has-post-thumbnail","6":"product_cat-other","7":"product_shipping_class-komplettrad","8":"pa_anzahl-der-komplettraeder-1433","9":"pa_einpresstiefe-et-1508","10":"pa_eisgriffigkeit-ja","11":"pa_fahrzeugmarke-mercedes","12":"pa_felgenaufbau-einteilig-gegossen","13":"pa_felgenbreite-8-5","14":"pa_felgendesign-5-doppelspeichen","15":"pa_felgenfarbe-schwarz-poliert","16":"pa_felgenhersteller-axxion","17":"pa_felgenmaterial-aluminium","18":"pa_felgenmodell-ax7","19":"pa_geschwindigkeitsindex-w-bis-270-km-h","20":"pa_herstellernummer-felge-2253","21":"pa_herstellungsland-und-regi-deutschland","22":"pa_lastbereich-xl","23":"pa_lochkreis-1439","24":"pa_lochzahl-1447","25":"pa_mittenlochbohrung-726-mm","26":"pa_reifenbauart-r-radialreifen","27":"pa_reifenbreite-1432","28":"pa_reifendurchmesser-1436","29":"pa_reifenhersteller-tageseinkauf","30":"pa_reifenquerschnitt-1571","31":"pa_reifenspezifikation-ganzjahresreifen","32":"pa_run-flat-nein","33":"pa_schneeflocken-symbol-ja","34":"pa_tragfaehigkeitsindex-93-max-650-kg-je-reifen","35":"pa_zollgroesse-1448","37":"first","38":"instock","39":"sale","40":"taxable","41":"shipping-taxable","42":"purchasable","43":"product-type-simple"},"yoast_head":"<title>19 Zoll AX7 Allwetterr\u00e4der Komplettr\u00e4der Allwetterreifen Mercedes C Klasse W205 g\u00fcnstig kaufen - Felgenforum<\/title>\n<meta name=\"description\" content=\"Sicher durch das Jahr: 19 Zoll AX7 Allwetterr\u00e4der Komplettr\u00e4der f\u00fcr Mercedes C Klasse W205. Top-Performance bei jedem Wetter genie\u00dfen. Jetzt direkt kaufen!\" \/>\n<meta name=\"robots\" content=\"index, follow, max-snippet:-1, max-image-preview:large, max-video-preview:-1\" \/>\n<link rel=\"canonical\" href=\"https:\/\/felgenforum.shop\/en\/product\/19-zoll-ax7-allwetterraeder-komplettraeder-allwetterreifen-mercedes-c-klasse-w205\/\" \/>\n<meta property=\"og:locale\" content=\"en_GB\" \/>\n<meta property=\"og:type\" content=\"article\" \/>\n<meta property=\"og:title\" content=\"19 Zoll AX7 Allwetterr\u00e4der Komplettr\u00e4der Allwetterreifen Mercedes C Klasse W205 g\u00fcnstig kaufen - Felgenforum\" \/>\n<meta property=\"og:description\" content=\"Sicher durch das Jahr: 19 Zoll AX7 Allwetterr\u00e4der Komplettr\u00e4der f\u00fcr Mercedes C Klasse W205. Top-Performance bei jedem Wetter genie\u00dfen. Jetzt direkt kaufen!\" \/>\n<meta property=\"og:url\" content=\"https:\/\/felgenforum.shop\/en\/product\/19-zoll-ax7-allwetterraeder-komplettraeder-allwetterreifen-mercedes-c-klasse-w205\/\" \/>\n<meta property=\"og:site_name\" content=\"Felgenforum\" \/>\n<meta property=\"article:modified_time\" content=\"2026-04-25T13:14:18+00:00\" \/>\n<meta property=\"og:image\" content=\"https:\/\/felgenforum.shop\/wp-content\/uploads\/2025\/09\/19-zoll-ax7-allwetterraeder-komplettraeder-allwetterreifen-mercedes-c-klasse-w205-featured-1000px.webp\" \/>\n\t<meta property=\"og:image:width\" content=\"1000\" \/>\n\t<meta property=\"og:image:height\" content=\"1000\" \/>\n\t<meta property=\"og:image:type\" content=\"image\/jpeg\" \/>\n<meta name=\"twitter:card\" content=\"summary_large_image\" \/>\n<meta name=\"twitter:label1\" content=\"Est. reading time\" \/>\n\t<meta name=\"twitter:data1\" content=\"1 minute\" \/>\n<script type=\"application\/ld+json\" class=\"yoast-schema-graph\">{\"@context\":\"https:\\\/\\\/schema.org\",\"@graph\":[{\"@type\":\"WebPage\",\"@id\":\"https:\\\/\\\/felgenforum.shop\\\/produkt\\\/19-zoll-ax7-allwetterraeder-komplettraeder-allwetterreifen-mercedes-c-klasse-w205\\\/\",\"url\":\"https:\\\/\\\/felgenforum.shop\\\/produkt\\\/19-zoll-ax7-allwetterraeder-komplettraeder-allwetterreifen-mercedes-c-klasse-w205\\\/\",\"name\":\"19 Zoll AX7 Allwetterr\u00e4der Komplettr\u00e4der Allwetterreifen Mercedes C Klasse W205 g\u00fcnstig kaufen - Felgenforum\",\"isPartOf\":{\"@id\":\"https:\\\/\\\/felgenforum.shop\\\/#website\"},\"primaryImageOfPage\":{\"@id\":\"https:\\\/\\\/felgenforum.shop\\\/produkt\\\/19-zoll-ax7-allwetterraeder-komplettraeder-allwetterreifen-mercedes-c-klasse-w205\\\/#primaryimage\"},\"image\":{\"@id\":\"https:\\\/\\\/felgenforum.shop\\\/produkt\\\/19-zoll-ax7-allwetterraeder-komplettraeder-allwetterreifen-mercedes-c-klasse-w205\\\/#primaryimage\"},\"thumbnailUrl\":\"https:\\\/\\\/felgenforum.shop\\\/wp-content\\\/uploads\\\/2025\\\/09\\\/19-zoll-ax7-allwetterraeder-komplettraeder-allwetterreifen-mercedes-c-klasse-w205-featured-1000px.webp\",\"datePublished\":\"2025-09-22T15:37:44+00:00\",\"dateModified\":\"2026-04-25T13:14:18+00:00\",\"description\":\"Sicher durch das Jahr: 19 Zoll AX7 Allwetterr\u00e4der Komplettr\u00e4der f\u00fcr Mercedes C Klasse W205. Top-Performance bei jedem Wetter genie\u00dfen. Jetzt direkt kaufen!\",\"breadcrumb\":{\"@id\":\"https:\\\/\\\/felgenforum.shop\\\/produkt\\\/19-zoll-ax7-allwetterraeder-komplettraeder-allwetterreifen-mercedes-c-klasse-w205\\\/#breadcrumb\"},\"inLanguage\":\"en-GB\",\"potentialAction\":[{\"@type\":\"ReadAction\",\"target\":[\"https:\\\/\\\/felgenforum.shop\\\/produkt\\\/19-zoll-ax7-allwetterraeder-komplettraeder-allwetterreifen-mercedes-c-klasse-w205\\\/\"]}]},{\"@type\":\"ImageObject\",\"inLanguage\":\"en-GB\",\"@id\":\"https:\\\/\\\/felgenforum.shop\\\/produkt\\\/19-zoll-ax7-allwetterraeder-komplettraeder-allwetterreifen-mercedes-c-klasse-w205\\\/#primaryimage\",\"url\":\"https:\\\/\\\/felgenforum.shop\\\/wp-content\\\/uploads\\\/2025\\\/09\\\/19-zoll-ax7-allwetterraeder-komplettraeder-allwetterreifen-mercedes-c-klasse-w205-featured-1000px.webp\",\"contentUrl\":\"https:\\\/\\\/felgenforum.shop\\\/wp-content\\\/uploads\\\/2025\\\/09\\\/19-zoll-ax7-allwetterraeder-komplettraeder-allwetterreifen-mercedes-c-klasse-w205-featured-1000px.webp\",\"width\":1000,\"height\":1000,\"caption\":\"19 Zoll AX7 Allwetterr\u00e4der Komplettr\u00e4der f\u00fcr Mercedes C Klasse W205\"},{\"@type\":\"BreadcrumbList\",\"@id\":\"https:\\\/\\\/felgenforum.shop\\\/produkt\\\/19-zoll-ax7-allwetterraeder-komplettraeder-allwetterreifen-mercedes-c-klasse-w205\\\/#breadcrumb\",\"itemListElement\":[{\"@type\":\"ListItem\",\"position\":1,\"name\":\"Startseite\",\"item\":\"https:\\\/\\\/felgenforum.shop\\\/\"},{\"@type\":\"ListItem\",\"position\":2,\"name\":\"Shop\",\"item\":\"https:\\\/\\\/felgenforum.shop\\\/shop\\\/\"},{\"@type\":\"ListItem\",\"position\":3,\"name\":\"19 Zoll AX7 Allwetterr\u00e4der Komplettr\u00e4der Allwetterreifen Mercedes C Klasse W205\"}]},{\"@type\":\"WebSite\",\"@id\":\"https:\\\/\\\/felgenforum.shop\\\/#website\",\"url\":\"https:\\\/\\\/felgenforum.shop\\\/\",\"name\":\"Felgenforum\",\"description\":\"\",\"potentialAction\":[{\"@type\":\"SearchAction\",\"target\":{\"@type\":\"EntryPoint\",\"urlTemplate\":\"https:\\\/\\\/felgenforum.shop\\\/?s={search_term_string}\"},\"query-input\":{\"@type\":\"PropertyValueSpecification\",\"valueRequired\":true,\"valueName\":\"search_term_string\"}}],\"inLanguage\":\"en-GB\"}]}<\/script>","yoast_head_json":{"title":"19 Zoll AX7 Allwetterr\u00e4der Komplettr\u00e4der Allwetterreifen Mercedes C Klasse W205 g\u00fcnstig kaufen - Felgenforum","description":"Sicher durch das Jahr: 19 Zoll AX7 Allwetterr\u00e4der Komplettr\u00e4der f\u00fcr Mercedes C Klasse W205. Top-Performance bei jedem Wetter genie\u00dfen. Jetzt direkt kaufen!","robots":{"index":"index","follow":"follow","max-snippet":"max-snippet:-1","max-image-preview":"max-image-preview:large","max-video-preview":"max-video-preview:-1"},"canonical":"https:\/\/felgenforum.shop\/en\/product\/19-zoll-ax7-allwetterraeder-komplettraeder-allwetterreifen-mercedes-c-klasse-w205\/","og_locale":"en_GB","og_type":"article","og_title":"19 Zoll AX7 Allwetterr\u00e4der Komplettr\u00e4der Allwetterreifen Mercedes C Klasse W205 g\u00fcnstig kaufen - Felgenforum","og_description":"Sicher durch das Jahr: 19 Zoll AX7 Allwetterr\u00e4der Komplettr\u00e4der f\u00fcr Mercedes C Klasse W205. Top-Performance bei jedem Wetter genie\u00dfen. Jetzt direkt kaufen!","og_url":"https:\/\/felgenforum.shop\/en\/product\/19-zoll-ax7-allwetterraeder-komplettraeder-allwetterreifen-mercedes-c-klasse-w205\/","og_site_name":"Felgenforum","article_modified_time":"2026-04-25T13:14:18+00:00","og_image":[{"width":1000,"height":1000,"url":"https:\/\/felgenforum.shop\/wp-content\/uploads\/2025\/09\/19-zoll-ax7-allwetterraeder-komplettraeder-allwetterreifen-mercedes-c-klasse-w205-featured-1000px.webp","type":"image\/jpeg"}],"twitter_card":"summary_large_image","twitter_misc":{"Est. reading time":"1 minute"},"schema":{"@context":"https:\/\/schema.org","@graph":[{"@type":"WebPage","@id":"https:\/\/felgenforum.shop\/produkt\/19-zoll-ax7-allwetterraeder-komplettraeder-allwetterreifen-mercedes-c-klasse-w205\/","url":"https:\/\/felgenforum.shop\/produkt\/19-zoll-ax7-allwetterraeder-komplettraeder-allwetterreifen-mercedes-c-klasse-w205\/","name":"19 Zoll AX7 Allwetterr\u00e4der Komplettr\u00e4der Allwetterreifen Mercedes C Klasse W205 g\u00fcnstig kaufen - Felgenforum","isPartOf":{"@id":"https:\/\/felgenforum.shop\/#website"},"primaryImageOfPage":{"@id":"https:\/\/felgenforum.shop\/produkt\/19-zoll-ax7-allwetterraeder-komplettraeder-allwetterreifen-mercedes-c-klasse-w205\/#primaryimage"},"image":{"@id":"https:\/\/felgenforum.shop\/produkt\/19-zoll-ax7-allwetterraeder-komplettraeder-allwetterreifen-mercedes-c-klasse-w205\/#primaryimage"},"thumbnailUrl":"https:\/\/felgenforum.shop\/wp-content\/uploads\/2025\/09\/19-zoll-ax7-allwetterraeder-komplettraeder-allwetterreifen-mercedes-c-klasse-w205-featured-1000px.webp","datePublished":"2025-09-22T15:37:44+00:00","dateModified":"2026-04-25T13:14:18+00:00","description":"Sicher durch das Jahr: 19 Zoll AX7 Allwetterr\u00e4der Komplettr\u00e4der f\u00fcr Mercedes C Klasse W205. Top-Performance bei jedem Wetter genie\u00dfen. Jetzt direkt kaufen!","breadcrumb":{"@id":"https:\/\/felgenforum.shop\/produkt\/19-zoll-ax7-allwetterraeder-komplettraeder-allwetterreifen-mercedes-c-klasse-w205\/#breadcrumb"},"inLanguage":"en-GB","potentialAction":[{"@type":"ReadAction","target":["https:\/\/felgenforum.shop\/produkt\/19-zoll-ax7-allwetterraeder-komplettraeder-allwetterreifen-mercedes-c-klasse-w205\/"]}]},{"@type":"ImageObject","inLanguage":"en-GB","@id":"https:\/\/felgenforum.shop\/produkt\/19-zoll-ax7-allwetterraeder-komplettraeder-allwetterreifen-mercedes-c-klasse-w205\/#primaryimage","url":"https:\/\/felgenforum.shop\/wp-content\/uploads\/2025\/09\/19-zoll-ax7-allwetterraeder-komplettraeder-allwetterreifen-mercedes-c-klasse-w205-featured-1000px.webp","contentUrl":"https:\/\/felgenforum.shop\/wp-content\/uploads\/2025\/09\/19-zoll-ax7-allwetterraeder-komplettraeder-allwetterreifen-mercedes-c-klasse-w205-featured-1000px.webp","width":1000,"height":1000,"caption":"19 Zoll AX7 Allwetterr\u00e4der Komplettr\u00e4der f\u00fcr Mercedes C Klasse W205"},{"@type":"BreadcrumbList","@id":"https:\/\/felgenforum.shop\/produkt\/19-zoll-ax7-allwetterraeder-komplettraeder-allwetterreifen-mercedes-c-klasse-w205\/#breadcrumb","itemListElement":[{"@type":"ListItem","position":1,"name":"Startseite","item":"https:\/\/felgenforum.shop\/"},{"@type":"ListItem","position":2,"name":"Shop","item":"https:\/\/felgenforum.shop\/shop\/"},{"@type":"ListItem","position":3,"name":"19 Zoll AX7 Allwetterr\u00e4der Komplettr\u00e4der Allwetterreifen Mercedes C Klasse W205"}]},{"@type":"WebSite","@id":"https:\/\/felgenforum.shop\/#website","url":"https:\/\/felgenforum.shop\/","name":"Rim forum","description":"","potentialAction":[{"@type":"SearchAction","target":{"@type":"EntryPoint","urlTemplate":"https:\/\/felgenforum.shop\/?s={search_term_string}"},"query-input":{"@type":"PropertyValueSpecification","valueRequired":true,"valueName":"search_term_string"}}],"inLanguage":"en-GB"}]}},"_links":{"self":[{"href":"https:\/\/felgenforum.shop\/en\/wp-json\/wp\/v2\/product\/101992","targetHints":{"allow":["GET"]}}],"collection":[{"href":"https:\/\/felgenforum.shop\/en\/wp-json\/wp\/v2\/product"}],"about":[{"href":"https:\/\/felgenforum.shop\/en\/wp-json\/wp\/v2\/types\/product"}],"replies":[{"embeddable":true,"href":"https:\/\/felgenforum.shop\/en\/wp-json\/wp\/v2\/comments?post=101992"}],"wp:featuredmedia":[{"embeddable":true,"href":"https:\/\/felgenforum.shop\/en\/wp-json\/wp\/v2\/media\/102558"}],"wp:attachment":[{"href":"https:\/\/felgenforum.shop\/en\/wp-json\/wp\/v2\/media?parent=101992"}],"wp:term":[{"taxonomy":"product_brand","embeddable":true,"href":"https:\/\/felgenforum.shop\/en\/wp-json\/wp\/v2\/product_brand?post=101992"},{"taxonomy":"product_cat","embeddable":true,"href":"https:\/\/felgenforum.shop\/en\/wp-json\/wp\/v2\/product_cat?post=101992"},{"taxonomy":"product_tag","embeddable":true,"href":"https:\/\/felgenforum.shop\/en\/wp-json\/wp\/v2\/product_tag?post=101992"}],"curies":[{"name":"wp","href":"https:\/\/api.w.org\/{rel}","templated":true}]}}