{"id":101411,"date":"2025-09-22T15:37:52","date_gmt":"2025-09-22T13:37:52","guid":{"rendered":"https:\/\/felgenforum.shop\/?post_type=product&#038;p=101411"},"modified":"2026-04-25T15:14:03","modified_gmt":"2026-04-25T13:14:03","slug":"ff01-19-zoll-felgen-sommerraeder-hankook-235-255-komplettraeder-skoda-enyaq-60-80-2","status":"publish","type":"product","link":"https:\/\/felgenforum.shop\/en\/product\/ff01-19-zoll-felgen-sommerraeder-hankook-235-255-komplettraeder-skoda-enyaq-60-80-2\/","title":{"rendered":"FF01 19-inch rims, summer tires, HANKOOK 235\/255, complete wheels for Skoda Enyaq 60\/80"},"content":{"rendered":"<h3>Welcome to an offer from Felgenforum.shop<\/h3>\n<p>In this offer we offer you a NEW set of summer complete wheels in glossy anthracite including ABE.<\/p>\n<p>4x fully pre-assembled and balanced complete wheels<\/p>\n<p>consisting of:<\/p>\n<p>4x Alufelge FF-Wheels FF01 anthrazit 8,5&#215;19 ET45 LK5\/112<\/p>\n<p>+<\/p>\n<p>2x Summer tires 235\/55 R19 105Y HANKOOK Ventus S1 EVO XL<\/p>\n<p>2x Summer tires 255\/50 R19 107Y HANKOOK Ventus S1 EVO XL<\/p>\n<p>+<\/p>\n<p>fully assembled and balanced<\/p>\n<p>(including black weights and black metal valves)<\/p>\n<p>NEW<\/p>\n<h3>Scope of delivery:<\/h3>\n<ul>\n<li>4 x FF-Wheels FF01 8,5&#215;19 ET45 5&#215;112 anthrazit gl\u00e4nzend<\/li>\n<li>Complete mounting hardware (if required according to the ABE)<\/li>\n<li>2x Hankook Ventus S1 EVO summer tires 235\/55 R19 105Y<\/li>\n<li>2x Hankook Ventus S1 EVO summer tires 255\/50 R19 107Y<\/li>\n<li>4x Hubcaps FF-Wheels<\/li>\n<li>(Vehicle manufacturer&#039;s hubcap not included)<\/li>\n<li>1x Expert report (ABE)<\/li>\n<li>In most cases, the complete wheel sets are therefore registration-free. If you have any questions about fitment or any registration requirements, our experienced team will be happy to assist you :).<\/li>\n<li>Please be sure to specify your vehicle after purchase.<\/li>\n<li>We offer this model in many other sizes and colors; please contact us if you have any other requests.<\/li>\n<li>&gt;&gt;&gt;Wishful tires<\/li>\n<li>Do you have a specific request regarding tire brand or tire quality? No problem!<\/li>\n<li>We would be happy to create individual complete wheel offers for you :).<\/li>\n<li>The complete wheels are suitable for, among others:<\/li>\n<\/ul>\n<h3>Audi<\/h3>\n<ul>\n<li>Q4 FZ<\/li>\n<\/ul>\n<h3>Skoda<\/h3>\n<ul>\n<li>Enyaq 60 80<\/li>\n<li>VW<\/li>\n<li>ID.4 Pure<\/li>\n<\/ul>","protected":false},"excerpt":{"rendered":"<p>A set (4 pieces) of ready-to-drive FF Wheels complete wheels, professionally mounted and balanced.<\/p>\n<p><strong>Rim details:<\/strong> 8,5&#215;19 Zoll, Lochkreis 112.<br \/><strong>Tire details:<\/strong> Hankook .<\/p>","protected":false},"featured_media":101499,"comment_status":"open","ping_status":"closed","template":"","meta":[],"product_brand":[],"product_cat":[1636,1196,1635],"product_tag":[],"class_list":{"0":"post-101411","1":"product","2":"type-product","3":"status-publish","4":"has-post-thumbnail","6":"product_cat-19-zoll-sommerraeder-skoda","7":"product_cat-komplettraeder-sommer","8":"product_cat-skoda-komplettraeder-sommer","9":"product_shipping_class-komplettrad","10":"pa_anzahl-der-komplettraeder-1433","11":"pa_einpresstiefe-et-1508","12":"pa_fahrzeugmarke-skoda","13":"pa_felgenbreite-8-5","14":"pa_felgenfarbe-anthrazit","15":"pa_felgenhersteller-ff-wheels","16":"pa_felgenmaterial-aluminium","17":"pa_felgenmodell-ff01","18":"pa_geschwindigkeitsindex-y-bis-300-km-h","19":"pa_herstellernummer-felge-1695","20":"pa_lastbereich-xl","21":"pa_lochkreis-1439","22":"pa_lochzahl-1447","23":"pa_reifenbreite-1511","24":"pa_reifendurchmesser-1436","25":"pa_reifenhersteller-hankook","26":"pa_reifenquerschnitt-1652","27":"pa_reifenspezifikation-sommerreifen","28":"pa_run-flat-nein","29":"pa_tragfaehigkeitsindex-107-max-975-kg-je-reifen","30":"pa_zollgroesse-1448","32":"first","33":"instock","34":"sale","35":"taxable","36":"shipping-taxable","37":"purchasable","38":"product-type-simple"},"yoast_head":"<title>FF01 19 Zoll Felgen Sommerr\u00e4der HANKOOK 235 255 Komplettr\u00e4der Skoda Enyaq 60 80 g\u00fcnstig kaufen - Felgenforum<\/title>\n<meta name=\"description\" content=\"FF01 19 Zoll Felgen Sommerr\u00e4der HANKOOK f\u00fcr Ihren Skoda Enyaq. Maximale Performance und Sicherheit im Sommer genie\u00dfen. Jetzt g\u00fcnstig online bestellen!\" \/>\n<meta name=\"robots\" content=\"index, follow, max-snippet:-1, max-image-preview:large, max-video-preview:-1\" \/>\n<link rel=\"canonical\" href=\"https:\/\/felgenforum.shop\/en\/product\/ff01-19-zoll-felgen-sommerraeder-hankook-235-255-komplettraeder-skoda-enyaq-60-80-2\/\" \/>\n<meta property=\"og:locale\" content=\"en_GB\" \/>\n<meta property=\"og:type\" content=\"article\" \/>\n<meta property=\"og:title\" content=\"FF01 19 Zoll Felgen Sommerr\u00e4der HANKOOK 235 255 Komplettr\u00e4der Skoda Enyaq 60 80 g\u00fcnstig kaufen - Felgenforum\" \/>\n<meta property=\"og:description\" content=\"FF01 19 Zoll Felgen Sommerr\u00e4der HANKOOK f\u00fcr Ihren Skoda Enyaq. Maximale Performance und Sicherheit im Sommer genie\u00dfen. Jetzt g\u00fcnstig online bestellen!\" \/>\n<meta property=\"og:url\" content=\"https:\/\/felgenforum.shop\/en\/product\/ff01-19-zoll-felgen-sommerraeder-hankook-235-255-komplettraeder-skoda-enyaq-60-80-2\/\" \/>\n<meta property=\"og:site_name\" content=\"Felgenforum\" \/>\n<meta property=\"article:modified_time\" content=\"2026-04-25T13:14:03+00:00\" \/>\n<meta property=\"og:image\" content=\"https:\/\/felgenforum.shop\/wp-content\/uploads\/2025\/09\/ff01-19-zoll-felgen-sommerraeder-hankook-235-255-komplettraeder-skoda-enyaq-60-80-featured-1000px-1.webp\" \/>\n\t<meta property=\"og:image:width\" content=\"1000\" \/>\n\t<meta property=\"og:image:height\" content=\"1000\" \/>\n\t<meta property=\"og:image:type\" content=\"image\/jpeg\" \/>\n<meta name=\"twitter:card\" content=\"summary_large_image\" \/>\n<meta name=\"twitter:label1\" content=\"Est. reading time\" \/>\n\t<meta name=\"twitter:data1\" content=\"1 minute\" \/>\n<script type=\"application\/ld+json\" class=\"yoast-schema-graph\">{\"@context\":\"https:\\\/\\\/schema.org\",\"@graph\":[{\"@type\":\"WebPage\",\"@id\":\"https:\\\/\\\/felgenforum.shop\\\/produkt\\\/ff01-19-zoll-felgen-sommerraeder-hankook-235-255-komplettraeder-skoda-enyaq-60-80-2\\\/\",\"url\":\"https:\\\/\\\/felgenforum.shop\\\/produkt\\\/ff01-19-zoll-felgen-sommerraeder-hankook-235-255-komplettraeder-skoda-enyaq-60-80-2\\\/\",\"name\":\"FF01 19 Zoll Felgen Sommerr\u00e4der HANKOOK 235 255 Komplettr\u00e4der Skoda Enyaq 60 80 g\u00fcnstig kaufen - Felgenforum\",\"isPartOf\":{\"@id\":\"https:\\\/\\\/felgenforum.shop\\\/#website\"},\"primaryImageOfPage\":{\"@id\":\"https:\\\/\\\/felgenforum.shop\\\/produkt\\\/ff01-19-zoll-felgen-sommerraeder-hankook-235-255-komplettraeder-skoda-enyaq-60-80-2\\\/#primaryimage\"},\"image\":{\"@id\":\"https:\\\/\\\/felgenforum.shop\\\/produkt\\\/ff01-19-zoll-felgen-sommerraeder-hankook-235-255-komplettraeder-skoda-enyaq-60-80-2\\\/#primaryimage\"},\"thumbnailUrl\":\"https:\\\/\\\/felgenforum.shop\\\/wp-content\\\/uploads\\\/2025\\\/09\\\/ff01-19-zoll-felgen-sommerraeder-hankook-235-255-komplettraeder-skoda-enyaq-60-80-featured-1000px-1.webp\",\"datePublished\":\"2025-09-22T13:37:52+00:00\",\"dateModified\":\"2026-04-25T13:14:03+00:00\",\"description\":\"FF01 19 Zoll Felgen Sommerr\u00e4der HANKOOK f\u00fcr Ihren Skoda Enyaq. Maximale Performance und Sicherheit im Sommer genie\u00dfen. Jetzt g\u00fcnstig online bestellen!\",\"breadcrumb\":{\"@id\":\"https:\\\/\\\/felgenforum.shop\\\/produkt\\\/ff01-19-zoll-felgen-sommerraeder-hankook-235-255-komplettraeder-skoda-enyaq-60-80-2\\\/#breadcrumb\"},\"inLanguage\":\"en-GB\",\"potentialAction\":[{\"@type\":\"ReadAction\",\"target\":[\"https:\\\/\\\/felgenforum.shop\\\/produkt\\\/ff01-19-zoll-felgen-sommerraeder-hankook-235-255-komplettraeder-skoda-enyaq-60-80-2\\\/\"]}]},{\"@type\":\"ImageObject\",\"inLanguage\":\"en-GB\",\"@id\":\"https:\\\/\\\/felgenforum.shop\\\/produkt\\\/ff01-19-zoll-felgen-sommerraeder-hankook-235-255-komplettraeder-skoda-enyaq-60-80-2\\\/#primaryimage\",\"url\":\"https:\\\/\\\/felgenforum.shop\\\/wp-content\\\/uploads\\\/2025\\\/09\\\/ff01-19-zoll-felgen-sommerraeder-hankook-235-255-komplettraeder-skoda-enyaq-60-80-featured-1000px-1.webp\",\"contentUrl\":\"https:\\\/\\\/felgenforum.shop\\\/wp-content\\\/uploads\\\/2025\\\/09\\\/ff01-19-zoll-felgen-sommerraeder-hankook-235-255-komplettraeder-skoda-enyaq-60-80-featured-1000px-1.webp\",\"width\":1000,\"height\":1000,\"caption\":\"FF01 19 Zoll Felgen Sommerr\u00e4der HANKOOK Komplettr\u00e4der f\u00fcr Skoda Enyaq\"},{\"@type\":\"BreadcrumbList\",\"@id\":\"https:\\\/\\\/felgenforum.shop\\\/produkt\\\/ff01-19-zoll-felgen-sommerraeder-hankook-235-255-komplettraeder-skoda-enyaq-60-80-2\\\/#breadcrumb\",\"itemListElement\":[{\"@type\":\"ListItem\",\"position\":1,\"name\":\"Startseite\",\"item\":\"https:\\\/\\\/felgenforum.shop\\\/\"},{\"@type\":\"ListItem\",\"position\":2,\"name\":\"Shop\",\"item\":\"https:\\\/\\\/felgenforum.shop\\\/shop\\\/\"},{\"@type\":\"ListItem\",\"position\":3,\"name\":\"FF01 19 Zoll Felgen Sommerr\u00e4der HANKOOK 235 255 Komplettr\u00e4der Skoda Enyaq 60 80\"}]},{\"@type\":\"WebSite\",\"@id\":\"https:\\\/\\\/felgenforum.shop\\\/#website\",\"url\":\"https:\\\/\\\/felgenforum.shop\\\/\",\"name\":\"Felgenforum\",\"description\":\"\",\"potentialAction\":[{\"@type\":\"SearchAction\",\"target\":{\"@type\":\"EntryPoint\",\"urlTemplate\":\"https:\\\/\\\/felgenforum.shop\\\/?s={search_term_string}\"},\"query-input\":{\"@type\":\"PropertyValueSpecification\",\"valueRequired\":true,\"valueName\":\"search_term_string\"}}],\"inLanguage\":\"en-GB\"}]}<\/script>","yoast_head_json":{"title":"FF01 19 Zoll Felgen Sommerr\u00e4der HANKOOK 235 255 Komplettr\u00e4der Skoda Enyaq 60 80 g\u00fcnstig kaufen - Felgenforum","description":"FF01 19 Zoll Felgen Sommerr\u00e4der HANKOOK f\u00fcr Ihren Skoda Enyaq. Maximale Performance und Sicherheit im Sommer genie\u00dfen. Jetzt g\u00fcnstig online bestellen!","robots":{"index":"index","follow":"follow","max-snippet":"max-snippet:-1","max-image-preview":"max-image-preview:large","max-video-preview":"max-video-preview:-1"},"canonical":"https:\/\/felgenforum.shop\/en\/product\/ff01-19-zoll-felgen-sommerraeder-hankook-235-255-komplettraeder-skoda-enyaq-60-80-2\/","og_locale":"en_GB","og_type":"article","og_title":"FF01 19 Zoll Felgen Sommerr\u00e4der HANKOOK 235 255 Komplettr\u00e4der Skoda Enyaq 60 80 g\u00fcnstig kaufen - Felgenforum","og_description":"FF01 19 Zoll Felgen Sommerr\u00e4der HANKOOK f\u00fcr Ihren Skoda Enyaq. Maximale Performance und Sicherheit im Sommer genie\u00dfen. Jetzt g\u00fcnstig online bestellen!","og_url":"https:\/\/felgenforum.shop\/en\/product\/ff01-19-zoll-felgen-sommerraeder-hankook-235-255-komplettraeder-skoda-enyaq-60-80-2\/","og_site_name":"Felgenforum","article_modified_time":"2026-04-25T13:14:03+00:00","og_image":[{"width":1000,"height":1000,"url":"https:\/\/felgenforum.shop\/wp-content\/uploads\/2025\/09\/ff01-19-zoll-felgen-sommerraeder-hankook-235-255-komplettraeder-skoda-enyaq-60-80-featured-1000px-1.webp","type":"image\/jpeg"}],"twitter_card":"summary_large_image","twitter_misc":{"Est. reading time":"1 minute"},"schema":{"@context":"https:\/\/schema.org","@graph":[{"@type":"WebPage","@id":"https:\/\/felgenforum.shop\/produkt\/ff01-19-zoll-felgen-sommerraeder-hankook-235-255-komplettraeder-skoda-enyaq-60-80-2\/","url":"https:\/\/felgenforum.shop\/produkt\/ff01-19-zoll-felgen-sommerraeder-hankook-235-255-komplettraeder-skoda-enyaq-60-80-2\/","name":"FF01 19 Zoll Felgen Sommerr\u00e4der HANKOOK 235 255 Komplettr\u00e4der Skoda Enyaq 60 80 g\u00fcnstig kaufen - Felgenforum","isPartOf":{"@id":"https:\/\/felgenforum.shop\/#website"},"primaryImageOfPage":{"@id":"https:\/\/felgenforum.shop\/produkt\/ff01-19-zoll-felgen-sommerraeder-hankook-235-255-komplettraeder-skoda-enyaq-60-80-2\/#primaryimage"},"image":{"@id":"https:\/\/felgenforum.shop\/produkt\/ff01-19-zoll-felgen-sommerraeder-hankook-235-255-komplettraeder-skoda-enyaq-60-80-2\/#primaryimage"},"thumbnailUrl":"https:\/\/felgenforum.shop\/wp-content\/uploads\/2025\/09\/ff01-19-zoll-felgen-sommerraeder-hankook-235-255-komplettraeder-skoda-enyaq-60-80-featured-1000px-1.webp","datePublished":"2025-09-22T13:37:52+00:00","dateModified":"2026-04-25T13:14:03+00:00","description":"FF01 19 Zoll Felgen Sommerr\u00e4der HANKOOK f\u00fcr Ihren Skoda Enyaq. Maximale Performance und Sicherheit im Sommer genie\u00dfen. Jetzt g\u00fcnstig online bestellen!","breadcrumb":{"@id":"https:\/\/felgenforum.shop\/produkt\/ff01-19-zoll-felgen-sommerraeder-hankook-235-255-komplettraeder-skoda-enyaq-60-80-2\/#breadcrumb"},"inLanguage":"en-GB","potentialAction":[{"@type":"ReadAction","target":["https:\/\/felgenforum.shop\/produkt\/ff01-19-zoll-felgen-sommerraeder-hankook-235-255-komplettraeder-skoda-enyaq-60-80-2\/"]}]},{"@type":"ImageObject","inLanguage":"en-GB","@id":"https:\/\/felgenforum.shop\/produkt\/ff01-19-zoll-felgen-sommerraeder-hankook-235-255-komplettraeder-skoda-enyaq-60-80-2\/#primaryimage","url":"https:\/\/felgenforum.shop\/wp-content\/uploads\/2025\/09\/ff01-19-zoll-felgen-sommerraeder-hankook-235-255-komplettraeder-skoda-enyaq-60-80-featured-1000px-1.webp","contentUrl":"https:\/\/felgenforum.shop\/wp-content\/uploads\/2025\/09\/ff01-19-zoll-felgen-sommerraeder-hankook-235-255-komplettraeder-skoda-enyaq-60-80-featured-1000px-1.webp","width":1000,"height":1000,"caption":"FF01 19 Zoll Felgen Sommerr\u00e4der HANKOOK Komplettr\u00e4der f\u00fcr Skoda Enyaq"},{"@type":"BreadcrumbList","@id":"https:\/\/felgenforum.shop\/produkt\/ff01-19-zoll-felgen-sommerraeder-hankook-235-255-komplettraeder-skoda-enyaq-60-80-2\/#breadcrumb","itemListElement":[{"@type":"ListItem","position":1,"name":"Startseite","item":"https:\/\/felgenforum.shop\/"},{"@type":"ListItem","position":2,"name":"Shop","item":"https:\/\/felgenforum.shop\/shop\/"},{"@type":"ListItem","position":3,"name":"FF01 19 Zoll Felgen Sommerr\u00e4der HANKOOK 235 255 Komplettr\u00e4der Skoda Enyaq 60 80"}]},{"@type":"WebSite","@id":"https:\/\/felgenforum.shop\/#website","url":"https:\/\/felgenforum.shop\/","name":"Rim forum","description":"","potentialAction":[{"@type":"SearchAction","target":{"@type":"EntryPoint","urlTemplate":"https:\/\/felgenforum.shop\/?s={search_term_string}"},"query-input":{"@type":"PropertyValueSpecification","valueRequired":true,"valueName":"search_term_string"}}],"inLanguage":"en-GB"}]}},"_links":{"self":[{"href":"https:\/\/felgenforum.shop\/en\/wp-json\/wp\/v2\/product\/101411","targetHints":{"allow":["GET"]}}],"collection":[{"href":"https:\/\/felgenforum.shop\/en\/wp-json\/wp\/v2\/product"}],"about":[{"href":"https:\/\/felgenforum.shop\/en\/wp-json\/wp\/v2\/types\/product"}],"replies":[{"embeddable":true,"href":"https:\/\/felgenforum.shop\/en\/wp-json\/wp\/v2\/comments?post=101411"}],"wp:featuredmedia":[{"embeddable":true,"href":"https:\/\/felgenforum.shop\/en\/wp-json\/wp\/v2\/media\/101499"}],"wp:attachment":[{"href":"https:\/\/felgenforum.shop\/en\/wp-json\/wp\/v2\/media?parent=101411"}],"wp:term":[{"taxonomy":"product_brand","embeddable":true,"href":"https:\/\/felgenforum.shop\/en\/wp-json\/wp\/v2\/product_brand?post=101411"},{"taxonomy":"product_cat","embeddable":true,"href":"https:\/\/felgenforum.shop\/en\/wp-json\/wp\/v2\/product_cat?post=101411"},{"taxonomy":"product_tag","embeddable":true,"href":"https:\/\/felgenforum.shop\/en\/wp-json\/wp\/v2\/product_tag?post=101411"}],"curies":[{"name":"wp","href":"https:\/\/api.w.org\/{rel}","templated":true}]}}