{"id":64,"date":"2024-06-06T14:30:09","date_gmt":"2024-06-06T14:30:09","guid":{"rendered":"https:\/\/felgenforum-shop.oliversites.com\/?page_id=64"},"modified":"2025-09-04T15:14:28","modified_gmt":"2025-09-04T13:14:28","slug":"kontakt","status":"publish","type":"page","link":"https:\/\/felgenforum.shop\/en\/kontakt\/","title":{"rendered":"contact"},"content":{"rendered":"<p><meta itemprop=\"worstRating\" content=\"0\"><br \/>\n\t\t\t<meta itemprop=\"bestRating\" content=\"5\"><br \/>\n\t\t\t\t\t<svg aria-hidden=\"true\" viewbox=\"0 0 1000 1000\" xmlns=\"http:\/\/www.w3.org\/2000\/svg\"><path d=\"M450 75L338 312 88 350C46 354 25 417 58 450L238 633 196 896C188 942 238 975 275 954L500 837 725 954C767 975 813 942 804 896L763 633 942 450C975 417 954 358 913 350L663 312 550 75C529 33 471 33 450 75Z\"><\/path><\/svg><br \/>\n\t\t\t\t\t<svg aria-hidden=\"true\" viewbox=\"0 0 1000 1000\" xmlns=\"http:\/\/www.w3.org\/2000\/svg\"><path d=\"M450 75L338 312 88 350C46 354 25 417 58 450L238 633 196 896C188 942 238 975 275 954L500 837 725 954C767 975 813 942 804 896L763 633 942 450C975 417 954 358 913 350L663 312 550 75C529 33 471 33 450 75Z\"><\/path><\/svg><br \/>\n\t\t\t\t\t<svg aria-hidden=\"true\" viewbox=\"0 0 1000 1000\" xmlns=\"http:\/\/www.w3.org\/2000\/svg\"><path d=\"M450 75L338 312 88 350C46 354 25 417 58 450L238 633 196 896C188 942 238 975 275 954L500 837 725 954C767 975 813 942 804 896L763 633 942 450C975 417 954 358 913 350L663 312 550 75C529 33 471 33 450 75Z\"><\/path><\/svg><br \/>\n\t\t\t\t\t<svg aria-hidden=\"true\" viewbox=\"0 0 1000 1000\" xmlns=\"http:\/\/www.w3.org\/2000\/svg\"><path d=\"M450 75L338 312 88 350C46 354 25 417 58 450L238 633 196 896C188 942 238 975 275 954L500 837 725 954C767 975 813 942 804 896L763 633 942 450C975 417 954 358 913 350L663 312 550 75C529 33 471 33 450 75Z\"><\/path><\/svg><br \/>\n\t\t\t\t\t<svg aria-hidden=\"true\" viewbox=\"0 0 1000 1000\" xmlns=\"http:\/\/www.w3.org\/2000\/svg\"><path d=\"M450 75L338 312 88 350C46 354 25 417 58 450L238 633 196 896C188 942 238 975 275 954L500 837 725 954C767 975 813 942 804 896L763 633 942 450C975 417 954 358 913 350L663 312 550 75C529 33 471 33 450 75Z\"><\/path><\/svg><br \/>\n\t\t\t\t\t<svg aria-hidden=\"true\" viewbox=\"0 0 1000 1000\" xmlns=\"http:\/\/www.w3.org\/2000\/svg\"><path d=\"M450 75L338 312 88 350C46 354 25 417 58 450L238 633 196 896C188 942 238 975 275 954L500 837 725 954C767 975 813 942 804 896L763 633 942 450C975 417 954 358 913 350L663 312 550 75C529 33 471 33 450 75Z\"><\/path><\/svg><br \/>\n\t\t\t\t\t<svg aria-hidden=\"true\" viewbox=\"0 0 1000 1000\" xmlns=\"http:\/\/www.w3.org\/2000\/svg\"><path d=\"M450 75L338 312 88 350C46 354 25 417 58 450L238 633 196 896C188 942 238 975 275 954L500 837 725 954C767 975 813 942 804 896L763 633 942 450C975 417 954 358 913 350L663 312 550 75C529 33 471 33 450 75Z\"><\/path><\/svg><br \/>\n\t\t\t\t\t<svg aria-hidden=\"true\" viewbox=\"0 0 1000 1000\" xmlns=\"http:\/\/www.w3.org\/2000\/svg\"><path d=\"M450 75L338 312 88 350C46 354 25 417 58 450L238 633 196 896C188 942 238 975 275 954L500 837 725 954C767 975 813 942 804 896L763 633 942 450C975 417 954 358 913 350L663 312 550 75C529 33 471 33 450 75Z\"><\/path><\/svg><br \/>\n\t\t\t\t\t<svg aria-hidden=\"true\" viewbox=\"0 0 1000 1000\" xmlns=\"http:\/\/www.w3.org\/2000\/svg\"><path d=\"M450 75L338 312 88 350C46 354 25 417 58 450L238 633 196 896C188 942 238 975 275 954L500 837 725 954C767 975 813 942 804 896L763 633 942 450C975 417 954 358 913 350L663 312 550 75C529 33 471 33 450 75Z\"><\/path><\/svg><br \/>\n\t\t\t\t\t<svg aria-hidden=\"true\" viewbox=\"0 0 1000 1000\" xmlns=\"http:\/\/www.w3.org\/2000\/svg\"><path d=\"M450 75L338 312 88 350C46 354 25 417 58 450L238 633 196 896C188 942 238 975 275 954L500 837 725 954C767 975 813 942 804 896L763 633 942 450C975 417 954 358 913 350L663 312 550 75C529 33 471 33 450 75Z\"><\/path><\/svg><br \/>\n\t\t\t\t\tBekannt aus eBay\t\t\t\t<\/p>\n<h4>contact<\/h4>\n<p>\t\t<strong data-start=\"161\" data-end=\"205\">Du hast Fragen? Wir helfen gerne weiter!<\/strong><\/p>\n<p>Unser Team steht dir bei allen Anliegen rund um Alufelgen, Komplettr\u00e4der und Zubeh\u00f6r kompetent zur Seite. Egal ob du Unterst\u00fctzung bei der Produktauswahl brauchst, technische Fragen hast oder ein individuelles Angebot w\u00fcnschst \u2013 wir sind f\u00fcr dich da.<br \/>\n\t\t\t\t\t<a href=\"https:\/\/felgenforum.shop\/en\/shop\/\"><br \/>\n\t\t\t\t\t\t\t\t\tJetzt zum Shop<br \/>\n\t\t\t\t\t<\/a><\/p>\n<h4>Schreibe uns eine Nachricht<\/h4>\n<h4>Frequently Asked Questions<\/h4>\n<p>\t\t\t\t\t\t\t\t\t\t\t\t\t\t\t<svg viewbox=\"0 0 448 512\" xmlns=\"http:\/\/www.w3.org\/2000\/svg\"><path d=\"M416 208H272V64c0-17.67-14.33-32-32-32h-32c-17.67 0-32 14.33-32 32v144H32c-17.67 0-32 14.33-32 32v32c0 17.67 14.33 32 32 32h144v144c0 17.67 14.33 32 32 32h32c17.67 0 32-14.33 32-32V304h144c17.67 0 32-14.33 32-32v-32c0-17.67-14.33-32-32-32z\"><\/path><\/svg><br \/>\n\t\t\t\t\t\t\t\t<svg viewbox=\"0 0 448 512\" xmlns=\"http:\/\/www.w3.org\/2000\/svg\"><path d=\"M416 208H32c-17.67 0-32 14.33-32 32v32c0 17.67 14.33 32 32 32h384c17.67 0 32-14.33 32-32v-32c0-17.67-14.33-32-32-32z\"><\/path><\/svg><br \/>\n\t\t\t\t\t\t\t\t\t\t\t\t<a tabindex=\"0\">1. Welche Produkte bietet Felgenforum an?<\/a><\/p>\n<p>Felgenforum bietet Alufelgen, Komplett-R\u00e4der und Reifen f\u00fcr verschiedene Fahrzeugtypen an.<\/p>\n<p>\t\t\t\t\t\t\t\t\t\t\t\t\t\t\t<svg viewbox=\"0 0 448 512\" xmlns=\"http:\/\/www.w3.org\/2000\/svg\"><path d=\"M416 208H272V64c0-17.67-14.33-32-32-32h-32c-17.67 0-32 14.33-32 32v144H32c-17.67 0-32 14.33-32 32v32c0 17.67 14.33 32 32 32h144v144c0 17.67 14.33 32 32 32h32c17.67 0 32-14.33 32-32V304h144c17.67 0 32-14.33 32-32v-32c0-17.67-14.33-32-32-32z\"><\/path><\/svg><br \/>\n\t\t\t\t\t\t\t\t<svg viewbox=\"0 0 448 512\" xmlns=\"http:\/\/www.w3.org\/2000\/svg\"><path d=\"M416 208H32c-17.67 0-32 14.33-32 32v32c0 17.67 14.33 32 32 32h384c17.67 0 32-14.33 32-32v-32c0-17.67-14.33-32-32-32z\"><\/path><\/svg><br \/>\n\t\t\t\t\t\t\t\t\t\t\t\t<a tabindex=\"0\">2. Sind die Produkte von Felgenforum gepr\u00fcft?<\/a><\/p>\n<p>Ja, alle Felgen und R\u00e4der werden vor dem Versand sorgf\u00e4ltig gepr\u00fcft.<\/p>\n<p>\t\t\t\t\t\t\t\t\t\t\t\t\t\t\t<svg viewbox=\"0 0 448 512\" xmlns=\"http:\/\/www.w3.org\/2000\/svg\"><path d=\"M416 208H272V64c0-17.67-14.33-32-32-32h-32c-17.67 0-32 14.33-32 32v144H32c-17.67 0-32 14.33-32 32v32c0 17.67 14.33 32 32 32h144v144c0 17.67 14.33 32 32 32h32c17.67 0 32-14.33 32-32V304h144c17.67 0 32-14.33 32-32v-32c0-17.67-14.33-32-32-32z\"><\/path><\/svg><br \/>\n\t\t\t\t\t\t\t\t<svg viewbox=\"0 0 448 512\" xmlns=\"http:\/\/www.w3.org\/2000\/svg\"><path d=\"M416 208H32c-17.67 0-32 14.33-32 32v32c0 17.67 14.33 32 32 32h384c17.67 0 32-14.33 32-32v-32c0-17.67-14.33-32-32-32z\"><\/path><\/svg><br \/>\n\t\t\t\t\t\t\t\t\t\t\t\t<a tabindex=\"0\">3. Wie lange dauert der Versand?<\/a><\/p>\n<p>Die Lieferung erfolgt in der Regel innerhalb von 2-4 Werktagen f\u00fcr Felgen und 5-8 Werktagen f\u00fcr Komplettr\u00e4der.<\/p>\n<p>\t\t\t\t\t\t\t\t\t\t\t\t\t\t\t<svg viewbox=\"0 0 448 512\" xmlns=\"http:\/\/www.w3.org\/2000\/svg\"><path d=\"M416 208H272V64c0-17.67-14.33-32-32-32h-32c-17.67 0-32 14.33-32 32v144H32c-17.67 0-32 14.33-32 32v32c0 17.67 14.33 32 32 32h144v144c0 17.67 14.33 32 32 32h32c17.67 0 32-14.33 32-32V304h144c17.67 0 32-14.33 32-32v-32c0-17.67-14.33-32-32-32z\"><\/path><\/svg><br \/>\n\t\t\t\t\t\t\t\t<svg viewbox=\"0 0 448 512\" xmlns=\"http:\/\/www.w3.org\/2000\/svg\"><path d=\"M416 208H32c-17.67 0-32 14.33-32 32v32c0 17.67 14.33 32 32 32h384c17.67 0 32-14.33 32-32v-32c0-17.67-14.33-32-32-32z\"><\/path><\/svg><br \/>\n\t\t\t\t\t\t\t\t\t\t\t\t<a tabindex=\"0\">4. Gibt es einen Mindestbestellwert f\u00fcr kostenlosen Versand?<\/a><\/p>\n<p>Ja, der kostenlose Versand gilt ab einem Bestellwert von 500 Euro.<\/p>\n<p>\t\t\t\t\t\t\t\t\t\t\t\t\t\t\t<svg viewbox=\"0 0 448 512\" xmlns=\"http:\/\/www.w3.org\/2000\/svg\"><path d=\"M416 208H272V64c0-17.67-14.33-32-32-32h-32c-17.67 0-32 14.33-32 32v144H32c-17.67 0-32 14.33-32 32v32c0 17.67 14.33 32 32 32h144v144c0 17.67 14.33 32 32 32h32c17.67 0 32-14.33 32-32V304h144c17.67 0 32-14.33 32-32v-32c0-17.67-14.33-32-32-32z\"><\/path><\/svg><br \/>\n\t\t\t\t\t\t\t\t<svg viewbox=\"0 0 448 512\" xmlns=\"http:\/\/www.w3.org\/2000\/svg\"><path d=\"M416 208H32c-17.67 0-32 14.33-32 32v32c0 17.67 14.33 32 32 32h384c17.67 0 32-14.33 32-32v-32c0-17.67-14.33-32-32-32z\"><\/path><\/svg><br \/>\n\t\t\t\t\t\t\t\t\t\t\t\t<a tabindex=\"0\">5. Bietet Felgenforum eine Garantie?<\/a><\/p>\n<p>Ja, es gibt eine Garantie auf die Produkte, abh\u00e4ngig vom Hersteller.<\/p>","protected":false},"excerpt":{"rendered":"<p>Bekannt aus eBay Kontakt Du hast Fragen? Wir helfen gerne weiter! Unser Team steht dir bei allen Anliegen rund um Alufelgen, Komplettr\u00e4der und Zubeh\u00f6r kompetent zur Seite. Egal ob du Unterst\u00fctzung bei der Produktauswahl brauchst, technische Fragen hast oder ein individuelles Angebot w\u00fcnschst \u2013 wir sind f\u00fcr dich da. Jetzt zum Shop Schreibe uns eine [&hellip;]<\/p>\n","protected":false},"author":1,"featured_media":0,"parent":0,"menu_order":0,"comment_status":"closed","ping_status":"closed","template":"","meta":{"footnotes":""},"class_list":["post-64","page","type-page","status-publish","hentry"],"yoast_head":"<title>Kontakt &amp; Beratung \u2013 Felgen und Komplettr\u00e4der | Felgenforum<\/title>\n<meta name=\"description\" content=\"Du hast Fragen zu Felgen, Komplettr\u00e4dern, Montage oder Einpresstiefe? Unser Expertenteam ber\u00e4t dich pers\u00f6nlich und ehrlich. Schreib uns \u2013 wir finden die optimale L\u00f6sung.\" \/>\n<meta name=\"robots\" content=\"index, follow, max-snippet:-1, max-image-preview:large, max-video-preview:-1\" \/>\n<link rel=\"canonical\" href=\"https:\/\/felgenforum.shop\/en\/kontakt\/\" \/>\n<meta property=\"og:locale\" content=\"en_GB\" \/>\n<meta property=\"og:type\" content=\"article\" \/>\n<meta property=\"og:title\" content=\"Kontakt &amp; Beratung \u2013 Felgen und Komplettr\u00e4der | Felgenforum\" \/>\n<meta property=\"og:description\" content=\"Du hast Fragen zu Felgen, Komplettr\u00e4dern, Montage oder Einpresstiefe? Unser Expertenteam ber\u00e4t dich pers\u00f6nlich und ehrlich. Schreib uns \u2013 wir finden die optimale L\u00f6sung.\" \/>\n<meta property=\"og:url\" content=\"https:\/\/felgenforum.shop\/en\/kontakt\/\" \/>\n<meta property=\"og:site_name\" content=\"Felgenforum\" \/>\n<meta property=\"article:modified_time\" content=\"2025-09-04T13:14:28+00:00\" \/>\n<meta name=\"twitter:card\" content=\"summary_large_image\" \/>\n<meta name=\"twitter:label1\" content=\"Est. reading time\" \/>\n\t<meta name=\"twitter:data1\" content=\"1 minute\" \/>\n<script type=\"application\/ld+json\" class=\"yoast-schema-graph\">{\"@context\":\"https:\\\/\\\/schema.org\",\"@graph\":[{\"@type\":\"WebPage\",\"@id\":\"https:\\\/\\\/felgenforum.shop\\\/kontakt\\\/\",\"url\":\"https:\\\/\\\/felgenforum.shop\\\/kontakt\\\/\",\"name\":\"Kontakt & Beratung \u2013 Felgen und Komplettr\u00e4der | Felgenforum\",\"isPartOf\":{\"@id\":\"https:\\\/\\\/felgenforum.shop\\\/#website\"},\"datePublished\":\"2024-06-06T14:30:09+00:00\",\"dateModified\":\"2025-09-04T13:14:28+00:00\",\"description\":\"Du hast Fragen zu Felgen, Komplettr\u00e4dern, Montage oder Einpresstiefe? Unser Expertenteam ber\u00e4t dich pers\u00f6nlich und ehrlich. Schreib uns \u2013 wir finden die optimale L\u00f6sung.\",\"breadcrumb\":{\"@id\":\"https:\\\/\\\/felgenforum.shop\\\/kontakt\\\/#breadcrumb\"},\"inLanguage\":\"en-GB\",\"potentialAction\":[{\"@type\":\"ReadAction\",\"target\":[\"https:\\\/\\\/felgenforum.shop\\\/kontakt\\\/\"]}]},{\"@type\":\"BreadcrumbList\",\"@id\":\"https:\\\/\\\/felgenforum.shop\\\/kontakt\\\/#breadcrumb\",\"itemListElement\":[{\"@type\":\"ListItem\",\"position\":1,\"name\":\"Startseite\",\"item\":\"https:\\\/\\\/felgenforum.shop\\\/\"},{\"@type\":\"ListItem\",\"position\":2,\"name\":\"Kontakt\"}]},{\"@type\":\"WebSite\",\"@id\":\"https:\\\/\\\/felgenforum.shop\\\/#website\",\"url\":\"https:\\\/\\\/felgenforum.shop\\\/\",\"name\":\"Felgenforum\",\"description\":\"\",\"potentialAction\":[{\"@type\":\"SearchAction\",\"target\":{\"@type\":\"EntryPoint\",\"urlTemplate\":\"https:\\\/\\\/felgenforum.shop\\\/?s={search_term_string}\"},\"query-input\":{\"@type\":\"PropertyValueSpecification\",\"valueRequired\":true,\"valueName\":\"search_term_string\"}}],\"inLanguage\":\"en-GB\"}]}<\/script>","yoast_head_json":{"title":"Kontakt & Beratung \u2013 Felgen und Komplettr\u00e4der | Felgenforum","description":"Du hast Fragen zu Felgen, Komplettr\u00e4dern, Montage oder Einpresstiefe? Unser Expertenteam ber\u00e4t dich pers\u00f6nlich und ehrlich. Schreib uns \u2013 wir finden die optimale L\u00f6sung.","robots":{"index":"index","follow":"follow","max-snippet":"max-snippet:-1","max-image-preview":"max-image-preview:large","max-video-preview":"max-video-preview:-1"},"canonical":"https:\/\/felgenforum.shop\/en\/kontakt\/","og_locale":"en_GB","og_type":"article","og_title":"Kontakt & Beratung \u2013 Felgen und Komplettr\u00e4der | Felgenforum","og_description":"Du hast Fragen zu Felgen, Komplettr\u00e4dern, Montage oder Einpresstiefe? Unser Expertenteam ber\u00e4t dich pers\u00f6nlich und ehrlich. Schreib uns \u2013 wir finden die optimale L\u00f6sung.","og_url":"https:\/\/felgenforum.shop\/en\/kontakt\/","og_site_name":"Felgenforum","article_modified_time":"2025-09-04T13:14:28+00:00","twitter_card":"summary_large_image","twitter_misc":{"Est. reading time":"1 minute"},"schema":{"@context":"https:\/\/schema.org","@graph":[{"@type":"WebPage","@id":"https:\/\/felgenforum.shop\/kontakt\/","url":"https:\/\/felgenforum.shop\/kontakt\/","name":"Kontakt & Beratung \u2013 Felgen und Komplettr\u00e4der | Felgenforum","isPartOf":{"@id":"https:\/\/felgenforum.shop\/#website"},"datePublished":"2024-06-06T14:30:09+00:00","dateModified":"2025-09-04T13:14:28+00:00","description":"Du hast Fragen zu Felgen, Komplettr\u00e4dern, Montage oder Einpresstiefe? Unser Expertenteam ber\u00e4t dich pers\u00f6nlich und ehrlich. Schreib uns \u2013 wir finden die optimale L\u00f6sung.","breadcrumb":{"@id":"https:\/\/felgenforum.shop\/kontakt\/#breadcrumb"},"inLanguage":"en-GB","potentialAction":[{"@type":"ReadAction","target":["https:\/\/felgenforum.shop\/kontakt\/"]}]},{"@type":"BreadcrumbList","@id":"https:\/\/felgenforum.shop\/kontakt\/#breadcrumb","itemListElement":[{"@type":"ListItem","position":1,"name":"Startseite","item":"https:\/\/felgenforum.shop\/"},{"@type":"ListItem","position":2,"name":"Kontakt"}]},{"@type":"WebSite","@id":"https:\/\/felgenforum.shop\/#website","url":"https:\/\/felgenforum.shop\/","name":"Rim forum","description":"","potentialAction":[{"@type":"SearchAction","target":{"@type":"EntryPoint","urlTemplate":"https:\/\/felgenforum.shop\/?s={search_term_string}"},"query-input":{"@type":"PropertyValueSpecification","valueRequired":true,"valueName":"search_term_string"}}],"inLanguage":"en-GB"}]}},"_links":{"self":[{"href":"https:\/\/felgenforum.shop\/en\/wp-json\/wp\/v2\/pages\/64","targetHints":{"allow":["GET"]}}],"collection":[{"href":"https:\/\/felgenforum.shop\/en\/wp-json\/wp\/v2\/pages"}],"about":[{"href":"https:\/\/felgenforum.shop\/en\/wp-json\/wp\/v2\/types\/page"}],"author":[{"embeddable":true,"href":"https:\/\/felgenforum.shop\/en\/wp-json\/wp\/v2\/users\/1"}],"replies":[{"embeddable":true,"href":"https:\/\/felgenforum.shop\/en\/wp-json\/wp\/v2\/comments?post=64"}],"version-history":[{"count":0,"href":"https:\/\/felgenforum.shop\/en\/wp-json\/wp\/v2\/pages\/64\/revisions"}],"wp:attachment":[{"href":"https:\/\/felgenforum.shop\/en\/wp-json\/wp\/v2\/media?parent=64"}],"curies":[{"name":"wp","href":"https:\/\/api.w.org\/{rel}","templated":true}]}}