{"id":5,"date":"2024-06-06T08:31:45","date_gmt":"2024-06-06T08:31:45","guid":{"rendered":"https:\/\/felgenforum-shop.oliversites.com\/?page_id=5"},"modified":"2025-07-07T08:09:39","modified_gmt":"2025-07-07T08:09:39","slug":"shop","status":"publish","type":"page","link":"https:\/\/felgenforum.shop\/en\/shop\/","title":{"rendered":"Shop"},"content":{"rendered":"","protected":false},"excerpt":{"rendered":"","protected":false},"author":1,"featured_media":0,"parent":0,"menu_order":0,"comment_status":"closed","ping_status":"closed","template":"","meta":{"footnotes":""},"class_list":["post-5","page","type-page","status-publish","hentry"],"yoast_head":"<title>Felgen &amp; Komplettr\u00e4der Shop \u2013 Finde dein perfektes Setup | Felgenforum<\/title>\n<meta name=\"description\" content=\"Dein Shop f\u00fcr hochwertige Felgen und Komplettr\u00e4der. Premium-Marken, gro\u00dfe Auswahl und sicherer Online-Kauf. Wir bringen dich aufs n\u00e4chste Level.\" \/>\n<meta name=\"robots\" content=\"index, follow, max-snippet:-1, max-image-preview:large, max-video-preview:-1\" \/>\n<link rel=\"canonical\" href=\"https:\/\/felgenforum.shop\/en\/shop\/\" \/>\n<meta property=\"og:locale\" content=\"en_GB\" \/>\n<meta property=\"og:type\" content=\"article\" \/>\n<meta property=\"og:title\" content=\"Felgen &amp; Komplettr\u00e4der Shop \u2013 Finde dein perfektes Setup | Felgenforum\" \/>\n<meta property=\"og:description\" content=\"Dein Shop f\u00fcr hochwertige Felgen und Komplettr\u00e4der. Premium-Marken, gro\u00dfe Auswahl und sicherer Online-Kauf. Wir bringen dich aufs n\u00e4chste Level.\" \/>\n<meta property=\"og:url\" content=\"https:\/\/felgenforum.shop\/en\/shop\/\" \/>\n<meta property=\"og:site_name\" content=\"Felgenforum\" \/>\n<meta property=\"article:modified_time\" content=\"2025-07-07T08:09:39+00:00\" \/>\n<meta name=\"twitter:card\" content=\"summary_large_image\" \/>\n<script type=\"application\/ld+json\" class=\"yoast-schema-graph\">{\"@context\":\"https:\\\/\\\/schema.org\",\"@graph\":[{\"@type\":\"WebPage\",\"@id\":\"https:\\\/\\\/felgenforum.shop\\\/shop\\\/\",\"url\":\"https:\\\/\\\/felgenforum.shop\\\/shop\\\/\",\"name\":\"Felgen & Komplettr\u00e4der Shop \u2013 Finde dein perfektes Setup | Felgenforum\",\"isPartOf\":{\"@id\":\"https:\\\/\\\/felgenforum.shop\\\/#website\"},\"datePublished\":\"2024-06-06T08:31:45+00:00\",\"dateModified\":\"2025-07-07T08:09:39+00:00\",\"description\":\"Dein Shop f\u00fcr hochwertige Felgen und Komplettr\u00e4der. Premium-Marken, gro\u00dfe Auswahl und sicherer Online-Kauf. Wir bringen dich aufs n\u00e4chste Level.\",\"breadcrumb\":{\"@id\":\"https:\\\/\\\/felgenforum.shop\\\/shop\\\/#breadcrumb\"},\"inLanguage\":\"en-GB\",\"potentialAction\":[{\"@type\":\"ReadAction\",\"target\":[\"https:\\\/\\\/felgenforum.shop\\\/shop\\\/\"]}]},{\"@type\":\"BreadcrumbList\",\"@id\":\"https:\\\/\\\/felgenforum.shop\\\/shop\\\/#breadcrumb\",\"itemListElement\":[{\"@type\":\"ListItem\",\"position\":1,\"name\":\"Startseite\",\"item\":\"https:\\\/\\\/felgenforum.shop\\\/\"},{\"@type\":\"ListItem\",\"position\":2,\"name\":\"Shop\"}]},{\"@type\":\"WebSite\",\"@id\":\"https:\\\/\\\/felgenforum.shop\\\/#website\",\"url\":\"https:\\\/\\\/felgenforum.shop\\\/\",\"name\":\"Felgenforum\",\"description\":\"\",\"potentialAction\":[{\"@type\":\"SearchAction\",\"target\":{\"@type\":\"EntryPoint\",\"urlTemplate\":\"https:\\\/\\\/felgenforum.shop\\\/?s={search_term_string}\"},\"query-input\":{\"@type\":\"PropertyValueSpecification\",\"valueRequired\":true,\"valueName\":\"search_term_string\"}}],\"inLanguage\":\"en-GB\"}]}<\/script>","yoast_head_json":{"title":"Felgen & Komplettr\u00e4der Shop \u2013 Finde dein perfektes Setup | Felgenforum","description":"Dein Shop f\u00fcr hochwertige Felgen und Komplettr\u00e4der. Premium-Marken, gro\u00dfe Auswahl und sicherer Online-Kauf. Wir bringen dich aufs n\u00e4chste Level.","robots":{"index":"index","follow":"follow","max-snippet":"max-snippet:-1","max-image-preview":"max-image-preview:large","max-video-preview":"max-video-preview:-1"},"canonical":"https:\/\/felgenforum.shop\/en\/shop\/","og_locale":"en_GB","og_type":"article","og_title":"Felgen & Komplettr\u00e4der Shop \u2013 Finde dein perfektes Setup | Felgenforum","og_description":"Dein Shop f\u00fcr hochwertige Felgen und Komplettr\u00e4der. Premium-Marken, gro\u00dfe Auswahl und sicherer Online-Kauf. Wir bringen dich aufs n\u00e4chste Level.","og_url":"https:\/\/felgenforum.shop\/en\/shop\/","og_site_name":"Felgenforum","article_modified_time":"2025-07-07T08:09:39+00:00","twitter_card":"summary_large_image","schema":{"@context":"https:\/\/schema.org","@graph":[{"@type":"WebPage","@id":"https:\/\/felgenforum.shop\/shop\/","url":"https:\/\/felgenforum.shop\/shop\/","name":"Felgen & Komplettr\u00e4der Shop \u2013 Finde dein perfektes Setup | Felgenforum","isPartOf":{"@id":"https:\/\/felgenforum.shop\/#website"},"datePublished":"2024-06-06T08:31:45+00:00","dateModified":"2025-07-07T08:09:39+00:00","description":"Dein Shop f\u00fcr hochwertige Felgen und Komplettr\u00e4der. Premium-Marken, gro\u00dfe Auswahl und sicherer Online-Kauf. Wir bringen dich aufs n\u00e4chste Level.","breadcrumb":{"@id":"https:\/\/felgenforum.shop\/shop\/#breadcrumb"},"inLanguage":"en-GB","potentialAction":[{"@type":"ReadAction","target":["https:\/\/felgenforum.shop\/shop\/"]}]},{"@type":"BreadcrumbList","@id":"https:\/\/felgenforum.shop\/shop\/#breadcrumb","itemListElement":[{"@type":"ListItem","position":1,"name":"Startseite","item":"https:\/\/felgenforum.shop\/"},{"@type":"ListItem","position":2,"name":"Shop"}]},{"@type":"WebSite","@id":"https:\/\/felgenforum.shop\/#website","url":"https:\/\/felgenforum.shop\/","name":"Rim forum","description":"","potentialAction":[{"@type":"SearchAction","target":{"@type":"EntryPoint","urlTemplate":"https:\/\/felgenforum.shop\/?s={search_term_string}"},"query-input":{"@type":"PropertyValueSpecification","valueRequired":true,"valueName":"search_term_string"}}],"inLanguage":"en-GB"}]}},"_links":{"self":[{"href":"https:\/\/felgenforum.shop\/en\/wp-json\/wp\/v2\/pages\/5","targetHints":{"allow":["GET"]}}],"collection":[{"href":"https:\/\/felgenforum.shop\/en\/wp-json\/wp\/v2\/pages"}],"about":[{"href":"https:\/\/felgenforum.shop\/en\/wp-json\/wp\/v2\/types\/page"}],"author":[{"embeddable":true,"href":"https:\/\/felgenforum.shop\/en\/wp-json\/wp\/v2\/users\/1"}],"replies":[{"embeddable":true,"href":"https:\/\/felgenforum.shop\/en\/wp-json\/wp\/v2\/comments?post=5"}],"version-history":[{"count":0,"href":"https:\/\/felgenforum.shop\/en\/wp-json\/wp\/v2\/pages\/5\/revisions"}],"wp:attachment":[{"href":"https:\/\/felgenforum.shop\/en\/wp-json\/wp\/v2\/media?parent=5"}],"curies":[{"name":"wp","href":"https:\/\/api.w.org\/{rel}","templated":true}]}}