{"id":235009,"date":"2026-03-24T11:44:45","date_gmt":"2026-03-24T11:44:45","guid":{"rendered":"https:\/\/felgenforum.shop\/ff-wheels\/"},"modified":"2026-03-24T11:44:45","modified_gmt":"2026-03-24T11:44:45","slug":"ff-wheels","status":"publish","type":"page","link":"https:\/\/felgenforum.shop\/en\/ff-wheels\/","title":{"rendered":"FF-Wheels"},"content":{"rendered":"","protected":false},"excerpt":{"rendered":"","protected":false},"author":1,"featured_media":0,"parent":0,"menu_order":0,"comment_status":"closed","ping_status":"closed","template":"page-ff-wheels.php","meta":{"footnotes":""},"class_list":["post-235009","page","type-page","status-publish","hentry"],"yoast_head":"<title>FF-Wheels \u2013 Premium Felgen &amp; Komplettr\u00e4der | Felgenforum<\/title>\n<meta name=\"description\" content=\"Erlebe die Perfektion von FF-Wheels. Hochwertige Felgen und komplett montierte Rads\u00e4tze mit kompromissloser Qualit\u00e4t und exklusivem Design. Jetzt entdecken.\" \/>\n<meta name=\"robots\" content=\"index, follow, max-snippet:-1, max-image-preview:large, max-video-preview:-1\" \/>\n<link rel=\"canonical\" href=\"https:\/\/felgenforum.shop\/en\/ff-wheels\/\" \/>\n<meta property=\"og:locale\" content=\"en_GB\" \/>\n<meta property=\"og:type\" content=\"article\" \/>\n<meta property=\"og:title\" content=\"FF-Wheels \u2013 Premium Felgen &amp; Komplettr\u00e4der | Felgenforum\" \/>\n<meta property=\"og:description\" content=\"Erlebe die Perfektion von FF-Wheels. Hochwertige Felgen und komplett montierte Rads\u00e4tze mit kompromissloser Qualit\u00e4t und exklusivem Design. Jetzt entdecken.\" \/>\n<meta property=\"og:url\" content=\"https:\/\/felgenforum.shop\/en\/ff-wheels\/\" \/>\n<meta property=\"og:site_name\" content=\"Felgenforum\" \/>\n<meta name=\"twitter:card\" content=\"summary_large_image\" \/>\n<script type=\"application\/ld+json\" class=\"yoast-schema-graph\">{\"@context\":\"https:\\\/\\\/schema.org\",\"@graph\":[{\"@type\":\"WebPage\",\"@id\":\"https:\\\/\\\/felgenforum.shop\\\/ff-wheels\\\/\",\"url\":\"https:\\\/\\\/felgenforum.shop\\\/ff-wheels\\\/\",\"name\":\"FF-Wheels \u2013 Premium Felgen & Komplettr\u00e4der | Felgenforum\",\"isPartOf\":{\"@id\":\"https:\\\/\\\/felgenforum.shop\\\/#website\"},\"datePublished\":\"2026-03-24T11:44:45+00:00\",\"description\":\"Erlebe die Perfektion von FF-Wheels. Hochwertige Felgen und komplett montierte Rads\u00e4tze mit kompromissloser Qualit\u00e4t und exklusivem Design. Jetzt entdecken.\",\"breadcrumb\":{\"@id\":\"https:\\\/\\\/felgenforum.shop\\\/ff-wheels\\\/#breadcrumb\"},\"inLanguage\":\"en-GB\",\"potentialAction\":[{\"@type\":\"ReadAction\",\"target\":[\"https:\\\/\\\/felgenforum.shop\\\/ff-wheels\\\/\"]}]},{\"@type\":\"BreadcrumbList\",\"@id\":\"https:\\\/\\\/felgenforum.shop\\\/ff-wheels\\\/#breadcrumb\",\"itemListElement\":[{\"@type\":\"ListItem\",\"position\":1,\"name\":\"Startseite\",\"item\":\"https:\\\/\\\/felgenforum.shop\\\/\"},{\"@type\":\"ListItem\",\"position\":2,\"name\":\"FF-Wheels\"}]},{\"@type\":\"WebSite\",\"@id\":\"https:\\\/\\\/felgenforum.shop\\\/#website\",\"url\":\"https:\\\/\\\/felgenforum.shop\\\/\",\"name\":\"Felgenforum\",\"description\":\"\",\"potentialAction\":[{\"@type\":\"SearchAction\",\"target\":{\"@type\":\"EntryPoint\",\"urlTemplate\":\"https:\\\/\\\/felgenforum.shop\\\/?s={search_term_string}\"},\"query-input\":{\"@type\":\"PropertyValueSpecification\",\"valueRequired\":true,\"valueName\":\"search_term_string\"}}],\"inLanguage\":\"en-GB\"}]}<\/script>","yoast_head_json":{"title":"FF-Wheels \u2013 Premium Felgen & Komplettr\u00e4der | Felgenforum","description":"Erlebe die Perfektion von FF-Wheels. Hochwertige Felgen und komplett montierte Rads\u00e4tze mit kompromissloser Qualit\u00e4t und exklusivem Design. Jetzt entdecken.","robots":{"index":"index","follow":"follow","max-snippet":"max-snippet:-1","max-image-preview":"max-image-preview:large","max-video-preview":"max-video-preview:-1"},"canonical":"https:\/\/felgenforum.shop\/en\/ff-wheels\/","og_locale":"en_GB","og_type":"article","og_title":"FF-Wheels \u2013 Premium Felgen & Komplettr\u00e4der | Felgenforum","og_description":"Erlebe die Perfektion von FF-Wheels. Hochwertige Felgen und komplett montierte Rads\u00e4tze mit kompromissloser Qualit\u00e4t und exklusivem Design. Jetzt entdecken.","og_url":"https:\/\/felgenforum.shop\/en\/ff-wheels\/","og_site_name":"Felgenforum","twitter_card":"summary_large_image","schema":{"@context":"https:\/\/schema.org","@graph":[{"@type":"WebPage","@id":"https:\/\/felgenforum.shop\/ff-wheels\/","url":"https:\/\/felgenforum.shop\/ff-wheels\/","name":"FF-Wheels \u2013 Premium Felgen & Komplettr\u00e4der | Felgenforum","isPartOf":{"@id":"https:\/\/felgenforum.shop\/#website"},"datePublished":"2026-03-24T11:44:45+00:00","description":"Erlebe die Perfektion von FF-Wheels. Hochwertige Felgen und komplett montierte Rads\u00e4tze mit kompromissloser Qualit\u00e4t und exklusivem Design. Jetzt entdecken.","breadcrumb":{"@id":"https:\/\/felgenforum.shop\/ff-wheels\/#breadcrumb"},"inLanguage":"en-GB","potentialAction":[{"@type":"ReadAction","target":["https:\/\/felgenforum.shop\/ff-wheels\/"]}]},{"@type":"BreadcrumbList","@id":"https:\/\/felgenforum.shop\/ff-wheels\/#breadcrumb","itemListElement":[{"@type":"ListItem","position":1,"name":"Startseite","item":"https:\/\/felgenforum.shop\/"},{"@type":"ListItem","position":2,"name":"FF-Wheels"}]},{"@type":"WebSite","@id":"https:\/\/felgenforum.shop\/#website","url":"https:\/\/felgenforum.shop\/","name":"Rim forum","description":"","potentialAction":[{"@type":"SearchAction","target":{"@type":"EntryPoint","urlTemplate":"https:\/\/felgenforum.shop\/?s={search_term_string}"},"query-input":{"@type":"PropertyValueSpecification","valueRequired":true,"valueName":"search_term_string"}}],"inLanguage":"en-GB"}]}},"_links":{"self":[{"href":"https:\/\/felgenforum.shop\/en\/wp-json\/wp\/v2\/pages\/235009","targetHints":{"allow":["GET"]}}],"collection":[{"href":"https:\/\/felgenforum.shop\/en\/wp-json\/wp\/v2\/pages"}],"about":[{"href":"https:\/\/felgenforum.shop\/en\/wp-json\/wp\/v2\/types\/page"}],"author":[{"embeddable":true,"href":"https:\/\/felgenforum.shop\/en\/wp-json\/wp\/v2\/users\/1"}],"replies":[{"embeddable":true,"href":"https:\/\/felgenforum.shop\/en\/wp-json\/wp\/v2\/comments?post=235009"}],"version-history":[{"count":0,"href":"https:\/\/felgenforum.shop\/en\/wp-json\/wp\/v2\/pages\/235009\/revisions"}],"wp:attachment":[{"href":"https:\/\/felgenforum.shop\/en\/wp-json\/wp\/v2\/media?parent=235009"}],"curies":[{"name":"wp","href":"https:\/\/api.w.org\/{rel}","templated":true}]}}