{"id":13605,"date":"2024-06-17T10:54:23","date_gmt":"2024-06-17T10:54:23","guid":{"rendered":"https:\/\/felgenforum-shop.oliversites.com\/?page_id=13605"},"modified":"2026-02-04T16:45:49","modified_gmt":"2026-02-04T15:45:49","slug":"home","status":"publish","type":"page","link":"https:\/\/felgenforum.shop\/en\/","title":{"rendered":"Home"},"content":{"rendered":"","protected":false},"excerpt":{"rendered":"","protected":false},"author":1,"featured_media":0,"parent":0,"menu_order":0,"comment_status":"closed","ping_status":"closed","template":"","meta":{"footnotes":""},"class_list":["post-13605","page","type-page","status-publish","hentry"],"yoast_head":"<title>Premium Felgen &amp; Komplettr\u00e4der online kaufen | Felgenforum<\/title>\n<meta name=\"description\" content=\"Entdecke exklusive Felgen und perfekt abgestimmte Komplettr\u00e4der f\u00fcr dein Fahrzeug. H\u00f6chste Qualit\u00e4t, Top-Marken und individueller Service \u2013 finde jetzt dein perfektes Setup.\" \/>\n<meta name=\"robots\" content=\"index, follow, max-snippet:-1, max-image-preview:large, max-video-preview:-1\" \/>\n<link rel=\"canonical\" href=\"https:\/\/felgenforum.shop\/en\/\" \/>\n<meta property=\"og:locale\" content=\"en_GB\" \/>\n<meta property=\"og:type\" content=\"article\" \/>\n<meta property=\"og:title\" content=\"Premium Felgen &amp; Komplettr\u00e4der online kaufen | Felgenforum\" \/>\n<meta property=\"og:description\" content=\"Entdecke exklusive Felgen und perfekt abgestimmte Komplettr\u00e4der f\u00fcr dein Fahrzeug. H\u00f6chste Qualit\u00e4t, Top-Marken und individueller Service \u2013 finde jetzt dein perfektes Setup.\" \/>\n<meta property=\"og:url\" content=\"https:\/\/felgenforum.shop\/en\/\" \/>\n<meta property=\"og:site_name\" content=\"Felgenforum\" \/>\n<meta property=\"article:modified_time\" content=\"2026-02-04T15:45:49+00:00\" \/>\n<meta name=\"twitter:card\" content=\"summary_large_image\" \/>\n<script type=\"application\/ld+json\" class=\"yoast-schema-graph\">{\"@context\":\"https:\\\/\\\/schema.org\",\"@graph\":[{\"@type\":\"WebPage\",\"@id\":\"https:\\\/\\\/felgenforum.shop\\\/\",\"url\":\"https:\\\/\\\/felgenforum.shop\\\/\",\"name\":\"Premium Felgen & Komplettr\u00e4der online kaufen | Felgenforum\",\"isPartOf\":{\"@id\":\"https:\\\/\\\/felgenforum.shop\\\/#website\"},\"datePublished\":\"2024-06-17T10:54:23+00:00\",\"dateModified\":\"2026-02-04T15:45:49+00:00\",\"description\":\"Entdecke exklusive Felgen und perfekt abgestimmte Komplettr\u00e4der f\u00fcr dein Fahrzeug. H\u00f6chste Qualit\u00e4t, Top-Marken und individueller Service \u2013 finde jetzt dein perfektes Setup.\",\"breadcrumb\":{\"@id\":\"https:\\\/\\\/felgenforum.shop\\\/#breadcrumb\"},\"inLanguage\":\"en-GB\",\"potentialAction\":[{\"@type\":\"ReadAction\",\"target\":[\"https:\\\/\\\/felgenforum.shop\\\/\"]}]},{\"@type\":\"BreadcrumbList\",\"@id\":\"https:\\\/\\\/felgenforum.shop\\\/#breadcrumb\",\"itemListElement\":[{\"@type\":\"ListItem\",\"position\":1,\"name\":\"Startseite\",\"item\":\"https:\\\/\\\/felgenforum.shop\\\/\"},{\"@type\":\"ListItem\",\"position\":2,\"name\":\"Home\"}]},{\"@type\":\"WebSite\",\"@id\":\"https:\\\/\\\/felgenforum.shop\\\/#website\",\"url\":\"https:\\\/\\\/felgenforum.shop\\\/\",\"name\":\"Felgenforum\",\"description\":\"\",\"potentialAction\":[{\"@type\":\"SearchAction\",\"target\":{\"@type\":\"EntryPoint\",\"urlTemplate\":\"https:\\\/\\\/felgenforum.shop\\\/?s={search_term_string}\"},\"query-input\":{\"@type\":\"PropertyValueSpecification\",\"valueRequired\":true,\"valueName\":\"search_term_string\"}}],\"inLanguage\":\"en-GB\"}]}<\/script>","yoast_head_json":{"title":"Premium Felgen & Komplettr\u00e4der online kaufen | Felgenforum","description":"Entdecke exklusive Felgen und perfekt abgestimmte Komplettr\u00e4der f\u00fcr dein Fahrzeug. H\u00f6chste Qualit\u00e4t, Top-Marken und individueller Service \u2013 finde jetzt dein perfektes Setup.","robots":{"index":"index","follow":"follow","max-snippet":"max-snippet:-1","max-image-preview":"max-image-preview:large","max-video-preview":"max-video-preview:-1"},"canonical":"https:\/\/felgenforum.shop\/en\/","og_locale":"en_GB","og_type":"article","og_title":"Premium Felgen & Komplettr\u00e4der online kaufen | Felgenforum","og_description":"Entdecke exklusive Felgen und perfekt abgestimmte Komplettr\u00e4der f\u00fcr dein Fahrzeug. H\u00f6chste Qualit\u00e4t, Top-Marken und individueller Service \u2013 finde jetzt dein perfektes Setup.","og_url":"https:\/\/felgenforum.shop\/en\/","og_site_name":"Felgenforum","article_modified_time":"2026-02-04T15:45:49+00:00","twitter_card":"summary_large_image","schema":{"@context":"https:\/\/schema.org","@graph":[{"@type":"WebPage","@id":"https:\/\/felgenforum.shop\/","url":"https:\/\/felgenforum.shop\/","name":"Premium Felgen & Komplettr\u00e4der online kaufen | Felgenforum","isPartOf":{"@id":"https:\/\/felgenforum.shop\/#website"},"datePublished":"2024-06-17T10:54:23+00:00","dateModified":"2026-02-04T15:45:49+00:00","description":"Entdecke exklusive Felgen und perfekt abgestimmte Komplettr\u00e4der f\u00fcr dein Fahrzeug. H\u00f6chste Qualit\u00e4t, Top-Marken und individueller Service \u2013 finde jetzt dein perfektes Setup.","breadcrumb":{"@id":"https:\/\/felgenforum.shop\/#breadcrumb"},"inLanguage":"en-GB","potentialAction":[{"@type":"ReadAction","target":["https:\/\/felgenforum.shop\/"]}]},{"@type":"BreadcrumbList","@id":"https:\/\/felgenforum.shop\/#breadcrumb","itemListElement":[{"@type":"ListItem","position":1,"name":"Startseite","item":"https:\/\/felgenforum.shop\/"},{"@type":"ListItem","position":2,"name":"Home"}]},{"@type":"WebSite","@id":"https:\/\/felgenforum.shop\/#website","url":"https:\/\/felgenforum.shop\/","name":"Rim forum","description":"","potentialAction":[{"@type":"SearchAction","target":{"@type":"EntryPoint","urlTemplate":"https:\/\/felgenforum.shop\/?s={search_term_string}"},"query-input":{"@type":"PropertyValueSpecification","valueRequired":true,"valueName":"search_term_string"}}],"inLanguage":"en-GB"}]}},"_links":{"self":[{"href":"https:\/\/felgenforum.shop\/en\/wp-json\/wp\/v2\/pages\/13605","targetHints":{"allow":["GET"]}}],"collection":[{"href":"https:\/\/felgenforum.shop\/en\/wp-json\/wp\/v2\/pages"}],"about":[{"href":"https:\/\/felgenforum.shop\/en\/wp-json\/wp\/v2\/types\/page"}],"author":[{"embeddable":true,"href":"https:\/\/felgenforum.shop\/en\/wp-json\/wp\/v2\/users\/1"}],"replies":[{"embeddable":true,"href":"https:\/\/felgenforum.shop\/en\/wp-json\/wp\/v2\/comments?post=13605"}],"version-history":[{"count":0,"href":"https:\/\/felgenforum.shop\/en\/wp-json\/wp\/v2\/pages\/13605\/revisions"}],"wp:attachment":[{"href":"https:\/\/felgenforum.shop\/en\/wp-json\/wp\/v2\/media?parent=13605"}],"curies":[{"name":"wp","href":"https:\/\/api.w.org\/{rel}","templated":true}]}}